{"id":3,"date":"2023-09-14T11:54:45","date_gmt":"2023-09-14T09:54:45","guid":{"rendered":"https:\/\/mathydy.com\/last-version\/?page_id=3"},"modified":"2023-09-25T13:21:01","modified_gmt":"2023-09-25T11:21:01","slug":"politique-de-confidentialite","status":"publish","type":"page","link":"https:\/\/www.mathydy.com\/us\/politique-de-confidentialite\/","title":{"rendered":"Politique de confidentialit\u00e9"},"content":{"rendered":"<section class=\"wpb-content-wrapper\"><p>[vc_row dfd_row_config=\u00a0\u00bbfull_width_content\u00a0\u00bb force_equal_height_columns=\u00a0\u00bbmain_row\u00a0\u00bb one_page_title=\u00a0\u00bbcollaboration\u00a0\u00bb el_class=\u00a0\u00bbxs-fullwidth\u00a0\u00bb bg_check=\u00a0\u00bbrow-background-dark\u00a0\u00bb css=\u00a0\u00bb.vc_custom_1532238668259{background-image: url(http:\/\/www.mathydy.com\/wp-content\/uploads\/2018\/07\/bgd.jpg?id=21797) !important;background-position: center !important;background-repeat: no-repeat !important;background-size: cover !important;}\u00a0\u00bb][vc_column][vc_row_inner][vc_column_inner][vc_column_text]<\/p>\n<h1 style=\"font-weight: normal; text-align: center;\">Politiques de confidentialit\u00e9<\/h1>\n<p>[\/vc_column_text][vc_empty_space height=\u00a0\u00bb50px\u00a0\u00bb][\/vc_column_inner][\/vc_row_inner][\/vc_column][\/vc_row][vc_row][vc_column width=\u00a0\u00bb1\/6&Prime;][\/vc_column][vc_column width=\u00a0\u00bb2\/3&Prime;][vc_column_text]<\/p>\n<div class=\"vc-row-wrapper vc_inner vc_row-fluid\">\n<div class=\"row wpb_row\">\n<div class=\"vc-column-hover-650c6c97637cd columns eight\">\n<div class=\"wpb_wrapper\">\n<div class=\"wpb_text_column wpb_content_element \">\n<div class=\"wpb_wrapper\">\n<h4>INFORMATIONS PERSONNELLES<\/h4>\n<\/div>\n<\/div>\n<div class=\"dfd-spacer-module\" data-units=\"px\" data-wide_size=\"25\" data-normal_resolution=\"1024\" data-normal_size=\"\" data-tablet_resolution=\"800\" data-tablet_size=\"\" data-mobile_resolution=\"480\" data-mobile_size=\"\"><\/div>\n<div class=\"wpb_text_column wpb_content_element \">\n<div class=\"wpb_wrapper\">\n<p>MATHYDY, s\u2019engage \u00e0 vous proposer un service convivial et s\u00e9curis\u00e9. Nous vous informons ici des proc\u00e9dures li\u00e9es \u00e0 notre site Internet: ce que nous faisons, comment nous proc\u00e9dons et dans quelle mesure cela vous affecte. Lorsque vous visitez le site\u00a0<a href=\"http:\/\/www.mathydy.com\/\">www.mathydy.com<\/a>, nous pouvons recueillir les donn\u00e9es personnelles que vous nous mettez \u00e0 disposition lorsque vous cr\u00e9ez un compte ou effectuez un achat, ou encore des donn\u00e9es recueillies par les cookies.<\/p>\n<\/div>\n<\/div>\n<div class=\"dfd-spacer-module\" data-units=\"px\" data-wide_size=\"50\" data-normal_resolution=\"1024\" data-normal_size=\"\" data-tablet_resolution=\"800\" data-tablet_size=\"\" data-mobile_resolution=\"480\" data-mobile_size=\"\"><\/div>\n<\/div>\n<\/div>\n<div class=\"vc-column-hover-650c6c9763b20 columns two\">\n<div class=\"wpb_wrapper\"><\/div>\n<\/div>\n<\/div>\n<\/div>\n<div class=\"vc-row-wrapper vc_inner vc_row-fluid\">\n<div class=\"row wpb_row\">\n<div class=\"vc-column-hover-650c6c9763d19 columns two vc_custom_1527617271079\">\n<div class=\"wpb_wrapper\"><\/div>\n<\/div>\n<div class=\"vc-column-hover-650c6c9763e13 columns eight\">\n<div class=\"wpb_wrapper\">\n<div class=\"wpb_text_column wpb_content_element \">\n<div class=\"wpb_wrapper\">\n<h4>LES COOKIES<\/h4>\n<\/div>\n<\/div>\n<div class=\"dfd-spacer-module\" data-units=\"px\" data-wide_size=\"25\" data-normal_resolution=\"1024\" data-normal_size=\"\" data-tablet_resolution=\"800\" data-tablet_size=\"\" data-mobile_resolution=\"480\" data-mobile_size=\"\"><\/div>\n<div class=\"wpb_text_column wpb_content_element \">\n<div class=\"wpb_wrapper\">\n<p>Les cookies sont de petits fichiers texte enregistr\u00e9s sur le disque dur de votre appareil lorsque vous consultez des sites Internet. Les cookies sont inoffensifs en ce qu\u2019ils ne peuvent pas extraire des informations de votre disque dur, sur lequel vous avez le plein contr\u00f4le. Nous utilisons les utilisons dans le but principal d\u2019assurer la fonctionnalit\u00e9 du site et de recueillir des statistiques, ainsi qu\u2019\u00e0 des fins de publicit\u00e9.<\/p>\n<p>Les Cookies vous permettent de naviguer sur notre site internet de mani\u00e8re plus efficace. Certains cookies sont essentiels pour le bon fonctionnement du site et sont utile au client afin de retrouver leurs achats et pr\u00e9f\u00e9rences.<\/p>\n<\/div>\n<\/div>\n<div class=\"dfd-spacer-module\" data-units=\"px\" data-wide_size=\"50\" data-normal_resolution=\"1024\" data-normal_size=\"\" data-tablet_resolution=\"800\" data-tablet_size=\"\" data-mobile_resolution=\"480\" data-mobile_size=\"\"><\/div>\n<\/div>\n<\/div>\n<div class=\"vc-column-hover-650c6c976415e columns two\">\n<div class=\"wpb_wrapper\"><\/div>\n<\/div>\n<\/div>\n<\/div>\n<div class=\"vc-row-wrapper vc_inner vc_row-fluid\">\n<div class=\"row wpb_row\">\n<div class=\"vc-column-hover-650c6c9764336 columns two vc_custom_1527617271079\">\n<div class=\"wpb_wrapper\"><\/div>\n<\/div>\n<div class=\"vc-column-hover-650c6c9764433 columns eight\">\n<div class=\"wpb_wrapper\">\n<div class=\"wpb_text_column wpb_content_element \">\n<div class=\"wpb_wrapper\">\n<h4>QUELLES INFORMATIONS RECUEILLONS-NOUS?<\/h4>\n<\/div>\n<\/div>\n<div class=\"dfd-spacer-module\" data-units=\"px\" data-wide_size=\"25\" data-normal_resolution=\"1024\" data-normal_size=\"\" data-tablet_resolution=\"800\" data-tablet_size=\"\" data-mobile_resolution=\"480\" data-mobile_size=\"\"><\/div>\n<div class=\"wpb_text_column wpb_content_element \">\n<div class=\"wpb_wrapper\">\n<p>Les informations que vous nous communiquez sont recueillies lorsque vous vous inscrivez \u00e0 notre lettre d\u2019information, cr\u00e9ez un compte ou effectuez un achat. MATHYDY requiert que vous transmettiez vos noms, adresse, adresse email et, si vous acceptez, certaines autres informations.. Les cookies peuvent recueillir des informations sur votre session Internet, notamment la dur\u00e9e de votre visite, les pages consult\u00e9es, la pr\u00e9sence ou l\u2019absence de transaction.<\/p>\n<\/div>\n<\/div>\n<div class=\"dfd-spacer-module\" data-units=\"px\" data-wide_size=\"50\" data-normal_resolution=\"1024\" data-normal_size=\"\" data-tablet_resolution=\"800\" data-tablet_size=\"\" data-mobile_resolution=\"480\" data-mobile_size=\"\"><\/div>\n<\/div>\n<\/div>\n<div class=\"vc-column-hover-650c6c9764764 columns two\">\n<div class=\"wpb_wrapper\"><\/div>\n<\/div>\n<\/div>\n<\/div>\n<div class=\"vc-row-wrapper vc_inner vc_row-fluid\">\n<div class=\"row wpb_row\">\n<div class=\"vc-column-hover-650c6c976493c columns two vc_custom_1527617271079\">\n<div class=\"wpb_wrapper\"><\/div>\n<\/div>\n<div class=\"vc-column-hover-650c6c9764a2e columns eight\">\n<div class=\"wpb_wrapper\">\n<div class=\"wpb_text_column wpb_content_element \">\n<div class=\"wpb_wrapper\">\n<h4>TIERS<\/h4>\n<\/div>\n<\/div>\n<div class=\"dfd-spacer-module\" data-units=\"px\" data-wide_size=\"25\" data-normal_resolution=\"1024\" data-normal_size=\"\" data-tablet_resolution=\"800\" data-tablet_size=\"\" data-mobile_resolution=\"480\" data-mobile_size=\"\"><\/div>\n<div class=\"wpb_text_column wpb_content_element \">\n<div class=\"wpb_wrapper\">\n<p>Les informations recueillies peuvent \u00eatre retransmises \u00e0 nos partenaires exclusivement pour l\u2019ex\u00e9cution de vos commandes. Aucune information personnelle ne sera transmise, vendue ou publi\u00e9e hors de notre organisation et de nos partenaires de confiance.<\/p>\n<\/div>\n<\/div>\n<div class=\"dfd-spacer-module\" data-units=\"px\" data-wide_size=\"50\" data-normal_resolution=\"1024\" data-normal_size=\"\" data-tablet_resolution=\"800\" data-tablet_size=\"\" data-mobile_resolution=\"480\" data-mobile_size=\"\"><\/div>\n<\/div>\n<\/div>\n<div class=\"vc-column-hover-650c6c9764d5b columns two\">\n<div class=\"wpb_wrapper\"><\/div>\n<\/div>\n<\/div>\n<\/div>\n<div class=\"vc-row-wrapper vc_inner vc_row-fluid\">\n<div class=\"row wpb_row\">\n<div class=\"vc-column-hover-650c6c9764f2d columns two vc_custom_1527617271079\">\n<div class=\"wpb_wrapper\"><\/div>\n<\/div>\n<div class=\"vc-column-hover-650c6c9765031 columns eight\">\n<div class=\"wpb_wrapper\">\n<div class=\"wpb_text_column wpb_content_element \">\n<div class=\"wpb_wrapper\">\n<h4>COMMUNICATION DE VOS DONN\u00c9ES<\/h4>\n<\/div>\n<\/div>\n<div class=\"dfd-spacer-module\" data-units=\"px\" data-wide_size=\"25\" data-normal_resolution=\"1024\" data-normal_size=\"\" data-tablet_resolution=\"800\" data-tablet_size=\"\" data-mobile_resolution=\"480\" data-mobile_size=\"\"><\/div>\n<div class=\"wpb_text_column wpb_content_element \">\n<div class=\"wpb_wrapper\">\n<p>Le client a le droit d\u2019acc\u00e9der \u00e0 ses donn\u00e9es personnelles, de les modifier ou de les supprimer \u00e0 tout moment en se connectant sur son compte sur\u00a0<a href=\"http:\/\/www.mathydy.com\/\">www.mathydy.com<\/a>. Vous pouvez d\u00e9sactiver des cookies enregistr\u00e9s sur votre ordinateur en modifiant les param\u00e8tres de votre navigateur. Veuillez noter que ces param\u00e8tres peuvent alt\u00e9rer le bon fonctionnement de notre site Internet.<\/p>\n<\/div>\n<\/div>\n<div class=\"dfd-spacer-module\" data-units=\"px\" data-wide_size=\"50\" data-normal_resolution=\"1024\" data-normal_size=\"\" data-tablet_resolution=\"800\" data-tablet_size=\"\" data-mobile_resolution=\"480\" data-mobile_size=\"\"><\/div>\n<\/div>\n<\/div>\n<div class=\"vc-column-hover-650c6c9765362 columns two\">\n<div class=\"wpb_wrapper\"><\/div>\n<\/div>\n<\/div>\n<\/div>\n<div class=\"vc-row-wrapper vc_inner vc_row-fluid\">\n<div class=\"row wpb_row\">\n<div class=\"vc-column-hover-650c6c976553b columns two vc_custom_1527617271079\">\n<div class=\"wpb_wrapper\"><\/div>\n<\/div>\n<div class=\"vc-column-hover-650c6c9765630 columns eight\">\n<div class=\"wpb_wrapper\">\n<div class=\"wpb_text_column wpb_content_element \">\n<div class=\"wpb_wrapper\">\n<h4>ENVOI DES INFOLETTRES<\/h4>\n<\/div>\n<\/div>\n<div class=\"dfd-spacer-module\" data-units=\"px\" data-wide_size=\"25\" data-normal_resolution=\"1024\" data-normal_size=\"\" data-tablet_resolution=\"800\" data-tablet_size=\"\" data-mobile_resolution=\"480\" data-mobile_size=\"\"><\/div>\n<div class=\"wpb_text_column wpb_content_element \">\n<div class=\"wpb_wrapper\">\n<p>Nos communications \u00e9lectroniques vous permettent de profiter de nos promotions, offres et concours.<\/p>\n<p>Vous pouvez vous d\u00e9sabonner en tout temps via le m\u00e9canisme de d\u00e9sabonnement inclus dans nos messages ou via courriel \u0430 l\u2019adresse suivante\u00a0<a href=\"mailto:info@mathydy.com\">info@mathydy.com<\/a>. Tel que mentionn\u00e9 par la loi votre demande de retrait sera trait\u00e9e dans les 10 jours.<\/p>\n<\/div>\n<\/div>\n<\/div>\n<\/div>\n<\/div>\n<\/div>\n<p>[\/vc_column_text][vc_empty_space height=\u00a0\u00bb45px\u00a0\u00bb][\/vc_column][vc_column width=\u00a0\u00bb1\/6&Prime;][\/vc_column][\/vc_row]<\/p>\n<\/section>","protected":false},"excerpt":{"rendered":"<p>[vc_row dfd_row_config=\u00a0\u00bbfull_width_content\u00a0\u00bb force_equal_height_columns=\u00a0\u00bbmain_row\u00a0\u00bb one_page_title=\u00a0\u00bbcollaboration\u00a0\u00bb el_class=\u00a0\u00bbxs-fullwidth\u00a0\u00bb bg_check=\u00a0\u00bbrow-background-dark\u00a0\u00bb css=\u00a0\u00bb.vc_custom_1532238668259{background-image: url(http:\/\/www.mathydy.com\/wp-content\/uploads\/2018\/07\/bgd.jpg?id=21797) !important;background-position: center !important;background-repeat: no-repeat !important;background-size: cover !important;}\u00a0\u00bb][vc_column][vc_row_inner][vc_column_inner][vc_column_text] Politiques de confidentialit\u00e9 [\/vc_column_text][vc_empty_space height=\u00a0\u00bb50px\u00a0\u00bb][\/vc_column_inner][\/vc_row_inner][\/vc_column][\/vc_row][vc_row][vc_column width=\u00a0\u00bb1\/6&Prime;][\/vc_column][vc_column width=\u00a0\u00bb2\/3&Prime;][vc_column_text] INFORMATIONS PERSONNELLES MATHYDY, s\u2019engage \u00e0 vous proposer un service convivial et s\u00e9curis\u00e9. Nous vous informons ici des proc\u00e9dures li\u00e9es \u00e0 notre site Internet: ce que nous faisons, comment nous proc\u00e9dons et dans quelle mesure cela vous affecte. Lorsque vous visitez le site\u00a0www.mathydy.com, nous pouvons recueillir les donn\u00e9es personnelles que vous nous mettez \u00e0 &hellip; <a href=\"https:\/\/www.mathydy.com\/us\/politique-de-confidentialite\/\" class=\"more-link\">Continue reading <span class=\"screen-reader-text\">Politique de confidentialit\u00e9<\/span><\/a><\/p>\n","protected":false},"author":1,"featured_media":0,"parent":0,"menu_order":0,"comment_status":"closed","ping_status":"open","template":"redux-templates_full_width","meta":{"footnotes":""},"yst_prominent_words":[],"class_list":["post-3","page","type-page","status-publish","hentry"],"_links":{"self":[{"href":"https:\/\/www.mathydy.com\/us\/wp-json\/wp\/v2\/pages\/3"}],"collection":[{"href":"https:\/\/www.mathydy.com\/us\/wp-json\/wp\/v2\/pages"}],"about":[{"href":"https:\/\/www.mathydy.com\/us\/wp-json\/wp\/v2\/types\/page"}],"author":[{"embeddable":true,"href":"https:\/\/www.mathydy.com\/us\/wp-json\/wp\/v2\/users\/1"}],"replies":[{"embeddable":true,"href":"https:\/\/www.mathydy.com\/us\/wp-json\/wp\/v2\/comments?post=3"}],"version-history":[{"count":0,"href":"https:\/\/www.mathydy.com\/us\/wp-json\/wp\/v2\/pages\/3\/revisions"}],"wp:attachment":[{"href":"https:\/\/www.mathydy.com\/us\/wp-json\/wp\/v2\/media?parent=3"}],"wp:term":[{"taxonomy":"yst_prominent_words","embeddable":true,"href":"https:\/\/www.mathydy.com\/us\/wp-json\/wp\/v2\/yst_prominent_words?post=3"}],"curies":[{"name":"wp","href":"https:\/\/api.w.org\/{rel}","templated":true}]}}