{"id":54695,"date":"2024-05-03T13:54:18","date_gmt":"2024-05-03T11:54:18","guid":{"rendered":"https:\/\/www.mathydy.com\/us\/?page_id=54695"},"modified":"2024-05-03T16:56:20","modified_gmt":"2024-05-03T14:56:20","slug":"la-petite-dame","status":"publish","type":"page","link":"https:\/\/www.mathydy.com\/us\/la-petite-dame\/","title":{"rendered":"la petite dame"},"content":{"rendered":"<section class=\"wpb-content-wrapper\"><p>[vc_row][vc_column]\n\t\t\t<!-- START la petite dame1 REVOLUTION SLIDER 6.7.12 --><p class=\"rs-p-wp-fix\"><\/p>\n\t\t\t<rs-module-wrap id=\"rev_slider_180_1_wrapper\" data-source=\"gallery\" style=\"visibility:hidden;background:transparent;padding:0;margin:0px auto;margin-top:0;margin-bottom:0;\">\n\t\t\t\t<rs-module id=\"rev_slider_180_1\" style=\"\" data-version=\"6.7.12\">\n\t\t\t\t\t<rs-slides style=\"overflow: hidden; position: absolute;\">\n\t\t\t\t\t\t<rs-slide style=\"position: absolute;\" data-key=\"rs-286\" data-title=\"Slide\" data-in=\"o:0;\" data-out=\"a:false;\">\n\t\t\t\t\t\t\t<img decoding=\"async\" src=\"\/\/www.mathydy.com\/us\/wp-content\/plugins\/revslider\/sr6\/assets\/assets\/dummy.png\" alt=\"Slide\" title=\"la petite dame\" class=\"rev-slidebg tp-rs-img rs-lazyload\" data-lazyload=\"\/\/www.mathydy.com\/us\/wp-content\/plugins\/revslider\/sr6\/assets\/assets\/transparent.png\" data-bg=\"c:#ffffff;\" data-parallax=\"off\" data-no-retina>\n<!--\n\t\t\t\t\t\t\t--><rs-layer\n\t\t\t\t\t\t\t\tid=\"slider-180-slide-286-layer-1\" \n\t\t\t\t\t\t\t\tdata-type=\"image\"\n\t\t\t\t\t\t\t\tdata-rsp_ch=\"on\"\n\t\t\t\t\t\t\t\tdata-text=\"w:normal;\"\n\t\t\t\t\t\t\t\tdata-dim=\"w:1961px;h:1123px;\"\n\t\t\t\t\t\t\t\tdata-frame_999=\"o:0;st:w;\"\n\t\t\t\t\t\t\t\tstyle=\"z-index:6;\"\n\t\t\t\t\t\t\t><img decoding=\"async\" src=\"\/\/www.mathydy.com\/us\/wp-content\/plugins\/revslider\/sr6\/assets\/assets\/dummy.png\" alt=\"\" class=\"tp-rs-img rs-lazyload\" width=\"1920\" height=\"1100\" data-lazyload=\"\/\/www.mathydy.com\/us\/wp-content\/uploads\/revslider\/la-petite-dame1\/ptite-dame-sans-texte.webp\" data-no-retina> \n\t\t\t\t\t\t\t<\/rs-layer><!--\n-->\t\t\t\t\t<\/rs-slide>\n\t\t\t\t\t<\/rs-slides>\n\t\t\t\t<\/rs-module>\n\t\t\t\t<script>\n\t\t\t\t\tsetREVStartSize({c: 'rev_slider_180_1',rl:[1240,1024,778,480],el:[1100],gw:[1920],gh:[1100],type:'standard',justify:'',layout:'fullwidth',mh:\"0\"});if (window.RS_MODULES!==undefined && window.RS_MODULES.modules!==undefined && window.RS_MODULES.modules[\"revslider1801\"]!==undefined) {window.RS_MODULES.modules[\"revslider1801\"].once = false;window.revapi180 = undefined;if (window.RS_MODULES.checkMinimal!==undefined) window.RS_MODULES.checkMinimal()}\n\t\t\t\t<\/script>\n\t\t\t<\/rs-module-wrap>\n\t\t\t<!-- END REVOLUTION SLIDER -->\n[\/vc_column][\/vc_row][vc_row][vc_column]<div class=\"woocommerce columns-3 \"><div class=\"display-products products products-grid\"><div class=\"row\"  data-xlgdesktop=3 data-desktop=3 data-desktopsmall=3 data-tablet=3 data-mobile=2>\r\n\r\n<div class=\"product type-product post-54689 status-publish first outofstock product_cat-collection-sac product_cat-petite-dame has-post-thumbnail taxable shipping-taxable purchasable product-type-simple\">\r\n\t \t<div class=\"product-block grid v15\" data-product-id=\"54689\">\r\n\t<div class=\"product-content\">\r\n\t\t<div class=\"block-inner\">\r\n\t\t\t<figure class=\"image \">\r\n\t\t\t\t<a title=\"Petite Dame de la Lop\u00e9\" href=\"https:\/\/www.mathydy.com\/us\/produit\/petite-dame-de-la-lope\/\" class=\"product-image\">\r\n\t\t\t\t\t<img loading=\"lazy\" decoding=\"async\" width=\"600\" height=\"725\" src=\"https:\/\/www.mathydy.com\/wp-content\/uploads\/2024\/05\/PETITE-DAME-VERT-FACE-600x725.webp\" class=\"attachment-shop_catalog image-effect\" alt=\"\" \/><img loading=\"lazy\" decoding=\"async\" width=\"600\" height=\"725\" src=\"https:\/\/www.mathydy.com\/wp-content\/uploads\/2024\/05\/PETITE-DAME-VERT-SIDE-600x725.webp\" class=\"image-hover\" alt=\"\" \/><span class=\"out-stock\"><span>En rupture de stock<\/span><\/span>\t\t\t\t\t\r\n\t\t\t\t<\/a>\r\n\r\n\t\t\t\t\t\t\t\t\t\t\t<\/figure>\r\n\t\t\t<div class=\"group-buttons\">\t\r\n\r\n\t\t\t\t\t\t\t\t\r\n\t\t    <\/div>\r\n\t\t    <div class=\"group-add-cart\">\r\n\t\t\t\t<\/a><div class=\"add-cart\" title=\"Acheter\" ><a href=\"https:\/\/www.mathydy.com\/us\/produit\/petite-dame-de-la-lope\/\" data-quantity=\"1\" class=\"button product_type_simple\" data-product_id=\"54689\" data-product_sku=\"\" aria-label=\"En savoir plus sur &ldquo;Petite Dame de la Lop\u00e9&rdquo;\" rel=\"nofollow\" data-success_message=\"\"><i class=\"linear-icon-bag2\"><\/i><span class=\"title-cart\">Acheter<\/span><\/a><\/div>\t\t\t<\/div>\r\n\t\t\t\r\n\t\t<\/div>\r\n\t\t<div class=\"caption\">\r\n\t\t\t<div class=\"group\">\r\n\t\t\t\t\r\n\t\t\t\t        \r\n        <h3 class=\"name full_name\"><a href=\"https:\/\/www.mathydy.com\/us\/produit\/petite-dame-de-la-lope\/\">Petite Dame de la Lop\u00e9<\/a><\/h3>\r\n        \t\t\t<\/div>\r\n\t\t\t\n\t<span class=\"price\"><span class=\"woocommerce-Price-amount amount\"><bdi>145<span class=\"woocommerce-Price-currencySymbol\">&#36;<\/span><\/bdi><\/span><\/span>\n\t\t\t\t\t<\/div>\r\n\t    \r\n    <\/div>\r\n        <\/div>\r\n<\/div>\r\n\r\n\r\n<div class=\"product type-product post-54690 status-publish outofstock product_cat-collection-sac product_cat-petite-dame has-post-thumbnail taxable shipping-taxable purchasable product-type-simple\">\r\n\t \t<div class=\"product-block grid v15\" data-product-id=\"54690\">\r\n\t<div class=\"product-content\">\r\n\t\t<div class=\"block-inner\">\r\n\t\t\t<figure class=\"image \">\r\n\t\t\t\t<a title=\"Petite Dame de Ziguinchor\" href=\"https:\/\/www.mathydy.com\/us\/produit\/petite-dame-de-ziguinchor\/\" class=\"product-image\">\r\n\t\t\t\t\t<img loading=\"lazy\" decoding=\"async\" width=\"600\" height=\"725\" src=\"https:\/\/www.mathydy.com\/wp-content\/uploads\/2024\/05\/PTIT-DAME-vert-fluo-face-1-600x725.webp\" class=\"attachment-shop_catalog image-effect\" alt=\"\" \/><img loading=\"lazy\" decoding=\"async\" width=\"600\" height=\"725\" src=\"https:\/\/www.mathydy.com\/wp-content\/uploads\/2024\/05\/PTIT-DAME-vert-fluo-side-1-600x725.webp\" class=\"image-hover\" alt=\"\" \/><span class=\"out-stock\"><span>En rupture de stock<\/span><\/span>\t\t\t\t\t\r\n\t\t\t\t<\/a>\r\n\r\n\t\t\t\t\t\t\t\t\t\t\t<\/figure>\r\n\t\t\t<div class=\"group-buttons\">\t\r\n\r\n\t\t\t\t\t\t\t\t\r\n\t\t    <\/div>\r\n\t\t    <div class=\"group-add-cart\">\r\n\t\t\t\t<\/a><div class=\"add-cart\" title=\"Acheter\" ><a href=\"https:\/\/www.mathydy.com\/us\/produit\/petite-dame-de-ziguinchor\/\" data-quantity=\"1\" class=\"button product_type_simple\" data-product_id=\"54690\" data-product_sku=\"\" aria-label=\"En savoir plus sur &ldquo;Petite Dame de Ziguinchor&rdquo;\" rel=\"nofollow\" data-success_message=\"\"><i class=\"linear-icon-bag2\"><\/i><span class=\"title-cart\">Acheter<\/span><\/a><\/div>\t\t\t<\/div>\r\n\t\t\t\r\n\t\t<\/div>\r\n\t\t<div class=\"caption\">\r\n\t\t\t<div class=\"group\">\r\n\t\t\t\t\r\n\t\t\t\t        \r\n        <h3 class=\"name full_name\"><a href=\"https:\/\/www.mathydy.com\/us\/produit\/petite-dame-de-ziguinchor\/\">Petite Dame de Ziguinchor<\/a><\/h3>\r\n        \t\t\t<\/div>\r\n\t\t\t\n\t<span class=\"price\"><span class=\"woocommerce-Price-amount amount\"><bdi>145<span class=\"woocommerce-Price-currencySymbol\">&#36;<\/span><\/bdi><\/span><\/span>\n\t\t\t\t\t<\/div>\r\n\t    \r\n    <\/div>\r\n        <\/div>\r\n<\/div>\r\n\r\n\r\n<div class=\"product type-product post-54691 status-publish last outofstock product_cat-collection-sac product_cat-petite-dame has-post-thumbnail taxable shipping-taxable purchasable product-type-simple\">\r\n\t \t<div class=\"product-block grid v15\" data-product-id=\"54691\">\r\n\t<div class=\"product-content\">\r\n\t\t<div class=\"block-inner\">\r\n\t\t\t<figure class=\"image \">\r\n\t\t\t\t<a title=\"Petite Dame du Sahel\" href=\"https:\/\/www.mathydy.com\/us\/produit\/petite-dame-du-sahel\/\" class=\"product-image\">\r\n\t\t\t\t\t<img loading=\"lazy\" decoding=\"async\" width=\"600\" height=\"725\" src=\"https:\/\/www.mathydy.com\/wp-content\/uploads\/2024\/05\/PETITE-DAME-JAUNE-FACE-600x725.webp\" class=\"attachment-shop_catalog image-effect\" alt=\"\" \/><img loading=\"lazy\" decoding=\"async\" width=\"600\" height=\"725\" src=\"https:\/\/www.mathydy.com\/wp-content\/uploads\/2024\/05\/PETITE-DAME-JAUNE-SIDE-600x725.webp\" class=\"image-hover\" alt=\"\" \/><span class=\"out-stock\"><span>En rupture de stock<\/span><\/span>\t\t\t\t\t\r\n\t\t\t\t<\/a>\r\n\r\n\t\t\t\t\t\t\t\t\t\t\t<\/figure>\r\n\t\t\t<div class=\"group-buttons\">\t\r\n\r\n\t\t\t\t\t\t\t\t\r\n\t\t    <\/div>\r\n\t\t    <div class=\"group-add-cart\">\r\n\t\t\t\t<\/a><div class=\"add-cart\" title=\"Acheter\" ><a href=\"https:\/\/www.mathydy.com\/us\/produit\/petite-dame-du-sahel\/\" data-quantity=\"1\" class=\"button product_type_simple\" data-product_id=\"54691\" data-product_sku=\"\" aria-label=\"En savoir plus sur &ldquo;Petite Dame du Sahel&rdquo;\" rel=\"nofollow\" data-success_message=\"\"><i class=\"linear-icon-bag2\"><\/i><span class=\"title-cart\">Acheter<\/span><\/a><\/div>\t\t\t<\/div>\r\n\t\t\t\r\n\t\t<\/div>\r\n\t\t<div class=\"caption\">\r\n\t\t\t<div class=\"group\">\r\n\t\t\t\t\r\n\t\t\t\t        \r\n        <h3 class=\"name full_name\"><a href=\"https:\/\/www.mathydy.com\/us\/produit\/petite-dame-du-sahel\/\">Petite Dame du Sahel<\/a><\/h3>\r\n        \t\t\t<\/div>\r\n\t\t\t\n\t<span class=\"price\"><span class=\"woocommerce-Price-amount amount\"><bdi>145<span class=\"woocommerce-Price-currencySymbol\">&#36;<\/span><\/bdi><\/span><\/span>\n\t\t\t\t\t<\/div>\r\n\t    \r\n    <\/div>\r\n        <\/div>\r\n<\/div>\r\n\r\n<\/div><\/div><\/div>[\/vc_column][\/vc_row][vc_row][vc_column][vc_empty_space height=\u00a0\u00bb80px\u00a0\u00bb]\n\t\t\t<!-- START la petite dame2 REVOLUTION SLIDER 6.7.12 --><p class=\"rs-p-wp-fix\"><\/p>\n\t\t\t<rs-module-wrap id=\"rev_slider_179_2_wrapper\" data-source=\"gallery\" style=\"visibility:hidden;background:transparent;padding:0;margin:0px auto;margin-top:0;margin-bottom:0;\">\n\t\t\t\t<rs-module id=\"rev_slider_179_2\" style=\"\" data-version=\"6.7.12\">\n\t\t\t\t\t<rs-slides style=\"overflow: hidden; position: absolute;\">\n\t\t\t\t\t\t<rs-slide style=\"position: absolute;\" data-key=\"rs-285\" data-title=\"Slide\" data-in=\"o:0;\" data-out=\"a:false;\">\n\t\t\t\t\t\t\t<img decoding=\"async\" src=\"\/\/www.mathydy.com\/us\/wp-content\/plugins\/revslider\/sr6\/assets\/assets\/dummy.png\" alt=\"Slide\" title=\"la petite dame\" class=\"rev-slidebg tp-rs-img rs-lazyload\" data-lazyload=\"\/\/www.mathydy.com\/us\/wp-content\/plugins\/revslider\/sr6\/assets\/assets\/transparent.png\" data-bg=\"c:#ffffff;\" data-parallax=\"off\" data-no-retina>\n<!--\n\t\t\t\t\t\t\t--><rs-layer\n\t\t\t\t\t\t\t\tid=\"slider-179-slide-285-layer-0\" \n\t\t\t\t\t\t\t\tclass=\"rs-pxl-5\"\n\t\t\t\t\t\t\t\tdata-type=\"text\"\n\t\t\t\t\t\t\t\tdata-color=\"#000000\"\n\t\t\t\t\t\t\t\tdata-rsp_ch=\"on\"\n\t\t\t\t\t\t\t\tdata-xy=\"x:1177px;y:383px;\"\n\t\t\t\t\t\t\t\tdata-text=\"w:normal;s:40;l:40;fw:900;\"\n\t\t\t\t\t\t\t\tdata-dim=\"w:698px;\"\n\t\t\t\t\t\t\t\tdata-frame_999=\"o:0;st:w;\"\n\t\t\t\t\t\t\t\tstyle=\"z-index:11;font-family:'futuralight';\"\n\t\t\t\t\t\t\t>Pour un style moderne et minimaliste \n\t\t\t\t\t\t\t<\/rs-layer><!--\n\n\t\t\t\t\t\t\t--><rs-layer\n\t\t\t\t\t\t\t\tid=\"slider-179-slide-285-layer-3\" \n\t\t\t\t\t\t\t\tclass=\"rs-pxl-5\"\n\t\t\t\t\t\t\t\tdata-type=\"image\"\n\t\t\t\t\t\t\t\tdata-rsp_ch=\"on\"\n\t\t\t\t\t\t\t\tdata-xy=\"x:76px;y:9px;\"\n\t\t\t\t\t\t\t\tdata-text=\"w:normal;\"\n\t\t\t\t\t\t\t\tdata-dim=\"w:925px;h:925px;\"\n\t\t\t\t\t\t\t\tdata-frame_999=\"o:0;st:w;\"\n\t\t\t\t\t\t\t\tstyle=\"z-index:7;\"\n\t\t\t\t\t\t\t><img decoding=\"async\" src=\"\/\/www.mathydy.com\/us\/wp-content\/plugins\/revslider\/sr6\/assets\/assets\/dummy.png\" alt=\"\" class=\"tp-rs-img rs-lazyload\" width=\"2000\" height=\"2000\" data-lazyload=\"\/\/www.mathydy.com\/us\/wp-content\/uploads\/revslider\/la-petite-dame2\/GMD-2.jpg\" data-no-retina> \n\t\t\t\t\t\t\t<\/rs-layer><!--\n\n\t\t\t\t\t\t\t--><rs-layer\n\t\t\t\t\t\t\t\tid=\"slider-179-slide-285-layer-4\" \n\t\t\t\t\t\t\t\tclass=\"rs-pxl-5\"\n\t\t\t\t\t\t\t\tdata-type=\"image\"\n\t\t\t\t\t\t\t\tdata-rsp_ch=\"on\"\n\t\t\t\t\t\t\t\tdata-xy=\"x:889px;y:1120px;\"\n\t\t\t\t\t\t\t\tdata-text=\"w:normal;\"\n\t\t\t\t\t\t\t\tdata-dim=\"w:925px;h:925px;\"\n\t\t\t\t\t\t\t\tdata-frame_999=\"o:0;st:w;\"\n\t\t\t\t\t\t\t\tstyle=\"z-index:6;\"\n\t\t\t\t\t\t\t><img decoding=\"async\" src=\"\/\/www.mathydy.com\/us\/wp-content\/plugins\/revslider\/sr6\/assets\/assets\/dummy.png\" alt=\"\" class=\"tp-rs-img rs-lazyload\" width=\"2000\" height=\"2000\" data-lazyload=\"\/\/www.mathydy.com\/us\/wp-content\/uploads\/revslider\/la-petite-dame2\/GMD-5.jpg\" data-no-retina> \n\t\t\t\t\t\t\t<\/rs-layer><!--\n\n\t\t\t\t\t\t\t--><rs-layer\n\t\t\t\t\t\t\t\tid=\"slider-179-slide-285-layer-5\" \n\t\t\t\t\t\t\t\tclass=\"rs-pxl-5\"\n\t\t\t\t\t\t\t\tdata-type=\"text\"\n\t\t\t\t\t\t\t\tdata-color=\"#000000\"\n\t\t\t\t\t\t\t\tdata-rsp_ch=\"on\"\n\t\t\t\t\t\t\t\tdata-xy=\"x:1138px;y:432px;\"\n\t\t\t\t\t\t\t\tdata-text=\"w:normal;s:32;l:40;\"\n\t\t\t\t\t\t\t\tdata-dim=\"w:733px;\"\n\t\t\t\t\t\t\t\tdata-frame_999=\"o:0;st:w;\"\n\t\t\t\t\t\t\t\tstyle=\"z-index:10;font-family:'futuralight';\"\n\t\t\t\t\t\t\t>La Petite Dame est une pi\u00e8ce d\u00e9di\u00e9e \u00e0 celles qui aiment arborer un style moderne et minimaliste. Avec son cuir grain\u00e9 et ses couleurs vives, vous ne passerez pas inaper\u00e7ue lors de vos prochaines sorties \n\t\t\t\t\t\t\t<\/rs-layer><!--\n\n\t\t\t\t\t\t\t--><rs-layer\n\t\t\t\t\t\t\t\tid=\"slider-179-slide-285-layer-6\" \n\t\t\t\t\t\t\t\tclass=\"rs-pxl-5\"\n\t\t\t\t\t\t\t\tdata-type=\"text\"\n\t\t\t\t\t\t\t\tdata-color=\"#000000\"\n\t\t\t\t\t\t\t\tdata-rsp_ch=\"on\"\n\t\t\t\t\t\t\t\tdata-xy=\"x:34px;y:1668px;\"\n\t\t\t\t\t\t\t\tdata-text=\"w:normal;s:35;l:40;\"\n\t\t\t\t\t\t\t\tdata-dim=\"w:739px;\"\n\t\t\t\t\t\t\t\tdata-frame_999=\"o:0;st:w;\"\n\t\t\t\t\t\t\t\tstyle=\"z-index:9;font-family:'futuralight';\"\n\t\t\t\t\t\t\t>La Petite Dame est parfaite pour rehausser votre apparat de sortie tout en emportant avec vous vos objets favoris. \n\t\t\t\t\t\t\t<\/rs-layer><!--\n\n\t\t\t\t\t\t\t--><rs-layer\n\t\t\t\t\t\t\t\tid=\"slider-179-slide-285-layer-7\" \n\t\t\t\t\t\t\t\tclass=\"rs-pxl-5\"\n\t\t\t\t\t\t\t\tdata-type=\"text\"\n\t\t\t\t\t\t\t\tdata-color=\"#000000\"\n\t\t\t\t\t\t\t\tdata-rsp_ch=\"on\"\n\t\t\t\t\t\t\t\tdata-xy=\"x:36px;y:1598px;\"\n\t\t\t\t\t\t\t\tdata-text=\"w:normal;s:40;l:40;fw:900;\"\n\t\t\t\t\t\t\t\tdata-dim=\"w:808px;\"\n\t\t\t\t\t\t\t\tdata-frame_999=\"o:0;st:w;\"\n\t\t\t\t\t\t\t\tstyle=\"z-index:8;font-family:'futuralight';\"\n\t\t\t\t\t\t\t>Ajoutez une touche de fraicheur \u00e0 votre tenue \n\t\t\t\t\t\t\t<\/rs-layer><!--\n-->\t\t\t\t\t<\/rs-slide>\n\t\t\t\t\t<\/rs-slides>\n\t\t\t\t<\/rs-module>\n\t\t\t\t<script>\n\t\t\t\t\tsetREVStartSize({c: 'rev_slider_179_2',rl:[1240,1024,778,480],el:[2400],gw:[1920],gh:[2400],type:'standard',justify:'',layout:'fullwidth',mh:\"0\"});if (window.RS_MODULES!==undefined && window.RS_MODULES.modules!==undefined && window.RS_MODULES.modules[\"revslider1792\"]!==undefined) {window.RS_MODULES.modules[\"revslider1792\"].once = false;window.revapi179 = undefined;if (window.RS_MODULES.checkMinimal!==undefined) window.RS_MODULES.checkMinimal()}\n\t\t\t\t<\/script>\n\t\t\t<\/rs-module-wrap>\n\t\t\t<!-- END REVOLUTION SLIDER -->\n[vc_empty_space height=\u00a0\u00bb80px\u00a0\u00bb]<div class=\"woocommerce columns-3 \"><div class=\"display-products products products-grid\"><div class=\"row\"  data-xlgdesktop=3 data-desktop=3 data-desktopsmall=3 data-tablet=3 data-mobile=2>\r\n\r\n<div class=\"product type-product post-54694 status-publish first outofstock product_cat-collection-sac product_cat-petite-dame has-post-thumbnail taxable shipping-taxable purchasable product-type-simple\">\r\n\t \t<div class=\"product-block grid v15\" data-product-id=\"54694\">\r\n\t<div class=\"product-content\">\r\n\t\t<div class=\"block-inner\">\r\n\t\t\t<figure class=\"image \">\r\n\t\t\t\t<a title=\"Petite Dame de Niamey\" href=\"https:\/\/www.mathydy.com\/us\/produit\/petite-dame-de-niamey\/\" class=\"product-image\">\r\n\t\t\t\t\t<img loading=\"lazy\" decoding=\"async\" width=\"600\" height=\"725\" src=\"https:\/\/www.mathydy.com\/wp-content\/uploads\/2024\/05\/PTIT-DAME-violet-claire-face-600x725.png\" class=\"attachment-shop_catalog image-effect\" alt=\"\" \/><img loading=\"lazy\" decoding=\"async\" width=\"600\" height=\"725\" src=\"https:\/\/www.mathydy.com\/wp-content\/uploads\/2024\/05\/PTIT-DAME-violet-claire-side-600x725.webp\" class=\"image-hover\" alt=\"\" \/><span class=\"out-stock\"><span>En rupture de stock<\/span><\/span>\t\t\t\t\t\r\n\t\t\t\t<\/a>\r\n\r\n\t\t\t\t\t\t\t\t\t\t\t<\/figure>\r\n\t\t\t<div class=\"group-buttons\">\t\r\n\r\n\t\t\t\t\t\t\t\t\r\n\t\t    <\/div>\r\n\t\t    <div class=\"group-add-cart\">\r\n\t\t\t\t<\/a><div class=\"add-cart\" title=\"Acheter\" ><a href=\"https:\/\/www.mathydy.com\/us\/produit\/petite-dame-de-niamey\/\" data-quantity=\"1\" class=\"button product_type_simple\" data-product_id=\"54694\" data-product_sku=\"\" aria-label=\"En savoir plus sur &ldquo;Petite Dame de Niamey&rdquo;\" rel=\"nofollow\" data-success_message=\"\"><i class=\"linear-icon-bag2\"><\/i><span class=\"title-cart\">Acheter<\/span><\/a><\/div>\t\t\t<\/div>\r\n\t\t\t\r\n\t\t<\/div>\r\n\t\t<div class=\"caption\">\r\n\t\t\t<div class=\"group\">\r\n\t\t\t\t\r\n\t\t\t\t        \r\n        <h3 class=\"name full_name\"><a href=\"https:\/\/www.mathydy.com\/us\/produit\/petite-dame-de-niamey\/\">Petite Dame de Niamey<\/a><\/h3>\r\n        \t\t\t<\/div>\r\n\t\t\t\n\t<span class=\"price\"><span class=\"woocommerce-Price-amount amount\"><bdi>145<span class=\"woocommerce-Price-currencySymbol\">&#36;<\/span><\/bdi><\/span><\/span>\n\t\t\t\t\t<\/div>\r\n\t    \r\n    <\/div>\r\n        <\/div>\r\n<\/div>\r\n\r\n\r\n<div class=\"product type-product post-54693 status-publish outofstock product_cat-collection-sac product_cat-petite-dame has-post-thumbnail taxable shipping-taxable purchasable product-type-simple\">\r\n\t \t<div class=\"product-block grid v15\" data-product-id=\"54693\">\r\n\t<div class=\"product-content\">\r\n\t\t<div class=\"block-inner\">\r\n\t\t\t<figure class=\"image \">\r\n\t\t\t\t<a title=\"Petite Dame de Thies\" href=\"https:\/\/www.mathydy.com\/us\/produit\/petite-dame-de-thies\/\" class=\"product-image\">\r\n\t\t\t\t\t<img loading=\"lazy\" decoding=\"async\" width=\"600\" height=\"725\" src=\"https:\/\/www.mathydy.com\/wp-content\/uploads\/2024\/05\/PETITE-DAME-rouge-bordeau-face-600x725.webp\" class=\"attachment-shop_catalog image-effect\" alt=\"\" \/><img loading=\"lazy\" decoding=\"async\" width=\"600\" height=\"725\" src=\"https:\/\/www.mathydy.com\/wp-content\/uploads\/2024\/05\/PETITE-DAME-rouge-bordeau-side-600x725.webp\" class=\"image-hover\" alt=\"\" \/><span class=\"out-stock\"><span>En rupture de stock<\/span><\/span>\t\t\t\t\t\r\n\t\t\t\t<\/a>\r\n\r\n\t\t\t\t\t\t\t\t\t\t\t<\/figure>\r\n\t\t\t<div class=\"group-buttons\">\t\r\n\r\n\t\t\t\t\t\t\t\t\r\n\t\t    <\/div>\r\n\t\t    <div class=\"group-add-cart\">\r\n\t\t\t\t<\/a><div class=\"add-cart\" title=\"Acheter\" ><a href=\"https:\/\/www.mathydy.com\/us\/produit\/petite-dame-de-thies\/\" data-quantity=\"1\" class=\"button product_type_simple\" data-product_id=\"54693\" data-product_sku=\"\" aria-label=\"En savoir plus sur &ldquo;Petite Dame de Thies&rdquo;\" rel=\"nofollow\" data-success_message=\"\"><i class=\"linear-icon-bag2\"><\/i><span class=\"title-cart\">Acheter<\/span><\/a><\/div>\t\t\t<\/div>\r\n\t\t\t\r\n\t\t<\/div>\r\n\t\t<div class=\"caption\">\r\n\t\t\t<div class=\"group\">\r\n\t\t\t\t\r\n\t\t\t\t        \r\n        <h3 class=\"name full_name\"><a href=\"https:\/\/www.mathydy.com\/us\/produit\/petite-dame-de-thies\/\">Petite Dame de Thies<\/a><\/h3>\r\n        \t\t\t<\/div>\r\n\t\t\t\n\t<span class=\"price\"><span class=\"woocommerce-Price-amount amount\"><bdi>145<span class=\"woocommerce-Price-currencySymbol\">&#36;<\/span><\/bdi><\/span><\/span>\n\t\t\t\t\t<\/div>\r\n\t    \r\n    <\/div>\r\n        <\/div>\r\n<\/div>\r\n\r\n\r\n<div class=\"product type-product post-54692 status-publish last outofstock product_cat-collection-sac product_cat-petite-dame has-post-thumbnail taxable shipping-taxable purchasable product-type-simple\">\r\n\t \t<div class=\"product-block grid v15\" data-product-id=\"54692\">\r\n\t<div class=\"product-content\">\r\n\t\t<div class=\"block-inner\">\r\n\t\t\t<figure class=\"image \">\r\n\t\t\t\t<a title=\"Petite Dame du  Lac Rose\" href=\"https:\/\/www.mathydy.com\/us\/produit\/petite-dame-du-lac-rose\/\" class=\"product-image\">\r\n\t\t\t\t\t<img loading=\"lazy\" decoding=\"async\" width=\"600\" height=\"725\" src=\"https:\/\/www.mathydy.com\/wp-content\/uploads\/2024\/05\/PTIT-DAME-beige-claire-face-600x725.webp\" class=\"attachment-shop_catalog image-effect\" alt=\"\" \/><img loading=\"lazy\" decoding=\"async\" width=\"600\" height=\"725\" src=\"https:\/\/www.mathydy.com\/wp-content\/uploads\/2024\/05\/PTIT-DAME-beige-claire-side-600x725.webp\" class=\"image-hover\" alt=\"\" \/><span class=\"out-stock\"><span>En rupture de stock<\/span><\/span>\t\t\t\t\t\r\n\t\t\t\t<\/a>\r\n\r\n\t\t\t\t\t\t\t\t\t\t\t<\/figure>\r\n\t\t\t<div class=\"group-buttons\">\t\r\n\r\n\t\t\t\t\t\t\t\t\r\n\t\t    <\/div>\r\n\t\t    <div class=\"group-add-cart\">\r\n\t\t\t\t<\/a><div class=\"add-cart\" title=\"Acheter\" ><a href=\"https:\/\/www.mathydy.com\/us\/produit\/petite-dame-du-lac-rose\/\" data-quantity=\"1\" class=\"button product_type_simple\" data-product_id=\"54692\" data-product_sku=\"\" aria-label=\"En savoir plus sur &ldquo;Petite Dame du  Lac Rose&rdquo;\" rel=\"nofollow\" data-success_message=\"\"><i class=\"linear-icon-bag2\"><\/i><span class=\"title-cart\">Acheter<\/span><\/a><\/div>\t\t\t<\/div>\r\n\t\t\t\r\n\t\t<\/div>\r\n\t\t<div class=\"caption\">\r\n\t\t\t<div class=\"group\">\r\n\t\t\t\t\r\n\t\t\t\t        \r\n        <h3 class=\"name full_name\"><a href=\"https:\/\/www.mathydy.com\/us\/produit\/petite-dame-du-lac-rose\/\">Petite Dame du  Lac Rose<\/a><\/h3>\r\n        \t\t\t<\/div>\r\n\t\t\t\n\t<span class=\"price\"><span class=\"woocommerce-Price-amount amount\"><bdi>145<span class=\"woocommerce-Price-currencySymbol\">&#36;<\/span><\/bdi><\/span><\/span>\n\t\t\t\t\t<\/div>\r\n\t    \r\n    <\/div>\r\n        <\/div>\r\n<\/div>\r\n\r\n<\/div><\/div><\/div>[\/vc_column][\/vc_row]<\/p>\n<\/section>","protected":false},"excerpt":{"rendered":"<p>[vc_row][vc_column][\/vc_column][\/vc_row][vc_row][vc_column][\/vc_column][\/vc_row][vc_row][vc_column][vc_empty_space height=\u00a0\u00bb80px\u00a0\u00bb][vc_empty_space height=\u00a0\u00bb80px\u00a0\u00bb][\/vc_column][\/vc_row]<\/p>\n","protected":false},"author":1,"featured_media":0,"parent":0,"menu_order":0,"comment_status":"closed","ping_status":"closed","template":"redux-templates_full_width","meta":{"footnotes":""},"yst_prominent_words":[],"class_list":["post-54695","page","type-page","status-publish","hentry"],"_links":{"self":[{"href":"https:\/\/www.mathydy.com\/us\/wp-json\/wp\/v2\/pages\/54695"}],"collection":[{"href":"https:\/\/www.mathydy.com\/us\/wp-json\/wp\/v2\/pages"}],"about":[{"href":"https:\/\/www.mathydy.com\/us\/wp-json\/wp\/v2\/types\/page"}],"author":[{"embeddable":true,"href":"https:\/\/www.mathydy.com\/us\/wp-json\/wp\/v2\/users\/1"}],"replies":[{"embeddable":true,"href":"https:\/\/www.mathydy.com\/us\/wp-json\/wp\/v2\/comments?post=54695"}],"version-history":[{"count":2,"href":"https:\/\/www.mathydy.com\/us\/wp-json\/wp\/v2\/pages\/54695\/revisions"}],"predecessor-version":[{"id":54710,"href":"https:\/\/www.mathydy.com\/us\/wp-json\/wp\/v2\/pages\/54695\/revisions\/54710"}],"wp:attachment":[{"href":"https:\/\/www.mathydy.com\/us\/wp-json\/wp\/v2\/media?parent=54695"}],"wp:term":[{"taxonomy":"yst_prominent_words","embeddable":true,"href":"https:\/\/www.mathydy.com\/us\/wp-json\/wp\/v2\/yst_prominent_words?post=54695"}],"curies":[{"name":"wp","href":"https:\/\/api.w.org\/{rel}","templated":true}]}}