{"id":55543,"date":"2024-11-28T15:26:05","date_gmt":"2024-11-28T14:26:05","guid":{"rendered":"https:\/\/www.mathydy.com\/us\/?page_id=55543"},"modified":"2024-11-28T15:26:05","modified_gmt":"2024-11-28T14:26:05","slug":"tote-gaddu","status":"publish","type":"page","link":"https:\/\/www.mathydy.com\/us\/tote-gaddu\/","title":{"rendered":"tote gaddu"},"content":{"rendered":"<section class=\"wpb-content-wrapper\"><p>[vc_row][vc_column]\n\t\t\t<!-- START collection tote gaddu REVOLUTION SLIDER 6.7.12 --><p class=\"rs-p-wp-fix\"><\/p>\n\t\t\t<rs-module-wrap id=\"rev_slider_201_1_wrapper\" data-source=\"gallery\" style=\"visibility:hidden;background:transparent;padding:0;margin:0px auto;margin-top:0;margin-bottom:0;\">\n\t\t\t\t<rs-module id=\"rev_slider_201_1\" style=\"\" data-version=\"6.7.12\">\n\t\t\t\t\t<rs-slides style=\"overflow: hidden; position: absolute;\">\n\t\t\t\t\t\t<rs-slide style=\"position: absolute;\" data-key=\"rs-333\" data-title=\"Slide\" data-in=\"o:0;\" data-out=\"a:false;\">\n\t\t\t\t\t\t\t<img decoding=\"async\" src=\"\/\/www.mathydy.com\/us\/wp-content\/plugins\/revslider\/sr6\/assets\/assets\/dummy.png\" alt=\"Slide\" title=\"tote gaddu\" class=\"rev-slidebg tp-rs-img rs-lazyload\" data-lazyload=\"\/\/www.mathydy.com\/us\/wp-content\/plugins\/revslider\/sr6\/assets\/assets\/transparent.png\" data-bg=\"c:#ffffff;\" data-no-retina>\n<!--\n\t\t\t\t\t\t\t--><rs-layer\n\t\t\t\t\t\t\t\tid=\"slider-201-slide-333-layer-0\" \n\t\t\t\t\t\t\t\tdata-type=\"image\"\n\t\t\t\t\t\t\t\tdata-rsp_ch=\"on\"\n\t\t\t\t\t\t\t\tdata-xy=\"x:-2px;y:-5px;\"\n\t\t\t\t\t\t\t\tdata-text=\"w:normal;\"\n\t\t\t\t\t\t\t\tdata-dim=\"w:1920px;h:1100px;\"\n\t\t\t\t\t\t\t\tdata-frame_999=\"o:0;st:w;\"\n\t\t\t\t\t\t\t\tstyle=\"z-index:8;\"\n\t\t\t\t\t\t\t><img decoding=\"async\" src=\"\/\/www.mathydy.com\/us\/wp-content\/plugins\/revslider\/sr6\/assets\/assets\/dummy.png\" alt=\"\" class=\"tp-rs-img rs-lazyload\" width=\"1920\" height=\"1100\" data-lazyload=\"\/\/www.mathydy.com\/us\/wp-content\/uploads\/revslider\/collection-tote-gaddu\/QDFFF-1.webp\" data-no-retina> \n\t\t\t\t\t\t\t<\/rs-layer><!--\n\n\t\t\t\t\t\t\t--><rs-layer\n\t\t\t\t\t\t\t\tid=\"slider-201-slide-333-layer-1\" \n\t\t\t\t\t\t\t\tdata-type=\"text\"\n\t\t\t\t\t\t\t\tdata-color=\"#000000\"\n\t\t\t\t\t\t\t\tdata-rsp_ch=\"on\"\n\t\t\t\t\t\t\t\tdata-xy=\"x:c;xo:-348px;y:430px;\"\n\t\t\t\t\t\t\t\tdata-text=\"w:nowrap;s:50;l:51;a:center;\"\n\t\t\t\t\t\t\t\tdata-dim=\"w:1088px;\"\n\t\t\t\t\t\t\t\tdata-vbility=\"f,f,t,t\"\n\t\t\t\t\t\t\t\tdata-frame_999=\"o:0;st:w;\"\n\t\t\t\t\t\t\t\tstyle=\"z-index:17;font-family:'futuralight';\"\n\t\t\t\t\t\t\t>Con\u00e7u pour vous accompagner dans vos<br \/>\n d\u00e9placements au quotidien, le Tote Gaddu<br \/>\n sera votre compagnon id\u00e9al pour<br \/>\n transporter ce que vous avez de plus cher ! \n\t\t\t\t\t\t\t<\/rs-layer><!--\n\n\t\t\t\t\t\t\t--><a\n\t\t\t\t\t\t\t\tid=\"slider-201-slide-333-layer-5\" \n\t\t\t\t\t\t\t\tclass=\"rs-layer rev-btn\"\n\t\t\t\t\t\t\t\thref=\"https:\/\/www.mathydy.com\/us\/produit\/tote-gaddu-orange\" target=\"_self\" rel=\"nofollow\"\n\t\t\t\t\t\t\t\tdata-type=\"button\"\n\t\t\t\t\t\t\t\tdata-color=\"#ffffff\"\n\t\t\t\t\t\t\t\tdata-rsp_ch=\"on\"\n\t\t\t\t\t\t\t\tdata-xy=\"x:459px;y:538px;\"\n\t\t\t\t\t\t\t\tdata-text=\"w:normal;s:35;l:50;ls:2px;fw:500;a:center;\"\n\t\t\t\t\t\t\t\tdata-dim=\"w:249px;h:50px;minh:0px;\"\n\t\t\t\t\t\t\t\tdata-vbility=\"t,t,f,f\"\n\t\t\t\t\t\t\t\tdata-padding=\"r:20;l:20;\"\n\t\t\t\t\t\t\t\tdata-border=\"bor:25px,25px,25px,25px;\"\n\t\t\t\t\t\t\t\tdata-frame_999=\"o:0;st:w;\"\n\t\t\t\t\t\t\t\tdata-frame_hover=\"c:#000;bgc:#fff;bor:25px,25px,25px,25px;sp:200;e:power1.inOut;\"\n\t\t\t\t\t\t\t\tstyle=\"z-index:15;background-color:rgba(0,0,0,1);font-family:'futuralight';\"\n\t\t\t\t\t\t\t>     Acheter <i class=\"material-icons\">arrow_forward<\/i> \n\t\t\t\t\t\t\t<\/a><!--\n\n\t\t\t\t\t\t\t--><rs-layer\n\t\t\t\t\t\t\t\tid=\"slider-201-slide-333-layer-7\" \n\t\t\t\t\t\t\t\tdata-type=\"text\"\n\t\t\t\t\t\t\t\tdata-color=\"#000000\"\n\t\t\t\t\t\t\t\tdata-rsp_ch=\"on\"\n\t\t\t\t\t\t\t\tdata-xy=\"x:c;xo:-322px;y:155px;\"\n\t\t\t\t\t\t\t\tdata-text=\"w:normal;s:75;l:85;fw:700;\"\n\t\t\t\t\t\t\t\tdata-dim=\"w:1032px;\"\n\t\t\t\t\t\t\t\tdata-vbility=\"f,f,t,t\"\n\t\t\t\t\t\t\t\tdata-frame_999=\"o:0;st:w;\"\n\t\t\t\t\t\t\t\tstyle=\"z-index:19;font-family:'futuralight';\"\n\t\t\t\t\t\t\t>Un \u00e9quilibre parfait entre fonctionnalit\u00e9 et esth\u00e9tique. \n\t\t\t\t\t\t\t<\/rs-layer><!--\n\n\t\t\t\t\t\t\t--><rs-layer\n\t\t\t\t\t\t\t\tid=\"slider-201-slide-333-layer-8\" \n\t\t\t\t\t\t\t\tdata-type=\"text\"\n\t\t\t\t\t\t\t\tdata-color=\"#000000\"\n\t\t\t\t\t\t\t\tdata-rsp_ch=\"on\"\n\t\t\t\t\t\t\t\tdata-xy=\"x:c;xo:479px;y:1474px;\"\n\t\t\t\t\t\t\t\tdata-text=\"w:normal;s:48;\"\n\t\t\t\t\t\t\t\tdata-dim=\"w:829px;\"\n\t\t\t\t\t\t\t\tdata-vbility=\"t,t,f,f\"\n\t\t\t\t\t\t\t\tdata-frame_999=\"o:0;st:w;\"\n\t\t\t\t\t\t\t\tstyle=\"z-index:25;font-family:'futuralight';\"\n\t\t\t\t\t\t\t>La touche de glamour qu\u2019il vous faut \n\t\t\t\t\t\t\t<\/rs-layer><!--\n\n\t\t\t\t\t\t\t--><rs-layer\n\t\t\t\t\t\t\t\tid=\"slider-201-slide-333-layer-9\" \n\t\t\t\t\t\t\t\tdata-type=\"image\"\n\t\t\t\t\t\t\t\tdata-rsp_ch=\"on\"\n\t\t\t\t\t\t\t\tdata-xy=\"x:-2px;y:1096px;\"\n\t\t\t\t\t\t\t\tdata-text=\"w:normal;\"\n\t\t\t\t\t\t\t\tdata-dim=\"w:1920px;h:1100px;\"\n\t\t\t\t\t\t\t\tdata-frame_999=\"o:0;st:w;\"\n\t\t\t\t\t\t\t\tstyle=\"z-index:7;\"\n\t\t\t\t\t\t\t><img decoding=\"async\" src=\"\/\/www.mathydy.com\/us\/wp-content\/plugins\/revslider\/sr6\/assets\/assets\/dummy.png\" alt=\"\" class=\"tp-rs-img rs-lazyload\" width=\"1920\" height=\"1100\" data-lazyload=\"\/\/www.mathydy.com\/us\/wp-content\/uploads\/revslider\/collection-tote-gaddu\/Sans-titreG.webp\" data-no-retina> \n\t\t\t\t\t\t\t<\/rs-layer><!--\n\n\t\t\t\t\t\t\t--><rs-layer\n\t\t\t\t\t\t\t\tid=\"slider-201-slide-333-layer-11\" \n\t\t\t\t\t\t\t\tdata-type=\"text\"\n\t\t\t\t\t\t\t\tdata-color=\"#000000\"\n\t\t\t\t\t\t\t\tdata-rsp_ch=\"on\"\n\t\t\t\t\t\t\t\tdata-xy=\"x:c;xo:478px;y:1608px;\"\n\t\t\t\t\t\t\t\tdata-text=\"w:nowrap;s:31;l:51;a:center;\"\n\t\t\t\t\t\t\t\tdata-dim=\"w:1161px;\"\n\t\t\t\t\t\t\t\tdata-vbility=\"t,t,f,f\"\n\t\t\t\t\t\t\t\tdata-frame_999=\"o:0;st:w;\"\n\t\t\t\t\t\t\t\tstyle=\"z-index:23;font-family:'futuralight';\"\n\t\t\t\t\t\t\t>Portez le \u00e0 l\u2019\u00e9paule ou au poignet, le tote Gaddu va<br \/>\n rehausser votre style et apporter la touche de glamour qui va<br \/>\n illuminer vos sorties. \n\t\t\t\t\t\t\t<\/rs-layer><!--\n\n\t\t\t\t\t\t\t--><a\n\t\t\t\t\t\t\t\tid=\"slider-201-slide-333-layer-12\" \n\t\t\t\t\t\t\t\tclass=\"rs-layer rev-btn\"\n\t\t\t\t\t\t\t\thref=\"https:\/\/www.mathydy.com\/us\/produit\/tote-gaddu-beige\" target=\"_self\" rel=\"nofollow\"\n\t\t\t\t\t\t\t\tdata-type=\"button\"\n\t\t\t\t\t\t\t\tdata-color=\"#ffffff\"\n\t\t\t\t\t\t\t\tdata-rsp_ch=\"on\"\n\t\t\t\t\t\t\t\tdata-xy=\"x:c;xo:451px;y:1825px;\"\n\t\t\t\t\t\t\t\tdata-text=\"w:normal;s:35;l:50;ls:2px;fw:500;\"\n\t\t\t\t\t\t\t\tdata-dim=\"w:249px;h:50px;minh:0px;\"\n\t\t\t\t\t\t\t\tdata-vbility=\"t,t,f,f\"\n\t\t\t\t\t\t\t\tdata-padding=\"r:20;l:20;\"\n\t\t\t\t\t\t\t\tdata-border=\"bor:25px,25px,25px,25px;\"\n\t\t\t\t\t\t\t\tdata-frame_999=\"o:0;st:w;\"\n\t\t\t\t\t\t\t\tdata-frame_hover=\"c:#000;bgc:#fff;bor:25px,25px,25px,25px;sp:200;e:power1.inOut;\"\n\t\t\t\t\t\t\t\tstyle=\"z-index:26;background-color:rgba(0,0,0,1);font-family:'futuralight';\"\n\t\t\t\t\t\t\t>     Acheter <i class=\"material-icons\">arrow_forward<\/i> \n\t\t\t\t\t\t\t<\/a><!--\n\n\t\t\t\t\t\t\t--><rs-layer\n\t\t\t\t\t\t\t\tid=\"slider-201-slide-333-layer-14\" \n\t\t\t\t\t\t\t\tdata-type=\"text\"\n\t\t\t\t\t\t\t\tdata-color=\"#000000\"\n\t\t\t\t\t\t\t\tdata-rsp_ch=\"on\"\n\t\t\t\t\t\t\t\tdata-xy=\"x:c;xo:-375px;y:340px;\"\n\t\t\t\t\t\t\t\tdata-text=\"w:nowrap;s:31;l:51;a:center;\"\n\t\t\t\t\t\t\t\tdata-dim=\"w:903px;\"\n\t\t\t\t\t\t\t\tdata-vbility=\"t,t,f,f\"\n\t\t\t\t\t\t\t\tdata-frame_999=\"o:0;st:w;\"\n\t\t\t\t\t\t\t\tstyle=\"z-index:16;font-family:'futuralight';\"\n\t\t\t\t\t\t\t>Con\u00e7u pour vous accompagner dans vos d\u00e9placements au quotidien, <br \/>\nle Tote Gaddu sera votre compagnon id\u00e9al pour transporter<br \/>\n ce que vous avez de plus cher ! \n\t\t\t\t\t\t\t<\/rs-layer><!--\n\n\t\t\t\t\t\t\t--><a\n\t\t\t\t\t\t\t\tid=\"slider-201-slide-333-layer-15\" \n\t\t\t\t\t\t\t\tclass=\"rs-layer rev-btn\"\n\t\t\t\t\t\t\t\thref=\"https:\/\/www.mathydy.com\/us\/produit\/tote-gaddu-orange\" target=\"_self\" rel=\"nofollow\"\n\t\t\t\t\t\t\t\tdata-type=\"button\"\n\t\t\t\t\t\t\t\tdata-color=\"#ffffff\"\n\t\t\t\t\t\t\t\tdata-rsp_ch=\"on\"\n\t\t\t\t\t\t\t\tdata-xy=\"x:c;xo:-398px;y:675px;\"\n\t\t\t\t\t\t\t\tdata-text=\"w:normal;s:55;l:69;ls:3px;fw:500;a:center;\"\n\t\t\t\t\t\t\t\tdata-dim=\"w:343px;h:69px;minh:0px;\"\n\t\t\t\t\t\t\t\tdata-vbility=\"f,f,t,t\"\n\t\t\t\t\t\t\t\tdata-padding=\"r:20;l:20;\"\n\t\t\t\t\t\t\t\tdata-border=\"bor:25px,25px,25px,25px;\"\n\t\t\t\t\t\t\t\tdata-frame_999=\"o:0;st:w;\"\n\t\t\t\t\t\t\t\tdata-frame_hover=\"c:#000;bgc:#fff;bor:25px,25px,25px,25px;sp:200;e:power1.inOut;\"\n\t\t\t\t\t\t\t\tstyle=\"z-index:14;background-color:rgba(0,0,0,1);font-family:'futuralight';\"\n\t\t\t\t\t\t\t> Acheter <i class=\"material-icons\">arrow_forward<\/i> \n\t\t\t\t\t\t\t<\/a><!--\n\n\t\t\t\t\t\t\t--><rs-layer\n\t\t\t\t\t\t\t\tid=\"slider-201-slide-333-layer-16\" \n\t\t\t\t\t\t\t\tdata-type=\"text\"\n\t\t\t\t\t\t\t\tdata-color=\"#000000\"\n\t\t\t\t\t\t\t\tdata-rsp_ch=\"on\"\n\t\t\t\t\t\t\t\tdata-xy=\"x:c;xo:-452px;y:2608px;\"\n\t\t\t\t\t\t\t\tdata-text=\"w:normal;s:75;l:66;fw:700;a:center;\"\n\t\t\t\t\t\t\t\tdata-dim=\"w:997px;\"\n\t\t\t\t\t\t\t\tdata-vbility=\"f,f,t,t\"\n\t\t\t\t\t\t\t\tdata-frame_999=\"o:0;st:w;\"\n\t\t\t\t\t\t\t\tstyle=\"z-index:10;font-family:'futuralight';\"\n\t\t\t\t\t\t\t>Un sac \u00e0 main \u00e0 l\u2019\u00e9preuve du temps \n\t\t\t\t\t\t\t<\/rs-layer><!--\n\n\t\t\t\t\t\t\t--><a\n\t\t\t\t\t\t\t\tid=\"slider-201-slide-333-layer-18\" \n\t\t\t\t\t\t\t\tclass=\"rs-layer rev-btn\"\n\t\t\t\t\t\t\t\thref=\"https:\/\/www.mathydy.com\/us\/produit\/tote-gaddu-noir\" target=\"_self\" rel=\"nofollow\"\n\t\t\t\t\t\t\t\tdata-type=\"button\"\n\t\t\t\t\t\t\t\tdata-color=\"#ffffff\"\n\t\t\t\t\t\t\t\tdata-rsp_ch=\"on\"\n\t\t\t\t\t\t\t\tdata-xy=\"x:c;xo:-515px;y:3142px;\"\n\t\t\t\t\t\t\t\tdata-text=\"w:normal;s:55;l:69;ls:2px;fw:500;a:center;\"\n\t\t\t\t\t\t\t\tdata-dim=\"w:345px;h:69px;minh:0px;\"\n\t\t\t\t\t\t\t\tdata-vbility=\"f,f,t,t\"\n\t\t\t\t\t\t\t\tdata-padding=\"r:20;l:20;\"\n\t\t\t\t\t\t\t\tdata-border=\"bor:25px,25px,25px,25px;\"\n\t\t\t\t\t\t\t\tdata-frame_999=\"o:0;st:w;\"\n\t\t\t\t\t\t\t\tdata-frame_hover=\"c:#000;bgc:#fff;bor:25px,25px,25px,25px;sp:200;e:power1.inOut;\"\n\t\t\t\t\t\t\t\tstyle=\"z-index:13;background-color:rgba(0,0,0,1);font-family:'futuralight';\"\n\t\t\t\t\t\t\t>     Acheter <i class=\"material-icons\">arrow_forward<\/i> \n\t\t\t\t\t\t\t<\/a><!--\n\n\t\t\t\t\t\t\t--><rs-layer\n\t\t\t\t\t\t\t\tid=\"slider-201-slide-333-layer-19\" \n\t\t\t\t\t\t\t\tdata-type=\"image\"\n\t\t\t\t\t\t\t\tdata-rsp_ch=\"on\"\n\t\t\t\t\t\t\t\tdata-xy=\"y:2195px;\"\n\t\t\t\t\t\t\t\tdata-text=\"w:normal;\"\n\t\t\t\t\t\t\t\tdata-dim=\"w:1920px;h:1100px;\"\n\t\t\t\t\t\t\t\tdata-frame_999=\"o:0;st:w;\"\n\t\t\t\t\t\t\t\tstyle=\"z-index:3;\"\n\t\t\t\t\t\t\t><img decoding=\"async\" src=\"\/\/www.mathydy.com\/us\/wp-content\/plugins\/revslider\/sr6\/assets\/assets\/dummy.png\" alt=\"\" class=\"tp-rs-img rs-lazyload\" width=\"1920\" height=\"1100\" data-lazyload=\"\/\/www.mathydy.com\/us\/wp-content\/uploads\/revslider\/collection-tote-gaddu\/Sans-titre-2-LKHNKLDHLKC.webp\" data-no-retina> \n\t\t\t\t\t\t\t<\/rs-layer><!--\n\n\t\t\t\t\t\t\t--><a\n\t\t\t\t\t\t\t\tid=\"slider-201-slide-333-layer-21\" \n\t\t\t\t\t\t\t\tclass=\"rs-layer rev-btn\"\n\t\t\t\t\t\t\t\thref=\"https:\/\/www.mathydy.com\/us\/produit\/tote-gaddu-noir\" target=\"_self\" rel=\"nofollow\"\n\t\t\t\t\t\t\t\tdata-type=\"button\"\n\t\t\t\t\t\t\t\tdata-color=\"#ffffff\"\n\t\t\t\t\t\t\t\tdata-rsp_ch=\"on\"\n\t\t\t\t\t\t\t\tdata-xy=\"x:c;xo:-434px;y:2906px;\"\n\t\t\t\t\t\t\t\tdata-text=\"w:normal;s:35;l:50;ls:2px;fw:500;\"\n\t\t\t\t\t\t\t\tdata-dim=\"w:249px;h:50px;minh:0px;\"\n\t\t\t\t\t\t\t\tdata-vbility=\"t,t,f,f\"\n\t\t\t\t\t\t\t\tdata-padding=\"r:20;l:20;\"\n\t\t\t\t\t\t\t\tdata-border=\"bor:25px,25px,25px,25px;\"\n\t\t\t\t\t\t\t\tdata-frame_999=\"o:0;st:w;\"\n\t\t\t\t\t\t\t\tdata-frame_hover=\"c:#000;bgc:#fff;bor:25px,25px,25px,25px;sp:200;e:power1.inOut;\"\n\t\t\t\t\t\t\t\tstyle=\"z-index:11;background-color:rgba(0,0,0,1);font-family:'futuralight';\"\n\t\t\t\t\t\t\t>     Acheter <i class=\"material-icons\">arrow_forward<\/i> \n\t\t\t\t\t\t\t<\/a><!--\n\n\t\t\t\t\t\t\t--><rs-layer\n\t\t\t\t\t\t\t\tid=\"slider-201-slide-333-layer-22\" \n\t\t\t\t\t\t\t\tdata-type=\"text\"\n\t\t\t\t\t\t\t\tdata-color=\"#000000\"\n\t\t\t\t\t\t\t\tdata-rsp_ch=\"on\"\n\t\t\t\t\t\t\t\tdata-xy=\"x:c;xo:-275px;y:2759px;\"\n\t\t\t\t\t\t\t\tdata-text=\"w:nowrap;s:50;l:66;\"\n\t\t\t\t\t\t\t\tdata-dim=\"w:1347px;\"\n\t\t\t\t\t\t\t\tdata-vbility=\"f,f,t,t\"\n\t\t\t\t\t\t\t\tdata-frame_999=\"o:0;st:w;\"\n\t\t\t\t\t\t\t\tstyle=\"z-index:21;font-family:'futuralight';\"\n\t\t\t\t\t\t\t>Avec son cuir Saffiano de haute qualit\u00e9, <br \/>\nle tote Gaddu sera  votre partenaire <br \/>\nd\u2019aventure pour plusieurs ann\u00e9es. <br \/>\nLe porter un jour, <br \/>\nc\u2019est l\u2019adopter pour toujours. \n\t\t\t\t\t\t\t<\/rs-layer><!--\n\n\t\t\t\t\t\t\t--><a\n\t\t\t\t\t\t\t\tid=\"slider-201-slide-333-layer-23\" \n\t\t\t\t\t\t\t\tclass=\"rs-layer rev-btn\"\n\t\t\t\t\t\t\t\thref=\"https:\/\/www.mathydy.com\/us\/produit\/tote-gaddu-beige\" target=\"_self\" rel=\"nofollow\"\n\t\t\t\t\t\t\t\tdata-type=\"button\"\n\t\t\t\t\t\t\t\tdata-color=\"#ffffff\"\n\t\t\t\t\t\t\t\tdata-rsp_ch=\"on\"\n\t\t\t\t\t\t\t\tdata-xy=\"x:c;xo:456px;y:1869px;\"\n\t\t\t\t\t\t\t\tdata-text=\"w:normal;s:55;l:69;ls:2px;fw:500;a:center;\"\n\t\t\t\t\t\t\t\tdata-dim=\"w:345px;h:69px;minh:0px;\"\n\t\t\t\t\t\t\t\tdata-vbility=\"f,f,t,t\"\n\t\t\t\t\t\t\t\tdata-padding=\"r:20;l:20;\"\n\t\t\t\t\t\t\t\tdata-border=\"bor:25px,25px,25px,25px;\"\n\t\t\t\t\t\t\t\tdata-frame_999=\"o:0;st:w;\"\n\t\t\t\t\t\t\t\tdata-frame_hover=\"c:#000;bgc:#fff;bor:25px,25px,25px,25px;sp:200;e:power1.inOut;\"\n\t\t\t\t\t\t\t\tstyle=\"z-index:12;background-color:rgba(0,0,0,1);font-family:'futuralight';\"\n\t\t\t\t\t\t\t>     Acheter <i class=\"material-icons\">arrow_forward<\/i> \n\t\t\t\t\t\t\t<\/a><!--\n\n\t\t\t\t\t\t\t--><rs-layer\n\t\t\t\t\t\t\t\tid=\"slider-201-slide-333-layer-24\" \n\t\t\t\t\t\t\t\tdata-type=\"text\"\n\t\t\t\t\t\t\t\tdata-color=\"#000000\"\n\t\t\t\t\t\t\t\tdata-rsp_ch=\"on\"\n\t\t\t\t\t\t\t\tdata-xy=\"x:c;xo:-318px;y:265px;\"\n\t\t\t\t\t\t\t\tdata-text=\"w:normal;s:48;l:41;fw:700;\"\n\t\t\t\t\t\t\t\tdata-dim=\"w:1206px;\"\n\t\t\t\t\t\t\t\tdata-vbility=\"t,t,f,f\"\n\t\t\t\t\t\t\t\tdata-frame_999=\"o:0;st:w;\"\n\t\t\t\t\t\t\t\tstyle=\"z-index:18;font-family:'futuralight';\"\n\t\t\t\t\t\t\t>Un \u00e9quilibre parfait entre fonctionnalit\u00e9 et esth\u00e9tique. \n\t\t\t\t\t\t\t<\/rs-layer><!--\n\n\t\t\t\t\t\t\t--><rs-layer\n\t\t\t\t\t\t\t\tid=\"slider-201-slide-333-layer-25\" \n\t\t\t\t\t\t\t\tdata-type=\"text\"\n\t\t\t\t\t\t\t\tdata-color=\"#000000\"\n\t\t\t\t\t\t\t\tdata-rsp_ch=\"on\"\n\t\t\t\t\t\t\t\tdata-xy=\"x:c;xo:468px;y:1330px;\"\n\t\t\t\t\t\t\t\tdata-text=\"w:normal;s:75;l:65;\"\n\t\t\t\t\t\t\t\tdata-dim=\"w:826px;h:65px;\"\n\t\t\t\t\t\t\t\tdata-vbility=\"f,f,t,t\"\n\t\t\t\t\t\t\t\tdata-frame_999=\"o:0;st:w;\"\n\t\t\t\t\t\t\t\tstyle=\"z-index:24;font-family:'futuralight';\"\n\t\t\t\t\t\t\t>La touche de glamour qu\u2019il vous faut \n\t\t\t\t\t\t\t<\/rs-layer><!--\n\n\t\t\t\t\t\t\t--><rs-layer\n\t\t\t\t\t\t\t\tid=\"slider-201-slide-333-layer-26\" \n\t\t\t\t\t\t\t\tdata-type=\"text\"\n\t\t\t\t\t\t\t\tdata-color=\"#000000\"\n\t\t\t\t\t\t\t\tdata-rsp_ch=\"on\"\n\t\t\t\t\t\t\t\tdata-xy=\"x:c;xo:496px;y:1522px;\"\n\t\t\t\t\t\t\t\tdata-text=\"w:nowrap;s:50;l:60;a:center;\"\n\t\t\t\t\t\t\t\tdata-dim=\"w:1094px;\"\n\t\t\t\t\t\t\t\tdata-vbility=\"f,f,t,t\"\n\t\t\t\t\t\t\t\tdata-frame_999=\"o:0;st:w;\"\n\t\t\t\t\t\t\t\tstyle=\"z-index:22;font-family:'futuralight';\"\n\t\t\t\t\t\t\t>Portez le \u00e0 l\u2019\u00e9paule ou au poignet,<br \/>\n le tote Gaddu va  rehausser votre style et <br \/>\napporter la touche de glamour<br \/>\n qui va illuminer vos sorties. \n\t\t\t\t\t\t\t<\/rs-layer><!--\n\n\t\t\t\t\t\t\t--><rs-layer\n\t\t\t\t\t\t\t\tid=\"slider-201-slide-333-layer-27\" \n\t\t\t\t\t\t\t\tdata-type=\"text\"\n\t\t\t\t\t\t\t\tdata-color=\"#000000\"\n\t\t\t\t\t\t\t\tdata-rsp_ch=\"on\"\n\t\t\t\t\t\t\t\tdata-xy=\"x:c;xo:-450px;y:2657px;\"\n\t\t\t\t\t\t\t\tdata-text=\"w:normal;s:60;l:41;fw:700;a:center;\"\n\t\t\t\t\t\t\t\tdata-dim=\"w:1014px;\"\n\t\t\t\t\t\t\t\tdata-vbility=\"t,t,f,f\"\n\t\t\t\t\t\t\t\tdata-frame_999=\"o:0;st:w;\"\n\t\t\t\t\t\t\t\tstyle=\"z-index:9;font-family:'futuralight';\"\n\t\t\t\t\t\t\t>Un sac \u00e0 main \u00e0 l\u2019\u00e9preuve du temps \n\t\t\t\t\t\t\t<\/rs-layer><!--\n\n\t\t\t\t\t\t\t--><rs-layer\n\t\t\t\t\t\t\t\tid=\"slider-201-slide-333-layer-28\" \n\t\t\t\t\t\t\t\tdata-type=\"text\"\n\t\t\t\t\t\t\t\tdata-color=\"#000000\"\n\t\t\t\t\t\t\t\tdata-rsp_ch=\"on\"\n\t\t\t\t\t\t\t\tdata-xy=\"x:c;xo:-446px;y:2733px;\"\n\t\t\t\t\t\t\t\tdata-text=\"w:nowrap;s:31;l:51;a:center;\"\n\t\t\t\t\t\t\t\tdata-dim=\"w:1092px;\"\n\t\t\t\t\t\t\t\tdata-vbility=\"t,t,f,f\"\n\t\t\t\t\t\t\t\tdata-frame_999=\"o:0;st:w;\"\n\t\t\t\t\t\t\t\tstyle=\"z-index:20;font-family:'futuralight';\"\n\t\t\t\t\t\t\t>Avec son cuir Saffiano de haute qualit\u00e9, le tote Gaddu sera votre partenaire<br \/>\n d\u2019aventure pour plusieurs ann\u00e9es. Le porter un jour, c\u2019est l\u2019adopter pour toujours. \n\t\t\t\t\t\t\t<\/rs-layer><!--\n-->\t\t\t\t\t<\/rs-slide>\n\t\t\t\t\t<\/rs-slides>\n\t\t\t\t<\/rs-module>\n\t\t\t\t<script>\n\t\t\t\t\tsetREVStartSize({c: 'rev_slider_201_1',rl:[1240,1024,778,480],el:[3300],gw:[1920],gh:[3300],type:'standard',justify:'',layout:'fullwidth',mh:\"0\"});if (window.RS_MODULES!==undefined && window.RS_MODULES.modules!==undefined && window.RS_MODULES.modules[\"revslider2011\"]!==undefined) {window.RS_MODULES.modules[\"revslider2011\"].once = false;window.revapi201 = undefined;if (window.RS_MODULES.checkMinimal!==undefined) window.RS_MODULES.checkMinimal()}\n\t\t\t\t<\/script>\n\t\t\t<\/rs-module-wrap>\n\t\t\t<!-- END REVOLUTION SLIDER -->\n[\/vc_column][\/vc_row]<\/p>\n<\/section>","protected":false},"excerpt":{"rendered":"<p>[vc_row][vc_column][\/vc_column][\/vc_row]<\/p>\n","protected":false},"author":1,"featured_media":0,"parent":0,"menu_order":0,"comment_status":"closed","ping_status":"closed","template":"redux-templates_full_width","meta":{"footnotes":""},"yst_prominent_words":[],"class_list":["post-55543","page","type-page","status-publish","hentry"],"_links":{"self":[{"href":"https:\/\/www.mathydy.com\/us\/wp-json\/wp\/v2\/pages\/55543"}],"collection":[{"href":"https:\/\/www.mathydy.com\/us\/wp-json\/wp\/v2\/pages"}],"about":[{"href":"https:\/\/www.mathydy.com\/us\/wp-json\/wp\/v2\/types\/page"}],"author":[{"embeddable":true,"href":"https:\/\/www.mathydy.com\/us\/wp-json\/wp\/v2\/users\/1"}],"replies":[{"embeddable":true,"href":"https:\/\/www.mathydy.com\/us\/wp-json\/wp\/v2\/comments?post=55543"}],"version-history":[{"count":2,"href":"https:\/\/www.mathydy.com\/us\/wp-json\/wp\/v2\/pages\/55543\/revisions"}],"predecessor-version":[{"id":55545,"href":"https:\/\/www.mathydy.com\/us\/wp-json\/wp\/v2\/pages\/55543\/revisions\/55545"}],"wp:attachment":[{"href":"https:\/\/www.mathydy.com\/us\/wp-json\/wp\/v2\/media?parent=55543"}],"wp:term":[{"taxonomy":"yst_prominent_words","embeddable":true,"href":"https:\/\/www.mathydy.com\/us\/wp-json\/wp\/v2\/yst_prominent_words?post=55543"}],"curies":[{"name":"wp","href":"https:\/\/api.w.org\/{rel}","templated":true}]}}