{"id":7525,"date":"2023-09-14T18:43:10","date_gmt":"2023-09-14T16:43:10","guid":{"rendered":"https:\/\/mathydy.com\/last-version\/?page_id=7525"},"modified":"2025-07-22T12:59:57","modified_gmt":"2025-07-22T10:59:57","slug":"royalty","status":"publish","type":"page","link":"https:\/\/www.mathydy.com\/us\/royalty\/","title":{"rendered":"royalty"},"content":{"rendered":"<section class=\"wpb-content-wrapper\"><p>[vc_row dfd_row_config=\u00a0\u00bbfull_width_content\u00a0\u00bb css=\u00a0\u00bb.vc_custom_1748255144421{background-image: url(https:\/\/www.mathydy.com\/wp-content\/uploads\/2025\/05\/COVER-LP-ROYALTY-2.webp?id=58974) !important;background-position: center !important;background-repeat: no-repeat !important;background-size: cover !important;}\u00a0\u00bb][vc_column el_class=\u00a0\u00bbbannertitleimageleft\u00a0\u00bb col_shadow=\u00a0\u00bbbox_shadow_enable:disable|shadow_horizontal:0|shadow_vertical:15|shadow_blur:50|shadow_spread:0|box_shadow_color:rgba(0%2C0%2C0%2C0.35)\u00a0\u00bb col_shadow_hover=\u00a0\u00bbbox_shadow_enable:disable|shadow_horizontal:0|shadow_vertical:15|shadow_blur:50|shadow_spread:0|box_shadow_color:rgba(0%2C0%2C0%2C0.35)\u00a0\u00bb][vc_single_image image=\u00a0\u00bb55902&Prime; img_size=\u00a0\u00bb1920&#215;1100&Prime; alignment=\u00a0\u00bbcenter\u00a0\u00bb][\/vc_column][\/vc_row][vc_row][vc_column][vc_empty_space height=\u00a0\u00bb50px\u00a0\u00bb][\/vc_column][\/vc_row][vc_row el_class=\u00a0\u00bbxs-fullwidth\u00a0\u00bb][vc_column el_class=\u00a0\u00bbbannertitleimageleft\u00a0\u00bb col_shadow=\u00a0\u00bbbox_shadow_enable:disable|shadow_horizontal:0|shadow_vertical:15|shadow_blur:50|shadow_spread:0|box_shadow_color:rgba(0%2C0%2C0%2C0.35)\u00a0\u00bb col_shadow_hover=\u00a0\u00bbbox_shadow_enable:disable|shadow_horizontal:0|shadow_vertical:15|shadow_blur:50|shadow_spread:0|box_shadow_color:rgba(0%2C0%2C0%2C0.35)\u00a0\u00bb css=\u00a0\u00bb.vc_custom_1614264487946{margin-top: 50px !important;}\u00a0\u00bb][vc_row_inner][vc_column_inner width=\u00a0\u00bb1\/4&Prime; offset=\u00a0\u00bbvc_hidden-sm vc_hidden-xs\u00a0\u00bb col_inner_shadow=\u00a0\u00bbbox_shadow_enable:disable|shadow_horizontal:0|shadow_vertical:15|shadow_blur:50|shadow_spread:0|box_shadow_color:rgba(0%2C0%2C0%2C0.35)\u00a0\u00bb col_inner_shadow_hover=\u00a0\u00bbbox_shadow_enable:disable|shadow_horizontal:0|shadow_vertical:15|shadow_blur:50|shadow_spread:0|box_shadow_color:rgba(0%2C0%2C0%2C0.35)\u00a0\u00bb css=\u00a0\u00bb.vc_custom_1614613817895{margin-left: 180px !important;}\u00a0\u00bb][\/vc_column_inner][vc_column_inner width=\u00a0\u00bb1\/2&Prime; offset=\u00a0\u00bbvc_hidden-sm vc_hidden-xs\u00a0\u00bb][vc_column_text]<\/p>\n<p style=\"text-align: center;\"><span style=\"font-size: 22pt; color: #000000;\"><strong><span style=\"font-family: Futuralight;\">DES MONTRES AU DESIGN AFRICAIN<\/span><\/strong><\/span><\/p>\n<p style=\"text-align: center;\"><span style=\"font-family: fFuturalight; font-size: 14pt;\">\u00a0Avec ses quatre design minimalistes, la Collection Royalty a d\u00e9voil\u00e9 nos motifs signature inspir\u00e9s du Bogolan. Un tissu typique du savoir-faire des tisserands d\u2019Afrique de l\u2019Ouest. Popularis\u00e9 \u00e0 partir du Mali, puis au Burkina Faso, il est rapidement adopt\u00e9 au S\u00e9n\u00e9gal et en C\u00f4te d\u2019Ivoire.<\/span><\/p>\n<p>[\/vc_column_text][vc_empty_space height=\u00a0\u00bb50px\u00a0\u00bb][\/vc_column_inner][vc_column_inner width=\u00a0\u00bb1\/4&Prime; offset=\u00a0\u00bbvc_hidden-sm vc_hidden-xs\u00a0\u00bb][\/vc_column_inner][\/vc_row_inner][vc_row_inner][vc_column_inner width=\u00a0\u00bb1\/4&Prime; offset=\u00a0\u00bbvc_hidden-sm vc_hidden-xs\u00a0\u00bb col_inner_shadow=\u00a0\u00bbbox_shadow_enable:disable|shadow_horizontal:0|shadow_vertical:15|shadow_blur:50|shadow_spread:0|box_shadow_color:rgba(0%2C0%2C0%2C0.35)\u00a0\u00bb col_inner_shadow_hover=\u00a0\u00bbbox_shadow_enable:disable|shadow_horizontal:0|shadow_vertical:15|shadow_blur:50|shadow_spread:0|box_shadow_color:rgba(0%2C0%2C0%2C0.35)\u00a0\u00bb][wdo_ult_image_over_image wdo_image_effect=\u00a0\u00bbstyle1&Prime; wdo_front_image=\u00a0\u00bb55903&Prime; wdo_caption_url=\u00a0\u00bb#saut1&Prime; wdo_back_image=\u00a0\u00bb55904&Prime;][vc_column_text]<\/p>\n<p style=\"text-align: center;\"><span style=\"font-size: 18pt;\">Diam\u00e8tre: 42mm<\/span><\/p>\n<p>[\/vc_column_text][\/vc_column_inner][vc_column_inner width=\u00a0\u00bb1\/4&Prime; offset=\u00a0\u00bbvc_hidden-sm vc_hidden-xs\u00a0\u00bb col_inner_shadow=\u00a0\u00bbbox_shadow_enable:disable|shadow_horizontal:0|shadow_vertical:15|shadow_blur:50|shadow_spread:0|box_shadow_color:rgba(0%2C0%2C0%2C0.35)\u00a0\u00bb col_inner_shadow_hover=\u00a0\u00bbbox_shadow_enable:disable|shadow_horizontal:0|shadow_vertical:15|shadow_blur:50|shadow_spread:0|box_shadow_color:rgba(0%2C0%2C0%2C0.35)\u00a0\u00bb][wdo_ult_image_over_image wdo_image_effect=\u00a0\u00bbstyle1&Prime; wdo_back_image=\u00a0\u00bb55905&Prime; wdo_caption_url=\u00a0\u00bb#manually-create-anchor-links-wordpress\u00a0\u00bb wdo_front_image=\u00a0\u00bb55906&Prime;][vc_column_text]<\/p>\n<p style=\"text-align: center;\"><span style=\"font-size: 18pt;\">Diam\u00e8tre: 40mm<\/span><\/p>\n<p>[\/vc_column_text][\/vc_column_inner][vc_column_inner width=\u00a0\u00bb1\/4&Prime; offset=\u00a0\u00bbvc_hidden-sm vc_hidden-xs\u00a0\u00bb col_inner_shadow=\u00a0\u00bbbox_shadow_enable:disable|shadow_horizontal:0|shadow_vertical:15|shadow_blur:50|shadow_spread:0|box_shadow_color:rgba(0%2C0%2C0%2C0.35)\u00a0\u00bb col_inner_shadow_hover=\u00a0\u00bbbox_shadow_enable:disable|shadow_horizontal:0|shadow_vertical:15|shadow_blur:50|shadow_spread:0|box_shadow_color:rgba(0%2C0%2C0%2C0.35)\u00a0\u00bb][wdo_ult_image_over_image wdo_image_effect=\u00a0\u00bbstyle1&Prime; wdo_back_image=\u00a0\u00bb55907&Prime; wdo_caption_url=\u00a0\u00bb#saut2&Prime; wdo_front_image=\u00a0\u00bb55908&Prime;][vc_column_text]<\/p>\n<p style=\"text-align: center;\"><span style=\"font-size: 18pt;\">Diam\u00e8tre: 36mm<\/span><\/p>\n<p>[\/vc_column_text][\/vc_column_inner][vc_column_inner width=\u00a0\u00bb1\/4&Prime; offset=\u00a0\u00bbvc_hidden-sm vc_hidden-xs\u00a0\u00bb col_inner_shadow=\u00a0\u00bbbox_shadow_enable:disable|shadow_horizontal:0|shadow_vertical:15|shadow_blur:50|shadow_spread:0|box_shadow_color:rgba(0%2C0%2C0%2C0.35)\u00a0\u00bb col_inner_shadow_hover=\u00a0\u00bbbox_shadow_enable:disable|shadow_horizontal:0|shadow_vertical:15|shadow_blur:50|shadow_spread:0|box_shadow_color:rgba(0%2C0%2C0%2C0.35)\u00a0\u00bb][wdo_ult_image_over_image wdo_image_effect=\u00a0\u00bbstyle1&Prime; wdo_caption_url=\u00a0\u00bb#saut3&Prime; wdo_front_image=\u00a0\u00bb55909&Prime; wdo_back_image=\u00a0\u00bb55910&Prime;][vc_column_text]<\/p>\n<p style=\"text-align: center;\"><span style=\"font-size: 18pt;\">Diam\u00e8tre: 28mm<\/span><\/p>\n<p>[\/vc_column_text][\/vc_column_inner][\/vc_row_inner][\/vc_column][\/vc_row][vc_row][vc_column offset=\u00a0\u00bbvc_hidden-lg vc_hidden-md\u00a0\u00bb col_shadow=\u00a0\u00bbbox_shadow_enable:disable|shadow_horizontal:0|shadow_vertical:15|shadow_blur:50|shadow_spread:0|box_shadow_color:rgba(0%2C0%2C0%2C0.35)\u00a0\u00bb col_shadow_hover=\u00a0\u00bbbox_shadow_enable:disable|shadow_horizontal:0|shadow_vertical:15|shadow_blur:50|shadow_spread:0|box_shadow_color:rgba(0%2C0%2C0%2C0.35)\u00a0\u00bb][vc_column_text]<\/p>\n<p style=\"text-align: center;\"><span style=\"font-size: 14pt;\"><strong><span style=\"font-family: futuraptlight;\">Des montres au design Africain.<\/span><\/strong><\/span><\/p>\n<p style=\"text-align: center;\"><span style=\"font-family: futuraptlight; font-size: 14pt;\">Avec ses quatre design minimalistes, la Collection Royalty a d\u00e9voil\u00e9 nos motifs signature inspir\u00e9s du Bogolan. Un tissu typique du savoir-faire des tisserands d\u2019Afrique de l\u2019Ouest. Popularis\u00e9 \u00e0 partir du Mali, puis au Burkina Faso, il est rapidement adopt\u00e9 au S\u00e9n\u00e9gal et en C\u00f4te d\u2019Ivoire.<\/span><\/p>\n<p>[\/vc_column_text][vc_row_inner][vc_column_inner width=\u00a0\u00bb1\/2&Prime;][wdo_ult_image_over_image wdo_image_effect=\u00a0\u00bbstyle1&Prime; wdo_back_image=\u00a0\u00bb58921&Prime; wdo_caption_url=\u00a0\u00bb#saut2&Prime; wdo_front_image=\u00a0\u00bb58920&Prime;][vc_column_text]<\/p>\n<p style=\"text-align: center;\"><span style=\"font-size: 18pt;\">Diam\u00e8tre: 36mm<\/span><\/p>\n<p>[\/vc_column_text][\/vc_column_inner][vc_column_inner width=\u00a0\u00bb1\/2&Prime;][wdo_ult_image_over_image wdo_image_effect=\u00a0\u00bbstyle1&Prime; wdo_back_image=\u00a0\u00bb58922&Prime; wdo_caption_url=\u00a0\u00bb#saut3&Prime; wdo_front_image=\u00a0\u00bb58923&Prime;][vc_column_text]<\/p>\n<p style=\"text-align: center;\"><span style=\"font-size: 18pt;\">Diam\u00e8tre: 28mm<\/span><\/p>\n<p>[\/vc_column_text][\/vc_column_inner][\/vc_row_inner][\/vc_column][\/vc_row][vc_row][vc_column][vc_empty_space height=\u00a0\u00bb50px\u00a0\u00bb][\/vc_column][\/vc_row][vc_row dfd_row_config=\u00a0\u00bbfull_width_content\u00a0\u00bb el_class=\u00a0\u00bbxs-fullwidth\u00a0\u00bb css=\u00a0\u00bb.vc_custom_1753181079935{background-image: url(https:\/\/www.mathydy.com\/us\/wp-content\/uploads\/2025\/07\/landing-image-royaly.webp?id=56010) !important;background-position: center !important;background-repeat: no-repeat !important;background-size: cover !important;}\u00a0\u00bb][vc_column el_class=\u00a0\u00bbbannertitleimageleft\u00a0\u00bb col_shadow=\u00a0\u00bbbox_shadow_enable:disable|shadow_horizontal:0|shadow_vertical:15|shadow_blur:50|shadow_spread:0|box_shadow_color:rgba(0%2C0%2C0%2C0.35)\u00a0\u00bb col_shadow_hover=\u00a0\u00bbbox_shadow_enable:disable|shadow_horizontal:0|shadow_vertical:15|shadow_blur:50|shadow_spread:0|box_shadow_color:rgba(0%2C0%2C0%2C0.35)\u00a0\u00bb][vc_single_image image=\u00a0\u00bb55902&Prime; img_size=\u00a0\u00bbfull\u00a0\u00bb][\/vc_column][\/vc_row][vc_row][vc_column width=\u00a0\u00bb1\/4&Prime;][\/vc_column][vc_column width=\u00a0\u00bb1\/2&Prime;][vc_empty_space height=\u00a0\u00bb45px\u00a0\u00bb][vc_empty_space height=\u00a0\u00bb45px\u00a0\u00bb][vc_column_text]<\/p>\n<p style=\"text-align: center;\"><span style=\"color: #000000; font-size: 24pt;\"><strong><span style=\"font-family: Futuralight;\">LES ROYALTY DELUXE POUR LUI<\/span><\/strong><\/span><\/p>\n<p>&nbsp;<\/p>\n<p style=\"text-align: center;\"><span style=\"font-size: 18pt; font-family: Futuralight;\">La Royaut\u00e9 Deluxe pour lui s\u2019offre \u00e0 vous. Explorez notre gamme de montres masculines de 42 mm d\u00e9di\u00e9e \u00e0 ceux qui souhaitent se d\u00e9marquer et prendre de la hauteur au quotidien.<\/span><\/p>\n<p>[\/vc_column_text][\/vc_column][vc_column width=\u00a0\u00bb1\/4&Prime;][\/vc_column][\/vc_row][vc_row][vc_column][vc_empty_space][tbay_productcategory category=\u00a0\u00bb238&Prime; number=\u00a0\u00bb50&Prime;][vc_empty_space height=\u00a0\u00bb10px\u00a0\u00bb][\/vc_column][\/vc_row][vc_row][vc_column width=\u00a0\u00bb1\/4&Prime;][\/vc_column][vc_column width=\u00a0\u00bb1\/2&Prime;][vc_empty_space height=\u00a0\u00bb45px\u00a0\u00bb][vc_empty_space height=\u00a0\u00bb45px\u00a0\u00bb][vc_column_text]<\/p>\n<p style=\"text-align: center;\"><span style=\"color: #000000; font-size: 24pt;\"><strong><span style=\"font-family: Futuralight;\">LES ROYALTY DELUXE POUR ELLE<\/span><\/strong><\/span><\/p>\n<p>&nbsp;<\/p>\n<p style=\"text-align: center;\"><span style=\"font-size: 18pt; font-family: Futuralight;\">Plus petites et plus raffin\u00e9es. D\u00e9couvrez 28 millim\u00e8tres de finesse. La Royalty Deluxe est le nouveau symbole de la royaut\u00e9 et du charme f\u00e9minin. Plus qu&rsquo;une montre, c&rsquo;est un v\u00e9ritable bijou qui s&rsquo;offre \u00e0 vous. Couronnez votre poignet avec gr\u00e2ce et discr\u00e9tion<\/span><\/p>\n<p>[\/vc_column_text][\/vc_column][vc_column width=\u00a0\u00bb1\/4&Prime;][\/vc_column][\/vc_row][vc_row][vc_column][vc_empty_space][tbay_productcategory category=\u00a0\u00bb225&Prime; number=\u00a0\u00bb50&Prime;][vc_empty_space height=\u00a0\u00bb10px\u00a0\u00bb][\/vc_column][\/vc_row][vc_row][vc_column width=\u00a0\u00bb1\/6&Prime;][\/vc_column][vc_column width=\u00a0\u00bb2\/3&Prime;][vc_empty_space height=\u00a0\u00bb45px\u00a0\u00bb][vc_column_text]<\/p>\n<p style=\"text-align: center;\"><span style=\"color: #000000; font-size: 24pt;\"><strong><span style=\"font-family: Futuralight;\">LES ROYALTY CLASSIC<\/span><\/strong><\/span><\/p>\n<p>&nbsp;<\/p>\n<p style=\"text-align: center;\"><span style=\"font-size: 18pt; font-family: Futuralight;\">Collection Royalty est un ode \u00e0 la majest\u00e9 des hommes et femmes qui ont marqu\u00e9 les civilisations noires de leur empreinte royale. De la c\u00e9l\u00e8bre reine Nefertiti au l\u00e9gendaire Shaka Zulu, les montres de cette collection c\u00e9l\u00e8brent un h\u00e9ritage unique et une histoire glorieuse du continent noir.<\/span><\/p>\n<p>[\/vc_column_text][\/vc_column][vc_column width=\u00a0\u00bb1\/6&Prime;][\/vc_column][\/vc_row][vc_row][vc_column][vc_empty_space][tbay_productcategory category=\u00a0\u00bb133&Prime; number=\u00a0\u00bb50&Prime;][vc_empty_space height=\u00a0\u00bb10px\u00a0\u00bb][\/vc_column][\/vc_row]<\/p>\n<\/section>","protected":false},"excerpt":{"rendered":"<p>[vc_row dfd_row_config=\u00a0\u00bbfull_width_content\u00a0\u00bb css=\u00a0\u00bb.vc_custom_1748255144421{background-image: url(https:\/\/www.mathydy.com\/wp-content\/uploads\/2025\/05\/COVER-LP-ROYALTY-2.webp?id=58974) !important;background-position: center !important;background-repeat: no-repeat !important;background-size: cover !important;}\u00a0\u00bb][vc_column el_class=\u00a0\u00bbbannertitleimageleft\u00a0\u00bb col_shadow=\u00a0\u00bbbox_shadow_enable:disable|shadow_horizontal:0|shadow_vertical:15|shadow_blur:50|shadow_spread:0|box_shadow_color:rgba(0%2C0%2C0%2C0.35)\u00a0\u00bb col_shadow_hover=\u00a0\u00bbbox_shadow_enable:disable|shadow_horizontal:0|shadow_vertical:15|shadow_blur:50|shadow_spread:0|box_shadow_color:rgba(0%2C0%2C0%2C0.35)\u00a0\u00bb][vc_single_image image=\u00a0\u00bb55902&Prime; img_size=\u00a0\u00bb1920&#215;1100&Prime; alignment=\u00a0\u00bbcenter\u00a0\u00bb][\/vc_column][\/vc_row][vc_row][vc_column][vc_empty_space height=\u00a0\u00bb50px\u00a0\u00bb][\/vc_column][\/vc_row][vc_row el_class=\u00a0\u00bbxs-fullwidth\u00a0\u00bb][vc_column el_class=\u00a0\u00bbbannertitleimageleft\u00a0\u00bb col_shadow=\u00a0\u00bbbox_shadow_enable:disable|shadow_horizontal:0|shadow_vertical:15|shadow_blur:50|shadow_spread:0|box_shadow_color:rgba(0%2C0%2C0%2C0.35)\u00a0\u00bb col_shadow_hover=\u00a0\u00bbbox_shadow_enable:disable|shadow_horizontal:0|shadow_vertical:15|shadow_blur:50|shadow_spread:0|box_shadow_color:rgba(0%2C0%2C0%2C0.35)\u00a0\u00bb css=\u00a0\u00bb.vc_custom_1614264487946{margin-top: 50px !important;}\u00a0\u00bb][vc_row_inner][vc_column_inner width=\u00a0\u00bb1\/4&Prime; offset=\u00a0\u00bbvc_hidden-sm vc_hidden-xs\u00a0\u00bb col_inner_shadow=\u00a0\u00bbbox_shadow_enable:disable|shadow_horizontal:0|shadow_vertical:15|shadow_blur:50|shadow_spread:0|box_shadow_color:rgba(0%2C0%2C0%2C0.35)\u00a0\u00bb col_inner_shadow_hover=\u00a0\u00bbbox_shadow_enable:disable|shadow_horizontal:0|shadow_vertical:15|shadow_blur:50|shadow_spread:0|box_shadow_color:rgba(0%2C0%2C0%2C0.35)\u00a0\u00bb css=\u00a0\u00bb.vc_custom_1614613817895{margin-left: 180px !important;}\u00a0\u00bb][\/vc_column_inner][vc_column_inner width=\u00a0\u00bb1\/2&Prime; offset=\u00a0\u00bbvc_hidden-sm vc_hidden-xs\u00a0\u00bb][vc_column_text] DES MONTRES AU DESIGN AFRICAIN \u00a0Avec ses quatre design minimalistes, la Collection Royalty a d\u00e9voil\u00e9 nos motifs signature inspir\u00e9s du Bogolan. Un tissu typique du savoir-faire des tisserands d\u2019Afrique de l\u2019Ouest. Popularis\u00e9 \u00e0 partir du Mali, puis au Burkina &hellip; <a href=\"https:\/\/www.mathydy.com\/us\/royalty\/\" class=\"more-link\">Continue reading <span class=\"screen-reader-text\">royalty<\/span><\/a><\/p>\n","protected":false},"author":1,"featured_media":0,"parent":0,"menu_order":0,"comment_status":"closed","ping_status":"closed","template":"redux-templates_full_width","meta":{"footnotes":""},"yst_prominent_words":[],"class_list":["post-7525","page","type-page","status-publish","hentry"],"_links":{"self":[{"href":"https:\/\/www.mathydy.com\/us\/wp-json\/wp\/v2\/pages\/7525"}],"collection":[{"href":"https:\/\/www.mathydy.com\/us\/wp-json\/wp\/v2\/pages"}],"about":[{"href":"https:\/\/www.mathydy.com\/us\/wp-json\/wp\/v2\/types\/page"}],"author":[{"embeddable":true,"href":"https:\/\/www.mathydy.com\/us\/wp-json\/wp\/v2\/users\/1"}],"replies":[{"embeddable":true,"href":"https:\/\/www.mathydy.com\/us\/wp-json\/wp\/v2\/comments?post=7525"}],"version-history":[{"count":5,"href":"https:\/\/www.mathydy.com\/us\/wp-json\/wp\/v2\/pages\/7525\/revisions"}],"predecessor-version":[{"id":56011,"href":"https:\/\/www.mathydy.com\/us\/wp-json\/wp\/v2\/pages\/7525\/revisions\/56011"}],"wp:attachment":[{"href":"https:\/\/www.mathydy.com\/us\/wp-json\/wp\/v2\/media?parent=7525"}],"wp:term":[{"taxonomy":"yst_prominent_words","embeddable":true,"href":"https:\/\/www.mathydy.com\/us\/wp-json\/wp\/v2\/yst_prominent_words?post=7525"}],"curies":[{"name":"wp","href":"https:\/\/api.w.org\/{rel}","templated":true}]}}