{"id":7537,"date":"2023-09-14T18:46:11","date_gmt":"2023-09-14T16:46:11","guid":{"rendered":"https:\/\/mathydy.com\/last-version\/?page_id=7537"},"modified":"2025-12-11T16:52:19","modified_gmt":"2025-12-11T15:52:19","slug":"thiossane","status":"publish","type":"page","link":"https:\/\/www.mathydy.com\/us\/thiossane\/","title":{"rendered":"thiossane"},"content":{"rendered":"<section class=\"wpb-content-wrapper\"><p>[vc_row full_width=\u00a0\u00bbstretch_row_content_no_spaces\u00a0\u00bb parallax=\u00a0\u00bbcontent-moving\u00a0\u00bb dfd_row_config=\u00a0\u00bbfull_width_content\u00a0\u00bb dfd_row_parallax=\u00a0\u00bbdfd-row-parallax\u00a0\u00bb row_parallax_sense=\u00a0\u00bb150&Prime; el_class=\u00a0\u00bbxs-fullwidth\u00a0\u00bb css=\u00a0\u00bb.vc_custom_1695311442705{background-position: center;background-repeat: no-repeat !important;background-size: cover !important;}\u00a0\u00bb][vc_column][vc_single_image image=\u00a0\u00bb56259&Prime; img_size=\u00a0\u00bb1920&#215;1100&Prime; alignment=\u00a0\u00bbcenter\u00a0\u00bb][\/vc_column][\/vc_row][vc_row][vc_column][vc_empty_space height=\u00a0\u00bb55px\u00a0\u00bb][vc_column_text]<\/p>\n<p style=\"text-align: center;\"><span style=\"font-size: 32pt; font-family: Futuralight;\">Mini Thiossane<\/span><\/p>\n<p>[\/vc_column_text][vc_empty_space][\/vc_column][\/vc_row][vc_row][vc_column][tbay_productcategory category=\u00a0\u00bb190&Prime; number=\u00a0\u00bb35&Prime;][\/vc_column][\/vc_row][vc_row dfd_row_config=\u00a0\u00bbfull_width_content\u00a0\u00bb el_class=\u00a0\u00bbxs-fullwidth\u00a0\u00bb css=\u00a0\u00bb.vc_custom_1621329244592{background-position: center !important;background-repeat: no-repeat !important;background-size: cover !important;}\u00a0\u00bb][vc_column]\n\t\t\t<!-- START thiossane grand REVOLUTION SLIDER 6.7.12 --><p class=\"rs-p-wp-fix\"><\/p>\n\t\t\t<rs-module-wrap id=\"rev_slider_154_1_wrapper\" data-source=\"gallery\" style=\"visibility:hidden;background:transparent;padding:0;margin:0px auto;margin-top:0;margin-bottom:0;\">\n\t\t\t\t<rs-module id=\"rev_slider_154_1\" style=\"\" data-version=\"6.7.12\">\n\t\t\t\t\t<rs-slides style=\"overflow: hidden; position: absolute;\">\n\t\t\t\t\t\t<rs-slide style=\"position: absolute;\" data-key=\"rs-260\" data-title=\"Slide\" data-in=\"o:0;\" data-out=\"a:false;\">\n\t\t\t\t\t\t\t<img decoding=\"async\" src=\"\/\/www.mathydy.com\/us\/wp-content\/plugins\/revslider\/sr6\/assets\/assets\/dummy.png\" alt=\"Slide\" title=\"thiossane\" class=\"rev-slidebg tp-rs-img rs-lazyload\" data-lazyload=\"\/\/www.mathydy.com\/us\/wp-content\/plugins\/revslider\/sr6\/assets\/assets\/transparent.png\" data-bg=\"c:#ffffff;\" data-no-retina>\n<!--\n\t\t\t\t\t\t\t--><rs-layer\n\t\t\t\t\t\t\t\tid=\"slider-154-slide-260-layer-4\" \n\t\t\t\t\t\t\t\tdata-type=\"text\"\n\t\t\t\t\t\t\t\tdata-color=\"#000000\"\n\t\t\t\t\t\t\t\tdata-rsp_ch=\"on\"\n\t\t\t\t\t\t\t\tdata-xy=\"x:60px;y:63px;\"\n\t\t\t\t\t\t\t\tdata-text=\"w:normal;s:40;l:59;fw:500;\"\n\t\t\t\t\t\t\t\tdata-dim=\"w:947px;\"\n\t\t\t\t\t\t\t\tdata-frame_999=\"o:0;st:w;\"\n\t\t\t\t\t\t\t\tstyle=\"z-index:8;font-family:'futuralight';\"\n\t\t\t\t\t\t\t>Les pi\u00e8ces en cuir v\u00e9ritable de cette collection rendent hommages aux matriarches fondatrices des familles royales et populaires d'Afrique de l'Ouest. \n\t\t\t\t\t\t\t<\/rs-layer><!--\n\n\t\t\t\t\t\t\t--><rs-layer\n\t\t\t\t\t\t\t\tid=\"slider-154-slide-260-layer-6\" \n\t\t\t\t\t\t\t\tdata-type=\"image\"\n\t\t\t\t\t\t\t\tdata-rsp_ch=\"on\"\n\t\t\t\t\t\t\t\tdata-xy=\"x:1027px;y:122px;\"\n\t\t\t\t\t\t\t\tdata-text=\"w:normal;\"\n\t\t\t\t\t\t\t\tdata-dim=\"w:863px;h:656px;\"\n\t\t\t\t\t\t\t\tdata-frame_999=\"o:0;st:w;\"\n\t\t\t\t\t\t\t\tstyle=\"z-index:11;\"\n\t\t\t\t\t\t\t><img decoding=\"async\" src=\"\/\/www.mathydy.com\/us\/wp-content\/plugins\/revslider\/sr6\/assets\/assets\/dummy.png\" alt=\"\" class=\"tp-rs-img rs-lazyload\" width=\"863\" height=\"656\" data-lazyload=\"\/\/www.mathydy.com\/us\/wp-content\/uploads\/2025\/09\/mini-thiossane-bloc-1-maj.jpg\" data-no-retina> \n\t\t\t\t\t\t\t<\/rs-layer><!--\n\n\t\t\t\t\t\t\t--><rs-layer\n\t\t\t\t\t\t\t\tid=\"slider-154-slide-260-layer-7\" \n\t\t\t\t\t\t\t\tdata-type=\"image\"\n\t\t\t\t\t\t\t\tdata-rsp_ch=\"on\"\n\t\t\t\t\t\t\t\tdata-xy=\"x:37px;y:387px;\"\n\t\t\t\t\t\t\t\tdata-text=\"w:normal;\"\n\t\t\t\t\t\t\t\tdata-dim=\"w:919px;h:1369px;\"\n\t\t\t\t\t\t\t\tdata-frame_999=\"o:0;st:w;\"\n\t\t\t\t\t\t\t\tstyle=\"z-index:12;\"\n\t\t\t\t\t\t\t><img decoding=\"async\" src=\"\/\/www.mathydy.com\/us\/wp-content\/plugins\/revslider\/sr6\/assets\/assets\/dummy.png\" alt=\"\" class=\"tp-rs-img rs-lazyload\" width=\"919\" height=\"1369\" data-lazyload=\"\/\/www.mathydy.com\/us\/wp-content\/uploads\/2025\/06\/thiossane-bloc3-1.webp\" data-no-retina> \n\t\t\t\t\t\t\t<\/rs-layer><!--\n-->\t\t\t\t\t<\/rs-slide>\n\t\t\t\t\t<\/rs-slides>\n\t\t\t\t<\/rs-module>\n\t\t\t\t<script>\n\t\t\t\t\tsetREVStartSize({c: 'rev_slider_154_1',rl:[1240,1024,778,480],el:[1800],gw:[1920],gh:[1800],type:'standard',justify:'',layout:'fullwidth',mh:\"0\"});if (window.RS_MODULES!==undefined && window.RS_MODULES.modules!==undefined && window.RS_MODULES.modules[\"revslider1541\"]!==undefined) {window.RS_MODULES.modules[\"revslider1541\"].once = false;window.revapi154 = undefined;if (window.RS_MODULES.checkMinimal!==undefined) window.RS_MODULES.checkMinimal()}\n\t\t\t\t<\/script>\n\t\t\t<\/rs-module-wrap>\n\t\t\t<!-- END REVOLUTION SLIDER -->\n[vc_empty_space height=\u00a0\u00bb55px\u00a0\u00bb][\/vc_column][\/vc_row][vc_row][vc_column][vc_empty_space height=\u00a0\u00bb55px\u00a0\u00bb][vc_column_text]<\/p>\n<p style=\"text-align: center;\"><span style=\"font-size: 32pt; font-family: Futuralight;\">Petit Thiossane<\/span><\/p>\n<p>[\/vc_column_text][vc_empty_space][\/vc_column][\/vc_row][vc_row][vc_column][tbay_productcategory category=\u00a0\u00bb189&Prime; number=\u00a0\u00bb35&Prime;][\/vc_column][\/vc_row][vc_row dfd_row_config=\u00a0\u00bbfull_width_content\u00a0\u00bb el_class=\u00a0\u00bbxs-fullwidth\u00a0\u00bb css=\u00a0\u00bb.vc_custom_1621329244592{background-position: center !important;background-repeat: no-repeat !important;background-size: cover !important;}\u00a0\u00bb][vc_column]\n\t\t\t<!-- START thiossane petit REVOLUTION SLIDER 6.7.12 --><p class=\"rs-p-wp-fix\"><\/p>\n\t\t\t<rs-module-wrap id=\"rev_slider_155_2_wrapper\" data-source=\"gallery\" style=\"visibility:hidden;background:transparent;padding:0;margin:0px auto;margin-top:0;margin-bottom:0;\">\n\t\t\t\t<rs-module id=\"rev_slider_155_2\" style=\"\" data-version=\"6.7.12\">\n\t\t\t\t\t<rs-slides style=\"overflow: hidden; position: absolute;\">\n\t\t\t\t\t\t<rs-slide style=\"position: absolute;\" data-key=\"rs-261\" data-title=\"Slide\" data-in=\"o:0;\" data-out=\"a:false;\">\n\t\t\t\t\t\t\t<img decoding=\"async\" src=\"\/\/www.mathydy.com\/us\/wp-content\/plugins\/revslider\/sr6\/assets\/assets\/dummy.png\" alt=\"Slide\" title=\"thiossane\" class=\"rev-slidebg tp-rs-img rs-lazyload\" data-lazyload=\"\/\/www.mathydy.com\/us\/wp-content\/plugins\/revslider\/sr6\/assets\/assets\/transparent.png\" data-bg=\"c:#ffffff;\" data-no-retina>\n<!--\n\t\t\t\t\t\t\t--><rs-layer\n\t\t\t\t\t\t\t\tid=\"slider-155-slide-261-layer-4\" \n\t\t\t\t\t\t\t\tdata-type=\"text\"\n\t\t\t\t\t\t\t\tdata-color=\"#000000\"\n\t\t\t\t\t\t\t\tdata-rsp_ch=\"on\"\n\t\t\t\t\t\t\t\tdata-xy=\"x:1017px;y:1126px;\"\n\t\t\t\t\t\t\t\tdata-text=\"w:normal;s:38;l:59;fw:500;\"\n\t\t\t\t\t\t\t\tdata-dim=\"w:822px;\"\n\t\t\t\t\t\t\t\tdata-frame_999=\"o:0;st:w;\"\n\t\t\t\t\t\t\t\tstyle=\"z-index:8;font-family:'futuralight';\"\n\t\t\t\t\t\t\t>Sa silhouette \u00e9pur\u00e9e et ses d\u00e9tails sophistiqu\u00e9s en font un accessoire parfait pour toutes les occasions.<br \/>\nL'int\u00e9rieur spacieux vous permet de ranger avec facilit\u00e9 vos effets personnels essentiels. \n\t\t\t\t\t\t\t<\/rs-layer><!--\n\n\t\t\t\t\t\t\t--><rs-layer\n\t\t\t\t\t\t\t\tid=\"slider-155-slide-261-layer-5\" \n\t\t\t\t\t\t\t\tdata-type=\"image\"\n\t\t\t\t\t\t\t\tdata-rsp_ch=\"on\"\n\t\t\t\t\t\t\t\tdata-xy=\"x:784px;y:16px;\"\n\t\t\t\t\t\t\t\tdata-text=\"w:normal;\"\n\t\t\t\t\t\t\t\tdata-dim=\"w:1046px;h:795px;\"\n\t\t\t\t\t\t\t\tdata-frame_999=\"o:0;st:w;\"\n\t\t\t\t\t\t\t\tstyle=\"z-index:10;\"\n\t\t\t\t\t\t\t><img decoding=\"async\" src=\"\/\/www.mathydy.com\/us\/wp-content\/plugins\/revslider\/sr6\/assets\/assets\/dummy.png\" alt=\"\" class=\"tp-rs-img rs-lazyload\" width=\"863\" height=\"656\" data-lazyload=\"\/\/www.mathydy.com\/us\/wp-content\/uploads\/2025\/09\/bloc-new-thiossane.webp\" data-no-retina> \n\t\t\t\t\t\t\t<\/rs-layer><!--\n\n\t\t\t\t\t\t\t--><rs-layer\n\t\t\t\t\t\t\t\tid=\"slider-155-slide-261-layer-6\" \n\t\t\t\t\t\t\t\tdata-type=\"image\"\n\t\t\t\t\t\t\t\tdata-rsp_ch=\"on\"\n\t\t\t\t\t\t\t\tdata-xy=\"x:990px;y:1745px;\"\n\t\t\t\t\t\t\t\tdata-text=\"w:normal;\"\n\t\t\t\t\t\t\t\tdata-dim=\"w:863px;h:656px;\"\n\t\t\t\t\t\t\t\tdata-frame_999=\"o:0;st:w;\"\n\t\t\t\t\t\t\t\tstyle=\"z-index:11;\"\n\t\t\t\t\t\t\t><img decoding=\"async\" src=\"\/\/www.mathydy.com\/us\/wp-content\/plugins\/revslider\/sr6\/assets\/assets\/dummy.png\" alt=\"\" class=\"tp-rs-img rs-lazyload\" width=\"863\" height=\"656\" data-lazyload=\"\/\/www.mathydy.com\/us\/wp-content\/uploads\/revslider\/thiossane-petit\/mini-thiossane-bloc-31.jpg\" data-no-retina> \n\t\t\t\t\t\t\t<\/rs-layer><!--\n\n\t\t\t\t\t\t\t--><rs-layer\n\t\t\t\t\t\t\t\tid=\"slider-155-slide-261-layer-7\" \n\t\t\t\t\t\t\t\tdata-type=\"image\"\n\t\t\t\t\t\t\t\tdata-rsp_ch=\"on\"\n\t\t\t\t\t\t\t\tdata-xy=\"x:37px;y:892px;\"\n\t\t\t\t\t\t\t\tdata-text=\"w:normal;\"\n\t\t\t\t\t\t\t\tdata-dim=\"w:919px;h:1369px;\"\n\t\t\t\t\t\t\t\tdata-frame_999=\"o:0;st:w;\"\n\t\t\t\t\t\t\t\tstyle=\"z-index:12;\"\n\t\t\t\t\t\t\t><img decoding=\"async\" src=\"\/\/www.mathydy.com\/us\/wp-content\/plugins\/revslider\/sr6\/assets\/assets\/dummy.png\" alt=\"\" class=\"tp-rs-img rs-lazyload\" width=\"919\" height=\"1369\" data-lazyload=\"\/\/www.mathydy.com\/us\/wp-content\/uploads\/revslider\/thiossane-petit\/mini-thiossane-bloc-21.jpg\" data-no-retina> \n\t\t\t\t\t\t\t<\/rs-layer><!--\n-->\t\t\t\t\t<\/rs-slide>\n\t\t\t\t\t<\/rs-slides>\n\t\t\t\t<\/rs-module>\n\t\t\t\t<script>\n\t\t\t\t\tsetREVStartSize({c: 'rev_slider_155_2',rl:[1240,1024,778,480],el:[2420],gw:[1920],gh:[2420],type:'standard',justify:'',layout:'fullwidth',mh:\"0\"});if (window.RS_MODULES!==undefined && window.RS_MODULES.modules!==undefined && window.RS_MODULES.modules[\"revslider1552\"]!==undefined) {window.RS_MODULES.modules[\"revslider1552\"].once = false;window.revapi155 = undefined;if (window.RS_MODULES.checkMinimal!==undefined) window.RS_MODULES.checkMinimal()}\n\t\t\t\t<\/script>\n\t\t\t<\/rs-module-wrap>\n\t\t\t<!-- END REVOLUTION SLIDER -->\n[\/vc_column][\/vc_row][vc_row][vc_column][vc_column_text]<\/p>\n<p style=\"text-align: center;\"><span style=\"font-size: 32pt; font-family: Futuralight;\">Grand Thiossane<\/span><\/p>\n<p>[\/vc_column_text][vc_empty_space height=\u00a0\u00bb20px\u00a0\u00bb][\/vc_column][\/vc_row][vc_row][vc_column][tbay_productcategory category=\u00a0\u00bb188&Prime; number=\u00a0\u00bb35&Prime;][\/vc_column][\/vc_row]<\/p>\n<\/section>","protected":false},"excerpt":{"rendered":"<p>[vc_row full_width=\u00a0\u00bbstretch_row_content_no_spaces\u00a0\u00bb parallax=\u00a0\u00bbcontent-moving\u00a0\u00bb dfd_row_config=\u00a0\u00bbfull_width_content\u00a0\u00bb dfd_row_parallax=\u00a0\u00bbdfd-row-parallax\u00a0\u00bb row_parallax_sense=\u00a0\u00bb150&Prime; el_class=\u00a0\u00bbxs-fullwidth\u00a0\u00bb css=\u00a0\u00bb.vc_custom_1695311442705{background-position: center;background-repeat: no-repeat !important;background-size: cover !important;}\u00a0\u00bb][vc_column][vc_single_image image=\u00a0\u00bb56259&Prime; img_size=\u00a0\u00bb1920&#215;1100&Prime; alignment=\u00a0\u00bbcenter\u00a0\u00bb][\/vc_column][\/vc_row][vc_row][vc_column][vc_empty_space height=\u00a0\u00bb55px\u00a0\u00bb][vc_column_text] Mini Thiossane [\/vc_column_text][vc_empty_space][\/vc_column][\/vc_row][vc_row][vc_column][tbay_productcategory category=\u00a0\u00bb190&Prime; number=\u00a0\u00bb35&Prime;][\/vc_column][\/vc_row][vc_row dfd_row_config=\u00a0\u00bbfull_width_content\u00a0\u00bb el_class=\u00a0\u00bbxs-fullwidth\u00a0\u00bb css=\u00a0\u00bb.vc_custom_1621329244592{background-position: center !important;background-repeat: no-repeat !important;background-size: cover !important;}\u00a0\u00bb][vc_column][vc_empty_space height=\u00a0\u00bb55px\u00a0\u00bb][\/vc_column][\/vc_row][vc_row][vc_column][vc_empty_space height=\u00a0\u00bb55px\u00a0\u00bb][vc_column_text] Petit Thiossane [\/vc_column_text][vc_empty_space][\/vc_column][\/vc_row][vc_row][vc_column][tbay_productcategory category=\u00a0\u00bb189&Prime; number=\u00a0\u00bb35&Prime;][\/vc_column][\/vc_row][vc_row dfd_row_config=\u00a0\u00bbfull_width_content\u00a0\u00bb el_class=\u00a0\u00bbxs-fullwidth\u00a0\u00bb css=\u00a0\u00bb.vc_custom_1621329244592{background-position: center !important;background-repeat: no-repeat !important;background-size: cover !important;}\u00a0\u00bb][vc_column][\/vc_column][\/vc_row][vc_row][vc_column][vc_column_text] Grand Thiossane [\/vc_column_text][vc_empty_space height=\u00a0\u00bb20px\u00a0\u00bb][\/vc_column][\/vc_row][vc_row][vc_column][tbay_productcategory category=\u00a0\u00bb188&Prime; number=\u00a0\u00bb35&Prime;][\/vc_column][\/vc_row]<\/p>\n","protected":false},"author":1,"featured_media":0,"parent":0,"menu_order":0,"comment_status":"closed","ping_status":"closed","template":"redux-templates_full_width","meta":{"footnotes":""},"yst_prominent_words":[],"class_list":["post-7537","page","type-page","status-publish","hentry"],"_links":{"self":[{"href":"https:\/\/www.mathydy.com\/us\/wp-json\/wp\/v2\/pages\/7537"}],"collection":[{"href":"https:\/\/www.mathydy.com\/us\/wp-json\/wp\/v2\/pages"}],"about":[{"href":"https:\/\/www.mathydy.com\/us\/wp-json\/wp\/v2\/types\/page"}],"author":[{"embeddable":true,"href":"https:\/\/www.mathydy.com\/us\/wp-json\/wp\/v2\/users\/1"}],"replies":[{"embeddable":true,"href":"https:\/\/www.mathydy.com\/us\/wp-json\/wp\/v2\/comments?post=7537"}],"version-history":[{"count":6,"href":"https:\/\/www.mathydy.com\/us\/wp-json\/wp\/v2\/pages\/7537\/revisions"}],"predecessor-version":[{"id":56261,"href":"https:\/\/www.mathydy.com\/us\/wp-json\/wp\/v2\/pages\/7537\/revisions\/56261"}],"wp:attachment":[{"href":"https:\/\/www.mathydy.com\/us\/wp-json\/wp\/v2\/media?parent=7537"}],"wp:term":[{"taxonomy":"yst_prominent_words","embeddable":true,"href":"https:\/\/www.mathydy.com\/us\/wp-json\/wp\/v2\/yst_prominent_words?post=7537"}],"curies":[{"name":"wp","href":"https:\/\/api.w.org\/{rel}","templated":true}]}}