{"id":7540,"date":"2023-09-14T18:47:22","date_gmt":"2023-09-14T16:47:22","guid":{"rendered":"https:\/\/mathydy.com\/last-version\/?page_id=7540"},"modified":"2024-01-18T12:08:34","modified_gmt":"2024-01-18T11:08:34","slug":"evasion","status":"publish","type":"page","link":"https:\/\/www.mathydy.com\/us\/evasion\/","title":{"rendered":"\u00e9vasion"},"content":{"rendered":"<section class=\"wpb-content-wrapper\"><p>[vc_row full_width=\u00a0\u00bbstretch_row_content_no_spaces\u00a0\u00bb parallax=\u00a0\u00bbcontent-moving\u00a0\u00bb dfd_row_config=\u00a0\u00bbfull_width_content\u00a0\u00bb dfd_row_parallax=\u00a0\u00bbdfd-row-parallax\u00a0\u00bb row_parallax_sense=\u00a0\u00bb150&Prime; el_class=\u00a0\u00bbxs-fullwidth\u00a0\u00bb css=\u00a0\u00bb.vc_custom_1695311442705{background-position: center;background-repeat: no-repeat !important;background-size: cover !important;}\u00a0\u00bb][vc_column][vc_single_image image=\u00a0\u00bb7990&Prime; img_size=\u00a0\u00bb1920&#215;1100&Prime; alignment=\u00a0\u00bbcenter\u00a0\u00bb][\/vc_column][\/vc_row][vc_row][vc_column width=\u00a0\u00bb1\/6&Prime;][\/vc_column][vc_column width=\u00a0\u00bb2\/3&Prime;][vc_empty_space height=\u00a0\u00bb40px\u00a0\u00bb][vc_column_text]<span style=\"font-size: 18pt; font-family: futuraptlight;\">Nous travaillons diligemment pour finaliser cette collection exceptionnelle et nous avons h\u00e2te de partager ces magnifiques sacs avec vous d\u00e8s qu&rsquo;ils seront pr\u00eats. Merci de votre compr\u00e9hension et de votre patience.<\/span>[\/vc_column_text][\/vc_column][vc_column width=\u00a0\u00bb1\/6&Prime;][\/vc_column][\/vc_row][vc_row][vc_column][tbay_productcategory category=\u00a0\u00bb200&Prime; number=\u00a0\u00bb35&Prime;][\/vc_column][\/vc_row]<\/p>\n<\/section>","protected":false},"excerpt":{"rendered":"<p>[vc_row full_width=\u00a0\u00bbstretch_row_content_no_spaces\u00a0\u00bb parallax=\u00a0\u00bbcontent-moving\u00a0\u00bb dfd_row_config=\u00a0\u00bbfull_width_content\u00a0\u00bb dfd_row_parallax=\u00a0\u00bbdfd-row-parallax\u00a0\u00bb row_parallax_sense=\u00a0\u00bb150&Prime; el_class=\u00a0\u00bbxs-fullwidth\u00a0\u00bb css=\u00a0\u00bb.vc_custom_1695311442705{background-position: center;background-repeat: no-repeat !important;background-size: cover !important;}\u00a0\u00bb][vc_column][vc_single_image image=\u00a0\u00bb7990&Prime; img_size=\u00a0\u00bb1920&#215;1100&Prime; alignment=\u00a0\u00bbcenter\u00a0\u00bb][\/vc_column][\/vc_row][vc_row][vc_column width=\u00a0\u00bb1\/6&Prime;][\/vc_column][vc_column width=\u00a0\u00bb2\/3&Prime;][vc_empty_space height=\u00a0\u00bb40px\u00a0\u00bb][vc_column_text]Nous travaillons diligemment pour finaliser cette collection exceptionnelle et nous avons h\u00e2te de partager ces magnifiques sacs avec vous d\u00e8s qu&rsquo;ils seront pr\u00eats. Merci de votre compr\u00e9hension et de votre patience.[\/vc_column_text][\/vc_column][vc_column width=\u00a0\u00bb1\/6&Prime;][\/vc_column][\/vc_row][vc_row][vc_column][tbay_productcategory category=\u00a0\u00bb200&Prime; number=\u00a0\u00bb35&Prime;][\/vc_column][\/vc_row]<\/p>\n","protected":false},"author":1,"featured_media":0,"parent":0,"menu_order":0,"comment_status":"closed","ping_status":"closed","template":"redux-templates_full_width","meta":{"footnotes":""},"yst_prominent_words":[],"class_list":["post-7540","page","type-page","status-publish","hentry"],"_links":{"self":[{"href":"https:\/\/www.mathydy.com\/us\/wp-json\/wp\/v2\/pages\/7540"}],"collection":[{"href":"https:\/\/www.mathydy.com\/us\/wp-json\/wp\/v2\/pages"}],"about":[{"href":"https:\/\/www.mathydy.com\/us\/wp-json\/wp\/v2\/types\/page"}],"author":[{"embeddable":true,"href":"https:\/\/www.mathydy.com\/us\/wp-json\/wp\/v2\/users\/1"}],"replies":[{"embeddable":true,"href":"https:\/\/www.mathydy.com\/us\/wp-json\/wp\/v2\/comments?post=7540"}],"version-history":[{"count":3,"href":"https:\/\/www.mathydy.com\/us\/wp-json\/wp\/v2\/pages\/7540\/revisions"}],"predecessor-version":[{"id":52366,"href":"https:\/\/www.mathydy.com\/us\/wp-json\/wp\/v2\/pages\/7540\/revisions\/52366"}],"wp:attachment":[{"href":"https:\/\/www.mathydy.com\/us\/wp-json\/wp\/v2\/media?parent=7540"}],"wp:term":[{"taxonomy":"yst_prominent_words","embeddable":true,"href":"https:\/\/www.mathydy.com\/us\/wp-json\/wp\/v2\/yst_prominent_words?post=7540"}],"curies":[{"name":"wp","href":"https:\/\/api.w.org\/{rel}","templated":true}]}}