{"id":7647,"date":"2023-09-18T16:56:40","date_gmt":"2023-09-18T14:56:40","guid":{"rendered":"https:\/\/mathydy.com\/last-version\/?page_id=7647"},"modified":"2024-10-29T16:11:58","modified_gmt":"2024-10-29T15:11:58","slug":"portefeuille","status":"publish","type":"page","link":"https:\/\/www.mathydy.com\/us\/portefeuille\/","title":{"rendered":"portefeuille"},"content":{"rendered":"<section class=\"wpb-content-wrapper\"><p>[vc_row][vc_column]\n\t\t\t<!-- START cover portefeuille Alien REVOLUTION SLIDER 6.7.12 --><p class=\"rs-p-wp-fix\"><\/p>\n\t\t\t<rs-module-wrap id=\"rev_slider_209_1_wrapper\" data-source=\"gallery\" style=\"visibility:hidden;background:transparent;padding:0;margin:0px auto;margin-top:0;margin-bottom:0;\">\n\t\t\t\t<rs-module id=\"rev_slider_209_1\" style=\"\" data-version=\"6.7.12\">\n\t\t\t\t\t<rs-slides style=\"overflow: hidden; position: absolute;\">\n\t\t\t\t\t\t<rs-slide style=\"position: absolute;\" data-key=\"rs-341\" data-title=\"Slide\" data-anim=\"ms:600;\" data-in=\"o:0;\" data-out=\"a:false;\">\n\t\t\t\t\t\t\t<img decoding=\"async\" src=\"\/\/www.mathydy.com\/us\/wp-content\/plugins\/revslider\/sr6\/assets\/assets\/dummy.png\" alt=\"\" title=\"cover-wallet-woman-2.webp\" width=\"1920\" height=\"1100\" class=\"rev-slidebg tp-rs-img rs-lazyload\" data-lazyload=\"\/\/www.mathydy.com\/us\/wp-content\/uploads\/revslider\/cover-portefeuille-Alien-\/cover-wallet-woman-2.webp\" data-no-retina>\n<!--\n\t\t\t\t\t\t\t--><rs-layer\n\t\t\t\t\t\t\t\tid=\"slider-209-slide-341-layer-0\" \n\t\t\t\t\t\t\t\tdata-type=\"text\"\n\t\t\t\t\t\t\t\tdata-color=\"#ffffff\"\n\t\t\t\t\t\t\t\tdata-rsp_ch=\"on\"\n\t\t\t\t\t\t\t\tdata-xy=\"x:1289px;y:572px;\"\n\t\t\t\t\t\t\t\tdata-text=\"w:normal;s:65;l:64;fw:900;\"\n\t\t\t\t\t\t\t\tdata-dim=\"w:880px;\"\n\t\t\t\t\t\t\t\tdata-vbility=\"t,t,f,f\"\n\t\t\t\t\t\t\t\tdata-frame_999=\"o:0;st:w;\"\n\t\t\t\t\t\t\t\tstyle=\"z-index:8;font-family:'futuralight';text-transform:uppercase;\"\n\t\t\t\t\t\t\t>portefeuille Alien  \n\t\t\t\t\t\t\t<\/rs-layer><!--\n\n\t\t\t\t\t\t\t--><rs-layer\n\t\t\t\t\t\t\t\tid=\"slider-209-slide-341-layer-1\" \n\t\t\t\t\t\t\t\tdata-type=\"text\"\n\t\t\t\t\t\t\t\tdata-color=\"#ffffff\"\n\t\t\t\t\t\t\t\tdata-rsp_ch=\"on\"\n\t\t\t\t\t\t\t\tdata-xy=\"x:1261px;y:680px;\"\n\t\t\t\t\t\t\t\tdata-text=\"w:normal;s:27;l:42;\"\n\t\t\t\t\t\t\t\tdata-dim=\"w:634px;\"\n\t\t\t\t\t\t\t\tdata-vbility=\"t,t,f,f\"\n\t\t\t\t\t\t\t\tdata-frame_999=\"o:0;st:w;\"\n\t\t\t\t\t\t\t\tstyle=\"z-index:10;font-family:'futuralight';\"\n\t\t\t\t\t\t\t>Le portefeuille Alien est le dernier n\u00e9 de notre petite maroquinerie. Avec ses motifs uniques,  cette p\u00e9pite venu d'ailleurs va illuminer vos sorties au quotidien avec un zeste d'originalit\u00e9 et de fraicheur. \n\t\t\t\t\t\t\t<\/rs-layer><!--\n\n\t\t\t\t\t\t\t--><rs-layer\n\t\t\t\t\t\t\t\tid=\"slider-209-slide-341-layer-2\" \n\t\t\t\t\t\t\t\tdata-type=\"text\"\n\t\t\t\t\t\t\t\tdata-color=\"#ffffff\"\n\t\t\t\t\t\t\t\tdata-rsp_ch=\"on\"\n\t\t\t\t\t\t\t\tdata-xy=\"x:1209px;y:609px;\"\n\t\t\t\t\t\t\t\tdata-text=\"w:normal;s:65;l:64;fw:900;\"\n\t\t\t\t\t\t\t\tdata-dim=\"w:715px;\"\n\t\t\t\t\t\t\t\tdata-vbility=\"f,f,t,t\"\n\t\t\t\t\t\t\t\tdata-frame_999=\"o:0;st:w;\"\n\t\t\t\t\t\t\t\tstyle=\"z-index:7;font-family:'futuralight';text-transform:uppercase;\"\n\t\t\t\t\t\t\t>portefeuille Alien  \n\t\t\t\t\t\t\t<\/rs-layer><!--\n\n\t\t\t\t\t\t\t--><rs-layer\n\t\t\t\t\t\t\t\tid=\"slider-209-slide-341-layer-3\" \n\t\t\t\t\t\t\t\tdata-type=\"text\"\n\t\t\t\t\t\t\t\tdata-color=\"#ffffff\"\n\t\t\t\t\t\t\t\tdata-rsp_ch=\"on\"\n\t\t\t\t\t\t\t\tdata-xy=\"x:1209px;y:609px;\"\n\t\t\t\t\t\t\t\tdata-text=\"w:normal;s:65;l:64;fw:900;\"\n\t\t\t\t\t\t\t\tdata-dim=\"w:649px;\"\n\t\t\t\t\t\t\t\tdata-vbility=\"f,f,f,f\"\n\t\t\t\t\t\t\t\tdata-frame_999=\"o:0;st:w;\"\n\t\t\t\t\t\t\t\tstyle=\"z-index:6;font-family:'futuralight';text-transform:uppercase;\"\n\t\t\t\t\t\t\t>portefeuille Alien  \n\t\t\t\t\t\t\t<\/rs-layer><!--\n\n\t\t\t\t\t\t\t--><rs-layer\n\t\t\t\t\t\t\t\tid=\"slider-209-slide-341-layer-4\" \n\t\t\t\t\t\t\t\tdata-type=\"text\"\n\t\t\t\t\t\t\t\tdata-color=\"#ffffff\"\n\t\t\t\t\t\t\t\tdata-rsp_ch=\"on\"\n\t\t\t\t\t\t\t\tdata-xy=\"x:1149px;y:703px;\"\n\t\t\t\t\t\t\t\tdata-text=\"w:normal;s:35;l:55;\"\n\t\t\t\t\t\t\t\tdata-dim=\"w:761px;\"\n\t\t\t\t\t\t\t\tdata-vbility=\"f,f,t,t\"\n\t\t\t\t\t\t\t\tdata-frame_999=\"o:0;st:w;\"\n\t\t\t\t\t\t\t\tstyle=\"z-index:9;font-family:'futuralight';\"\n\t\t\t\t\t\t\t>Le portefeuille Alien est le dernier n\u00e9 de notre petite maroquinerie. Avec ses motifs uniques,  cette p\u00e9pite venu d'ailleurs va illuminer vos sorties au quotidien avec un zeste d'originalit\u00e9 et de fraicheur. \n\t\t\t\t\t\t\t<\/rs-layer><!--\n-->\t\t\t\t\t<\/rs-slide>\n\t\t\t\t\t<\/rs-slides>\n\t\t\t\t<\/rs-module>\n\t\t\t\t<script>\n\t\t\t\t\tsetREVStartSize({c: 'rev_slider_209_1',rl:[1240,1024,778,480],el:[1100],gw:[1920],gh:[1100],type:'standard',justify:'',layout:'fullwidth',mh:\"0\"});if (window.RS_MODULES!==undefined && window.RS_MODULES.modules!==undefined && window.RS_MODULES.modules[\"revslider2091\"]!==undefined) {window.RS_MODULES.modules[\"revslider2091\"].once = false;window.revapi209 = undefined;if (window.RS_MODULES.checkMinimal!==undefined) window.RS_MODULES.checkMinimal()}\n\t\t\t\t<\/script>\n\t\t\t<\/rs-module-wrap>\n\t\t\t<!-- END REVOLUTION SLIDER -->\n[\/vc_column][\/vc_row][vc_row][vc_column][tbay_productcategory category=\u00a0\u00bb232&Prime; number=\u00a0\u00bb35&Prime; columns=\u00a0\u00bb3&Prime;][\/vc_column][\/vc_row][vc_row][vc_column]\n\t\t\t<!-- START cover portefeuille signature REVOLUTION SLIDER 6.7.12 --><p class=\"rs-p-wp-fix\"><\/p>\n\t\t\t<rs-module-wrap id=\"rev_slider_210_2_wrapper\" data-source=\"gallery\" style=\"visibility:hidden;background:transparent;padding:0;margin:0px auto;margin-top:0;margin-bottom:0;\">\n\t\t\t\t<rs-module id=\"rev_slider_210_2\" style=\"\" data-version=\"6.7.12\">\n\t\t\t\t\t<rs-slides style=\"overflow: hidden; position: absolute;\">\n\t\t\t\t\t\t<rs-slide style=\"position: absolute;\" data-key=\"rs-342\" data-title=\"Slide\" data-anim=\"ms:600;\" data-in=\"o:0;\" data-out=\"a:false;\">\n\t\t\t\t\t\t\t<img decoding=\"async\" src=\"\/\/www.mathydy.com\/us\/wp-content\/plugins\/revslider\/sr6\/assets\/assets\/dummy.png\" alt=\"\" title=\"cover-wallet-woman-4.webp\" width=\"1920\" height=\"1100\" class=\"rev-slidebg tp-rs-img rs-lazyload\" data-lazyload=\"\/\/www.mathydy.com\/us\/wp-content\/uploads\/revslider\/cover-portefeuille-signature\/cover-wallet-woman-4.webp\" data-no-retina>\n<!--\n\t\t\t\t\t\t\t--><rs-layer\n\t\t\t\t\t\t\t\tid=\"slider-210-slide-342-layer-0\" \n\t\t\t\t\t\t\t\tdata-type=\"text\"\n\t\t\t\t\t\t\t\tdata-color=\"#ffffff\"\n\t\t\t\t\t\t\t\tdata-rsp_ch=\"on\"\n\t\t\t\t\t\t\t\tdata-xy=\"x:1134px;y:263px;\"\n\t\t\t\t\t\t\t\tdata-text=\"w:normal;s:62;l:64;fw:900;\"\n\t\t\t\t\t\t\t\tdata-dim=\"w:757px;\"\n\t\t\t\t\t\t\t\tdata-vbility=\"t,t,f,f\"\n\t\t\t\t\t\t\t\tdata-frame_999=\"o:0;st:w;\"\n\t\t\t\t\t\t\t\tstyle=\"z-index:8;font-family:'futuralight';text-transform:uppercase;\"\n\t\t\t\t\t\t\t>portefeuille Signature \n\t\t\t\t\t\t\t<\/rs-layer><!--\n\n\t\t\t\t\t\t\t--><rs-layer\n\t\t\t\t\t\t\t\tid=\"slider-210-slide-342-layer-1\" \n\t\t\t\t\t\t\t\tdata-type=\"text\"\n\t\t\t\t\t\t\t\tdata-color=\"#ffffff\"\n\t\t\t\t\t\t\t\tdata-rsp_ch=\"on\"\n\t\t\t\t\t\t\t\tdata-xy=\"x:1240px;y:354px;\"\n\t\t\t\t\t\t\t\tdata-text=\"w:normal;s:27;l:42;\"\n\t\t\t\t\t\t\t\tdata-dim=\"w:634px;\"\n\t\t\t\t\t\t\t\tdata-vbility=\"t,t,f,f\"\n\t\t\t\t\t\t\t\tdata-frame_999=\"o:0;st:w;\"\n\t\t\t\t\t\t\t\tstyle=\"z-index:10;font-family:'futuralight';\"\n\t\t\t\t\t\t\t>Le portefeuille Signature est votre nouveau compagnon de prestige. il int\u00e8gre nos motifs embl\u00e9matiques inspir\u00e9s du tissu Bogolan. C'est la pi\u00e8ce id\u00e9ale pour signaler votre statut et votre \u00e9l\u00e9gance au quotidien.  \n\t\t\t\t\t\t\t<\/rs-layer><!--\n\n\t\t\t\t\t\t\t--><rs-layer\n\t\t\t\t\t\t\t\tid=\"slider-210-slide-342-layer-2\" \n\t\t\t\t\t\t\t\tdata-type=\"text\"\n\t\t\t\t\t\t\t\tdata-color=\"#ffffff\"\n\t\t\t\t\t\t\t\tdata-rsp_ch=\"on\"\n\t\t\t\t\t\t\t\tdata-xy=\"x:1029px;y:182px;\"\n\t\t\t\t\t\t\t\tdata-text=\"w:normal;s:65;l:64;fw:900;\"\n\t\t\t\t\t\t\t\tdata-dim=\"w:880px;\"\n\t\t\t\t\t\t\t\tdata-vbility=\"f,f,t,t\"\n\t\t\t\t\t\t\t\tdata-frame_999=\"o:0;st:w;\"\n\t\t\t\t\t\t\t\tstyle=\"z-index:7;font-family:'futuralight';text-transform:uppercase;\"\n\t\t\t\t\t\t\t>portefeuille Signature \n\t\t\t\t\t\t\t<\/rs-layer><!--\n\n\t\t\t\t\t\t\t--><rs-layer\n\t\t\t\t\t\t\t\tid=\"slider-210-slide-342-layer-4\" \n\t\t\t\t\t\t\t\tdata-type=\"text\"\n\t\t\t\t\t\t\t\tdata-color=\"#ffffff\"\n\t\t\t\t\t\t\t\tdata-rsp_ch=\"on\"\n\t\t\t\t\t\t\t\tdata-xy=\"x:1220px;y:327px;\"\n\t\t\t\t\t\t\t\tdata-text=\"w:normal;s:39;l:52;\"\n\t\t\t\t\t\t\t\tdata-dim=\"w:665px;\"\n\t\t\t\t\t\t\t\tdata-vbility=\"f,f,t,t\"\n\t\t\t\t\t\t\t\tdata-frame_999=\"o:0;st:w;\"\n\t\t\t\t\t\t\t\tstyle=\"z-index:9;font-family:'futuralight';\"\n\t\t\t\t\t\t\t>Le portefeuille Signature est votre nouveau compagnon de prestige. il int\u00e8gre nos motifs embl\u00e9matiques inspir\u00e9s du tissu Bogolan. C'est la pi\u00e8ce id\u00e9ale pour signaler votre statut et votre \u00e9l\u00e9gance au quotidien.  \n\t\t\t\t\t\t\t<\/rs-layer><!--\n-->\t\t\t\t\t<\/rs-slide>\n\t\t\t\t\t<\/rs-slides>\n\t\t\t\t<\/rs-module>\n\t\t\t\t<script>\n\t\t\t\t\tsetREVStartSize({c: 'rev_slider_210_2',rl:[1240,1024,778,480],el:[1100],gw:[1920],gh:[1100],type:'standard',justify:'',layout:'fullwidth',mh:\"0\"});if (window.RS_MODULES!==undefined && window.RS_MODULES.modules!==undefined && window.RS_MODULES.modules[\"revslider2102\"]!==undefined) {window.RS_MODULES.modules[\"revslider2102\"].once = false;window.revapi210 = undefined;if (window.RS_MODULES.checkMinimal!==undefined) window.RS_MODULES.checkMinimal()}\n\t\t\t\t<\/script>\n\t\t\t<\/rs-module-wrap>\n\t\t\t<!-- END REVOLUTION SLIDER -->\n[\/vc_column][\/vc_row][vc_row][vc_column][tbay_productcategory category=\u00a0\u00bb231&Prime; number=\u00a0\u00bb35&Prime; columns=\u00a0\u00bb3&Prime;][\/vc_column][\/vc_row][vc_row full_width=\u00a0\u00bbstretch_row_content_no_spaces\u00a0\u00bb dfd_row_config=\u00a0\u00bbfull_width_content\u00a0\u00bb el_class=\u00a0\u00bbfullwidth\u00a0\u00bb css=\u00a0\u00bb.vc_custom_1708356449823{background-image: url(https:\/\/www.mathydy.com\/us\/wp-content\/uploads\/2023\/12\/PORTEFEUILLE.jpg?id=10762) !important;background-position: center !important;background-repeat: no-repeat !important;background-size: cover !important;}\u00a0\u00bb][vc_column][vc_single_image image=\u00a0\u00bb9551&Prime; img_size=\u00a0\u00bb1920&#215;700&Prime;][\/vc_column][\/vc_row][vc_row full_width=\u00a0\u00bbstretch_row\u00a0\u00bb css=\u00a0\u00bb.vc_custom_1702994693818{background-color: #f6f6f6 !important;background-position: center !important;background-repeat: no-repeat !important;background-size: cover !important;}\u00a0\u00bb][vc_column width=\u00a0\u00bb1\/2&Prime; offset=\u00a0\u00bbvc_hidden-sm vc_hidden-xs\u00a0\u00bb]<div class=\"woocommerce columns-2 \"><div class=\"display-products products products-grid\"><div class=\"row\"  data-xlgdesktop=3 data-desktop=3 data-desktopsmall=3 data-tablet=3 data-mobile=2>\r\n\r\n<div class=\"product type-product post-53986 status-publish first outofstock product_cat-portefeuille has-post-thumbnail taxable shipping-taxable purchasable product-type-variable has-default-attributes\">\r\n\t \t<div class=\"product-block grid v15\" data-product-id=\"53986\">\r\n\t<div class=\"product-content\">\r\n\t\t<div class=\"block-inner\">\r\n\t\t\t<figure class=\"image \">\r\n\t\t\t\t<a title=\"portefeuille\" href=\"https:\/\/www.mathydy.com\/us\/produit\/portefeuille\/\" class=\"product-image\">\r\n\t\t\t\t\t<img loading=\"lazy\" decoding=\"async\" width=\"600\" height=\"725\" src=\"https:\/\/www.mathydy.com\/wp-content\/uploads\/2023\/12\/Porte-feuille-bleu-600x725.webp\" class=\"attachment-shop_catalog image-effect\" alt=\"\" \/><img loading=\"lazy\" decoding=\"async\" width=\"600\" height=\"725\" src=\"https:\/\/www.mathydy.com\/wp-content\/uploads\/2023\/12\/Porte-feuille-bleu-1-600x725.webp\" class=\"image-hover\" alt=\"\" \/><span class=\"out-stock\"><span>En rupture de stock<\/span><\/span>\t\t\t\t\t\r\n\t\t\t\t<\/a>\r\n\r\n\t\t\t\t\t\t\t\t\t\t\t<\/figure>\r\n\t\t\t<div class=\"group-buttons\">\t\r\n\r\n\t\t\t\t\t\t\t\t\r\n\t\t    <\/div>\r\n\t\t    <div class=\"group-add-cart\">\r\n\t\t\t\t<\/a><div class=\"add-cart\" title=\"Acheter\" ><a href=\"https:\/\/www.mathydy.com\/us\/produit\/portefeuille\/\" data-quantity=\"1\" class=\"button product_type_variable\" data-product_id=\"53986\" data-product_sku=\"\" aria-label=\"S\u00e9lectionner les options pour &ldquo;portefeuille&rdquo;\" rel=\"nofollow\"><i class=\"linear-icon-bag2\"><\/i><span class=\"title-cart\">Acheter<\/span><\/a><\/div>\t\t\t<\/div>\r\n\t\t\t\r\n\t\t<\/div>\r\n\t\t<div class=\"caption\">\r\n\t\t\t<div class=\"group\">\r\n\t\t\t\t\r\n\t\t\t\t        \r\n        <h3 class=\"name full_name\"><a href=\"https:\/\/www.mathydy.com\/us\/produit\/portefeuille\/\">portefeuille<\/a><\/h3>\r\n        \t\t\t<\/div>\r\n\t\t\t\n\t<span class=\"price\"><span class=\"woocommerce-Price-amount amount\"><bdi>46<span class=\"woocommerce-Price-currencySymbol\">&#36;<\/span><\/bdi><\/span><\/span>\n\t\t\t\r\n            <div class=\"tbay-swatches-wrapper\"><ul data-attribute_name=\"attribute_pa_couleur\"><li><a href=\"javascript:void(0)\" class=\"swatch-has-image variation-out-of-stock variable-item-span-color swatch swatch-bleu\" style=\"background-color:#1e73be\" data-image-src=\"https:\/\/www.mathydy.com\/wp-content\/uploads\/2023\/12\/Porte-feuille-bleu-600x725.webp\" data-image-srcset=\"\" data-image-sizes=\"(max-width: 600px) 100vw, 600px\"  data-toggle=\"tooltip\" title=\"\"><\/a><\/li><li><a href=\"javascript:void(0)\" class=\"swatch-has-image variation-out-of-stock variable-item-span-color swatch swatch-marron-fonce\" style=\"background-color:#53352a\" data-image-src=\"https:\/\/www.mathydy.com\/wp-content\/uploads\/2023\/12\/Porte-feuille-600x725.webp\" data-image-srcset=\"\" data-image-sizes=\"(max-width: 600px) 100vw, 600px\"  data-toggle=\"tooltip\" title=\"\"><\/a><\/li><li><a href=\"javascript:void(0)\" class=\"swatch-has-image variation-out-of-stock variable-item-span-color swatch swatch-noir\" style=\"background-color:#000000\" data-image-src=\"https:\/\/www.mathydy.com\/wp-content\/uploads\/2023\/12\/Porte-feuille-noir-600x725.webp\" data-image-srcset=\"\" data-image-sizes=\"(max-width: 600px) 100vw, 600px\"  data-toggle=\"tooltip\" title=\"\"><\/a><\/li><\/ul><\/div>\r\n            \t\t<\/div>\r\n\t    \r\n    <\/div>\r\n        <\/div>\r\n<\/div>\r\n\r\n<\/div><\/div><\/div>[\/vc_column][vc_column width=\u00a0\u00bb1\/2&Prime; offset=\u00a0\u00bbvc_hidden-sm vc_hidden-xs\u00a0\u00bb css=\u00a0\u00bb.vc_custom_1702986034792{margin-top: 150px !important;margin-left: -150px !important;}\u00a0\u00bb][vc_column_text el_class=\u00a0\u00bbproduit\u00a0\u00bb]Ce portefeuille pour homme en cuir bleu marine, noir ou marron portant nos motifs signature en couleur or, tient aussi bien dans une poche que dans un sac de travail.<br \/>\nLe porter sur vous, vous fait gagner en confiance et rehausse votre style.<br \/>\nCes d\u00e9tails lui apportent une touche de luxe et du caract\u00e8re.<\/p>\n<p><strong>Couleur<\/strong> :\u00a0 Bleu marine , Noir , Marron fonc\u00e9<br \/>\n<strong>Largeur<\/strong>:\u200e 11,5 cm<br \/>\n<strong>Hauteur<\/strong>:\u200e 10 cm[\/vc_column_text][tbay_button add_icon=\u00a0\u00bbyes\u00a0\u00bb i_align=\u00a0\u00bbright\u00a0\u00bb icon_fontawesome=\u00a0\u00bbfas fa-arrow-right\u00a0\u00bb link=\u00a0\u00bburl:https%3A%2F%2Fmathydy.com%2Fproduit%2Fportefeuille%2F|title:ACHETER\u00a0\u00bb el_class=\u00a0\u00bbbouton2&Prime;][\/vc_column][\/vc_row][vc_row full_width=\u00a0\u00bbstretch_row\u00a0\u00bb css=\u00a0\u00bb.vc_custom_1702985396079{background-color: #cecece !important;background-position: center !important;background-repeat: no-repeat !important;background-size: cover !important;}\u00a0\u00bb][vc_column offset=\u00a0\u00bbvc_hidden-lg vc_hidden-md\u00a0\u00bb][tbay_productcategory category=\u00a0\u00bb178&Prime; number=\u00a0\u00bb35&Prime; screen_desktopsmall=\u00a0\u00bb1&Prime; screen_tablet=\u00a0\u00bb1&Prime; screen_mobile=\u00a0\u00bb1&Prime;][vc_column_text el_class=\u00a0\u00bbproduit\u00a0\u00bb]Ce portefeuille pour homme en cuir bleu marine, noir ou marron portant nos motifs signature en couleur or, tient aussi bien dans une poche que dans un sac de travail.<br \/>\nLe porter sur vous, vous fait gagner en confiance et rehausse votre style.<br \/>\nCes d\u00e9tails lui apportent une touche de luxe et du caract\u00e8re.<\/p>\n<p><strong>Couleur<\/strong> :\u00a0 Bleu marine , Noir , Marron fonc\u00e9<br \/>\n<strong>Largeur<\/strong>:\u200e 11,5 cm<br \/>\n<strong>Hauteur<\/strong>:\u200e 10 cm[\/vc_column_text][tbay_button add_icon=\u00a0\u00bbyes\u00a0\u00bb i_align=\u00a0\u00bbright\u00a0\u00bb icon_fontawesome=\u00a0\u00bbfas fa-arrow-right\u00a0\u00bb link=\u00a0\u00bburl:https%3A%2F%2Fmathydy.com%2Fproduit%2Fportefeuille%2F|title:ACHETER\u00a0\u00bb el_class=\u00a0\u00bbbouton2&Prime; css=\u00a0\u00bb.vc_custom_1706107301582{margin-top: -40px !important;margin-left: 95px !important;}\u00a0\u00bb][\/vc_column][\/vc_row][vc_row][vc_column][vc_empty_space height=\u00a0\u00bb40px\u00a0\u00bb][\/vc_column][\/vc_row][vc_row full_width=\u00a0\u00bbstretch_row_content\u00a0\u00bb][vc_column width=\u00a0\u00bb1\/3&Prime;][vc_gallery interval=\u00a0\u00bb3&Prime; images=\u00a0\u00bb11300,11299&Prime; img_size=\u00a0\u00bb1000&#215;1000&Prime; onclick=\u00a0\u00bbcustom_link\u00a0\u00bb custom_links=\u00a0\u00bb#E-8_aHR0cHMlM0ElMkYlMkZtYXRoeWR5LmNvbSUyRnByb2R1aXQlMkZwb3J0ZWZldWlsbGUlMkY=\u00a0\u00bb][\/vc_column][vc_column width=\u00a0\u00bb1\/3&Prime;][vc_gallery interval=\u00a0\u00bb3&Prime; images=\u00a0\u00bb11302,11301&Prime; img_size=\u00a0\u00bb1000&#215;1000&Prime; onclick=\u00a0\u00bbcustom_link\u00a0\u00bb custom_links=\u00a0\u00bb#E-8_aHR0cHMlM0ElMkYlMkZtYXRoeWR5LmNvbSUyRnByb2R1aXQlMkZwb3J0ZWZldWlsbGUlMkY=\u00a0\u00bb][\/vc_column][vc_column width=\u00a0\u00bb1\/3&Prime;][vc_gallery interval=\u00a0\u00bb3&Prime; images=\u00a0\u00bb11304,11303&Prime; img_size=\u00a0\u00bb1000&#215;1000&Prime; onclick=\u00a0\u00bbcustom_link\u00a0\u00bb custom_links=\u00a0\u00bb#E-8_aHR0cHMlM0ElMkYlMkZtYXRoeWR5LmNvbSUyRnByb2R1aXQlMkZwb3J0ZWZldWlsbGUlMkY=\u00a0\u00bb][\/vc_column][\/vc_row]<\/p>\n<\/section>","protected":false},"excerpt":{"rendered":"<p>[vc_row][vc_column][\/vc_column][\/vc_row][vc_row][vc_column][tbay_productcategory category=\u00a0\u00bb232&Prime; number=\u00a0\u00bb35&Prime; columns=\u00a0\u00bb3&Prime;][\/vc_column][\/vc_row][vc_row][vc_column][\/vc_column][\/vc_row][vc_row][vc_column][tbay_productcategory category=\u00a0\u00bb231&Prime; number=\u00a0\u00bb35&Prime; columns=\u00a0\u00bb3&Prime;][\/vc_column][\/vc_row][vc_row full_width=\u00a0\u00bbstretch_row_content_no_spaces\u00a0\u00bb dfd_row_config=\u00a0\u00bbfull_width_content\u00a0\u00bb el_class=\u00a0\u00bbfullwidth\u00a0\u00bb css=\u00a0\u00bb.vc_custom_1708356449823{background-image: url(https:\/\/www.mathydy.com\/us\/wp-content\/uploads\/2023\/12\/PORTEFEUILLE.jpg?id=10762) !important;background-position: center !important;background-repeat: no-repeat !important;background-size: cover !important;}\u00a0\u00bb][vc_column][vc_single_image image=\u00a0\u00bb9551&Prime; img_size=\u00a0\u00bb1920&#215;700&Prime;][\/vc_column][\/vc_row][vc_row full_width=\u00a0\u00bbstretch_row\u00a0\u00bb css=\u00a0\u00bb.vc_custom_1702994693818{background-color: #f6f6f6 !important;background-position: center !important;background-repeat: no-repeat !important;background-size: cover !important;}\u00a0\u00bb][vc_column width=\u00a0\u00bb1\/2&Prime; offset=\u00a0\u00bbvc_hidden-sm vc_hidden-xs\u00a0\u00bb][\/vc_column][vc_column width=\u00a0\u00bb1\/2&Prime; offset=\u00a0\u00bbvc_hidden-sm vc_hidden-xs\u00a0\u00bb css=\u00a0\u00bb.vc_custom_1702986034792{margin-top: 150px !important;margin-left: -150px !important;}\u00a0\u00bb][vc_column_text el_class=\u00a0\u00bbproduit\u00a0\u00bb]Ce portefeuille pour homme en cuir bleu marine, noir ou marron portant nos motifs signature en couleur or, tient aussi bien dans une poche que dans un sac de travail. Le porter sur &hellip; <a href=\"https:\/\/www.mathydy.com\/us\/portefeuille\/\" class=\"more-link\">Continue reading <span class=\"screen-reader-text\">portefeuille<\/span><\/a><\/p>\n","protected":false},"author":1,"featured_media":0,"parent":0,"menu_order":0,"comment_status":"closed","ping_status":"closed","template":"redux-templates_full_width","meta":{"footnotes":""},"yst_prominent_words":[],"class_list":["post-7647","page","type-page","status-publish","hentry"],"_links":{"self":[{"href":"https:\/\/www.mathydy.com\/us\/wp-json\/wp\/v2\/pages\/7647"}],"collection":[{"href":"https:\/\/www.mathydy.com\/us\/wp-json\/wp\/v2\/pages"}],"about":[{"href":"https:\/\/www.mathydy.com\/us\/wp-json\/wp\/v2\/types\/page"}],"author":[{"embeddable":true,"href":"https:\/\/www.mathydy.com\/us\/wp-json\/wp\/v2\/users\/1"}],"replies":[{"embeddable":true,"href":"https:\/\/www.mathydy.com\/us\/wp-json\/wp\/v2\/comments?post=7647"}],"version-history":[{"count":19,"href":"https:\/\/www.mathydy.com\/us\/wp-json\/wp\/v2\/pages\/7647\/revisions"}],"predecessor-version":[{"id":55437,"href":"https:\/\/www.mathydy.com\/us\/wp-json\/wp\/v2\/pages\/7647\/revisions\/55437"}],"wp:attachment":[{"href":"https:\/\/www.mathydy.com\/us\/wp-json\/wp\/v2\/media?parent=7647"}],"wp:term":[{"taxonomy":"yst_prominent_words","embeddable":true,"href":"https:\/\/www.mathydy.com\/us\/wp-json\/wp\/v2\/yst_prominent_words?post=7647"}],"curies":[{"name":"wp","href":"https:\/\/api.w.org\/{rel}","templated":true}]}}