{"id":7840,"date":"2023-09-19T16:14:49","date_gmt":"2023-09-19T14:14:49","guid":{"rendered":"https:\/\/mathydy.com\/last-version\/?page_id=7840"},"modified":"2024-04-24T17:11:38","modified_gmt":"2024-04-24T15:11:38","slug":"presse","status":"publish","type":"page","link":"https:\/\/www.mathydy.com\/us\/presse\/","title":{"rendered":"presse"},"content":{"rendered":"<section class=\"wpb-content-wrapper\"><p>[vc_row dfd_row_config=\u00a0\u00bbfull_width_content\u00a0\u00bb el_class=\u00a0\u00bbxs-fullwidth\u00a0\u00bb][vc_column][vc_single_image image=\u00a0\u00bb8668&Prime; img_size=\u00a0\u00bb1920&#215;1100&Prime; alignment=\u00a0\u00bbcenter\u00a0\u00bb onclick=\u00a0\u00bbcustom_link\u00a0\u00bb css=\u00a0\u00bb.vc_custom_1708520159466{background-image: url(https:\/\/mathydy.com\/last-version\/wp-content\/uploads\/2023\/09\/visuel-bussiness-23-1.jpg?id=8903) !important;background-position: center !important;background-repeat: no-repeat !important;background-size: cover !important;}\u00a0\u00bb link=\u00a0\u00bbhttps:\/\/mathydy.com\/wp-content\/uploads\/2023\/10\/KIT-media.pdf\u00a0\u00bb][vc_empty_space][\/vc_column][\/vc_row][vc_row full_width=\u00a0\u00bbstretch_row\u00a0\u00bb][vc_column][wdo_ult_video wdo_video_url=\u00a0\u00bbhttps:\/\/www.youtube.com\/watch?v=bxu3zxgjq9c&amp;t=1s&amp;ab_channel=MathydyTV\u00a0\u00bb wdo_video_width=\u00a0\u00bb1480&Prime; wdo_video_height=\u00a0\u00bb800&Prime;][vc_column_text]<\/p>\n<h2 class=\"title\"><span style=\"color: #000000;\"><a style=\"color: #000000;\" href=\"https:\/\/www.mathydy.com\/2023\/07\/14\/france-24-chez-mathydy-a-dakar\">FRANCE 24 CHEZ MATHYDY \u00c0 DAKAR<\/a><\/span><\/h2>\n<p>[\/vc_column_text][vc_empty_space height=\u00a0\u00bb12px\u00a0\u00bb][wdo_ult_video wdo_video_url=\u00a0\u00bbhttps:\/\/www.youtube.com\/watch?v=6iVzm2U29RI&amp;ab_channel=MathydyTV\u00a0\u00bb wdo_video_width=\u00a0\u00bb1480&Prime; wdo_video_height=\u00a0\u00bb800&Prime;][vc_column_text]<\/p>\n<h2 class=\"title\"><span style=\"color: #000000;\"><a style=\"color: #000000;\" href=\"https:\/\/www.mathydy.com\/2023\/07\/14\/mathydy-a-abidjan-les-coulisses-du-chantier-reportage-bbc-afrique\/\"><span style=\"font-family: futuraptlight;\">MATHYDY \u00c0 ABIDJAN \u2013 LES COULISSES DU CHANTIER REPORTAGE BBC AFRIQUE<\/span><\/a><\/span><\/h2>\n<p>[\/vc_column_text][vc_empty_space height=\u00a0\u00bb12px\u00a0\u00bb][\/vc_column][\/vc_row][vc_row][vc_column][vc_empty_space height=\u00a0\u00bb70px\u00a0\u00bb][\/vc_column][\/vc_row][vc_row][vc_column width=\u00a0\u00bb1\/6&Prime;][\/vc_column][vc_column width=\u00a0\u00bb2\/3&Prime;][vc_column_text]<style type=\"text\/css\">\n\t\/**\n\t * Table of Contents\n\t *\n\t * 1.0 - Pagination\n\t * 2.0 - Social Media Icon\n\t * 3.0 - Default Blog Template\n\t * 4.0 - Classical Template\n\t * 5.0 - Light Breeze Template\n\t * 6.0 - Spektrum Template\n\t * 7.0 - Evolution Template\n\t * 8.0 - Timeline Template\n\t * 9.0 - News Template\n\t * 10.0 - Sallet Template\n\t * 11.0 - Media Grid Template\n\t * 12.0 - Crayon Slider Template\n\t * 13.0 - Blog-Carousel Template\n\t * 14.0 - Blog-Grid-Box Template\n\t * 15.0 - Ticker Template\n\t *\n\t *\/\n\t\/**\n\t * 1.0 - Pagination\n\t *\/\n\t.bdp-load-more a.button.bdp-load-more-btn {\n\t\tbackground-color: #000000;\t\tcolor: #ffffff;\t\tfont-size:14px;\t}\n\t.bd_pagination_box.wl_pagination_box .paging-navigation ul.page-numbers li a.page-numbers:hover,\n\t.bd_pagination_box.wl_pagination_box .paging-navigation ul.page-numbers li > span.current {\n\t\tbackground-color: #000000;\t\tcolor: #ffffff;\t\tfont-size:14px;\t}\n\t.bd_pagination_box.wl_pagination_box .paging-navigation ul.page-numbers li a.page-numbers {\n\t\tbackground-color: #ffffff;\t\tcolor: #000000;\t\tfont-size:14px;\t}\n\t.bd_pagination_box.wl_pagination_box .paging-navigation ul.page-numbers li a.page-numbers.dots {\n\t\tfont-size:14px !important;\t}\n\t\/**\n\t * 2.0 - Social Media Icon\n\t *\/    \n\t.blog_template .social-component a {\n\t\tborder-radius: 100%;\t}\n\t\/**\n\t * Post Title Setting\n\t *\/\n\t.bdp_blog_template .blog_header h2 a span,\n    .bdp_blog_template .bd-blog-header h2 a span,\n\t.glossary .blog_header h2 a span,\n\t.bdp_blog_template.media-grid .blog_header h2 a span,\n\t.bdp_blog_template.timeline .desc h3 a span,\n\t.blog_template.blog-grid-box h2.post_title a span{\n\t\t\t\t\t\t\t\tword-break : normal;\n\t\t\t\t\t\n\t}\n\n\t\/**\n\t * 3.0 - Default Blog Template\n\t *\/\n\t\t\t\/* .bdp_blog_template.nicy .blog_header h2, *\/\n\t\t.blog_template.sallet_slider h2,\n\t\t.blog_template.crayon_slider .blog_header h2,\n\t\t.glossary .blog_header h2,\n\t\t.bdp_blog_template .bd-blog-header h2 {        \n\t\t\tbackground: #ffffff\t\t}\n\t\t.blog_template .bd-more-tag-inline {\n\t\tcolor: #ffffff !important;\t\tfont-size:14px;\t}\n\t\t\t.bdp_blog_template .blog_header h2 a,\n\t\t.bdp_blog_template .bd-blog-header h2 a,\n\t\t.bdp_blog_template .bd_ad_container h4 {\n\t\t\tcolor: #000000 !important;\t\t\tfont-size: 35px;\t\t\tbackground-color: #ffffff !important;\n\t\t}\n\t\t.bdp_blog_template .blog_header h2,\n\t\t.bdp_blog_template .bd-blog-header h2,\n\t\t.blog_template .bd_ad_container h4 {\n\t\t\tfont-size: 35px;\t\t}\n\t\t.post_content-inner p,\n\t.bd-post-content {\n\t\tcolor:#000000;\t\tfont-size:14px;\t}\n\t.bdp_blog_template .bd-metacats,\n\t.bd-tags,\n\tspan.bd-category-link,\n\t.bdp_blog_template .author,\n\t.bdp_blog_template .date,\n\t.bdp_blog_template .bd-categories,\n\t.bdp_blog_template.evolution .bd-categories a,\n\t.bdp_blog_template .bd-categories a,\n\t.bd-meta-data-box .bd-metacats,\n\t.bd-meta-data-box .bd-metacomments,\n\t.bd-meta-data-box .bd-metacomments span,\n\t.bdp_blog_template .date i, .bdp_blog_template .author i, .bdp_blog_template .comment i,\n\t.bd-tags a,\n\tspan.bd-category-link a,\n\t.bd-metadatabox p,\n\tspan .bd-link-label,\n\t.bdp_blog_template .blog_footer span,\n\t.bd-metacomments i,\n\t.date_wrap i,\n\t.bdp_blog_template a,\n\t.bdp_blog_template .post_content,\n\t.bd-categories i,\n\t.bdp_blog_template.spektrum .post-bottom .post-by,\n\t.bdp_blog_template.spektrum .post-bottom .bd-tags,\n\t.bd-metadatabox,\n\t.bdp_blog_template.news .bd-blog-header .bd-metadatabox a,\n\t.bdp_blog_template.news .post-content-div .post_cat_tag > span i,\n\t.bdp_blog_template .bd-meta-data-box .bd-metadate, .bdp_blog_template .bd-meta-data-box .bd-metauser, .bdp_blog_template .bd-meta-data-box .bd-metacats,\n\t.bd-meta-data-box .bd-metacats a,\n\t.bd-meta-data-box .bd-metacomments a,\n\t.bdp_blog_template.box-template .bd-tags,\n\t.bdp_blog_template .datetime,\n\t.bdp_blog_template .link-lable,\n\t.bdp_blog_template .post-date\n\t.bdp_blog_template .bd_ad_container p, .blog_template .bd_ad_container, .bdp_blog_template .post-date, .bdp_blog_template .post-comment span {\n\t\tfont-size:14px;\t}\n\t.bdp_blog_template .date,\n\t.bdp_blog_template .comment,\n\t.bdp_blog_template .author .bd-icon-author,\n\t.bdp_blog_template .author,\n\t.bdp_blog_template.news .post-content-div .post_cat_tag > span i ,\n\t.bdp_blog_template .post-by,\n\t.bdp_blog_template .bd-categories i,\n\t.bdp_blog_template .bd-metacats i,\n\t.bdp_blog_template .category-link i,\n\t.bdp_blog_template .bd-tags i,\n\t.bdp_blog_template .bd-metacomments,\n\t.bdp_blog_template .date_wrap i,\n\t.bdp_blog_template .post-date,\n\t.bdp_blog_template .link-lable,\n\t.bdp_blog_template .datetime,\n\t.bdp_blog_template.glossary .post-author span,\n\t.bdp_blog_template .post_content-inner p,\n\t.bdp_blog_template .post_content,\n\t.bdp_blog_template .tags i {\n\t\tcolor:#000000;\t}\n\t.bdp_blog_template .bd-meta-data-box {\n\t\tcolor:#000000;\t}\n\t\t\t.bd-metadatabox {\n\t\t\tcolor:#000000;\t\t}\n\t\t.bd-link-label {\n\t\tcolor:#000000;\t}\n\t.bdp_blog_template a.bd-more-tag {\n\t\tbackground-color: #000000!important;\t\tcolor: #ffffff!important;\t}\n\t\t\t.bdp_blog_template a.bd-more-tag:hover {\n\t\t\tbackground-color: #ffffff!important;\t\t\tcolor: #000000!important;\t\t}\n\t\t.bdp_blog_template i {\n\t\tfont-style: normal !important;\n\t}\n\t\t\t.bd-tags,\n\t\tspan.bd-category-link,\n\t\t.bdp_blog_template .bd-categories,\n\t\t.bd-meta-data-box .bd-metacats,\n\t\t.bd-meta-data-box .bd-metacats a,\n\t\t.bd-meta-data-box .bd-metacomments a,\n\t\t.bdp_blog_template .bd-categories a,\n\t\t.bd-post-content a,\n\t\t.bd-tags a,\n\t\tspan.bd-category-link a,\n\t\t.bdp_blog_template .tags,\n\t\t.bdp_blog_template a {\n\t\t\tcolor:#000000 !important;\n\t\t\tfont-weight: normal !important;\n\t\t}\n\t\t\t\t.bd-meta-data-box .bd-metacats a:hover,\n\t\t.bd-meta-data-box .bd-metacomments a:hover,\n\t\t.bdp_blog_template .bd-categories a:hover,\n\t\t.spektrum .post-bottom .bd-categories a:hover,\n\t\t.bd-post-content a:hover,\n\t\t.bd-tags a:hover,\n\t\tspan.bd-category-link a:hover,\n\t\t.bdp_blog_template a:hover,\n\t\t.bd-post-content a:hover {\n\t\t\tcolor:#999999 !important;\n\t\t}\n\t\t\t\t.bdp_blog_template.evolution,\n\t\t.bdp_blog_template.lightbreeze {\n\t\t\tbackground: #ffffff;\n\t\t}\n\t\t\t\t\/**\n\t * 4.0 - Classical Template\n\t *\/\n\t.bdp_blog_template.classical .bd-blog-header .bd-tags {\n\t\tcolor: #000000;\t}\n\t\/**\n\t * 5.0 - Light Breeze Template\n\t *\/\n\t\/**\n\t * 6.0 - Spektrum Template\n\t *\/\n\t.bdp_blog_template.spektrum .bd-blog-header {\n\t\tbackground:#ffffff;\t}\n\t\t\t.spektrum .date {\n\t\t\tbackground-color: #000000;\n\t\t}\n\t\t\t\t.spektrum .post-bottom .bd-categories a {\n\t\t\tcolor: #000000;\n\t\t}\n\t\t\t\t.spektrum .details a {\n\t\t\tcolor :#ffffff !important;\n\t\t\tfont-size:14px;\t\t}\n\t\t\t\t.spektrum .details a:hover {\n\t\t\tcolor :#000000;\n\t\t}\n\t\t\/**\n\t * 7.0 - Evolution Template\n\t *\/\n\t\/**\n\t * 8.0 - Timeline Template\n\t *\/\n\t.timeline_bg_wrap:before {\n\t\tbackground: none repeat scroll 0 0 #ffffff;\n\t}\n\t.bd-datetime, .timeline_year span.year_wrap {\n\t\tbackground: none repeat scroll 0 0 #ffffff;\n\t}\n\t.bdp_blog_template.timeline .post_hentry > p > i {\n\t\tbackground: #ffffff;\t}\n\t.bdp_blog_template.timeline:nth-child(2n+1) .post_content_wrap:before,\n\t.bdp_blog_template.timeline:nth-child(2n+1) .post_content_wrap:after {\n\t\tborder-left: 8px solid #ffffff;\n\t}\n\t.rtl .bdp_blog_template.timeline:nth-child(2n+1) .post_content_wrap:before,\n\t.rtl .bdp_blog_template.timeline:nth-child(2n+1) .post_content_wrap:after {\n\t\tborder-right: 8px solid #ffffff;\n\t}\n\t.bdp_blog_template.timeline:nth-child(2n) .post_content_wrap:before,\n\t.bdp_blog_template.timeline:nth-child(2n) .post_content_wrap:after {\n\t\tborder-right: 8px solid #ffffff;\n\t}\n\t.rtl .bdp_blog_template.timeline:nth-child(2n) .post_content_wrap:before,\n\t.rtl .bdp_blog_template.timeline:nth-child(2n) .post_content_wrap:after {\n\t\tborder-left: 8px solid #ffffff;\n\t}\n\t.post_content_wrap {\n\t\tborder:1px solid #ffffff;\n\t}\n\t.bdp_blog_template .post_content_wrap .blog_footer {\n\t\tborder-top: 1px solid #ffffff ;\n\t}\n\t.bdp_blog_template .post-icon {\n\t\tbackground:#ffffff;\t}\n\t.bdp_blog_template.timeline .desc h3 a{\n\t\tcolor: #000000 !important;\t\tbackground:#ffffff !important;\t\tfont-size: 35px;\t}\n\n\t\/*media query*\/\n\t@media screen and (max-width: 991px) {\n\t\t.bdp_blog_template.timeline:nth-child(2n+1) .post_content_wrap:before,\n\t\t.bdp_blog_template.timeline:nth-child(2n+1) .post_content_wrap:after {\n\t\t\tborder-right: 8px solid #ffffff;\n\t\t}\n\t}\n\t\/**\n\t * 9.0 - News Template\n\t *\/\n\t\t\t.bdp_blog_template.news .bd-blog-header h2.title a{\n\t\t\tcolor: #000000;\t\t\tfont-size: 35px;\t\t}\n\t\t\/* .blog_template.boxy-clean .blog_header h2, *\/\n\t.bdp_blog_template.news .bd-blog-header h2.title{\n\t\tbackground: #ffffff\t}\n\t.bdp_blog_template.news {\n\t\tbackground-color: #ffffff\t}\n\t.bdp_blog_template.news a.bd-more-tag{\n\t\tfloat: right !important;\n\t}\n\t.blog_template.boxy-clean ul li:hover,\n\t.blog_template.boxy-clean ul li:hover .blog_header h2 {\n\t\tbackground: ;\n\t}\n\t.glossary .post_content-inner {\n\t\tborder-color: #ffffff;\t}\n\t.blog_template.boxy-clean .blog_wrap.bdp_blog_template .author {\n\t\tbackground: #ffffff;\t}\n\t\/** 10.0 - Sallet Template *\/\n\t.bdp_blog_template.sallet_slider .blog_header > div > div > div {\n\t\tbackground: #ffffff;\t}\n\t.bdp_blog_template.sallet_slider .blog_header > div > div > div::before {\n\t\tbackground: #ffffff none repeat scroll 0 0;\t}\n\t.bdp_blog_template.sallet_slider.right {\n\t\tbackground: #ffffff ;\t}\n\t.blog_template.sallet_slider .category-link a {\n\t\tbackground: #ffffff ;\t\tcolor: #fff !important;\n\t}\n\t\/** 11.0 - Media Grid Template *\/\n\t.bdp_blog_template.media-grid .blog_header h2 a {\n\t\tbackground: #ffffff\t}\n\t.bdp_blog_template.media-grid .bd-metacats {\n\t\tbackground: #ffffff\t}\n\n\t.bdp_blog_template.media-grid .bd-metacats:hover{\n\t\t\t}\n\n\t.bdp_blog_template.media-grid .post-meta .postdate {\n\t\tfont-size: 14px\t}\n\t\/** 12.0 - Crayon Slider Template *\/\n\t\t\t\/** 13.0 - Blog Carousel Template *\/\n\tli.blog_template.bdp_blog_template.blog_carousel {\n\t\tbackground: #ffffff\t}\n\t.blog_template.blog_carousel .blog_header:hover {\n\t\t}\n\t\/** 14.0 - Blog-Grid-Box Template *\/\n\t.blog_template.blog-grid-box .bd-more-next-line a {\n\t\tbackground: #000000;\t\tcolor: #ffffff\t}\n\t.blog_template.blog-grid-box .post-comment a,\n\t.blog_template.blog-grid-box .mauthor .author a,\n\t.blog_template.blog-grid-box .bd-metacats a,\n\t.blog_template.blog-grid-box .mdate a {\n\t\tcolor: #000000\t}\n\t.blog_template.blog-grid-box .post-comment a:hover,\n\t.blog_template.blog-grid-box .mauthor .author a:hover,\n\t.blog_template.blog-grid-box .bd-metacats a:hover,\n\t.blog_template.blog-grid-box .mdate a:hover {\n\t\tcolor: #999999\t}\n\t.blog_template.blog-grid-box .post_title a {\n\t\tcolor: #000000;background: #ffffff;font-size: 35px\t}\n\t.blog_template.blog-grid-box .post_content {\n\t\tcolor: #000000;font-size: 14px\t}\n\t.blog_template.blog-grid-box {\n\t\tbackground: #ffffff\t}\n\n\t\/** 15.0 - Ticker Template *\/\n\t#blog-ticker-style-1 {\n\t\tborder-color: #ffffff\t}\n\t#blog-ticker-style-1 .ticker-title {\n\t\tbackground-color: #ffffff\t}\n\t#blog-ticker-style-1 .ticker-style-title {\n\t\t\t}\n\t#blog-ticker-style-1 .ticker-title>span {\n\t\tborder-color: transparent transparent transparent#ffffff\t}\n\t#blog-ticker-style-1 .blog-tickers a:hover {\n\t\tcolor: #ffffff\t}\n\t#blog-ticker-style-1 .blog-tickers a {\n\t\tcolor: #000000\t}\n\t<\/style>\n<div class=\"bdp_wrapper\">\t\t<div class=\"blog_template bdp_blog_template classical\">\n\t\t\t\t\t\t<div class=\"bd-blog-header\">\n\t\t\t\t<h2><a href=\"https:\/\/www.mathydy.com\/us\/2025\/05\/05\/les-sacs-a-main-pour-femme\/\"><span>Maroquinerie : d\u00e9couvrir nos sacs \u00e0 main pour homme et femme<\/span><\/a><\/h2>\n\t\t\t\t\t\t\t<\/div>\n\t\t\t<div class=\"bd-post-content\">\n\t\t\t\tNos Sacs de luxe, une nouvelle vision du design africain Les sacs MATHYDY incarnent une nouvelle vision du luxe africain. Ils ne sont pas de simples accessoires de mode, mais de v\u00e9ritables pi\u00e8ces de caract\u00e8re, con\u00e7ues pour affirmer un style tout en valorisant une identit\u00e9 culturelle forte. Imagin\u00e9s au S\u00e9n\u00e9gal, au c\u0153ur d\u2019un continent riche en traditions et en cr\u00e9ativit\u00e9, ces sacs sont l\u2019expression d\u2019un artisanat d\u2019exception alli\u00e9 \u00e0 un design r\u00e9solument moderne. Le choix\t\t\t\t\t\t\t<\/div>\n\t\t\t<div class=\"bd-post-footer\">\n\t\t\t\t\t\t\t\t<a class=\"bd-more-tag\" href=\"https:\/\/www.mathydy.com\/us\/2025\/05\/05\/les-sacs-a-main-pour-femme\/\">Lire la suite <\/a>\t\t\t<\/div><\/div>\n\t\t\t\t<div class=\"blog_template bdp_blog_template classical\">\n\t\t\t\t\t\t<div class=\"bd-blog-header\">\n\t\t\t\t<h2><a href=\"https:\/\/www.mathydy.com\/us\/2025\/05\/05\/bijoux-au-senegal\/\"><span>Bijoux au S\u00e9n\u00e9gal : l\u2019\u00e9l\u00e9gance selon Mathydy<\/span><\/a><\/h2>\n\t\t\t\t\t\t\t<\/div>\n\t\t\t<div class=\"bd-post-content\">\n\t\t\t\tVous cherchez des bijoux pour femme, \u00a0pour votre homme ou une id\u00e9e de cadeau au S\u00e9n\u00e9gal ? Bienvenue chez Mathydy. Chez Mathydy, le bijou n\u2019est pas un simple accessoire. C\u2019est une affirmation d&rsquo;identit\u00e9, un vecteur de raffinement et une signature culturelle. Dans un monde o\u00f9 style occidental\u00a0 domine, nous proposons une vision audacieuse : celle de sublimer l\u2019Afrique \u00e0 travers des bijoux uniques au design minimalistes, modernes et profond\u00e9ment enracin\u00e9s dans notre h\u00e9ritage. &nbsp; Le\t\t\t\t\t\t\t<\/div>\n\t\t\t<div class=\"bd-post-footer\">\n\t\t\t\t\t\t\t\t<a class=\"bd-more-tag\" href=\"https:\/\/www.mathydy.com\/us\/2025\/05\/05\/bijoux-au-senegal\/\">Lire la suite <\/a>\t\t\t<\/div><\/div>\n\t\t\t\t<div class=\"blog_template bdp_blog_template classical\">\n\t\t\t\t\t\t<div class=\"bd-blog-header\">\n\t\t\t\t<h2><a href=\"https:\/\/www.mathydy.com\/us\/2025\/05\/05\/montres-homme\/\"><span>L\u2019horlogerie africaine au service de l\u2019\u00e9l\u00e9gance des hommes et femmes<\/span><\/a><\/h2>\n\t\t\t\t\t\t\t<\/div>\n\t\t\t<div class=\"bd-post-content\">\n\t\t\t\t&nbsp; Depuis sa cr\u00e9ation, Mathydy s\u2019impose comme une r\u00e9f\u00e9rence incontournable de l\u2019horlogerie africaine. Elle incarne le prestige et le mariage entre tradition et modernit\u00e9 \u00e0 travers une collection raffin\u00e9e de montres pour homme \u00a0femme, con\u00e7ues avec passion et savoir-faire. Chaque montre Mathydy est pens\u00e9e comme une \u0153uvre d\u2019art, inspir\u00e9e des cultures africaines et fabriqu\u00e9e pour ceux qui souhaitent affirmer leur style avec distinction. Des lignes \u00e9pur\u00e9es, des mat\u00e9riaux nobles et des d\u00e9tails uniques font de\t\t\t\t\t\t\t<\/div>\n\t\t\t<div class=\"bd-post-footer\">\n\t\t\t\t\t\t\t\t<a class=\"bd-more-tag\" href=\"https:\/\/www.mathydy.com\/us\/2025\/05\/05\/montres-homme\/\">Lire la suite <\/a>\t\t\t<\/div><\/div>\n\t\t\t\t<div class=\"blog_template bdp_blog_template classical\">\n\t\t\t\t\t\t<div class=\"bd-blog-header\">\n\t\t\t\t<h2><a href=\"https:\/\/www.mathydy.com\/us\/2023\/09\/22\/les-montres-mathydy-a-lheure-du-succes-selon-jeune-afrique\/\"><span>Les montres Mathydy \u00e0 l\u2019heure du succ\u00e8s selon Jeune Afrique<\/span><\/a><\/h2>\n\t\t\t\t\t\t\t<\/div>\n\t\t\t<div class=\"bd-post-content\">\n\t\t\t\t[vc_row][vc_column][vc_column_text] Les montres s\u00e9n\u00e9galaises Mathydy ont le vent en poupe D\u00e9j\u00e0 bien implant\u00e9e au S\u00e9n\u00e9gal, la marque a r\u00e9cemment ouvert un magasin \u00e0 Abidjan et souhaite d\u00e9velopper sa vente en ligne. Son design inspir\u00e9 du continent s\u00e9duit une client\u00e8le d\u2019affaires.[\/vc_column_text][\/vc_column][\/vc_row][vc_row][vc_column width=\u00a0\u00bb1\/2&Prime;][vc_single_image image=\u00a0\u00bb8875&Prime; img_size=\u00a0\u00bbfull\u00a0\u00bb][\/vc_column][vc_column width=\u00a0\u00bb1\/2&Prime;][vc_single_image image=\u00a0\u00bb8876&Prime; img_size=\u00a0\u00bbfull\u00a0\u00bb][\/vc_column][\/vc_row]\t\t\t\t\t\t\t<\/div>\n\t\t\t<div class=\"bd-post-footer\">\n\t\t\t\t\t\t\t\t<a class=\"bd-more-tag\" href=\"https:\/\/www.mathydy.com\/us\/2023\/09\/22\/les-montres-mathydy-a-lheure-du-succes-selon-jeune-afrique\/\">Lire la suite <\/a>\t\t\t<\/div><\/div>\n\t\t\t\t<div class=\"blog_template bdp_blog_template classical\">\n\t\t\t\t\t\t<div class=\"bd-blog-header\">\n\t\t\t\t<h2><a href=\"https:\/\/www.mathydy.com\/us\/2023\/09\/22\/montres-senegal\/\"><span>Le Journal \u00ab\u00a0Le Monde\u00a0\u00bb Parle de Mathydy<\/span><\/a><\/h2>\n\t\t\t\t\t\t\t<\/div>\n\t\t\t<div class=\"bd-post-content\">\n\t\t\t\tLe journal \u00ab\u00a0Le Monde\u00a0\u00bb Parle de Mathydy &nbsp; par Maryline Baumard Que son mari lui offre sa premi\u00e8re montre pour f\u00eater leur union aurait d\u00fb lui mettre la puce \u00e0 l\u2019oreille. Si Mathy L\u00f4 n\u2019a pas compris ce jour de janvier\u00a02013 que son idylle avec Idrissa serait aussi une histoire de montres, leurs premiers mois de mariage l\u2019ont vite ramen\u00e9e \u00e0 l\u2019\u00e9vidence. Depuis, la jeune femme a toujours l\u2019heure au poignet. Mais plus rien \u00e0\t\t\t\t\t\t\t<\/div>\n\t\t\t<div class=\"bd-post-footer\">\n\t\t\t\t\t\t\t\t<a class=\"bd-more-tag\" href=\"https:\/\/www.mathydy.com\/us\/2023\/09\/22\/montres-senegal\/\">Lire la suite <\/a>\t\t\t<\/div><\/div>\n\t\t<div class=\"wl_pagination_box bd_pagination_box  classical\"><nav class=\"navigation paging-navigation\" role=\"navigation\"><ul class='page-numbers'>\n\t<li><span aria-current=\"page\" class=\"page-numbers current\">1<\/span><\/li>\n\t<li><a class=\"page-numbers\" href=\"https:\/\/www.mathydy.com\/us\/wp-json\/wp\/v2\/pages\/7840\/page\/2\/\">2<\/a><\/li>\n\t<li><a class=\"next page-numbers\" href=\"https:\/\/www.mathydy.com\/us\/wp-json\/wp\/v2\/pages\/7840\/page\/2\/\">Next &rarr;<\/a><\/li>\n<\/ul>\n<\/nav><\/div><\/div>[\/vc_column_text][vc_empty_space height=\u00a0\u00bb20px\u00a0\u00bb][\/vc_column][vc_column width=\u00a0\u00bb1\/6&Prime;][\/vc_column][\/vc_row]<\/p>\n<\/section>","protected":false},"excerpt":{"rendered":"<p>[vc_row dfd_row_config=\u00a0\u00bbfull_width_content\u00a0\u00bb el_class=\u00a0\u00bbxs-fullwidth\u00a0\u00bb][vc_column][vc_single_image image=\u00a0\u00bb8668&Prime; img_size=\u00a0\u00bb1920&#215;1100&Prime; alignment=\u00a0\u00bbcenter\u00a0\u00bb onclick=\u00a0\u00bbcustom_link\u00a0\u00bb css=\u00a0\u00bb.vc_custom_1708520159466{background-image: url(https:\/\/mathydy.com\/last-version\/wp-content\/uploads\/2023\/09\/visuel-bussiness-23-1.jpg?id=8903) !important;background-position: center !important;background-repeat: no-repeat !important;background-size: cover !important;}\u00a0\u00bb link=\u00a0\u00bbhttps:\/\/mathydy.com\/wp-content\/uploads\/2023\/10\/KIT-media.pdf\u00a0\u00bb][vc_empty_space][\/vc_column][\/vc_row][vc_row full_width=\u00a0\u00bbstretch_row\u00a0\u00bb][vc_column][wdo_ult_video wdo_video_url=\u00a0\u00bbhttps:\/\/www.youtube.com\/watch?v=bxu3zxgjq9c&amp;t=1s&amp;ab_channel=MathydyTV\u00a0\u00bb wdo_video_width=\u00a0\u00bb1480&Prime; wdo_video_height=\u00a0\u00bb800&Prime;][vc_column_text] FRANCE 24 CHEZ MATHYDY \u00c0 DAKAR [\/vc_column_text][vc_empty_space height=\u00a0\u00bb12px\u00a0\u00bb][wdo_ult_video wdo_video_url=\u00a0\u00bbhttps:\/\/www.youtube.com\/watch?v=6iVzm2U29RI&amp;ab_channel=MathydyTV\u00a0\u00bb wdo_video_width=\u00a0\u00bb1480&Prime; wdo_video_height=\u00a0\u00bb800&Prime;][vc_column_text] MATHYDY \u00c0 ABIDJAN \u2013 LES COULISSES DU CHANTIER REPORTAGE BBC AFRIQUE [\/vc_column_text][vc_empty_space height=\u00a0\u00bb12px\u00a0\u00bb][\/vc_column][\/vc_row][vc_row][vc_column][vc_empty_space height=\u00a0\u00bb70px\u00a0\u00bb][\/vc_column][\/vc_row][vc_row][vc_column width=\u00a0\u00bb1\/6&Prime;][\/vc_column][vc_column width=\u00a0\u00bb2\/3&Prime;][vc_column_text][\/vc_column_text][vc_empty_space height=\u00a0\u00bb20px\u00a0\u00bb][\/vc_column][vc_column width=\u00a0\u00bb1\/6&Prime;][\/vc_column][\/vc_row]<\/p>\n","protected":false},"author":1,"featured_media":0,"parent":0,"menu_order":0,"comment_status":"closed","ping_status":"closed","template":"redux-templates_contained","meta":{"footnotes":""},"yst_prominent_words":[],"class_list":["post-7840","page","type-page","status-publish","hentry"],"_links":{"self":[{"href":"https:\/\/www.mathydy.com\/us\/wp-json\/wp\/v2\/pages\/7840"}],"collection":[{"href":"https:\/\/www.mathydy.com\/us\/wp-json\/wp\/v2\/pages"}],"about":[{"href":"https:\/\/www.mathydy.com\/us\/wp-json\/wp\/v2\/types\/page"}],"author":[{"embeddable":true,"href":"https:\/\/www.mathydy.com\/us\/wp-json\/wp\/v2\/users\/1"}],"replies":[{"embeddable":true,"href":"https:\/\/www.mathydy.com\/us\/wp-json\/wp\/v2\/comments?post=7840"}],"version-history":[{"count":3,"href":"https:\/\/www.mathydy.com\/us\/wp-json\/wp\/v2\/pages\/7840\/revisions"}],"predecessor-version":[{"id":54648,"href":"https:\/\/www.mathydy.com\/us\/wp-json\/wp\/v2\/pages\/7840\/revisions\/54648"}],"wp:attachment":[{"href":"https:\/\/www.mathydy.com\/us\/wp-json\/wp\/v2\/media?parent=7840"}],"wp:term":[{"taxonomy":"yst_prominent_words","embeddable":true,"href":"https:\/\/www.mathydy.com\/us\/wp-json\/wp\/v2\/yst_prominent_words?post=7840"}],"curies":[{"name":"wp","href":"https:\/\/api.w.org\/{rel}","templated":true}]}}