{"id":8163,"date":"2023-09-25T12:45:09","date_gmt":"2023-09-25T10:45:09","guid":{"rendered":"https:\/\/mathydy.com\/last-version\/?page_id=8163"},"modified":"2023-12-19T13:07:53","modified_gmt":"2023-12-19T12:07:53","slug":"integrer-notre-equipe","status":"publish","type":"page","link":"https:\/\/www.mathydy.com\/us\/integrer-notre-equipe\/","title":{"rendered":"Int\u00e9grer notre \u00e9quipe"},"content":{"rendered":"<section class=\"wpb-content-wrapper\"><p>[vc_row][vc_column][vc_column_text]<\/p>\n<h3 style=\"text-align: center;\">RECRUTEMENT: Cr\u00e9ateur(trice) de contenu multim\u00e9dia<\/h3>\n<p>&nbsp;<\/p>\n<p style=\"text-align: left;\"><span style=\"font-size: 14pt;\">Mathydy est \u00e0 la recherche de talents d\u2019exception. Nous souhaitons ajouter \u00e0 notre \u00e9quipe un cr\u00e9ateur de contenu multimedia (cin\u00e9matographie, photographie, vid\u00e9aste), engag\u00e9(e) et allum\u00e9(e).<\/span><br \/>\n<span style=\"font-size: 14pt;\">une personne qui saura suivre les \u00e9tapes de pr\u00e9production (sc\u00e9nario&#8230;) et de production (visuels, animations, motion design, montage)<\/span><\/p>\n<p style=\"text-align: left;\"><span style=\"font-size: 14pt;\">\u2022 Vous \u00eates pass\u00e9 ma\u00eetre dans l\u2019art de raconter une histoire dans une vari\u00e9t\u00e9 de m\u00e9dium.<\/span><br \/>\n<span style=\"font-size: 14pt;\">\u2022 Cr\u00e9ateur d\u2019images et de sc\u00e8nes fortes, vous \u00eates dot\u00e9 d\u2019une se<span class=\"text_exposed_show\">nsibilit\u00e9 et d\u2019une aptitude \u00e0 bien communiquer les id\u00e9es.<br \/>\n\u2022 Votre travail refl\u00e8te une qualit\u00e9 d\u2019ex\u00e9cution exceptionnelle.<br \/>\n\u2022 Vous \u00eates \u00e0 l\u2019aff\u00fbt des tendances, audacieux, autonome et cr\u00e9atif.<br \/>\nENVOYEZ VOTRE CANDIDATURE \u00c0 <span style=\"color: #000000; font-size: 18pt;\"><strong>recrutement@mathydy.com<\/strong><\/span><\/span><\/span><\/p>\n<p>[\/vc_column_text][\/vc_column][\/vc_row][vc_row][vc_column][vc_empty_space][\/vc_column][\/vc_row][vc_row][vc_column][vc_column_text]<\/p>\n<div class=\"vc_row vc-row-wrapper \" data-parallax_sense=\"30\">\n<div class=\"wpb_row row\">\n<div class=\"twelve columns vc-column-extra-class-5e0881be73771\" data-parallax_sense=\"30\">\n<div class=\"wpb_wrapper\">\n<div class=\"wpb_text_column wpb_content_element \">\n<div class=\"wpb_wrapper\">\n<h3 style=\"text-align: center;\">Sublimer les cultures Africaines et conqu\u00e9rir le futur de l&rsquo;horlogerie.<\/h3>\n<\/div>\n<\/div>\n<\/div>\n<\/div>\n<\/div>\n<\/div>\n<div><\/div>\n<p>[\/vc_column_text][\/vc_column][\/vc_row][vc_row][vc_column][vc_column_text css=\u00a0\u00bb.vc_custom_1702987071906{background-color: #ffffff !important;border-radius: 2px !important;}\u00a0\u00bb]<\/p>\n<div class=\"vc_row vc-row-wrapper \" data-parallax_sense=\"30\">\n<div class=\"wpb_row row\">\n<div class=\"twelve columns vc-column-extra-class-5e0881be73ed6\" data-parallax_sense=\"30\">\n<div class=\"wpb_wrapper\">\n<div class=\"wpb_text_column wpb_content_element \">\n<div class=\"wpb_wrapper\">\n<div style=\"text-align: left;\"><\/div>\n<div style=\"text-align: left;\"><span style=\"font-size: 14pt;\">Mathydy est une entreprise de design, de conception de montres et d\u2019accessoires d\u2019inspiration africaine, implant\u00e9e \u00e0 Dakar depuis 2014. Nous rentrons dans une phase de croissance et d\u2019expansion \u00e0 l\u2019international avec en ligne de mire, l\u2019int\u00e9gralit\u00e9 du Continent Noir, l\u2019Asie, l\u2019Europe et les USA. Vous souhaitez vous \u00e9panouir et \u00e9voluer au sein d\u2019un groupe jeune, dynamique et ambitieux\u00a0 ?<\/span><\/div>\n<div style=\"text-align: left;\"><\/div>\n<div style=\"text-align: left;\"><span style=\"font-size: 14pt;\">Nous vous donnons l\u2019opportunit\u00e9 de faire parti de notre aventure \u00e0 la conqu\u00eate du futur de l&rsquo;horlogerie et de la bijouterie. Vous \u00eates un amoureux de l\u2019Afrique et vous avez une conception \u00e9lev\u00e9e de la beaut\u00e9 culturelle du continent. Vous savez travailler en \u00e9quipe pour aider une entreprise \u00e0 d\u00e9velopper son chiffre d&rsquo;affaire et vous aimez vous fixer des d\u00e9fis de haute vol\u00e9e ? Vous souhaitez que votre passion pour le travail impact la vie de vos collaborateurs et de vos clients au quotidien en y insufflant un brin\u00a0 d&rsquo;excellence, d\u2019\u00e9l\u00e9gance et de bonheur ? Vous serez au sein d\u2019une \u00e9quipe de personnes cr\u00e9atives qui ne se fixent aucune limite et qui laissent libre cours \u00e0 leur imagination afin de proposer des produits haut de gamme de standards internationaux ainsi qu&rsquo;un service de vente sur internet et en magasin exceptionnel.<\/span><\/div>\n<\/div>\n<\/div>\n<\/div>\n<\/div>\n<\/div>\n<\/div>\n<div class=\"vc_row vc-row-wrapper \" data-parallax_sense=\"30\">\n<div class=\"wpb_row row\">\n<div class=\"twelve columns vc-column-extra-class-5e0881be745fd\" data-parallax_sense=\"30\">\n<div class=\"wpb_wrapper\">\n<div class=\"wpb_text_column wpb_content_element vc_custom_1577094823326\">\n<div class=\"wpb_wrapper\">\n<p style=\"text-align: left;\"><span style=\"font-size: 14pt;\"><strong>Vous pensez pouvoir faire passer Mathydy \u00e0 un standard sup\u00e9rieur d&rsquo;innnovation, de qualit\u00e9 et d&rsquo;\u00e9x\u00e9cution gr\u00e2ce \u00e0 votre talent et votre exp\u00e9rience ?\u00a0 Envoyer nous un mail ainsi qu\u2019une lettre de motivation \u00e0 <em>recrutement@mathydy.com <\/em>en indiquant en objet la mission que vous souhaitez prendre en charge\u00a0 au sein de notre \u00e9quipe.<\/strong><\/span><\/p>\n<p style=\"text-align: left;\"><span style=\"font-size: 14pt;\">L&rsquo;\u00e9quipe Mathydy.<\/span><\/p>\n<\/div>\n<\/div>\n<\/div>\n<\/div>\n<\/div>\n<\/div>\n<p>[\/vc_column_text][\/vc_column][\/vc_row][vc_row][vc_column][vc_empty_space][\/vc_column][\/vc_row]<\/p>\n<\/section>","protected":false},"excerpt":{"rendered":"<p>[vc_row][vc_column][vc_column_text] RECRUTEMENT: Cr\u00e9ateur(trice) de contenu multim\u00e9dia &nbsp; Mathydy est \u00e0 la recherche de talents d\u2019exception. Nous souhaitons ajouter \u00e0 notre \u00e9quipe un cr\u00e9ateur de contenu multimedia (cin\u00e9matographie, photographie, vid\u00e9aste), engag\u00e9(e) et allum\u00e9(e). une personne qui saura suivre les \u00e9tapes de pr\u00e9production (sc\u00e9nario&#8230;) et de production (visuels, animations, motion design, montage) \u2022 Vous \u00eates pass\u00e9 ma\u00eetre dans l\u2019art de raconter une histoire dans une vari\u00e9t\u00e9 de m\u00e9dium. \u2022 Cr\u00e9ateur d\u2019images et de sc\u00e8nes fortes, vous \u00eates &hellip; <a href=\"https:\/\/www.mathydy.com\/us\/integrer-notre-equipe\/\" class=\"more-link\">Continue reading <span class=\"screen-reader-text\">Int\u00e9grer notre \u00e9quipe<\/span><\/a><\/p>\n","protected":false},"author":1,"featured_media":0,"parent":0,"menu_order":0,"comment_status":"closed","ping_status":"closed","template":"redux-templates_full_width","meta":{"footnotes":""},"yst_prominent_words":[],"class_list":["post-8163","page","type-page","status-publish","hentry"],"_links":{"self":[{"href":"https:\/\/www.mathydy.com\/us\/wp-json\/wp\/v2\/pages\/8163"}],"collection":[{"href":"https:\/\/www.mathydy.com\/us\/wp-json\/wp\/v2\/pages"}],"about":[{"href":"https:\/\/www.mathydy.com\/us\/wp-json\/wp\/v2\/types\/page"}],"author":[{"embeddable":true,"href":"https:\/\/www.mathydy.com\/us\/wp-json\/wp\/v2\/users\/1"}],"replies":[{"embeddable":true,"href":"https:\/\/www.mathydy.com\/us\/wp-json\/wp\/v2\/comments?post=8163"}],"version-history":[{"count":0,"href":"https:\/\/www.mathydy.com\/us\/wp-json\/wp\/v2\/pages\/8163\/revisions"}],"wp:attachment":[{"href":"https:\/\/www.mathydy.com\/us\/wp-json\/wp\/v2\/media?parent=8163"}],"wp:term":[{"taxonomy":"yst_prominent_words","embeddable":true,"href":"https:\/\/www.mathydy.com\/us\/wp-json\/wp\/v2\/yst_prominent_words?post=8163"}],"curies":[{"name":"wp","href":"https:\/\/api.w.org\/{rel}","templated":true}]}}