{"id":53986,"date":"2023-12-22T12:34:41","date_gmt":"2023-12-22T11:34:41","guid":{"rendered":"https:\/\/www.mathydy.com\/us\/produit\/portefeuille\/"},"modified":"2025-12-12T12:46:02","modified_gmt":"2025-12-12T11:46:02","slug":"portefeuille","status":"publish","type":"product","link":"https:\/\/www.mathydy.com\/us\/produit\/portefeuille\/","title":{"rendered":"portefeuille"},"content":{"rendered":"<p><\/p>\n","protected":false},"excerpt":{"rendered":"<p>[vc_row][vc_column][vc_tta_accordion c_position=\u00a0\u00bbright\u00a0\u00bb active_section=\u00a0\u00bb1&Prime;][vc_tta_section title=\u00a0\u00bbD\u00e9scription\u00a0\u00bb tab_id=\u00a0\u00bb1695211853438-e824b518-1371a6c2-0c31&Prime;][vc_column_text el_class=\u00a0\u00bbproduit\u00a0\u00bb]<span style=\"font-family: futuraptlight\">Ce portefeuille pour homme en cuir bleu marine, noir ou marron portant nos motifs signature en couleur or, tient aussi bien dans une poche que dans un sac de travail.<\/span><br \/>\n<span style=\"font-family: futuraptlight\">Le porter sur vous, vous fait gagner en confiance et rehausse votre style.<\/span><br \/>\n<span style=\"font-family: futuraptlight\">Ces d\u00e9tails lui apportent une touche de luxe et du caract\u00e8re.<br \/>\nLargeur:\u200e 11,5 cm<br \/>\nHauteur:\u200e 10 cm<\/span>[\/vc_column_text][\/vc_tta_section][vc_tta_section title=\u00a0\u00bbLivraison\u00a0\u00bb tab_id=\u00a0\u00bb1695211927094-2f5841eb-a1b5a6c2-0c31&Prime;][vc_column_text]<span style=\"font-family: futuraptlight;color: #000000\"><span class=\"\" title=\"\">Nous exp\u00e9dions partout au S\u00e9n\u00e9gal, en Afrique, en Asie, en Europe et en Am\u00e9rique.<\/span> <span class=\"\" title=\"\">Vous pouvez payer en esp\u00e8ces \u00e0 la livraison au S\u00e9n\u00e9gal et par carte bancaire dans le monde entier.<\/span><\/span>[\/vc_column_text][\/vc_tta_section][\/vc_tta_accordion][\/vc_column][\/vc_row]<\/p>\n","protected":false},"featured_media":100000011300,"template":"","meta":[],"product_cat":[178],"product_tag":[],"class_list":{"0":"post-53986","1":"product","2":"type-product","3":"status-publish","4":"has-post-thumbnail","6":"product_cat-portefeuille","7":"pa_couleur-bleu","8":"pa_couleur-marron-fonce","9":"pa_couleur-noir","12":"outofstock","13":"taxable","14":"shipping-taxable","15":"purchasable","16":"product-type-variable","17":"has-default-attributes"},"_links":{"self":[{"href":"https:\/\/www.mathydy.com\/us\/wp-json\/wp\/v2\/product\/53986"}],"collection":[{"href":"https:\/\/www.mathydy.com\/us\/wp-json\/wp\/v2\/product"}],"about":[{"href":"https:\/\/www.mathydy.com\/us\/wp-json\/wp\/v2\/types\/product"}],"wp:featuredmedia":[{"embeddable":true,"href":"https:\/\/www.mathydy.com\/us\/wp-json\/"}],"wp:attachment":[{"href":"https:\/\/www.mathydy.com\/us\/wp-json\/wp\/v2\/media?parent=53986"}],"wp:term":[{"taxonomy":"product_cat","embeddable":true,"href":"https:\/\/www.mathydy.com\/us\/wp-json\/wp\/v2\/product_cat?post=53986"},{"taxonomy":"product_tag","embeddable":true,"href":"https:\/\/www.mathydy.com\/us\/wp-json\/wp\/v2\/product_tag?post=53986"}],"curies":[{"name":"wp","href":"https:\/\/api.w.org\/{rel}","templated":true}]}}