{"id":53996,"date":"2023-12-21T11:47:53","date_gmt":"2023-12-21T10:47:53","guid":{"rendered":"https:\/\/www.mathydy.com\/us\/produit\/royal\/"},"modified":"2024-02-20T14:12:34","modified_gmt":"2024-02-20T13:12:34","slug":"royal","status":"publish","type":"product","link":"https:\/\/www.mathydy.com\/us\/produit\/royal\/","title":{"rendered":"Royal"},"content":{"rendered":"<section class=\"wpb-content-wrapper\"><p>[vc_row][vc_column][vc_tta_accordion c_position=\u00a0\u00bbright\u00a0\u00bb active_section=\u00a0\u00bb1&Prime;][vc_tta_section title=\u00a0\u00bbD\u00e9scription\u00a0\u00bb tab_id=\u00a0\u00bb1695211853438-e824b518-13713510-62c8&Prime;][vc_column_text el_class=\u00a0\u00bbproduit\u00a0\u00bb]<span style=\"font-family: futuraptlight\">De la Collection Royalty \u00e0 la Collection Rainbow en passant par la Collection Noblesse, ce bracelet est interchangeable avec le bracelet de votre montre actuelle.<\/span>[\/vc_column_text][\/vc_tta_section][vc_tta_section title=\u00a0\u00bbD\u00e9tails produit\u00a0\u00bb tab_id=\u00a0\u00bb1695211953421-e6b9358e-bf3e3510-62c8&Prime;][vc_column_text el_class=\u00a0\u00bbproduit\u00a0\u00bb]<span style=\"font-family: futuraptlight\">Largeur:\u00a0 20 mm<\/span><\/p>\n<p><span style=\"font-family: futuraptlight\">Couleur: Blue<\/span><\/p>\n<p><span style=\"font-family: futuraptlight\">Couleur Boucle: Noir<\/span><\/p>\n<p><span style=\"font-family: futuraptlight\">Mati\u00e8re:\u00a0 Cuir croco<\/span><\/p>\n<p><span style=\"font-family: futuraptlight\">Type de bracelet: Interchangeable<\/span>[\/vc_column_text][\/vc_tta_section][vc_tta_section title=\u00a0\u00bbLivraison\u00a0\u00bb tab_id=\u00a0\u00bb1695211927094-2f5841eb-a1b53510-62c8&Prime;][vc_column_text]<span style=\"font-family: futuraptlight;color: #000000\"><span class=\"\" title=\"\">Nous exp\u00e9dions partout au S\u00e9n\u00e9gal, en Afrique, en Asie, en Europe et en Am\u00e9rique.<\/span> <span class=\"\" title=\"\">Vous pouvez payer en esp\u00e8ces \u00e0 la livraison au S\u00e9n\u00e9gal et par carte bancaire dans le monde entier.<\/span><\/span>[\/vc_column_text][\/vc_tta_section][\/vc_tta_accordion][\/vc_column][\/vc_row]<\/p>\n<\/section>","protected":false},"excerpt":{"rendered":"<p>[vc_row][vc_column][vc_tta_accordion c_position=\u00a0\u00bbright\u00a0\u00bb active_section=\u00a0\u00bb1&Prime;][vc_tta_section title=\u00a0\u00bbD\u00e9scription\u00a0\u00bb tab_id=\u00a0\u00bb1695211853438-e824b518-13713510-62c8&Prime;][vc_column_text el_class=\u00a0\u00bbproduit\u00a0\u00bb]De la Collection Royalty \u00e0 la Collection Rainbow en passant par la Collection Noblesse, ce bracelet est interchangeable avec le bracelet de votre montre actuelle.[\/vc_column_text][\/vc_tta_section][vc_tta_section title=\u00a0\u00bbD\u00e9tails produit\u00a0\u00bb tab_id=\u00a0\u00bb1695211953421-e6b9358e-bf3e3510-62c8&Prime;][vc_column_text el_class=\u00a0\u00bbproduit\u00a0\u00bb]Largeur:\u00a0 20 mm Couleur: Blue Couleur Boucle: Noir Mati\u00e8re:\u00a0 Cuir croco Type de bracelet: Interchangeable[\/vc_column_text][\/vc_tta_section][vc_tta_section title=\u00a0\u00bbLivraison\u00a0\u00bb tab_id=\u00a0\u00bb1695211927094-2f5841eb-a1b53510-62c8&Prime;][vc_column_text]Nous exp\u00e9dions partout au S\u00e9n\u00e9gal, en Afrique, en Asie, en Europe et en Am\u00e9rique. Vous pouvez payer en esp\u00e8ces \u00e0 la livraison au S\u00e9n\u00e9gal et par &hellip; <a href=\"https:\/\/www.mathydy.com\/us\/produit\/royal\/\" class=\"more-link\">Continue reading <span class=\"screen-reader-text\">Royal<\/span><\/a><\/p>\n","protected":false},"featured_media":100000011943,"template":"","meta":[],"product_cat":[202,203],"product_tag":[],"class_list":{"0":"post-53996","1":"product","2":"type-product","3":"status-publish","4":"has-post-thumbnail","6":"product_cat-stripe-fr","7":"product_cat-stripe-homme","10":"outofstock","11":"taxable","12":"shipping-taxable","13":"purchasable","14":"product-type-simple"},"_links":{"self":[{"href":"https:\/\/www.mathydy.com\/us\/wp-json\/wp\/v2\/product\/53996"}],"collection":[{"href":"https:\/\/www.mathydy.com\/us\/wp-json\/wp\/v2\/product"}],"about":[{"href":"https:\/\/www.mathydy.com\/us\/wp-json\/wp\/v2\/types\/product"}],"wp:featuredmedia":[{"embeddable":true,"href":"https:\/\/www.mathydy.com\/us\/wp-json\/"}],"wp:attachment":[{"href":"https:\/\/www.mathydy.com\/us\/wp-json\/wp\/v2\/media?parent=53996"}],"wp:term":[{"taxonomy":"product_cat","embeddable":true,"href":"https:\/\/www.mathydy.com\/us\/wp-json\/wp\/v2\/product_cat?post=53996"},{"taxonomy":"product_tag","embeddable":true,"href":"https:\/\/www.mathydy.com\/us\/wp-json\/wp\/v2\/product_tag?post=53996"}],"curies":[{"name":"wp","href":"https:\/\/api.w.org\/{rel}","templated":true}]}}