{"id":54019,"date":"2023-12-21T11:47:40","date_gmt":"2023-12-21T10:47:40","guid":{"rendered":"https:\/\/www.mathydy.com\/us\/produit\/mutapa\/"},"modified":"2025-08-21T13:45:44","modified_gmt":"2025-08-21T11:45:44","slug":"mutapa","status":"publish","type":"product","link":"https:\/\/www.mathydy.com\/us\/produit\/mutapa\/","title":{"rendered":"Mutapa"},"content":{"rendered":"<section class=\"wpb-content-wrapper\"><p>[vc_row][vc_column el_class=\u00a0\u00bbpersonnalisercart\u00a0\u00bb col_shadow=\u00a0\u00bbbox_shadow_enable:disable|shadow_horizontal:0|shadow_vertical:15|shadow_blur:50|shadow_spread:0|box_shadow_color:rgba(0%2C0%2C0%2C0.35)\u00a0\u00bb col_shadow_hover=\u00a0\u00bbbox_shadow_enable:disable|shadow_horizontal:0|shadow_vertical:15|shadow_blur:50|shadow_spread:0|box_shadow_color:rgba(0%2C0%2C0%2C0.35)\u00a0\u00bb][dfd_accordion style=\u00a0\u00bbstyle-8&Prime; active_section=\u00a0\u00bb0&Prime;][vc_tta_section i_position=\u00a0\u00bbright\u00a0\u00bb title=\u00a0\u00bbHistoire\u00a0\u00bb tab_id=\u00a0\u00bb1553781747762-9fad9be4-ba9725b0-83a77415-208a2c6c-0bee059d-1d8a\u00a0\u00bb add_icon=\u00a0\u00bbtrue\u00a0\u00bb i_icon_dfd_icons=\u00a0\u00bbdfd-socicon-plus\u00a0\u00bb][vc_column_text]<span style=\"font-family: futuraptlight\">L&rsquo;Empire du Monomotapa, aussi appel\u00e9 Empire du Grand Zimbabwe, Mwene Mutapa, Munhumutapa, ou Mutapa, \u00e9tait un royaume situ\u00e9 en Afrique australe et recouvrant les territoires des actuels Zimbabwe et Mozambique m\u00e9ridional, au sud du Zamb\u00e8ze. Sa capitale \u00e9tait le Grand Zimbabwe.<\/span>[\/vc_column_text][\/vc_tta_section][vc_tta_section i_position=\u00a0\u00bbright\u00a0\u00bb title=\u00a0\u00bbDescription\u00a0\u00bb tab_id=\u00a0\u00bb1553511468745-2751bcef-1da625b0-83a77415-208a2c6c-0bee059d-1d8a\u00a0\u00bb add_icon=\u00a0\u00bbtrue\u00a0\u00bb i_icon_dfd_icons=\u00a0\u00bbdfd-socicon-plus\u00a0\u00bb][vc_column_text]<span style=\"font-family: futuraptlight\">\u00a0De la Collection Royalty \u00e0 la Collection Rainbow en passant par la Collection Noblesse, ce bracelet est interchangeable avec le bracelet de votre montre actuelle.<\/span>[\/vc_column_text][\/vc_tta_section][vc_tta_section i_position=\u00a0\u00bbright\u00a0\u00bb title=\u00a0\u00bbProduct detail\u00a0\u00bb tab_id=\u00a0\u00bb1553511468796-cfe925b1-e55925b0-83a77415-208a2c6c-0bee059d-1d8a\u00a0\u00bb add_icon=\u00a0\u00bbtrue\u00a0\u00bb i_icon_dfd_icons=\u00a0\u00bbdfd-socicon-plus\u00a0\u00bb][vc_column_text]<span style=\"font-family: futuraptlight\">Largeur:\u00a0 18 mm<\/span><\/p>\n<p><span style=\"font-family: futuraptlight\">Couleur:\u00a0 marron<\/span><\/p>\n<p><span style=\"font-family: futuraptlight\">Couleur Boucle:\u00a0 Or<\/span><\/p>\n<p><span style=\"font-family: futuraptlight\">Mati\u00e8re:\u00a0 Cuir croco<\/span><\/p>\n<p><span style=\"font-family: futuraptlight\">Type de bracelet: Interchangeable<\/span>[\/vc_column_text][\/vc_tta_section][vc_tta_section i_position=\u00a0\u00bbright\u00a0\u00bb title=\u00a0\u00bbLivraison\u00a0\u00bb tab_id=\u00a0\u00bb1553511569694-223e78b1-0e9425b0-83a77415-208a2c6c-0bee059d-1d8a\u00a0\u00bb add_icon=\u00a0\u00bbtrue\u00a0\u00bb i_icon_dfd_icons=\u00a0\u00bbdfd-socicon-plus\u00a0\u00bb][vc_column_text]<\/p>\n<div class=\"wpb_row row\">\n<div class=\"twelve personnalisercart columns vc-column-extra-class-5e1eb6868d226\" data-parallax_sense=\"30\">\n<div class=\"wpb_wrapper\">\n<div id=\"tabid_5e1eb6868d98a\" class=\"dfd_tabs_block \">\n<div class=\"vc_tta-container\" data-vc-action=\"collapse\">\n<div class=\"vc_general vc_tta vc_tta-accordion vc_tta-style-style-8 vc_tta-o-shape-group vc_tta-controls-align-left dfd_accordion hide_separator show_underline style-8 \">\n<div class=\"vc_tta-panels-container style-8\">\n<div class=\"vc_tta-panels\">\n<div id=\"1553511569694-223e78b1-0e94ed8d-a6b7\" class=\"i_position_right vc_tta-panel vc_active\" data-vc-content=\".vc_tta-panel-body\">\n<div class=\"vc_tta-panel-body\">\n<div class=\"wpb_text_column wpb_content_element \">\n<div class=\"wpb_wrapper\">\n<div class=\"tlid-input input\">\n<div class=\"tlid-language-bar ls-wrap\">\n<div class=\"tl-wrap\">\n<div class=\"tl-more tlid-open-target-language-list\" role=\"button\" aria-label=\"Plus\"><span style=\"font-family: futuraptlight\"><span class=\"\" title=\"\">Nous exp\u00e9dions partout au S\u00e9n\u00e9gal, en Afrique, en Asie, en Europe et en Am\u00e9rique.<\/span> <span class=\"\" title=\"\">Vous pouvez payer en esp\u00e8ces \u00e0 la livraison au S\u00e9n\u00e9gal et par carte bancaire dans le monde entier.<\/span><\/span><\/div>\n<\/div>\n<\/div>\n<\/div>\n<\/div>\n<\/div>\n<\/div>\n<\/div>\n<\/div>\n<\/div>\n<\/div>\n<\/div>\n<\/div>\n<\/div>\n<\/div>\n<\/div>\n<p>[\/vc_column_text][\/vc_tta_section][\/dfd_accordion][\/vc_column][\/vc_row]<\/p>\n<\/section>","protected":false},"excerpt":{"rendered":"<p>[vc_row][vc_column el_class=\u00a0\u00bbpersonnalisercart\u00a0\u00bb col_shadow=\u00a0\u00bbbox_shadow_enable:disable|shadow_horizontal:0|shadow_vertical:15|shadow_blur:50|shadow_spread:0|box_shadow_color:rgba(0%2C0%2C0%2C0.35)\u00a0\u00bb col_shadow_hover=\u00a0\u00bbbox_shadow_enable:disable|shadow_horizontal:0|shadow_vertical:15|shadow_blur:50|shadow_spread:0|box_shadow_color:rgba(0%2C0%2C0%2C0.35)\u00a0\u00bb][dfd_accordion style=\u00a0\u00bbstyle-8&Prime; active_section=\u00a0\u00bb0&Prime;][vc_tta_section i_position=\u00a0\u00bbright\u00a0\u00bb title=\u00a0\u00bbHistoire\u00a0\u00bb tab_id=\u00a0\u00bb1553781747762-9fad9be4-ba9725b0-83a77415-208a2c6c-0bee059d-1d8a\u00a0\u00bb add_icon=\u00a0\u00bbtrue\u00a0\u00bb i_icon_dfd_icons=\u00a0\u00bbdfd-socicon-plus\u00a0\u00bb][vc_column_text]L&rsquo;Empire du Monomotapa, aussi appel\u00e9 Empire du Grand Zimbabwe, Mwene Mutapa, Munhumutapa, ou Mutapa, \u00e9tait un royaume situ\u00e9 en Afrique australe et recouvrant les territoires des actuels Zimbabwe et Mozambique m\u00e9ridional, au sud du Zamb\u00e8ze. Sa capitale \u00e9tait le Grand Zimbabwe.[\/vc_column_text][\/vc_tta_section][vc_tta_section i_position=\u00a0\u00bbright\u00a0\u00bb title=\u00a0\u00bbDescription\u00a0\u00bb tab_id=\u00a0\u00bb1553511468745-2751bcef-1da625b0-83a77415-208a2c6c-0bee059d-1d8a\u00a0\u00bb add_icon=\u00a0\u00bbtrue\u00a0\u00bb i_icon_dfd_icons=\u00a0\u00bbdfd-socicon-plus\u00a0\u00bb][vc_column_text]\u00a0De la Collection Royalty \u00e0 la Collection Rainbow en passant par la Collection Noblesse, ce bracelet est interchangeable avec le &hellip; <a href=\"https:\/\/www.mathydy.com\/us\/produit\/mutapa\/\" class=\"more-link\">Continue reading <span class=\"screen-reader-text\">Mutapa<\/span><\/a><\/p>\n","protected":false},"featured_media":100000011940,"template":"","meta":[],"product_cat":[204,202],"product_tag":[],"class_list":{"0":"post-54019","1":"product","2":"type-product","3":"status-publish","4":"has-post-thumbnail","6":"product_cat-stripe-femme","7":"product_cat-stripe-fr","10":"outofstock","11":"taxable","12":"shipping-taxable","13":"purchasable","14":"product-type-simple"},"_links":{"self":[{"href":"https:\/\/www.mathydy.com\/us\/wp-json\/wp\/v2\/product\/54019"}],"collection":[{"href":"https:\/\/www.mathydy.com\/us\/wp-json\/wp\/v2\/product"}],"about":[{"href":"https:\/\/www.mathydy.com\/us\/wp-json\/wp\/v2\/types\/product"}],"wp:featuredmedia":[{"embeddable":true,"href":"https:\/\/www.mathydy.com\/us\/wp-json\/"}],"wp:attachment":[{"href":"https:\/\/www.mathydy.com\/us\/wp-json\/wp\/v2\/media?parent=54019"}],"wp:term":[{"taxonomy":"product_cat","embeddable":true,"href":"https:\/\/www.mathydy.com\/us\/wp-json\/wp\/v2\/product_cat?post=54019"},{"taxonomy":"product_tag","embeddable":true,"href":"https:\/\/www.mathydy.com\/us\/wp-json\/wp\/v2\/product_tag?post=54019"}],"curies":[{"name":"wp","href":"https:\/\/api.w.org\/{rel}","templated":true}]}}