{"id":54022,"date":"2023-12-21T11:47:40","date_gmt":"2023-12-21T10:47:40","guid":{"rendered":"https:\/\/www.mathydy.com\/us\/produit\/djolof\/"},"modified":"2025-07-09T15:26:24","modified_gmt":"2025-07-09T13:26:24","slug":"djolof","status":"publish","type":"product","link":"https:\/\/www.mathydy.com\/us\/produit\/djolof\/","title":{"rendered":"Djolof"},"content":{"rendered":"","protected":false},"excerpt":{"rendered":"<p>[vc_row][vc_column][vc_tta_accordion c_position=\u00a0\u00bbright\u00a0\u00bb active_section=\u00a0\u00bb1&Prime;][vc_tta_section title=\u00a0\u00bbHistoire\u00a0\u00bb tab_id=\u00a0\u00bb1695211853429-aeebdfaa-ef94d5bc-0411&Prime;][vc_column_text el_class=\u00a0\u00bbproduit\u00a0\u00bb]<span style=\"font-family: futuraptlight\">Le Djolof \u00e9tait un empire situ\u00e9 dans l&rsquo;actuel S\u00e9n\u00e9gal qui d&rsquo;apr\u00e8s la tradition fut fond\u00e9 par Ndiadiane Ndiaye, premier bourba djolof. Celui-ci avait \u00e9t\u00e9 \u00e9lu comme chef dans ce qui allait devenir le royaume du Oualo, au nord-ouest de l&rsquo;actuel S\u00e9n\u00e9gal, dans la r\u00e9gion du fleuve.<\/span>[\/vc_column_text][\/vc_tta_section][vc_tta_section title=\u00a0\u00bbD\u00e9scription\u00a0\u00bb tab_id=\u00a0\u00bb1695211853438-e824b518-1371d5bc-0411&Prime;][vc_column_text]<span style=\"font-family: futuraptlight\">\u00a0De la Collection Royalty \u00e0 la Collection Rainbow en passant par la Collection Noblesse, ce bracelet est interchangeable avec le bracelet de votre montre actuelle.<\/span>[\/vc_column_text][\/vc_tta_section][vc_tta_section title=\u00a0\u00bbD\u00e9tails produit\u00a0\u00bb tab_id=\u00a0\u00bb1695211953421-e6b9358e-bf3ed5bc-0411&Prime;][vc_column_text el_class=\u00a0\u00bbproduit\u00a0\u00bb]<span style=\"font-family: futuraptlight\">Largeur:\u00a0 18 mm<\/span><\/p>\n<p><span style=\"font-family: futuraptlight\">Couleur:\u00a0 Gris<\/span><\/p>\n<p><span style=\"font-family: futuraptlight\">Couleur Boucle:\u00a0 Or<\/span><\/p>\n<p><span style=\"font-family: futuraptlight\">Mati\u00e8re:\u00a0 Cuir\u00a0<\/span><\/p>\n<p><span style=\"font-family: futuraptlight\">Type de bracelet: Interchangeable<\/span>[\/vc_column_text][\/vc_tta_section][vc_tta_section title=\u00a0\u00bbLivraison\u00a0\u00bb tab_id=\u00a0\u00bb1695211927094-2f5841eb-a1b5d5bc-0411&Prime;][vc_column_text]<span style=\"font-family: futuraptlight;color: #000000\"><span class=\"\" title=\"\">Nous exp\u00e9dions partout au S\u00e9n\u00e9gal, en Afrique, en Asie, en Europe et en Am\u00e9rique.<\/span> <span class=\"\" title=\"\">Vous pouvez payer en esp\u00e8ces \u00e0 la livraison au S\u00e9n\u00e9gal et par carte bancaire dans le monde entier.<\/span><\/span>[\/vc_column_text][\/vc_tta_section][\/vc_tta_accordion][\/vc_column][\/vc_row]<\/p>\n","protected":false},"featured_media":100000012000,"template":"","meta":[],"product_cat":[204,202],"product_tag":[],"class_list":{"0":"post-54022","1":"product","2":"type-product","3":"status-publish","4":"has-post-thumbnail","6":"product_cat-stripe-femme","7":"product_cat-stripe-fr","10":"instock","11":"taxable","12":"shipping-taxable","13":"purchasable","14":"product-type-simple"},"_links":{"self":[{"href":"https:\/\/www.mathydy.com\/us\/wp-json\/wp\/v2\/product\/54022"}],"collection":[{"href":"https:\/\/www.mathydy.com\/us\/wp-json\/wp\/v2\/product"}],"about":[{"href":"https:\/\/www.mathydy.com\/us\/wp-json\/wp\/v2\/types\/product"}],"wp:featuredmedia":[{"embeddable":true,"href":"https:\/\/www.mathydy.com\/us\/wp-json\/"}],"wp:attachment":[{"href":"https:\/\/www.mathydy.com\/us\/wp-json\/wp\/v2\/media?parent=54022"}],"wp:term":[{"taxonomy":"product_cat","embeddable":true,"href":"https:\/\/www.mathydy.com\/us\/wp-json\/wp\/v2\/product_cat?post=54022"},{"taxonomy":"product_tag","embeddable":true,"href":"https:\/\/www.mathydy.com\/us\/wp-json\/wp\/v2\/product_tag?post=54022"}],"curies":[{"name":"wp","href":"https:\/\/api.w.org\/{rel}","templated":true}]}}