{"id":54026,"date":"2023-12-21T11:47:39","date_gmt":"2023-12-21T10:47:39","guid":{"rendered":"https:\/\/www.mathydy.com\/us\/produit\/kongo\/"},"modified":"2024-02-20T14:15:29","modified_gmt":"2024-02-20T13:15:29","slug":"kongo","status":"publish","type":"product","link":"https:\/\/www.mathydy.com\/us\/produit\/kongo\/","title":{"rendered":"Kongo"},"content":{"rendered":"","protected":false},"excerpt":{"rendered":"<p>[vc_row][vc_column][vc_tta_accordion c_position=\u00a0\u00bbright\u00a0\u00bb active_section=\u00a0\u00bb1&Prime;][vc_tta_section title=\u00a0\u00bbHistoire\u00a0\u00bb tab_id=\u00a0\u00bb1695211853429-aeebdfaa-ef94d5bc-0411&Prime;][vc_column_text el_class=\u00a0\u00bbproduit\u00a0\u00bb]<span style=\"font-family: futuraptlight\">Le royaume du Kongo \u00e9tait un royaume mais aussi un empire de l&rsquo;Afrique du Sud-Ouest, situ\u00e9 dans des territoires du nord de l&rsquo;Angola, de Cabinda, du sud de la r\u00e9publique du Congo, de l&rsquo;extr\u00e9mit\u00e9 occidentale de la r\u00e9publique d\u00e9mocratique du Congo et du sud du Gabon.<\/span>[\/vc_column_text][\/vc_tta_section][vc_tta_section title=\u00a0\u00bbD\u00e9scription\u00a0\u00bb tab_id=\u00a0\u00bb1695211853438-e824b518-1371d5bc-0411&Prime;][vc_column_text]<span style=\"font-family: futuraptlight\">\u00a0De la Collection Royalty \u00e0 la Collection Rainbow en passant par la Collection Noblesse, ce bracelet est interchangeable avec le bracelet de votre montre actuelle.<\/span>[\/vc_column_text][\/vc_tta_section][vc_tta_section title=\u00a0\u00bbD\u00e9tails produit\u00a0\u00bb tab_id=\u00a0\u00bb1695211953421-e6b9358e-bf3ed5bc-0411&Prime;][vc_column_text el_class=\u00a0\u00bbproduit\u00a0\u00bb]<span style=\"font-family: futuraptlight\">Largeur:\u00a0 18 mm<\/span><\/p>\n<p><span style=\"font-family: futuraptlight\">Couleur:\u00a0 Bleu<\/span><\/p>\n<p><span style=\"font-family: futuraptlight\">Couleur Boucle:\u00a0 Gold<\/span><\/p>\n<p><span style=\"font-family: futuraptlight\">Mati\u00e8re:\u00a0 Cuir lisse<\/span><\/p>\n<p><span style=\"font-family: futuraptlight\">Type de bracelet: Interchangeable<\/span>[\/vc_column_text][\/vc_tta_section][vc_tta_section title=\u00a0\u00bbLivraison\u00a0\u00bb tab_id=\u00a0\u00bb1695211927094-2f5841eb-a1b5d5bc-0411&Prime;][vc_column_text]<span style=\"font-family: futuraptlight;color: #000000\"><span class=\"\" title=\"\">Nous exp\u00e9dions partout au S\u00e9n\u00e9gal, en Afrique, en Asie, en Europe et en Am\u00e9rique.<\/span> <span class=\"\" title=\"\">Vous pouvez payer en esp\u00e8ces \u00e0 la livraison au S\u00e9n\u00e9gal et par carte bancaire dans le monde entier.<\/span><\/span>[\/vc_column_text][\/vc_tta_section][\/vc_tta_accordion][\/vc_column][\/vc_row]<\/p>\n","protected":false},"featured_media":100000012009,"template":"","meta":[],"product_cat":[204,202],"product_tag":[],"class_list":{"0":"post-54026","1":"product","2":"type-product","3":"status-publish","4":"has-post-thumbnail","6":"product_cat-stripe-femme","7":"product_cat-stripe-fr","10":"outofstock","11":"taxable","12":"shipping-taxable","13":"purchasable","14":"product-type-simple"},"_links":{"self":[{"href":"https:\/\/www.mathydy.com\/us\/wp-json\/wp\/v2\/product\/54026"}],"collection":[{"href":"https:\/\/www.mathydy.com\/us\/wp-json\/wp\/v2\/product"}],"about":[{"href":"https:\/\/www.mathydy.com\/us\/wp-json\/wp\/v2\/types\/product"}],"wp:featuredmedia":[{"embeddable":true,"href":"https:\/\/www.mathydy.com\/us\/wp-json\/"}],"wp:attachment":[{"href":"https:\/\/www.mathydy.com\/us\/wp-json\/wp\/v2\/media?parent=54026"}],"wp:term":[{"taxonomy":"product_cat","embeddable":true,"href":"https:\/\/www.mathydy.com\/us\/wp-json\/wp\/v2\/product_cat?post=54026"},{"taxonomy":"product_tag","embeddable":true,"href":"https:\/\/www.mathydy.com\/us\/wp-json\/wp\/v2\/product_tag?post=54026"}],"curies":[{"name":"wp","href":"https:\/\/api.w.org\/{rel}","templated":true}]}}