{"id":54045,"date":"2023-12-20T17:19:38","date_gmt":"2023-12-20T16:19:38","guid":{"rendered":"https:\/\/www.mathydy.com\/us\/produit\/gold-3\/"},"modified":"2026-04-09T15:23:00","modified_gmt":"2026-04-09T13:23:00","slug":"gold-3","status":"publish","type":"product","link":"https:\/\/www.mathydy.com\/us\/produit\/gold-3\/","title":{"rendered":"Gold"},"content":{"rendered":"","protected":false},"excerpt":{"rendered":"<p>[vc_row][vc_column][vc_tta_accordion c_position=\u00a0\u00bbright\u00a0\u00bb active_section=\u00a0\u00bb1&Prime;][vc_tta_section title=\u00a0\u00bbD\u00e9scription\u00a0\u00bb tab_id=\u00a0\u00bb1695211853438-e824b518-1371ced5-c302&Prime;][vc_column_text el_class=\u00a0\u00bbproduit\u00a0\u00bb]Carte Cadeau Mathydy valable pendant 1 an \u00e0 compter de sa date d\u2019achat et valable uniquement dans les boutiques Mathydy au S\u00e9n\u00e9gal et en C\u00f4te d&rsquo;Ivoire. Cette carte est valable en une seule fois, \u00e0 hauteur de son montant et peut \u00eatre compl\u00e9t\u00e9 par un autre moyen de paiement au besoin. En cas d&rsquo;achat d&rsquo;un panier d&rsquo;articles dont le montant est inf\u00e9rieur \u00e0 la valeur de la carte, le reliquat ne peut \u00eatre rembourser.\u00a0 La carte ne peut donner lieu \u00e0 aucun \u00e9change ou remboursement, m\u00eame partiel en cas de perte, vol ou d\u00e9t\u00e9rioration. Ne pas gratter la carte avant de se pr\u00e9senter en boutique.[\/vc_column_text][\/vc_tta_section][vc_tta_section title=\u00a0\u00bbLivraison\u00a0\u00bb tab_id=\u00a0\u00bb1695211927094-2f5841eb-a1b5ced5-c302&Prime;][vc_column_text el_class=\u00a0\u00bbproduit\u00a0\u00bb]<span style=\"font-family: futuraptlight\"><span class=\"\" title=\"\">Livraison disponible uniquement pour le S\u00e9n\u00e9gal.<\/span><\/span>[\/vc_column_text][\/vc_tta_section][\/vc_tta_accordion][\/vc_column][\/vc_row]<\/p>\n","protected":false},"featured_media":100000057284,"template":"","meta":[],"product_cat":[199],"product_tag":[],"class_list":{"0":"post-54045","1":"product","2":"type-product","3":"status-publish","4":"has-post-thumbnail","6":"product_cat-carte-cadeau-sn","9":"instock","10":"taxable","11":"shipping-taxable","12":"product-type-simple"},"_links":{"self":[{"href":"https:\/\/www.mathydy.com\/us\/wp-json\/wp\/v2\/product\/54045"}],"collection":[{"href":"https:\/\/www.mathydy.com\/us\/wp-json\/wp\/v2\/product"}],"about":[{"href":"https:\/\/www.mathydy.com\/us\/wp-json\/wp\/v2\/types\/product"}],"wp:featuredmedia":[{"embeddable":true,"href":"https:\/\/www.mathydy.com\/us\/wp-json\/"}],"wp:attachment":[{"href":"https:\/\/www.mathydy.com\/us\/wp-json\/wp\/v2\/media?parent=54045"}],"wp:term":[{"taxonomy":"product_cat","embeddable":true,"href":"https:\/\/www.mathydy.com\/us\/wp-json\/wp\/v2\/product_cat?post=54045"},{"taxonomy":"product_tag","embeddable":true,"href":"https:\/\/www.mathydy.com\/us\/wp-json\/wp\/v2\/product_tag?post=54045"}],"curies":[{"name":"wp","href":"https:\/\/api.w.org\/{rel}","templated":true}]}}