{"id":54068,"date":"2023-12-20T17:18:33","date_gmt":"2023-12-20T16:18:33","guid":{"rendered":"https:\/\/www.mathydy.com\/us\/?post_type=product&#038;p=54068"},"modified":"2026-02-12T14:40:21","modified_gmt":"2026-02-12T13:40:21","slug":"yidma","status":"publish","type":"product","link":"https:\/\/www.mathydy.com\/us\/produit\/yidma\/","title":{"rendered":"Yidma"},"content":{"rendered":"","protected":false},"excerpt":{"rendered":"<p>[vc_row][vc_column][vc_tta_accordion c_position=\u00a0\u00bbright\u00a0\u00bb active_section=\u00a0\u00bb1&Prime;][vc_tta_section title=\u00a0\u00bbHistoire\u00a0\u00bb tab_id=\u00a0\u00bb1695211853429-aeebdfaa-ef9485b2-c3b4&Prime;][vc_column_text el_class=\u00a0\u00bbproduit\u00a0\u00bb]Yidma<span style=\"font-family: futuraptlight\">\u00a0signifie \u00abje t&rsquo;aime\u00bb en Peul.<\/span><\/p>\n<p>[\/vc_column_text][\/vc_tta_section][vc_tta_section title=\u00a0\u00bbD\u00e9scription\u00a0\u00bb tab_id=\u00a0\u00bb1695211853438-e824b518-137185b2-c3b4&Prime;][vc_column_text el_class=\u00a0\u00bbproduit\u00a0\u00bb]<span style=\"font-family: futuraptlight\">Le\u00a0 coffret Yidma propose notre signature unique de montre Askala. Assis sur le tr\u00f4ne avec notre montre Askia d\u00e9di\u00e9e aux hommes qui ont l\u2019\u00e9tat d\u2019esprit du conqu\u00e9rant. Cette bo\u00eete est destin\u00e9e aux couples de haut rang de la soci\u00e9t\u00e9. Ceux qui cherchent \u00e0 \u00eatre un couple puissant et qui cherchent non seulement \u00e0 vivre l\u2019amour. <\/span><span style=\"font-family: futuraptlight\">\u00a0<\/span>[\/vc_column_text][\/vc_tta_section][vc_tta_section title=\u00a0\u00bbLivraison\u00a0\u00bb tab_id=\u00a0\u00bb1695211927094-2f5841eb-a1b585b2-c3b4&Prime;][vc_column_text]<span style=\"font-family: futuraptlight;color: #000000\"><span class=\"\" title=\"\">Nous exp\u00e9dions partout au S\u00e9n\u00e9gal, en Afrique, en Asie, en Europe et en Am\u00e9rique.<\/span> <span class=\"\" title=\"\">Vous pouvez payer en esp\u00e8ces \u00e0 la livraison au S\u00e9n\u00e9gal et par carte bancaire dans le monde entier.<\/span><\/span>[\/vc_column_text][\/vc_tta_section][\/vc_tta_accordion][\/vc_column][\/vc_row]<\/p>\n","protected":false},"featured_media":100000061580,"template":"","meta":[],"product_cat":[195,191,192],"product_tag":[],"class_list":{"0":"post-54068","1":"product","2":"type-product","3":"status-publish","4":"has-post-thumbnail","6":"product_cat-coffret-fete","7":"product_cat-coffrets","8":"product_cat-coffrets-couples","11":"instock","12":"taxable","13":"shipping-taxable","14":"purchasable","15":"product-type-simple"},"_links":{"self":[{"href":"https:\/\/www.mathydy.com\/us\/wp-json\/wp\/v2\/product\/54068"}],"collection":[{"href":"https:\/\/www.mathydy.com\/us\/wp-json\/wp\/v2\/product"}],"about":[{"href":"https:\/\/www.mathydy.com\/us\/wp-json\/wp\/v2\/types\/product"}],"wp:featuredmedia":[{"embeddable":true,"href":"https:\/\/www.mathydy.com\/us\/wp-json\/"}],"wp:attachment":[{"href":"https:\/\/www.mathydy.com\/us\/wp-json\/wp\/v2\/media?parent=54068"}],"wp:term":[{"taxonomy":"product_cat","embeddable":true,"href":"https:\/\/www.mathydy.com\/us\/wp-json\/wp\/v2\/product_cat?post=54068"},{"taxonomy":"product_tag","embeddable":true,"href":"https:\/\/www.mathydy.com\/us\/wp-json\/wp\/v2\/product_tag?post=54068"}],"curies":[{"name":"wp","href":"https:\/\/api.w.org\/{rel}","templated":true}]}}