{"id":54131,"date":"2023-12-20T17:18:11","date_gmt":"2023-12-20T16:18:11","guid":{"rendered":"https:\/\/www.mathydy.com\/us\/produit\/guidelam\/"},"modified":"2026-02-16T10:31:47","modified_gmt":"2026-02-16T09:31:47","slug":"guidelam","status":"publish","type":"product","link":"https:\/\/www.mathydy.com\/us\/produit\/guidelam\/","title":{"rendered":"Guidelam"},"content":{"rendered":"","protected":false},"excerpt":{"rendered":"<p>[vc_row][vc_column][vc_tta_accordion c_position=\u00a0\u00bbright\u00a0\u00bb active_section=\u00a0\u00bb1&Prime;][vc_tta_section title=\u00a0\u00bbHistoire\u00a0\u00bb tab_id=\u00a0\u00bb1695211853429-aeebdfaa-ef94bcb3-ffef\u00a0\u00bb][vc_column_text el_class=\u00a0\u00bbproduit\u00a0\u00bb]Guidelam signifie amour en Pulaar. Le pulaar est la langue maternelle des groupes ethniques peuls. Parmi eux, les Toucouleurs de la vall\u00e9e du fleuve S\u00e9n\u00e9gal et les Peuls du delta int\u00e9rieur du Niger au Mali.[\/vc_column_text][\/vc_tta_section][vc_tta_section title=\u00a0\u00bbD\u00e9scription\u00a0\u00bb tab_id=\u00a0\u00bb1695211853438-e824b518-1371bcb3-ffef\u00a0\u00bb][vc_column_text el_class=\u00a0\u00bbproduit\u00a0\u00bb]Le Box Guidelam propose nos signatures uniques de montres en cuir noir. Notre l\u00e9gendaire montre Samory d\u00e9di\u00e9e aux hommes aguerris et pr\u00eats au combat qui n&rsquo;h\u00e9sitent pas \u00e0 se mettre en danger pour leur partenaire. Assise sur le tr\u00f4ne avec la Sarraounia, la montre unique qui s&rsquo;accorde parfaitement avec la Samory, signe de beaut\u00e9 et de royaut\u00e9 qui plaira aux femmes qui refusent de s&rsquo;installer dans la m\u00e9diocratie et veulent avoir une place de choix dans le c\u0153ur de leurs hommes. Le box Guidelam s&rsquo;adresse aux couples d\u00e9sireux de renforcer le fait que vivre le v\u00e9ritable amour est possible et que l&rsquo;excellence est requise dans leur relation. [\/vc_column_text][\/vc_tta_section][vc_tta_section title=\u00a0\u00bbLivraison\u00a0\u00bb tab_id=\u00a0\u00bb1695211927094-2f5841eb-a1b5bcb3-ffef\u00a0\u00bb][vc_column_text]Nous exp\u00e9dions partout au S\u00e9n\u00e9gal, en Afrique, en Asie, en Europe et en Am\u00e9rique. Vous pouvez payer en esp\u00e8ces \u00e0 la livraison au S\u00e9n\u00e9gal et par carte bancaire dans le monde entier.[\/vc_column_text][\/vc_tta_section][\/vc_tta_accordion][\/vc_column][\/vc_row]<\/p>\n","protected":false},"featured_media":100000061578,"template":"","meta":[],"product_cat":[191,192],"product_tag":[],"class_list":{"0":"post-54131","1":"product","2":"type-product","3":"status-publish","4":"has-post-thumbnail","6":"product_cat-coffrets","7":"product_cat-coffrets-couples","10":"outofstock","11":"taxable","12":"shipping-taxable","13":"purchasable","14":"product-type-simple"},"_links":{"self":[{"href":"https:\/\/www.mathydy.com\/us\/wp-json\/wp\/v2\/product\/54131"}],"collection":[{"href":"https:\/\/www.mathydy.com\/us\/wp-json\/wp\/v2\/product"}],"about":[{"href":"https:\/\/www.mathydy.com\/us\/wp-json\/wp\/v2\/types\/product"}],"wp:featuredmedia":[{"embeddable":true,"href":"https:\/\/www.mathydy.com\/us\/wp-json\/"}],"wp:attachment":[{"href":"https:\/\/www.mathydy.com\/us\/wp-json\/wp\/v2\/media?parent=54131"}],"wp:term":[{"taxonomy":"product_cat","embeddable":true,"href":"https:\/\/www.mathydy.com\/us\/wp-json\/wp\/v2\/product_cat?post=54131"},{"taxonomy":"product_tag","embeddable":true,"href":"https:\/\/www.mathydy.com\/us\/wp-json\/wp\/v2\/product_tag?post=54131"}],"curies":[{"name":"wp","href":"https:\/\/api.w.org\/{rel}","templated":true}]}}