{"id":54150,"date":"2023-12-20T15:45:22","date_gmt":"2023-12-20T14:45:22","guid":{"rendered":"https:\/\/www.mathydy.com\/us\/produit\/petite-demoiselle-de-zanzibar\/"},"modified":"2025-11-06T16:27:00","modified_gmt":"2025-11-06T15:27:00","slug":"petite-demoiselle-de-zanzibar","status":"publish","type":"product","link":"https:\/\/www.mathydy.com\/us\/produit\/petite-demoiselle-de-zanzibar\/","title":{"rendered":"petite demoiselle de zanzibar"},"content":{"rendered":"","protected":false},"excerpt":{"rendered":"<p>[vc_row][vc_column][vc_tta_accordion c_position=\u00a0\u00bbright\u00a0\u00bb active_section=\u00a0\u00bb1&Prime;][vc_tta_section title=\u00a0\u00bbHistoire\u00a0\u00bb tab_id=\u00a0\u00bb1695211853429-aeebdfaa-ef944e3e-5f4c\u00a0\u00bb][vc_column_text el_class=\u00a0\u00bbproduit\u00a0\u00bb]<span style=\"font-family: futuraptlight\"><b data-stringify-type=\"bold\">Zanzibar<\/b>, en\u00a0swahili\u00a0<i data-stringify-type=\"italic\">Funguvisiwa ya Zanzibar<\/i>, est un\u00a0archipel\u00a0situ\u00e9 en face des c\u00f4tes de la Tanzanie, form\u00e9 de deux\u00a0\u00eeles\u00a0principales\u00a0Unguja\u00a0et\u00a0Pemba.\u00a0 Elle constitue l\u2019une des plus belles destinations baln\u00e9aires africaines. C\u00e9l\u00e8bre pour ses couchers de Soleil f\u00e9\u00e9riques et ses plages paradisiaques \u00e0 l\u2019instar de Blue Bay, elle offre \u00e9galement\u00a0 une beaut\u00e9 naturelle luxuriante de par ses for\u00eat tropicales et ses r\u00e9cifs coraliens.<\/span>[\/vc_column_text][\/vc_tta_section][vc_tta_section title=\u00a0\u00bbD\u00e9tails produit\u00a0\u00bb tab_id=\u00a0\u00bb1695211953421-e6b9358e-bf3e4e3e-5f4c\u00a0\u00bb][vc_column_text el_class=\u00a0\u00bbproduit\u00a0\u00bb]<span style=\"font-family: futuraptlight\">Cuir lisse v\u00e9ritable et acier inoxydable plaqu\u00e9 couleur or.<\/span><\/p>\n<p><span style=\"font-family: futuraptlight\">Dimension : Hauteur 14 cm, Largeur 30 cm, \u00e9paisseur 10 cm.<\/span><\/p>\n<p><span style=\"font-family: futuraptlight\">Couleur : jaune<\/span><span style=\"font-family: futuraptlight\">.[\/vc_column_text][\/vc_tta_section][vc_tta_section title=\u00a0\u00bbLivraison\u00a0\u00bb tab_id=\u00a0\u00bb1695211927094-2f5841eb-a1b541e5-06c8&Prime;][vc_column_text el_class=\u00a0\u00bbproduit\u00a0\u00bb]Livraison disponible o\u00f9 que vous soyez. Paiement par carte bancaire, mobile money ou en esp\u00e8ces \u00e0 la livraison disponible. Aucun retour, changement de pi\u00e8ce ou remboursement n\u2019est possible apr\u00e8s livraison et r\u00e9ception. Le sac n\u2019est soumis aucune garantie en cas d\u2019usure ou de dommage accidentel ou volontaire.[\/vc_column_text][\/vc_tta_section][\/vc_tta_accordion][\/vc_column][\/vc_row]<\/span><\/p>\n","protected":false},"featured_media":100000011015,"template":"","meta":[],"product_cat":[185,97],"product_tag":[],"class_list":{"0":"post-54150","1":"product","2":"type-product","3":"status-publish","4":"has-post-thumbnail","6":"product_cat-petite-demoiselle","7":"product_cat-collection-sac","10":"outofstock","11":"taxable","12":"shipping-taxable","13":"purchasable","14":"product-type-simple"},"_links":{"self":[{"href":"https:\/\/www.mathydy.com\/us\/wp-json\/wp\/v2\/product\/54150"}],"collection":[{"href":"https:\/\/www.mathydy.com\/us\/wp-json\/wp\/v2\/product"}],"about":[{"href":"https:\/\/www.mathydy.com\/us\/wp-json\/wp\/v2\/types\/product"}],"wp:featuredmedia":[{"embeddable":true,"href":"https:\/\/www.mathydy.com\/us\/wp-json\/"}],"wp:attachment":[{"href":"https:\/\/www.mathydy.com\/us\/wp-json\/wp\/v2\/media?parent=54150"}],"wp:term":[{"taxonomy":"product_cat","embeddable":true,"href":"https:\/\/www.mathydy.com\/us\/wp-json\/wp\/v2\/product_cat?post=54150"},{"taxonomy":"product_tag","embeddable":true,"href":"https:\/\/www.mathydy.com\/us\/wp-json\/wp\/v2\/product_tag?post=54150"}],"curies":[{"name":"wp","href":"https:\/\/api.w.org\/{rel}","templated":true}]}}