{"id":54154,"date":"2023-12-20T15:44:28","date_gmt":"2023-12-20T14:44:28","guid":{"rendered":"https:\/\/www.mathydy.com\/us\/produit\/petite-demoiselle-de-saly\/"},"modified":"2025-10-15T16:40:04","modified_gmt":"2025-10-15T14:40:04","slug":"petite-demoiselle-de-saly","status":"publish","type":"product","link":"https:\/\/www.mathydy.com\/us\/produit\/petite-demoiselle-de-saly\/","title":{"rendered":"petite demoiselle de saly"},"content":{"rendered":"","protected":false},"excerpt":{"rendered":"<p>[vc_row][vc_column][vc_tta_accordion c_position=\u00a0\u00bbright\u00a0\u00bb active_section=\u00a0\u00bb1&Prime;][vc_tta_section title=\u00a0\u00bbHistoire\u00a0\u00bb tab_id=\u00a0\u00bb1695211853429-aeebdfaa-ef94fbda-eb64&Prime;][vc_column_text el_class=\u00a0\u00bbproduit\u00a0\u00bb]<span style=\"font-family: futuraptlight\">La Demoiselle de Saly est nomm\u00e9 d\u2019apr\u00e8s la c\u00e9l\u00e8bre\u00a0 station baln\u00e9aire situ\u00e9e sur la Petite-C\u00f4te, au sud de Dakar. Avec ses nombreux h\u00f4tels, r\u00e9sidences et maison d&rsquo;h\u00f4tes, elle est consid\u00e9r\u00e9 comme \u00e9tant la station baln\u00e9aire la plus populaire d&rsquo;Afrique de l&rsquo;Ouest.<\/span>[\/vc_column_text][\/vc_tta_section][vc_tta_section title=\u00a0\u00bbD\u00e9tails produit\u00a0\u00bb tab_id=\u00a0\u00bb1695211953421-e6b9358e-bf3efbda-eb64&Prime;][vc_column_text el_class=\u00a0\u00bbproduit\u00a0\u00bb]<span style=\"font-family: futuraptlight\">Cuir lisse v\u00e9ritable et acier inoxydable plaqu\u00e9 couleur or.<\/span><\/p>\n<p><span style=\"font-family: futuraptlight\">Dimension : Hauteur 14 cm, Largeur 30 cm, \u00e9paisseur 10 cm.<\/span><\/p>\n<p><span style=\"font-family: futuraptlight\">Couleur : R<\/span><span style=\"font-family: futuraptlight\">ose fushia.[\/vc_column_text][\/vc_tta_section][vc_tta_section title=\u00a0\u00bbLivraison\u00a0\u00bb tab_id=\u00a0\u00bb1695211927094-2f5841eb-a1b541e5-06c8&Prime;][vc_column_text el_class=\u00a0\u00bbproduit\u00a0\u00bb]Livraison disponible o\u00f9 que vous soyez. Paiement par carte bancaire, mobile money ou en esp\u00e8ces \u00e0 la livraison disponible. Aucun retour, changement de pi\u00e8ce ou remboursement n\u2019est possible apr\u00e8s livraison et r\u00e9ception. Le sac n\u2019est soumis aucune garantie en cas d\u2019usure ou de dommage accidentel ou volontaire.[\/vc_column_text][\/vc_tta_section][\/vc_tta_accordion][\/vc_column][\/vc_row]<\/span><\/p>\n","protected":false},"featured_media":100000011019,"template":"","meta":[],"product_cat":[185,97],"product_tag":[],"class_list":{"0":"post-54154","1":"product","2":"type-product","3":"status-publish","4":"has-post-thumbnail","6":"product_cat-petite-demoiselle","7":"product_cat-collection-sac","10":"outofstock","11":"taxable","12":"shipping-taxable","13":"purchasable","14":"product-type-simple"},"_links":{"self":[{"href":"https:\/\/www.mathydy.com\/us\/wp-json\/wp\/v2\/product\/54154"}],"collection":[{"href":"https:\/\/www.mathydy.com\/us\/wp-json\/wp\/v2\/product"}],"about":[{"href":"https:\/\/www.mathydy.com\/us\/wp-json\/wp\/v2\/types\/product"}],"wp:featuredmedia":[{"embeddable":true,"href":"https:\/\/www.mathydy.com\/us\/wp-json\/"}],"wp:attachment":[{"href":"https:\/\/www.mathydy.com\/us\/wp-json\/wp\/v2\/media?parent=54154"}],"wp:term":[{"taxonomy":"product_cat","embeddable":true,"href":"https:\/\/www.mathydy.com\/us\/wp-json\/wp\/v2\/product_cat?post=54154"},{"taxonomy":"product_tag","embeddable":true,"href":"https:\/\/www.mathydy.com\/us\/wp-json\/wp\/v2\/product_tag?post=54154"}],"curies":[{"name":"wp","href":"https:\/\/api.w.org\/{rel}","templated":true}]}}