{"id":54167,"date":"2023-12-20T13:56:36","date_gmt":"2023-12-20T12:56:36","guid":{"rendered":"https:\/\/www.mathydy.com\/us\/produit\/mademoiselle-de-cocody\/"},"modified":"2026-03-09T23:29:32","modified_gmt":"2026-03-09T22:29:32","slug":"mademoiselle-de-cocody","status":"publish","type":"product","link":"https:\/\/www.mathydy.com\/us\/produit\/mademoiselle-de-cocody\/","title":{"rendered":"Mademoiselle de Cocody"},"content":{"rendered":"","protected":false},"excerpt":{"rendered":"<p>[vc_row][vc_column][vc_tta_accordion c_position=\u00a0\u00bbright\u00a0\u00bb active_section=\u00a0\u00bb1&Prime;][vc_tta_section title=\u00a0\u00bbD\u00e9scription\u00a0\u00bb tab_id=\u00a0\u00bb1695211853438-e824b518-1371cc12-c745&Prime;][vc_column_text el_class=\u00a0\u00bbproduit\u00a0\u00bb]<span style=\"font-family: futuraptlight\">La Mademoiselle de Cocody est nomm\u00e9e d\u2019apr\u00e8s la commune chic et hupp\u00e9e de la capitale Abidjanaise en C\u00f4te d\u2019Ivoire. Elle h\u00e9berge des lieux iconiques tels que le Sofitel Ivoire et la r\u00e9sidence pr\u00e9sidentielle construite par Houphou\u00ebt-Boigny et est surnomm\u00e9e Cocody la Belle.<\/span><\/p>\n<p><span style=\"font-family: futuraptlight\">La Mademoiselle est parfaite pour une c\u00e9r\u00e9monie importante, une soir\u00e9e chic ou pour attaquer de nouveaux d\u00e9fis professionnels au quotidien. Ses lignes minimalistes ajouteront une touche de glamour ind\u00e9modable \u00e0 votre style. Fabriqu\u00e9 avec des mat\u00e9riaux de qualit\u00e9 sup\u00e9rieure et enti\u00e8rement con\u00e7ue en cuir lisse v\u00e9ritable, ce sac \u00e0 main est non seulement \u00e9l\u00e9gant mais aussi r\u00e9sistant \u00e0 l&rsquo;usage quotidien. La Mademoiselle offre amplement d&rsquo;espace pour ranger vos essentiels en toute s\u00e9curit\u00e9.<\/span>[\/vc_column_text][\/vc_tta_section][vc_tta_section title=\u00a0\u00bbD\u00e9tails produit\u00a0\u00bb tab_id=\u00a0\u00bb1695211953421-e6b9358e-bf3ecc12-c745&Prime;][vc_column_text el_class=\u00a0\u00bbproduit\u00a0\u00bb]<span style=\"font-family: futuraptlight\">Cuir lisse v\u00e9ritable et acier inoxydable plaqu\u00e9 couleur or.<\/span><\/p>\n<p><span style=\"font-family: futuraptlight\">Dimension\u00a0: Hauteur 29 cm, Largeur 25,5 cm, Profondeur 24,5 cm, \u00e9paisseur 10 cm.<\/span><\/p>\n<p><span style=\"font-family: futuraptlight\">Couleur : Orange.<\/span><\/p>\n<p>[\/vc_column_text][\/vc_tta_section][vc_tta_section title=\u00a0\u00bbLivraison\u00a0\u00bb tab_id=\u00a0\u00bb1695211927094-2f5841eb-a1b56336-cf4f\u00a0\u00bb][vc_column_text el_class=\u00a0\u00bbproduit\u00a0\u00bb]<\/p>\n<div class=\"vc_tta-panel-heading\">\n<p class=\"vc_tta-panel-title vc_tta-controls-icon-position-right\">Livraison disponible o\u00f9 que vous soyez. Paiement par carte bancaire, mobile money ou en esp\u00e8ces \u00e0 la livraison disponible. Aucun retour, changement de pi\u00e8ce ou remboursement n\u2019est possible apr\u00e8s livraison et r\u00e9ception. Le sac n\u2019est soumis aucune garantie en cas d\u2019usure ou de dommage accidentel ou volontaire.<\/p>\n<\/div>\n<p>[\/vc_column_text][\/vc_tta_section][\/vc_tta_accordion][\/vc_column][\/vc_row]<\/p>\n","protected":false},"featured_media":100000010988,"template":"","meta":[],"product_cat":[179,251,97],"product_tag":[],"class_list":{"0":"post-54167","1":"product","2":"type-product","3":"status-publish","4":"has-post-thumbnail","6":"product_cat-mademoiselle","7":"product_cat-sac-fin-dannee","8":"product_cat-collection-sac","11":"instock","12":"taxable","13":"shipping-taxable","14":"purchasable","15":"product-type-simple"},"_links":{"self":[{"href":"https:\/\/www.mathydy.com\/us\/wp-json\/wp\/v2\/product\/54167"}],"collection":[{"href":"https:\/\/www.mathydy.com\/us\/wp-json\/wp\/v2\/product"}],"about":[{"href":"https:\/\/www.mathydy.com\/us\/wp-json\/wp\/v2\/types\/product"}],"wp:featuredmedia":[{"embeddable":true,"href":"https:\/\/www.mathydy.com\/us\/wp-json\/"}],"wp:attachment":[{"href":"https:\/\/www.mathydy.com\/us\/wp-json\/wp\/v2\/media?parent=54167"}],"wp:term":[{"taxonomy":"product_cat","embeddable":true,"href":"https:\/\/www.mathydy.com\/us\/wp-json\/wp\/v2\/product_cat?post=54167"},{"taxonomy":"product_tag","embeddable":true,"href":"https:\/\/www.mathydy.com\/us\/wp-json\/wp\/v2\/product_tag?post=54167"}],"curies":[{"name":"wp","href":"https:\/\/api.w.org\/{rel}","templated":true}]}}