{"id":54172,"date":"2023-12-20T13:53:25","date_gmt":"2023-12-20T12:53:25","guid":{"rendered":"https:\/\/www.mathydy.com\/us\/produit\/mademoiselle-de-la-sabliere\/"},"modified":"2026-02-17T18:43:29","modified_gmt":"2026-02-17T17:43:29","slug":"mademoiselle-de-la-sabliere","status":"publish","type":"product","link":"https:\/\/www.mathydy.com\/us\/produit\/mademoiselle-de-la-sabliere\/","title":{"rendered":"Mademoiselle de la Sabli\u00e8re"},"content":{"rendered":"<section class=\"wpb-content-wrapper\"><p>[vc_row css=\u00a0\u00bb.vc_custom_1536635902854{margin-bottom: 60px !important;padding-top: 60px !important;}\u00a0\u00bb][vc_column css_animation=\u00a0\u00bbfadeInLeft\u00a0\u00bb width=\u00a0\u00bb1\/2&Prime; offset=\u00a0\u00bbvc_hidden-sm vc_col-xs-6 vc_hidden-xs\u00a0\u00bb][vc_single_image image=\u00a0\u00bb11634&Prime; img_size=\u00a0\u00bb1000&#215;852&Prime; style=\u00a0\u00bbvc_box_rounded\u00a0\u00bb css_animation=\u00a0\u00bbnone\u00a0\u00bb css=\u00a0\u00bb.vc_custom_1703685699185{margin-left: 80px !important;}\u00a0\u00bb][vc_single_image image=\u00a0\u00bb10993&Prime; img_size=\u00a0\u00bb1000&#215;900&Prime; style=\u00a0\u00bbvc_box_rounded\u00a0\u00bb css_animation=\u00a0\u00bbnone\u00a0\u00bb css=\u00a0\u00bb.vc_custom_1703075547912{margin-top: -88px !important;margin-left: 80px !important;}\u00a0\u00bb][\/vc_column][vc_column css_animation=\u00a0\u00bbfadeInRight\u00a0\u00bb width=\u00a0\u00bb1\/2&Prime; offset=\u00a0\u00bbvc_hidden-sm vc_col-xs-6 vc_hidden-xs\u00a0\u00bb][vc_single_image image=\u00a0\u00bb10994&Prime; img_size=\u00a0\u00bb1000&#215;900&Prime; style=\u00a0\u00bbvc_box_rounded\u00a0\u00bb css_animation=\u00a0\u00bbnone\u00a0\u00bb css=\u00a0\u00bb.vc_custom_1703077854893{margin-top: 50px !important;margin-left: 16px !important;}\u00a0\u00bb][vc_single_image image=\u00a0\u00bb10992&Prime; img_size=\u00a0\u00bb1000&#215;900&Prime; style=\u00a0\u00bbvc_box_rounded\u00a0\u00bb css_animation=\u00a0\u00bbnone\u00a0\u00bb css=\u00a0\u00bb.vc_custom_1703077864364{margin-top: -80px !important;margin-left: 16px !important;}\u00a0\u00bb][\/vc_column][\/vc_row][vc_row el_class=\u00a0\u00bbimages\u00a0\u00bb][vc_column css_animation=\u00a0\u00bbfadeInLeft\u00a0\u00bb width=\u00a0\u00bb1\/2&Prime; offset=\u00a0\u00bbvc_hidden-lg vc_hidden-md vc_col-xs-6&Prime; css=\u00a0\u00bb.vc_custom_1700838221670{margin-top: -125px !important;}\u00a0\u00bb][vc_single_image image=\u00a0\u00bb11634&Prime; img_size=\u00a0\u00bb1000&#215;852&Prime; style=\u00a0\u00bbvc_box_rounded\u00a0\u00bb css_animation=\u00a0\u00bbnone\u00a0\u00bb][vc_single_image image=\u00a0\u00bb10993&Prime; img_size=\u00a0\u00bb1000&#215;900&Prime; style=\u00a0\u00bbvc_box_rounded\u00a0\u00bb css_animation=\u00a0\u00bbnone\u00a0\u00bb][\/vc_column][vc_column css_animation=\u00a0\u00bbfadeInRight\u00a0\u00bb width=\u00a0\u00bb1\/2&Prime; offset=\u00a0\u00bbvc_hidden-lg vc_hidden-md vc_col-xs-6&Prime; css=\u00a0\u00bb.vc_custom_1700838229861{margin-top: -125px !important;}\u00a0\u00bb][vc_single_image image=\u00a0\u00bb10994&Prime; img_size=\u00a0\u00bb1000&#215;900&Prime; style=\u00a0\u00bbvc_box_rounded\u00a0\u00bb css_animation=\u00a0\u00bbnone\u00a0\u00bb][vc_single_image image=\u00a0\u00bb10986&Prime; img_size=\u00a0\u00bb1000&#215;900&Prime; style=\u00a0\u00bbvc_box_rounded\u00a0\u00bb css_animation=\u00a0\u00bbnone\u00a0\u00bb][\/vc_column][\/vc_row]<\/p>\n<\/section>","protected":false},"excerpt":{"rendered":"<p>[vc_row][vc_column][vc_tta_accordion c_position=\u00a0\u00bbright\u00a0\u00bb active_section=\u00a0\u00bb1&Prime;][vc_tta_section title=\u00a0\u00bbD\u00e9scription\u00a0\u00bb tab_id=\u00a0\u00bb1695211853438-e824b518-1371c221-5f2d\u00a0\u00bb][vc_column_text el_class=\u00a0\u00bbproduit\u00a0\u00bb]<span style=\"font-family: futuraptlight\">La Mademoiselle de la Sabli\u00e8re est nomm\u00e9e d\u2019apr\u00e8s le quartier r\u00e9sidentiel du m\u00eame nom situ\u00e9 \u00e0 Libreville au Gabon. Connu pour le c\u00e9l\u00e8bre complexe h\u00f4telier Maisha qu\u2019il h\u00e9berge et sa plage iconique r\u00e9put\u00e9e calme et immacul\u00e9e, le quartier incarne le luxe silencieux \u00e0 la Librevilloise.<\/span><\/p>\n<p><span style=\"font-family: futuraptlight\">La Mademoiselle est parfaite pour une c\u00e9r\u00e9monie importante, une soir\u00e9e chic ou pour attaquer de nouveaux d\u00e9fis professionnels au quotidien. Ses lignes minimalistes ajouteront une touche de glamour ind\u00e9modable \u00e0 votre style. Fabriqu\u00e9 avec des mat\u00e9riaux de qualit\u00e9 sup\u00e9rieure et enti\u00e8rement con\u00e7ue en cuir lisse v\u00e9ritable, ce sac \u00e0 main est non seulement \u00e9l\u00e9gant mais aussi r\u00e9sistant \u00e0 l&rsquo;usage quotidien. La Mademoiselle offre amplement d&rsquo;espace pour ranger vos essentiels en toute s\u00e9curit\u00e9.<\/span>[\/vc_column_text][\/vc_tta_section][vc_tta_section title=\u00a0\u00bbD\u00e9tails produit\u00a0\u00bb tab_id=\u00a0\u00bb1695211953421-e6b9358e-bf3ec221-5f2d\u00a0\u00bb][vc_column_text el_class=\u00a0\u00bbproduit\u00a0\u00bb]<span style=\"font-family: futuraptlight\">Cuir lisse v\u00e9ritable et acier inoxydable plaqu\u00e9 couleur or.<\/span><\/p>\n<p><span style=\"font-family: futuraptlight\">Dimension\u00a0: Hauteur 29 cm, Largeur 25,5 cm, Profondeur 24,5 cm, \u00e9paisseur 10 cm.<\/span><\/p>\n<p><span style=\"font-family: futuraptlight\">Couleur : Marron.<\/span><\/p>\n<p>[\/vc_column_text][\/vc_tta_section][vc_tta_section title=\u00a0\u00bbLivraison\u00a0\u00bb tab_id=\u00a0\u00bb1695211927094-2f5841eb-a1b56336-cf4f\u00a0\u00bb][vc_column_text el_class=\u00a0\u00bbproduit\u00a0\u00bb]<\/p>\n<div class=\"vc_tta-panel-heading\">\n<p class=\"vc_tta-panel-title vc_tta-controls-icon-position-right\">Livraison disponible o\u00f9 que vous soyez. Paiement par carte bancaire, mobile money ou en esp\u00e8ces \u00e0 la livraison disponible. Aucun retour, changement de pi\u00e8ce ou remboursement n\u2019est possible apr\u00e8s livraison et r\u00e9ception. Le sac n\u2019est soumis aucune garantie en cas d\u2019usure ou de dommage accidentel ou volontaire.<\/p>\n<\/div>\n<p>[\/vc_column_text][\/vc_tta_section][\/vc_tta_accordion][\/vc_column][\/vc_row]<\/p>\n","protected":false},"featured_media":100000010994,"template":"","meta":[],"product_cat":[179,251,97],"product_tag":[],"class_list":{"0":"post-54172","1":"product","2":"type-product","3":"status-publish","4":"has-post-thumbnail","6":"product_cat-mademoiselle","7":"product_cat-sac-fin-dannee","8":"product_cat-collection-sac","11":"instock","12":"taxable","13":"shipping-taxable","14":"purchasable","15":"product-type-simple"},"_links":{"self":[{"href":"https:\/\/www.mathydy.com\/us\/wp-json\/wp\/v2\/product\/54172"}],"collection":[{"href":"https:\/\/www.mathydy.com\/us\/wp-json\/wp\/v2\/product"}],"about":[{"href":"https:\/\/www.mathydy.com\/us\/wp-json\/wp\/v2\/types\/product"}],"wp:featuredmedia":[{"embeddable":true,"href":"https:\/\/www.mathydy.com\/us\/wp-json\/"}],"wp:attachment":[{"href":"https:\/\/www.mathydy.com\/us\/wp-json\/wp\/v2\/media?parent=54172"}],"wp:term":[{"taxonomy":"product_cat","embeddable":true,"href":"https:\/\/www.mathydy.com\/us\/wp-json\/wp\/v2\/product_cat?post=54172"},{"taxonomy":"product_tag","embeddable":true,"href":"https:\/\/www.mathydy.com\/us\/wp-json\/wp\/v2\/product_tag?post=54172"}],"curies":[{"name":"wp","href":"https:\/\/api.w.org\/{rel}","templated":true}]}}