{"id":54177,"date":"2023-12-20T13:51:43","date_gmt":"2023-12-20T12:51:43","guid":{"rendered":"https:\/\/www.mathydy.com\/us\/produit\/mademoiselle-des-almadies\/"},"modified":"2025-12-05T13:24:02","modified_gmt":"2025-12-05T12:24:02","slug":"mademoiselle-des-almadies","status":"publish","type":"product","link":"https:\/\/www.mathydy.com\/us\/produit\/mademoiselle-des-almadies\/","title":{"rendered":"Mademoiselle des Almadies"},"content":{"rendered":"","protected":false},"excerpt":{"rendered":"<p>[vc_row][vc_column][vc_tta_accordion c_position=\u00a0\u00bbright\u00a0\u00bb active_section=\u00a0\u00bb1&Prime;][vc_tta_section title=\u00a0\u00bbD\u00e9scription\u00a0\u00bb tab_id=\u00a0\u00bb1695211853438-e824b518-1371aa29-924a\u00a0\u00bb][vc_column_text el_class=\u00a0\u00bbproduit\u00a0\u00bb]<\/p>\n<p>La Mademoiselle des Almadies est nomm\u00e9e d\u2019apr\u00e8s le quartier situ\u00e9 \u00e0 la pointe\u00a0<strong>\u00a0des Almadies<\/strong>\u00a0\u00e0 Dakar au S\u00e9n\u00e9gal, un quartier r\u00e9sidentiel chic des loisirs et des affaires situ\u00e9 au nord-ouest de la presqu\u2019Ile du Cap vert. \u00a0Connu pour h\u00e9berger des lieux iconiques de la capitale S\u00e9n\u00e9galaise tel que l\u2019h\u00f4tel M\u00e9ridien King Fhad Palace et le centre commercial Dakar City, il constitue le point le plus \u00e0 l\u2019Ouest du continent africain.<\/p>\n<p>La Mademoiselle est parfaite pour une c\u00e9r\u00e9monie importante, une soir\u00e9e chic ou pour attaquer de nouveaux d\u00e9fis professionnels au quotidien. Ses lignes minimalistes ajouteront une touche de glamour ind\u00e9modable \u00e0 votre style. Fabriqu\u00e9 avec des mat\u00e9riaux de qualit\u00e9 sup\u00e9rieure et enti\u00e8rement con\u00e7ue en cuir lisse v\u00e9ritable, ce sac \u00e0 main est non seulement \u00e9l\u00e9gant mais aussi r\u00e9sistant \u00e0 l\u2019usage quotidien. La Mademoiselle offre amplement d\u2019espace pour ranger vos essentiels en toute s\u00e9curit\u00e9.<\/p>\n<p>[\/vc_column_text][\/vc_tta_section][vc_tta_section title=\u00a0\u00bbD\u00e9tails produit\u00a0\u00bb tab_id=\u00a0\u00bb1695211953421-e6b9358e-bf3eaa29-924a\u00a0\u00bb][vc_column_text el_class=\u00a0\u00bbproduit\u00a0\u00bb]<span style=\"font-family: futuraptlight\">Cuir lisse v\u00e9ritable et acier inoxydable plaqu\u00e9 couleur or.<\/span><\/p>\n<p><span style=\"font-family: futuraptlight\">Dimension\u00a0: Hauteur 29 cm, Largeur 25,5 cm, Profondeur 24,5 cm, \u00e9paisseur 10 cm.<\/span><\/p>\n<p><span style=\"font-family: futuraptlight\">Couleur : Noir.<\/span><\/p>\n<p>[\/vc_column_text][\/vc_tta_section][vc_tta_section title=\u00a0\u00bbLivraison\u00a0\u00bb tab_id=\u00a0\u00bb1695211927094-2f5841eb-a1b56336-cf4f\u00a0\u00bb][vc_column_text el_class=\u00a0\u00bbproduit\u00a0\u00bb]<\/p>\n<div class=\"vc_tta-panel-heading\">\n<p class=\"vc_tta-panel-title vc_tta-controls-icon-position-right\">Livraison disponible o\u00f9 que vous soyez. Paiement par carte bancaire, mobile money ou en esp\u00e8ces \u00e0 la livraison disponible. Aucun retour, changement de pi\u00e8ce ou remboursement n\u2019est possible apr\u00e8s livraison et r\u00e9ception. Le sac n\u2019est soumis aucune garantie en cas d\u2019usure ou de dommage accidentel ou volontaire.<\/p>\n<\/div>\n<p>[\/vc_column_text][\/vc_tta_section][\/vc_tta_accordion][\/vc_column][\/vc_row]<\/p>\n","protected":false},"featured_media":100000010985,"template":"","meta":[],"product_cat":[179,251,97],"product_tag":[],"class_list":{"0":"post-54177","1":"product","2":"type-product","3":"status-publish","4":"has-post-thumbnail","6":"product_cat-mademoiselle","7":"product_cat-sac-fin-dannee","8":"product_cat-collection-sac","11":"instock","12":"taxable","13":"shipping-taxable","14":"purchasable","15":"product-type-simple"},"_links":{"self":[{"href":"https:\/\/www.mathydy.com\/us\/wp-json\/wp\/v2\/product\/54177"}],"collection":[{"href":"https:\/\/www.mathydy.com\/us\/wp-json\/wp\/v2\/product"}],"about":[{"href":"https:\/\/www.mathydy.com\/us\/wp-json\/wp\/v2\/types\/product"}],"wp:featuredmedia":[{"embeddable":true,"href":"https:\/\/www.mathydy.com\/us\/wp-json\/"}],"wp:attachment":[{"href":"https:\/\/www.mathydy.com\/us\/wp-json\/wp\/v2\/media?parent=54177"}],"wp:term":[{"taxonomy":"product_cat","embeddable":true,"href":"https:\/\/www.mathydy.com\/us\/wp-json\/wp\/v2\/product_cat?post=54177"},{"taxonomy":"product_tag","embeddable":true,"href":"https:\/\/www.mathydy.com\/us\/wp-json\/wp\/v2\/product_tag?post=54177"}],"curies":[{"name":"wp","href":"https:\/\/api.w.org\/{rel}","templated":true}]}}