{"id":54182,"date":"2023-12-20T13:51:15","date_gmt":"2023-12-20T12:51:15","guid":{"rendered":"https:\/\/www.mathydy.com\/us\/produit\/mademoiselle-de-tokoin-2\/"},"modified":"2026-01-29T13:35:33","modified_gmt":"2026-01-29T12:35:33","slug":"mademoiselle-de-tokoin","status":"publish","type":"product","link":"https:\/\/www.mathydy.com\/us\/produit\/mademoiselle-de-tokoin\/","title":{"rendered":"Mademoiselle de Tokoin"},"content":{"rendered":"","protected":false},"excerpt":{"rendered":"<p>[vc_row][vc_column][vc_tta_accordion c_position=\u00a0\u00bbright\u00a0\u00bb active_section=\u00a0\u00bb1&Prime;][vc_tta_section title=\u00a0\u00bbD\u00e9scription\u00a0\u00bb tab_id=\u00a0\u00bb1695211853438-e824b518-1371aa29-924a\u00a0\u00bb][vc_column_text el_class=\u00a0\u00bbproduit\u00a0\u00bb]<span style=\"font-family: futuraptlight\">La Mademoiselle de Tokoin est nomm\u00e9e d\u2019apr\u00e8s le quartier administratif et r\u00e9sidentiel du m\u00eame nom situ\u00e9 \u00e0 Lom\u00e9 au Togo. Connu pour h\u00e9berger l\u2019embl\u00e9matique h\u00f4tel du 2 F\u00e9vrier et l\u2019A\u00e9roport International de Lom\u00e9, il incarne la modernit\u00e9 urbaine et le dynamisme de la capitale Togolaise.<\/span>[\/vc_column_text][\/vc_tta_section][vc_tta_section title=\u00a0\u00bbD\u00e9tails produit\u00a0\u00bb tab_id=\u00a0\u00bb1695211953421-e6b9358e-bf3eaa29-924a\u00a0\u00bb][vc_column_text el_class=\u00a0\u00bbproduit\u00a0\u00bb]<span style=\"font-family: futuraptlight\">Cuir lisse v\u00e9ritable et acier inoxydable plaqu\u00e9 couleur or.<\/span><\/p>\n<p><span style=\"font-family: futuraptlight\">Dimension\u00a0: Hauteur 29 cm, Largeur 25,5 cm, Profondeur 24,5 cm, \u00e9paisseur 10 cm.<\/span><\/p>\n<p><span style=\"font-family: futuraptlight\">Couleur : Noir.<\/span><\/p>\n<p>[\/vc_column_text][\/vc_tta_section][vc_tta_section title=\u00a0\u00bbLivraison\u00a0\u00bb tab_id=\u00a0\u00bb1695211927094-2f5841eb-a1b56336-cf4f\u00a0\u00bb][vc_column_text el_class=\u00a0\u00bbproduit\u00a0\u00bb]<\/p>\n<div class=\"vc_tta-panel-heading\">\n<p class=\"vc_tta-panel-title vc_tta-controls-icon-position-right\">Livraison disponible o\u00f9 que vous soyez. Paiement par carte bancaire, mobile money ou en esp\u00e8ces \u00e0 la livraison disponible. Aucun retour, changement de pi\u00e8ce ou remboursement n\u2019est possible apr\u00e8s livraison et r\u00e9ception. Le sac n\u2019est soumis aucune garantie en cas d\u2019usure ou de dommage accidentel ou volontaire.<\/p>\n<\/div>\n<p>[\/vc_column_text][\/vc_tta_section][\/vc_tta_accordion][\/vc_column][\/vc_row]<\/p>\n","protected":false},"featured_media":100000010991,"template":"","meta":[],"product_cat":[179,251,97],"product_tag":[],"class_list":{"0":"post-54182","1":"product","2":"type-product","3":"status-publish","4":"has-post-thumbnail","6":"product_cat-mademoiselle","7":"product_cat-sac-fin-dannee","8":"product_cat-collection-sac","11":"outofstock","12":"taxable","13":"shipping-taxable","14":"purchasable","15":"product-type-simple"},"_links":{"self":[{"href":"https:\/\/www.mathydy.com\/us\/wp-json\/wp\/v2\/product\/54182"}],"collection":[{"href":"https:\/\/www.mathydy.com\/us\/wp-json\/wp\/v2\/product"}],"about":[{"href":"https:\/\/www.mathydy.com\/us\/wp-json\/wp\/v2\/types\/product"}],"wp:featuredmedia":[{"embeddable":true,"href":"https:\/\/www.mathydy.com\/us\/wp-json\/"}],"wp:attachment":[{"href":"https:\/\/www.mathydy.com\/us\/wp-json\/wp\/v2\/media?parent=54182"}],"wp:term":[{"taxonomy":"product_cat","embeddable":true,"href":"https:\/\/www.mathydy.com\/us\/wp-json\/wp\/v2\/product_cat?post=54182"},{"taxonomy":"product_tag","embeddable":true,"href":"https:\/\/www.mathydy.com\/us\/wp-json\/wp\/v2\/product_tag?post=54182"}],"curies":[{"name":"wp","href":"https:\/\/api.w.org\/{rel}","templated":true}]}}