{"id":54192,"date":"2023-12-20T12:48:47","date_gmt":"2023-12-20T11:48:47","guid":{"rendered":"https:\/\/www.mathydy.com\/us\/?post_type=product&#038;p=54192"},"modified":"2026-01-26T18:26:45","modified_gmt":"2026-01-26T17:26:45","slug":"ndella-coumba-mini-2","status":"publish","type":"product","link":"https:\/\/www.mathydy.com\/us\/produit\/ndella-coumba-mini-2\/","title":{"rendered":"Ndella coumba Petit"},"content":{"rendered":"","protected":false},"excerpt":{"rendered":"<p>[vc_row][vc_column][vc_tta_accordion c_position=\u00a0\u00bbright\u00a0\u00bb active_section=\u00a0\u00bb1&Prime;][vc_tta_section title=\u00a0\u00bbHistoire\u00a0\u00bb tab_id=\u00a0\u00bb1695211853429-aeebdfaa-ef946336-cf4f\u00a0\u00bb][vc_column_text el_class=\u00a0\u00bbproduit\u00a0\u00bb]<span style=\"font-family: futuraptlight\">La reine Lingu\u00e8re Ndella coumba est la m\u00e8re <b>Amary Ngon\u00e9 Ndella Coumba Fall <\/b>(<i>Amari Ng\u00f3one Ndeela<\/i><sup id=\"cite_ref-PAPA_2-0\" class=\"reference\"><\/sup>\u00a0en\u00a0wolof) damel\u00a0du\u00a0Cayor souverain d&rsquo;un royaume pr\u00e9-colonial situ\u00e9 \u00e0 l&rsquo;ouest de l&rsquo;actuel\u00a0S\u00e9n\u00e9gal..<\/span>[\/vc_column_text][\/vc_tta_section][vc_tta_section title=\u00a0\u00bbD\u00e9tails produit\u00a0\u00bb tab_id=\u00a0\u00bb1695211953421-e6b9358e-bf3e6336-cf4f\u00a0\u00bb][vc_column_text el_class=\u00a0\u00bbproduit\u00a0\u00bb]<span style=\"font-family: futuraptlight\">Forme\u00a0: Trap\u00e9zo\u00efdale.<\/span><br \/>\n<span style=\"font-family: futuraptlight\">Couleur: Violet.<\/span><br \/>\n<span style=\"font-family: futuraptlight\">Mati\u00e8res du sac: Cuir croco, cuir lisse et pagne tiss\u00e9.<\/span><br \/>\n<span style=\"font-family: futuraptlight\">Chaine\u00a0: m\u00e9tal dor\u00e9e.<\/span><br \/>\n<span style=\"font-family: futuraptlight\">Hauteur: 21cm<\/span><br \/>\n<span style=\"font-family: futuraptlight\">Largeur: 29cm<\/span>[\/vc_column_text][\/vc_tta_section][vc_tta_section title=\u00a0\u00bbLivraison\u00a0\u00bb tab_id=\u00a0\u00bb1695211927094-2f5841eb-a1b56336-cf4f\u00a0\u00bb][vc_column_text el_class=\u00a0\u00bbproduit\u00a0\u00bb]<\/p>\n<div class=\"vc_tta-panel-heading\">\n<p class=\"vc_tta-panel-title vc_tta-controls-icon-position-right\">Livraison disponible o\u00f9 que vous soyez. Paiement par carte bancaire, mobile money ou en esp\u00e8ces \u00e0 la livraison disponible. Aucun retour, changement de pi\u00e8ce ou remboursement n\u2019est possible apr\u00e8s livraison et r\u00e9ception. Le sac n\u2019est soumis aucune garantie en cas d\u2019usure ou de dommage accidentel ou volontaire.<\/p>\n<\/div>\n<p>[\/vc_column_text][\/vc_tta_section][\/vc_tta_accordion][\/vc_column][\/vc_row]<\/p>\n","protected":false},"featured_media":100000061403,"template":"","meta":[],"product_cat":[189,97],"product_tag":[],"class_list":{"0":"post-54192","1":"product","2":"type-product","3":"status-publish","4":"has-post-thumbnail","6":"product_cat-thiossane-mini","7":"product_cat-collection-sac","10":"instock","11":"taxable","12":"shipping-taxable","13":"purchasable","14":"product-type-simple"},"_links":{"self":[{"href":"https:\/\/www.mathydy.com\/us\/wp-json\/wp\/v2\/product\/54192"}],"collection":[{"href":"https:\/\/www.mathydy.com\/us\/wp-json\/wp\/v2\/product"}],"about":[{"href":"https:\/\/www.mathydy.com\/us\/wp-json\/wp\/v2\/types\/product"}],"wp:featuredmedia":[{"embeddable":true,"href":"https:\/\/www.mathydy.com\/us\/wp-json\/"}],"wp:attachment":[{"href":"https:\/\/www.mathydy.com\/us\/wp-json\/wp\/v2\/media?parent=54192"}],"wp:term":[{"taxonomy":"product_cat","embeddable":true,"href":"https:\/\/www.mathydy.com\/us\/wp-json\/wp\/v2\/product_cat?post=54192"},{"taxonomy":"product_tag","embeddable":true,"href":"https:\/\/www.mathydy.com\/us\/wp-json\/wp\/v2\/product_tag?post=54192"}],"curies":[{"name":"wp","href":"https:\/\/api.w.org\/{rel}","templated":true}]}}