{"id":54217,"date":"2023-12-20T12:48:12","date_gmt":"2023-12-20T11:48:12","guid":{"rendered":"https:\/\/www.mathydy.com\/us\/?post_type=product&#038;p=54217"},"modified":"2026-03-05T02:54:13","modified_gmt":"2026-03-05T01:54:13","slug":"ngone-latyr","status":"publish","type":"product","link":"https:\/\/www.mathydy.com\/us\/produit\/ngone-latyr\/","title":{"rendered":"Grand Ngon\u00e9 latyr"},"content":{"rendered":"","protected":false},"excerpt":{"rendered":"<p>[vc_row][vc_column][vc_tta_accordion c_position=\u00a0\u00bbright\u00a0\u00bb active_section=\u00a0\u00bb1&Prime;][vc_tta_section title=\u00a0\u00bbHistoire\u00a0\u00bb tab_id=\u00a0\u00bb1695211853429-aeebdfaa-ef9426a2-f07e\u00a0\u00bb][vc_column_text el_class=\u00a0\u00bbproduit\u00a0\u00bb]<span style=\"font-family: futuraptlight\">Ngon\u00e9 Latyr Fall, de son vrai nom Ngon\u00e9 Latyr Absa est la fille du Damel Meissa Teinde Dior. Elle \u00e9tait une Lingu\u00e8re (princesse) wolof de l&#8217;empire du Cayor. Elle est la m\u00e8re du damel Lat Dior Diop, (Lat Dior Ngon\u00e9 Latyr h\u00e9ros s\u00e9n\u00e9galais de la r\u00e9sistance \u00e0 la p\u00e9n\u00e9tration coloniale. Elle est notamment la m\u00e8re du Damel Birima Ngon\u00e9 Latyr Fall n\u00e9 de son union avec le Damel Macodou Codou Coumba Yand\u00e9 Fall.<\/span>[\/vc_column_text][\/vc_tta_section][vc_tta_section title=\u00a0\u00bbD\u00e9tails produit\u00a0\u00bb tab_id=\u00a0\u00bb1695211953421-e6b9358e-bf3e26a2-f07e\u00a0\u00bb][vc_column_text el_class=\u00a0\u00bbproduit\u00a0\u00bb]<\/p>\n<p><span style=\"font-family: futuraptlight\">Forme\u00a0: Trap\u00e9zo\u00efdale.<\/span><br \/>\n<span style=\"font-family: futuraptlight\">Couleur: Multi-couleur.<\/span><br \/>\n<span style=\"font-family: futuraptlight\">Mati\u00e8res du sac: Cuir croco, cuir lisse et pagne tiss\u00e9.<\/span><br \/>\n<span style=\"font-family: futuraptlight\">Chaine\u00a0: m\u00e9tal dor\u00e9e.<\/span><br \/>\n<span style=\"font-family: futuraptlight\">Hauteur: 33cm<\/span><br \/>\n<span style=\"font-family: futuraptlight\">Largeur: 30cm<\/span><\/p>\n<p>[\/vc_column_text][\/vc_tta_section][vc_tta_section title=\u00a0\u00bbLivraison\u00a0\u00bb tab_id=\u00a0\u00bb1695211927094-2f5841eb-a1b526a2-f07e\u00a0\u00bb][vc_column_text el_class=\u00a0\u00bbproduit\u00a0\u00bb]<span style=\"font-family: futuraptlight\">Livraison disponible o\u00f9 que vous soyez. Paiement par carte bancaire, mobile money ou en esp\u00e8ces \u00e0 la livraison disponible. Aucun retour, changement de pi\u00e8ce ou remboursement n\u2019est possible apr\u00e8s livraison et r\u00e9ception. Le sac n\u2019est soumis aucune garantie en cas d\u2019usure ou de dommage accidentel ou volontaire.<\/span>[\/vc_column_text][\/vc_tta_section][\/vc_tta_accordion][\/vc_column][\/vc_row]<\/p>\n","protected":false},"featured_media":100000061676,"template":"","meta":[],"product_cat":[188,97,100],"product_tag":[],"class_list":{"0":"post-54217","1":"product","2":"type-product","3":"status-publish","4":"has-post-thumbnail","6":"product_cat-thiossane","7":"product_cat-collection-sac","8":"product_cat-sac-a-mains","11":"instock","12":"taxable","13":"shipping-taxable","14":"purchasable","15":"product-type-simple"},"_links":{"self":[{"href":"https:\/\/www.mathydy.com\/us\/wp-json\/wp\/v2\/product\/54217"}],"collection":[{"href":"https:\/\/www.mathydy.com\/us\/wp-json\/wp\/v2\/product"}],"about":[{"href":"https:\/\/www.mathydy.com\/us\/wp-json\/wp\/v2\/types\/product"}],"wp:featuredmedia":[{"embeddable":true,"href":"https:\/\/www.mathydy.com\/us\/wp-json\/"}],"wp:attachment":[{"href":"https:\/\/www.mathydy.com\/us\/wp-json\/wp\/v2\/media?parent=54217"}],"wp:term":[{"taxonomy":"product_cat","embeddable":true,"href":"https:\/\/www.mathydy.com\/us\/wp-json\/wp\/v2\/product_cat?post=54217"},{"taxonomy":"product_tag","embeddable":true,"href":"https:\/\/www.mathydy.com\/us\/wp-json\/wp\/v2\/product_tag?post=54217"}],"curies":[{"name":"wp","href":"https:\/\/api.w.org\/{rel}","templated":true}]}}