{"id":54218,"date":"2023-12-20T12:48:12","date_gmt":"2023-12-20T11:48:12","guid":{"rendered":"https:\/\/www.mathydy.com\/us\/?post_type=product&#038;p=54218"},"modified":"2026-02-16T14:33:01","modified_gmt":"2026-02-16T13:33:01","slug":"rokhaya-boubou","status":"publish","type":"product","link":"https:\/\/www.mathydy.com\/us\/produit\/rokhaya-boubou\/","title":{"rendered":"Grand Rokhaya Boubou"},"content":{"rendered":"","protected":false},"excerpt":{"rendered":"<p>[vc_row][vc_column][vc_tta_accordion c_position=\u00a0\u00bbright\u00a0\u00bb active_section=\u00a0\u00bb1&Prime;][vc_tta_section title=\u00a0\u00bbHistoire\u00a0\u00bb tab_id=\u00a0\u00bb1695211853429-aeebdfaa-ef9426a2-f07e\u00a0\u00bb][vc_column_text el_class=\u00a0\u00bbproduit\u00a0\u00bb]<span style=\"font-family: futuraptlight\">Elle est l\u2019une des matriarches de la famille Lo au S\u00e9n\u00e9gal dont est issue la fondatrice de la marque, Mathy Lo. Rokhaya Boubou trouve ses origines \u00e0 Louga.<\/span>[\/vc_column_text][\/vc_tta_section][vc_tta_section title=\u00a0\u00bbD\u00e9tails produit\u00a0\u00bb tab_id=\u00a0\u00bb1695211953421-e6b9358e-bf3e26a2-f07e\u00a0\u00bb][vc_column_text el_class=\u00a0\u00bbproduit\u00a0\u00bb]<\/p>\n<p><span style=\"font-family: futuraptlight\">Forme\u00a0: Trap\u00e9zo\u00efdale.<\/span><br \/>\n<span style=\"font-family: futuraptlight\">Couleur: Orange.<\/span><br \/>\n<span style=\"font-family: futuraptlight\">Mati\u00e8res du sac: Cuir croco, cuir lisse et pagne tiss\u00e9.<\/span><br \/>\n<span style=\"font-family: futuraptlight\">Chaine\u00a0: m\u00e9tal dor\u00e9e.<\/span><br \/>\n<span style=\"font-family: futuraptlight\">Hauteur: 33cm<\/span><br \/>\n<span style=\"font-family: futuraptlight\">Largeur: 30cm<\/span><\/p>\n<p>[\/vc_column_text][\/vc_tta_section][vc_tta_section title=\u00a0\u00bbLivraison\u00a0\u00bb tab_id=\u00a0\u00bb1695211927094-2f5841eb-a1b526a2-f07e\u00a0\u00bb][vc_column_text el_class=\u00a0\u00bbproduit\u00a0\u00bb]<span style=\"font-family: futuraptlight\">Livraison disponible o\u00f9 que vous soyez. Paiement par carte bancaire, mobile money ou en esp\u00e8ces \u00e0 la livraison disponible. Aucun retour, changement de pi\u00e8ce ou remboursement n\u2019est possible apr\u00e8s livraison et r\u00e9ception. Le sac n\u2019est soumis aucune garantie en cas d\u2019usure ou de dommage accidentel ou volontaire.<\/span>[\/vc_column_text][\/vc_tta_section][\/vc_tta_accordion][\/vc_column][\/vc_row]<\/p>\n","protected":false},"featured_media":100000061678,"template":"","meta":[],"product_cat":[188,97],"product_tag":[],"class_list":{"0":"post-54218","1":"product","2":"type-product","3":"status-publish","4":"has-post-thumbnail","6":"product_cat-thiossane","7":"product_cat-collection-sac","10":"instock","11":"taxable","12":"shipping-taxable","13":"purchasable","14":"product-type-simple"},"_links":{"self":[{"href":"https:\/\/www.mathydy.com\/us\/wp-json\/wp\/v2\/product\/54218"}],"collection":[{"href":"https:\/\/www.mathydy.com\/us\/wp-json\/wp\/v2\/product"}],"about":[{"href":"https:\/\/www.mathydy.com\/us\/wp-json\/wp\/v2\/types\/product"}],"wp:featuredmedia":[{"embeddable":true,"href":"https:\/\/www.mathydy.com\/us\/wp-json\/"}],"wp:attachment":[{"href":"https:\/\/www.mathydy.com\/us\/wp-json\/wp\/v2\/media?parent=54218"}],"wp:term":[{"taxonomy":"product_cat","embeddable":true,"href":"https:\/\/www.mathydy.com\/us\/wp-json\/wp\/v2\/product_cat?post=54218"},{"taxonomy":"product_tag","embeddable":true,"href":"https:\/\/www.mathydy.com\/us\/wp-json\/wp\/v2\/product_tag?post=54218"}],"curies":[{"name":"wp","href":"https:\/\/api.w.org\/{rel}","templated":true}]}}