{"id":54230,"date":"2023-12-20T11:45:04","date_gmt":"2023-12-20T10:45:04","guid":{"rendered":"https:\/\/www.mathydy.com\/us\/?post_type=product&#038;p=54230"},"modified":"2026-04-30T13:01:20","modified_gmt":"2026-04-30T11:01:20","slug":"colle-ardo-sow-mini","status":"publish","type":"product","link":"https:\/\/www.mathydy.com\/us\/produit\/colle-ardo-sow-mini\/","title":{"rendered":"Coll\u00e9 Ardo Sow Mini"},"content":{"rendered":"","protected":false},"excerpt":{"rendered":"<p>[vc_row][vc_column el_class=\u00a0\u00bbpersonnalisercart\u00a0\u00bb col_shadow=\u00a0\u00bbbox_shadow_enable:disable|shadow_horizontal:0|shadow_vertical:15|shadow_blur:50|shadow_spread:0|box_shadow_color:rgba(0%2C0%2C0%2C0.35)\u00a0\u00bb col_shadow_hover=\u00a0\u00bbbox_shadow_enable:disable|shadow_horizontal:0|shadow_vertical:15|shadow_blur:50|shadow_spread:0|box_shadow_color:rgba(0%2C0%2C0%2C0.35)\u00a0\u00bb][dfd_accordion style=\u00a0\u00bbstyle-8&Prime; active_section=\u00a0\u00bb0&Prime;][vc_tta_section i_position=\u00a0\u00bbright\u00a0\u00bb title=\u00a0\u00bbHistoire\u00a0\u00bb tab_id=\u00a0\u00bb1553781747762-9fad9be4-ba9725b0-83a74fa0-2214a597-a8f6&Prime; add_icon=\u00a0\u00bbtrue\u00a0\u00bb i_icon_dfd_icons=\u00a0\u00bbdfd-socicon-plus\u00a0\u00bb][vc_column_text]<span style=\"font-family: futuraptlight\">Coll\u00e9 Ardo Sow est une pionn\u00e8re de l\u2019industrie de la mode au Senegal. D\u2019abord mannequin jusqu\u2019en 1982,\u00a0\u00a0elle se lance dans la haute couture \u00e0 <a class=\"c-link\" href=\"https:\/\/fr.wikipedia.org\/wiki\/Dakar\" target=\"_blank\" rel=\"noopener noreferrer\" data-stringify-link=\"https:\/\/fr.wikipedia.org\/wiki\/Dakar\" data-sk=\"tooltip_parent\">Dakar<\/a>\u00a0en\u00a0<a class=\"c-link\" href=\"https:\/\/fr.wikipedia.org\/wiki\/1983\" target=\"_blank\" rel=\"noopener noreferrer\" data-stringify-link=\"https:\/\/fr.wikipedia.org\/wiki\/1983\" data-sk=\"tooltip_parent\">1983<\/a>. Elle est consid\u00e9r\u00e9 comme la reine de pagne tiss\u00e9 dont elle a popularis\u00e9 l\u2019usage aupr\u00e8s des cr\u00e9ateurs en Afrique et \u00e0 l\u2019international.<\/span>[\/vc_column_text][\/vc_tta_section][vc_tta_section i_position=\u00a0\u00bbright\u00a0\u00bb title=\u00a0\u00bbProduct detail\u00a0\u00bb tab_id=\u00a0\u00bb1553511468796-cfe925b1-e55925b0-83a74fa0-2214a597-a8f6&Prime; add_icon=\u00a0\u00bbtrue\u00a0\u00bb i_icon_dfd_icons=\u00a0\u00bbdfd-socicon-plus\u00a0\u00bb][vc_column_text]<span style=\"font-family: futuraptlight\">Tissu 100% cuir.<\/span><\/p>\n<p><span style=\"font-family: futuraptlight\">Hauteur: 20cm<\/span><br \/>\n<span style=\"font-family: futuraptlight\">Largeur: 28cm<\/span>[\/vc_column_text][\/vc_tta_section][vc_tta_section i_position=\u00a0\u00bbright\u00a0\u00bb title=\u00a0\u00bbLivraison\u00a0\u00bb tab_id=\u00a0\u00bb1553511569694-223e78b1-0e9425b0-83a74fa0-2214a597-a8f6&Prime; add_icon=\u00a0\u00bbtrue\u00a0\u00bb i_icon_dfd_icons=\u00a0\u00bbdfd-socicon-plus\u00a0\u00bb][vc_column_text]<\/p>\n<div class=\"wpb_row row\">\n<div class=\"twelve personnalisercart columns vc-column-extra-class-5e1eb6868d226\" data-parallax_sense=\"30\">\n<div class=\"wpb_wrapper\">\n<div id=\"tabid_5e1eb6868d98a\" class=\"dfd_tabs_block \">\n<div class=\"vc_tta-container\" data-vc-action=\"collapse\">\n<div class=\"vc_general vc_tta vc_tta-accordion vc_tta-style-style-8 vc_tta-o-shape-group vc_tta-controls-align-left dfd_accordion hide_separator show_underline style-8 \">\n<div class=\"vc_tta-panels-container style-8\">\n<div class=\"vc_tta-panels\">\n<div id=\"1553511569694-223e78b1-0e94ed8d-a6b7\" class=\"i_position_right vc_tta-panel vc_active\" data-vc-content=\".vc_tta-panel-body\">\n<div class=\"vc_tta-panel-body\">\n<div class=\"wpb_text_column wpb_content_element \">\n<div class=\"wpb_wrapper\">\n<div class=\"tlid-input input\">\n<div class=\"tlid-language-bar ls-wrap\">\n<div class=\"tl-wrap\">\n<div class=\"tl-more tlid-open-target-language-list\" role=\"button\" aria-label=\"Plus\"><span style=\"font-family: futuraptlight\">We ship everywhere in Senegal, Africa, Asia, Europe and America. You can pay cash on delivery in Senegal and by credit card worldwide.<\/span><\/div>\n<\/div>\n<\/div>\n<\/div>\n<\/div>\n<\/div>\n<\/div>\n<\/div>\n<\/div>\n<\/div>\n<\/div>\n<\/div>\n<\/div>\n<\/div>\n<\/div>\n<\/div>\n<p>[\/vc_column_text][\/vc_tta_section][\/dfd_accordion][\/vc_column][\/vc_row]<\/p>\n","protected":false},"featured_media":100000060255,"template":"","meta":[],"product_cat":[187,97,101,100],"product_tag":[],"class_list":{"0":"post-54230","1":"product","2":"type-product","3":"status-publish","4":"has-post-thumbnail","6":"product_cat-icones-mini","7":"product_cat-collection-sac","8":"product_cat-home-sacs","9":"product_cat-sac-a-mains","12":"outofstock","13":"taxable","14":"shipping-taxable","15":"purchasable","16":"product-type-simple"},"_links":{"self":[{"href":"https:\/\/www.mathydy.com\/us\/wp-json\/wp\/v2\/product\/54230"}],"collection":[{"href":"https:\/\/www.mathydy.com\/us\/wp-json\/wp\/v2\/product"}],"about":[{"href":"https:\/\/www.mathydy.com\/us\/wp-json\/wp\/v2\/types\/product"}],"wp:featuredmedia":[{"embeddable":true,"href":"https:\/\/www.mathydy.com\/us\/wp-json\/"}],"wp:attachment":[{"href":"https:\/\/www.mathydy.com\/us\/wp-json\/wp\/v2\/media?parent=54230"}],"wp:term":[{"taxonomy":"product_cat","embeddable":true,"href":"https:\/\/www.mathydy.com\/us\/wp-json\/wp\/v2\/product_cat?post=54230"},{"taxonomy":"product_tag","embeddable":true,"href":"https:\/\/www.mathydy.com\/us\/wp-json\/wp\/v2\/product_tag?post=54230"}],"curies":[{"name":"wp","href":"https:\/\/api.w.org\/{rel}","templated":true}]}}