{"id":54235,"date":"2023-12-20T11:45:03","date_gmt":"2023-12-20T10:45:03","guid":{"rendered":"https:\/\/www.mathydy.com\/us\/?post_type=product&#038;p=54235"},"modified":"2026-04-30T13:01:14","modified_gmt":"2026-04-30T11:01:14","slug":"aminata-niane-mini","status":"publish","type":"product","link":"https:\/\/www.mathydy.com\/us\/produit\/aminata-niane-mini\/","title":{"rendered":"Aminata niane Mini"},"content":{"rendered":"","protected":false},"excerpt":{"rendered":"<p>[vc_row][vc_column][vc_tta_accordion c_position=\u00a0\u00bbright\u00a0\u00bb active_section=\u00a0\u00bb1&Prime;][vc_tta_section title=\u00a0\u00bbHistoire\u00a0\u00bb tab_id=\u00a0\u00bb1695211853429-aeebdfaa-ef9426a2-f07e\u00a0\u00bb][vc_column_text el_class=\u00a0\u00bbproduit\u00a0\u00bb]<span style=\"font-family: futuraptlight\">Aminata Niane, n\u00e9e le 9 d\u00e9cembre 1956 \u00e0 Dakar, est une ing\u00e9nieure et administratrice S\u00e9n\u00e9galaise. Elle a cr\u00e9\u00e9 et dirig\u00e9 l\u2019APIX, Agence pour la Promotion des Investissements et Grands Travaux\u00a0 de 2000 \u00e0 2012 et est depuis 2006 Pr\u00e9sident du conseil d\u2019administration de l&rsquo;A\u00e9roport International Blaise Diagne. Depuis 2013, elle occupe \u00e9galement le poste de Conseiller du Vice-Pr\u00e9sident Infrastructure, Secteur Priv\u00e9 et Int\u00e9gration R\u00e9gional \u00e0 la Banque Africaine de D\u00e9veloppement.<\/span>[\/vc_column_text][\/vc_tta_section][vc_tta_section title=\u00a0\u00bbD\u00e9tails produit\u00a0\u00bb tab_id=\u00a0\u00bb1695211953421-e6b9358e-bf3e26a2-f07e\u00a0\u00bb][vc_column_text el_class=\u00a0\u00bbproduit\u00a0\u00bb]<span style=\"font-family: futuraptlight\">Tissu 100% cuir.<\/span><\/p>\n<p><span style=\"font-family: futuraptlight\">Hauteur : 20cm<\/span><br \/>\n<span style=\"font-family: futuraptlight\">Largeur :28cm<\/span>[\/vc_column_text][\/vc_tta_section][vc_tta_section title=\u00a0\u00bbLivraison\u00a0\u00bb tab_id=\u00a0\u00bb1695211927094-2f5841eb-a1b526a2-f07e\u00a0\u00bb][vc_column_text el_class=\u00a0\u00bbproduit\u00a0\u00bb]<\/p>\n<div class=\"wpb_row row\">\n<div class=\"twelve personnalisercart columns vc-column-extra-class-5e1eb6868d226\" data-parallax_sense=\"30\">\n<div class=\"wpb_wrapper\">\n<div id=\"tabid_5e1eb6868d98a\" class=\"dfd_tabs_block \">\n<div class=\"vc_tta-container\" data-vc-action=\"collapse\">\n<div class=\"vc_general vc_tta vc_tta-accordion vc_tta-style-style-8 vc_tta-o-shape-group vc_tta-controls-align-left dfd_accordion hide_separator show_underline style-8 \">\n<div class=\"vc_tta-panels-container style-8\">\n<div class=\"vc_tta-panels\">\n<div id=\"1553511569694-223e78b1-0e94ed8d-a6b7\" class=\"i_position_right vc_tta-panel vc_active\" data-vc-content=\".vc_tta-panel-body\">\n<div class=\"vc_tta-panel-body\">\n<div class=\"wpb_text_column wpb_content_element \">\n<div class=\"wpb_wrapper\">\n<div class=\"tlid-input input\">\n<div class=\"tlid-language-bar ls-wrap\">\n<div class=\"tl-wrap\">\n<div class=\"tl-more tlid-open-target-language-list\" role=\"button\" aria-label=\"Plus\"><span style=\"font-family: futuraptlight\">Livraison disponible o\u00f9 que vous soyez. Paiement par carte bancaire, mobile money ou en esp\u00e8ces \u00e0 la livraison disponible. Aucun retour, changement de pi\u00e8ce ou remboursement n\u2019est possible apr\u00e8s livraison et r\u00e9ception. Le sac n\u2019est soumis aucune garantie en cas d\u2019usure ou de dommage accidentel ou volontaire.<\/span><\/div>\n<\/div>\n<\/div>\n<\/div>\n<\/div>\n<\/div>\n<\/div>\n<\/div>\n<\/div>\n<\/div>\n<\/div>\n<\/div>\n<\/div>\n<\/div>\n<\/div>\n<\/div>\n<p>[\/vc_column_text][\/vc_tta_section][\/vc_tta_accordion][\/vc_column][\/vc_row]<\/p>\n","protected":false},"featured_media":100000060257,"template":"","meta":[],"product_cat":[187,97,100],"product_tag":[],"class_list":{"0":"post-54235","1":"product","2":"type-product","3":"status-publish","4":"has-post-thumbnail","6":"product_cat-icones-mini","7":"product_cat-collection-sac","8":"product_cat-sac-a-mains","11":"outofstock","12":"taxable","13":"shipping-taxable","14":"purchasable","15":"product-type-simple"},"_links":{"self":[{"href":"https:\/\/www.mathydy.com\/us\/wp-json\/wp\/v2\/product\/54235"}],"collection":[{"href":"https:\/\/www.mathydy.com\/us\/wp-json\/wp\/v2\/product"}],"about":[{"href":"https:\/\/www.mathydy.com\/us\/wp-json\/wp\/v2\/types\/product"}],"wp:featuredmedia":[{"embeddable":true,"href":"https:\/\/www.mathydy.com\/us\/wp-json\/"}],"wp:attachment":[{"href":"https:\/\/www.mathydy.com\/us\/wp-json\/wp\/v2\/media?parent=54235"}],"wp:term":[{"taxonomy":"product_cat","embeddable":true,"href":"https:\/\/www.mathydy.com\/us\/wp-json\/wp\/v2\/product_cat?post=54235"},{"taxonomy":"product_tag","embeddable":true,"href":"https:\/\/www.mathydy.com\/us\/wp-json\/wp\/v2\/product_tag?post=54235"}],"curies":[{"name":"wp","href":"https:\/\/api.w.org\/{rel}","templated":true}]}}