{"id":54253,"date":"2023-12-20T11:42:49","date_gmt":"2023-12-20T10:42:49","guid":{"rendered":"https:\/\/www.mathydy.com\/us\/?post_type=product&#038;p=54253"},"modified":"2025-11-24T12:25:27","modified_gmt":"2025-11-24T11:25:27","slug":"yande-codou","status":"publish","type":"product","link":"https:\/\/www.mathydy.com\/us\/produit\/yande-codou\/","title":{"rendered":"Yand\u00e9 Codou"},"content":{"rendered":"","protected":false},"excerpt":{"rendered":"<p>[vc_row][vc_column][vc_tta_accordion c_position=\u00a0\u00bbright\u00a0\u00bb active_section=\u00a0\u00bb1&Prime;][vc_tta_section title=\u00a0\u00bbHistoire\u00a0\u00bb tab_id=\u00a0\u00bb1695211853429-aeebdfaa-ef9426a2-f07e\u00a0\u00bb][vc_column_text el_class=\u00a0\u00bbproduit\u00a0\u00bb]<span style=\"font-family: futuraptlight\">Yand\u00e9 Codou S\u00e8ne est une chanteuse s\u00e9n\u00e9galaise d&rsquo;origine s\u00e9r\u00e8re, n\u00e9e en 1932 \u00e0 Somb, dans le Sine-Saloum, et morte le 15 juillet 2010 \u00e0 Gandiaye. Elle fut la griotte officielle du pr\u00e9sident L\u00e9opold S\u00e9dar Senghor. Yand\u00e9 Codou s&rsquo;inscrit dans la tradition s\u00e9r\u00e8re.<\/span>[\/vc_column_text][\/vc_tta_section][vc_tta_section title=\u00a0\u00bbD\u00e9tails produit\u00a0\u00bb tab_id=\u00a0\u00bb1695211953421-e6b9358e-bf3e26a2-f07e\u00a0\u00bb][vc_column_text el_class=\u00a0\u00bbproduit\u00a0\u00bb]<span style=\"font-family: futuraptlight\">Tissu 100% cuir.<\/span><\/p>\n<p><span style=\"font-family: futuraptlight\">Hauteur : 23cm<\/span><br \/>\n<span style=\"font-family: futuraptlight\">Largeur :31cm[\/vc_column_text][\/vc_tta_section][vc_tta_section title=\u00a0\u00bbLivraison\u00a0\u00bb tab_id=\u00a0\u00bb1695211927094-2f5841eb-a1b526a2-f07e\u00a0\u00bb][vc_column_text el_class=\u00a0\u00bbproduit\u00a0\u00bb]Livraison disponible o\u00f9 que vous soyez. Paiement par carte bancaire, mobile money ou en esp\u00e8ces \u00e0 la livraison disponible. Aucun retour, changement de pi\u00e8ce ou remboursement n\u2019est possible apr\u00e8s livraison et r\u00e9ception. Le sac n\u2019est soumis aucune garantie en cas d\u2019usure ou de dommage accidentel ou volontaire.[\/vc_column_text][\/vc_tta_section][\/vc_tta_accordion][\/vc_column][\/vc_row]<\/span><\/p>\n","protected":false},"featured_media":100000060519,"template":"","meta":[],"product_cat":[186,97,101,100],"product_tag":[],"class_list":{"0":"post-54253","1":"product","2":"type-product","3":"status-publish","4":"has-post-thumbnail","6":"product_cat-icones","7":"product_cat-collection-sac","8":"product_cat-home-sacs","9":"product_cat-sac-a-mains","12":"outofstock","13":"taxable","14":"shipping-taxable","15":"purchasable","16":"product-type-simple"},"_links":{"self":[{"href":"https:\/\/www.mathydy.com\/us\/wp-json\/wp\/v2\/product\/54253"}],"collection":[{"href":"https:\/\/www.mathydy.com\/us\/wp-json\/wp\/v2\/product"}],"about":[{"href":"https:\/\/www.mathydy.com\/us\/wp-json\/wp\/v2\/types\/product"}],"wp:featuredmedia":[{"embeddable":true,"href":"https:\/\/www.mathydy.com\/us\/wp-json\/"}],"wp:attachment":[{"href":"https:\/\/www.mathydy.com\/us\/wp-json\/wp\/v2\/media?parent=54253"}],"wp:term":[{"taxonomy":"product_cat","embeddable":true,"href":"https:\/\/www.mathydy.com\/us\/wp-json\/wp\/v2\/product_cat?post=54253"},{"taxonomy":"product_tag","embeddable":true,"href":"https:\/\/www.mathydy.com\/us\/wp-json\/wp\/v2\/product_tag?post=54253"}],"curies":[{"name":"wp","href":"https:\/\/api.w.org\/{rel}","templated":true}]}}