{"id":54259,"date":"2023-12-20T11:42:49","date_gmt":"2023-12-20T10:42:49","guid":{"rendered":"https:\/\/www.mathydy.com\/us\/produit\/angelique-kidjo\/"},"modified":"2025-12-31T22:45:32","modified_gmt":"2025-12-31T21:45:32","slug":"angelique-kidjo-deluxe","status":"publish","type":"product","link":"https:\/\/www.mathydy.com\/us\/produit\/angelique-kidjo-deluxe\/","title":{"rendered":"Ang\u00e9lique Kidjo mini"},"content":{"rendered":"","protected":false},"excerpt":{"rendered":"<p>[vc_row][vc_column][vc_tta_accordion c_position=\u00a0\u00bbright\u00a0\u00bb active_section=\u00a0\u00bb1&Prime;][vc_tta_section title=\u00a0\u00bbHistoire\u00a0\u00bb tab_id=\u00a0\u00bb1695211853429-aeebdfaa-ef9426a2-f07e\u00a0\u00bb][vc_column_text el_class=\u00a0\u00bbproduit\u00a0\u00bb]<span style=\"font-family: futuraptlight\">Ang\u00e9lique Kpasseloko Hinto Hounsinou Kandjo Manta Zogbin Kidjo, n\u00e9e le 14 juillet 1960 \u00e0 Ouidah (B\u00e9nin), dite Ang\u00e9lique Kidjo, est une chanteuse b\u00e9ninoise, laur\u00e9ate des Grammy Awards et de l&rsquo;Acad\u00e9mie Charles Cros connue pour la diversit\u00e9 de ses influences musicales, l&rsquo;originalit\u00e9 de ses clips et son engagement humanitaire comme ambassadrice internationale de l&rsquo;UNICEF.<\/span>[\/vc_column_text][\/vc_tta_section][vc_tta_section title=\u00a0\u00bbD\u00e9tails produit\u00a0\u00bb tab_id=\u00a0\u00bb1695211953421-e6b9358e-bf3e26a2-f07e\u00a0\u00bb][vc_column_text el_class=\u00a0\u00bbproduit\u00a0\u00bb]<span style=\"font-family: futuraptlight\"> 100% cuir .<\/span><\/p>\n<p><span style=\"font-family: futuraptlight\">Hauteur : 20cm<\/span><br \/>\n<span style=\"font-family: futuraptlight\">Largeur :28cm[\/vc_column_text][\/vc_tta_section][vc_tta_section title=\u00a0\u00bbLivraison\u00a0\u00bb tab_id=\u00a0\u00bb1695211927094-2f5841eb-a1b526a2-f07e\u00a0\u00bb][vc_column_text el_class=\u00a0\u00bbproduit\u00a0\u00bb]Livraison disponible o\u00f9 que vous soyez. Paiement par carte bancaire, mobile money ou en esp\u00e8ces \u00e0 la livraison disponible. Aucun retour, changement de pi\u00e8ce ou remboursement n\u2019est possible apr\u00e8s livraison et r\u00e9ception. Le sac n\u2019est soumis aucune garantie en cas d\u2019usure ou de dommage accidentel ou volontaire.[\/vc_column_text][\/vc_tta_section][\/vc_tta_accordion][\/vc_column][\/vc_row]<\/span><\/p>\n","protected":false},"featured_media":100000060826,"template":"","meta":[],"product_cat":[249,251,97,99,100],"product_tag":[],"class_list":{"0":"post-54259","1":"product","2":"type-product","3":"status-publish","4":"has-post-thumbnail","6":"product_cat-icones-deluxe","7":"product_cat-sac-fin-dannee","8":"product_cat-collection-sac","9":"product_cat-mise-en-avant-sac-a-mains","10":"product_cat-sac-a-mains","13":"outofstock","14":"taxable","15":"shipping-taxable","16":"purchasable","17":"product-type-simple"},"_links":{"self":[{"href":"https:\/\/www.mathydy.com\/us\/wp-json\/wp\/v2\/product\/54259"}],"collection":[{"href":"https:\/\/www.mathydy.com\/us\/wp-json\/wp\/v2\/product"}],"about":[{"href":"https:\/\/www.mathydy.com\/us\/wp-json\/wp\/v2\/types\/product"}],"wp:featuredmedia":[{"embeddable":true,"href":"https:\/\/www.mathydy.com\/us\/wp-json\/"}],"wp:attachment":[{"href":"https:\/\/www.mathydy.com\/us\/wp-json\/wp\/v2\/media?parent=54259"}],"wp:term":[{"taxonomy":"product_cat","embeddable":true,"href":"https:\/\/www.mathydy.com\/us\/wp-json\/wp\/v2\/product_cat?post=54259"},{"taxonomy":"product_tag","embeddable":true,"href":"https:\/\/www.mathydy.com\/us\/wp-json\/wp\/v2\/product_tag?post=54259"}],"curies":[{"name":"wp","href":"https:\/\/api.w.org\/{rel}","templated":true}]}}