{"id":54329,"date":"2023-12-18T12:22:56","date_gmt":"2023-12-18T11:22:56","guid":{"rendered":"https:\/\/www.mathydy.com\/us\/?post_type=product&#038;p=54329"},"modified":"2025-06-20T15:20:15","modified_gmt":"2025-06-20T13:20:15","slug":"askan","status":"publish","type":"product","link":"https:\/\/www.mathydy.com\/us\/produit\/askan\/","title":{"rendered":"Askan"},"content":{"rendered":"","protected":false},"excerpt":{"rendered":"<p>[vc_row][vc_column][vc_tta_accordion c_position=\u00a0\u00bbright\u00a0\u00bb active_section=\u00a0\u00bb1&Prime;][vc_tta_section title=\u00a0\u00bbD\u00e9scription\u00a0\u00bb tab_id=\u00a0\u00bb1695211853438-e824b518-1371964c-27ca\u00a0\u00bb][vc_column_text el_class=\u00a0\u00bbproduit\u00a0\u00bb]<span style=\"font-family: futuraptlight\">Adoptez notre bracelet en pure acier inoxydable au style classique et orn\u00e9 de design Africain qui lui conf\u00e8re un look original et <\/span><span style=\"font-family: futuraptlight\">irr\u00e9sistible. Combin\u00e9 avec une de nos montres vous aurez ainsi un ensemble d\u2019accessoires qui ira parfaitement avec toutes vos tenues.<\/span>[\/vc_column_text][\/vc_tta_section][vc_tta_section title=\u00a0\u00bbLivraison\u00a0\u00bb tab_id=\u00a0\u00bb1695211927094-2f5841eb-a1b5964c-27ca\u00a0\u00bb][vc_column_text]<span style=\"font-family: futuraptlight;color: #000000\"><span class=\"\" title=\"\">Nous exp\u00e9dions partout au S\u00e9n\u00e9gal, en Afrique, en Asie, en Europe et en Am\u00e9rique.<\/span> <span class=\"\" title=\"\">Vous pouvez payer en esp\u00e8ces \u00e0 la livraison au S\u00e9n\u00e9gal et par carte bancaire dans le monde entier.<\/span><\/span>[\/vc_column_text][\/vc_tta_section][\/vc_tta_accordion][\/vc_column][\/vc_row]<\/p>\n","protected":false},"featured_media":100000058558,"template":"","meta":[],"product_cat":[161,162],"product_tag":[],"class_list":{"0":"post-54329","1":"product","2":"type-product","3":"status-publish","4":"has-post-thumbnail","6":"product_cat-accessoires","7":"product_cat-accessoires-pour-hommes","8":"pa_couleur-silver","9":"pa_couleur-noir","12":"outofstock","13":"taxable","14":"shipping-taxable","15":"purchasable","16":"product-type-variable","17":"has-default-attributes"},"_links":{"self":[{"href":"https:\/\/www.mathydy.com\/us\/wp-json\/wp\/v2\/product\/54329"}],"collection":[{"href":"https:\/\/www.mathydy.com\/us\/wp-json\/wp\/v2\/product"}],"about":[{"href":"https:\/\/www.mathydy.com\/us\/wp-json\/wp\/v2\/types\/product"}],"wp:featuredmedia":[{"embeddable":true,"href":"https:\/\/www.mathydy.com\/us\/wp-json\/"}],"wp:attachment":[{"href":"https:\/\/www.mathydy.com\/us\/wp-json\/wp\/v2\/media?parent=54329"}],"wp:term":[{"taxonomy":"product_cat","embeddable":true,"href":"https:\/\/www.mathydy.com\/us\/wp-json\/wp\/v2\/product_cat?post=54329"},{"taxonomy":"product_tag","embeddable":true,"href":"https:\/\/www.mathydy.com\/us\/wp-json\/wp\/v2\/product_tag?post=54329"}],"curies":[{"name":"wp","href":"https:\/\/api.w.org\/{rel}","templated":true}]}}