{"id":54359,"date":"2023-12-13T15:43:26","date_gmt":"2023-12-13T14:43:26","guid":{"rendered":"https:\/\/www.mathydy.com\/us\/produit\/maat\/"},"modified":"2026-03-12T13:36:23","modified_gmt":"2026-03-12T12:36:23","slug":"maat","status":"publish","type":"product","link":"https:\/\/www.mathydy.com\/us\/produit\/maat\/","title":{"rendered":"Maat"},"content":{"rendered":"","protected":false},"excerpt":{"rendered":"<p>[vc_row][vc_column][vc_tta_accordion c_position=\u00a0\u00bbright\u00a0\u00bb active_section=\u00a0\u00bb1&Prime;][vc_tta_section title=\u00a0\u00bbHistoire\u00a0\u00bb tab_id=\u00a0\u00bb1695211853429-aeebdfaa-ef94997f-74b1&Prime;][vc_column_text el_class=\u00a0\u00bbproduit\u00a0\u00bb]<span style=\"font-family: futuraptlight\">La loi de Ma\u00e2t ou \u00ab 42 lois de Ma\u00e2t \u00bb est le texte qui r\u00e9gissait le syst\u00e8me de valeurs et les concepts de v\u00e9rit\u00e9 et de justice de l\u2019Egypte Antique. Celui qui est juste, qui vit dans la constante application des lois de la Ma\u00e2t est appel\u00e9 Maakherou. La Ma\u00e2t \u00e9tait donc le r\u00e9f\u00e9rent de l\u2019ordre social et juridique incarn\u00e9 par le pharaon et son vizir qui porte le titre de \u00ab Proph\u00e8te de Ma\u00e2t \u00bb et qui doit exercer son pouvoir au nom de ses principes.<\/span>[\/vc_column_text][\/vc_tta_section][vc_tta_section title=\u00a0\u00bbD\u00e9scription\u00a0\u00bb tab_id=\u00a0\u00bb1695211853438-e824b518-1371997f-74b1&Prime;][vc_column_text el_class=\u00a0\u00bbproduit\u00a0\u00bb]<span style=\"font-family: futuraptlight\">Cette montre est compos\u00e9e d&rsquo;un verre en saphir, un bracelet en acier inoxydable de qualit\u00e9 sup\u00e9rieure qui allie style et durabilit\u00e9. <\/span><span style=\"font-family: futuraptlight\">Le\u00a0 bracelet est \u00e9quip\u00e9\u00a0 de boucles d\u00e9ployantes en papillon.<\/span>[\/vc_column_text][\/vc_tta_section][vc_tta_section title=\u00a0\u00bbD\u00e9tails produit\u00a0\u00bb tab_id=\u00a0\u00bb1695211953421-e6b9358e-bf3e997f-74b1&Prime;][vc_column_text el_class=\u00a0\u00bbproduit\u00a0\u00bb]<span style=\"font-family: futuraptlight\">Mati\u00e8re du boitier: Acier inoxydable 316L<\/span><\/p>\n<p><span style=\"font-family: futuraptlight\">Couleur:\u00a0 vert<\/span><\/p>\n<p><span style=\"font-family: futuraptlight\">Mouvement :\u00a0 Mouvement \u00e0 quartz japonais<\/span><\/p>\n<p><span style=\"font-family: futuraptlight\">Mati\u00e8re du Bracelet :\u00a0 acier inoxydable<\/span><\/p>\n<p><span style=\"font-family: futuraptlight\">Couleur:\u00a0 gold<\/span><\/p>\n<p><span style=\"font-family: futuraptlight\">Type de bracelet: Inchangeable<\/span><\/p>\n<p><span style=\"font-family: futuraptlight\">Caract\u00e9ristique:\u00a0 R\u00e9sistant a l\u2019eau \/ \u00e9tanch\u00e9it\u00e9 3 bar<\/span>[\/vc_column_text][\/vc_tta_section][vc_tta_section title=\u00a0\u00bbLivraison\u00a0\u00bb tab_id=\u00a0\u00bb1695211927094-2f5841eb-a1b5997f-74b1&Prime;][vc_column_text]<span style=\"font-family: futuraptlight;color: #000000\"><span class=\"\" title=\"\">Nous exp\u00e9dions partout au S\u00e9n\u00e9gal, en Afrique, en Asie, en Europe et en Am\u00e9rique.<\/span> <span class=\"\" title=\"\">Vous pouvez payer en esp\u00e8ces \u00e0 la livraison au S\u00e9n\u00e9gal et par carte bancaire dans le monde entier.<\/span><\/span>[\/vc_column_text][\/vc_tta_section][\/vc_tta_accordion][\/vc_column][\/vc_row]<\/p>\n","protected":false},"featured_media":100000010523,"template":"","meta":[],"product_cat":[155,157,250,86,87],"product_tag":[],"class_list":{"0":"post-54359","1":"product","2":"type-product","3":"status-publish","4":"has-post-thumbnail","6":"product_cat-kemtiyu","7":"product_cat-kemtiyu-femme","8":"product_cat-montre-fin-annee","9":"product_cat-femmes","10":"product_cat-montres","11":"pa_boitier-35-x-25-x-10-mm","14":"instock","15":"taxable","16":"shipping-taxable","17":"purchasable","18":"product-type-simple"},"_links":{"self":[{"href":"https:\/\/www.mathydy.com\/us\/wp-json\/wp\/v2\/product\/54359"}],"collection":[{"href":"https:\/\/www.mathydy.com\/us\/wp-json\/wp\/v2\/product"}],"about":[{"href":"https:\/\/www.mathydy.com\/us\/wp-json\/wp\/v2\/types\/product"}],"wp:featuredmedia":[{"embeddable":true,"href":"https:\/\/www.mathydy.com\/us\/wp-json\/"}],"wp:attachment":[{"href":"https:\/\/www.mathydy.com\/us\/wp-json\/wp\/v2\/media?parent=54359"}],"wp:term":[{"taxonomy":"product_cat","embeddable":true,"href":"https:\/\/www.mathydy.com\/us\/wp-json\/wp\/v2\/product_cat?post=54359"},{"taxonomy":"product_tag","embeddable":true,"href":"https:\/\/www.mathydy.com\/us\/wp-json\/wp\/v2\/product_tag?post=54359"}],"curies":[{"name":"wp","href":"https:\/\/api.w.org\/{rel}","templated":true}]}}