{"id":54360,"date":"2023-12-13T15:43:25","date_gmt":"2023-12-13T14:43:25","guid":{"rendered":"https:\/\/www.mathydy.com\/us\/produit\/tiyi\/"},"modified":"2026-04-01T13:15:38","modified_gmt":"2026-04-01T11:15:38","slug":"tiyi","status":"publish","type":"product","link":"https:\/\/www.mathydy.com\/us\/produit\/tiyi\/","title":{"rendered":"Tiyi"},"content":{"rendered":"","protected":false},"excerpt":{"rendered":"<p>[vc_row][vc_column][vc_tta_accordion c_position=\u00a0\u00bbright\u00a0\u00bb active_section=\u00a0\u00bb1&Prime;][vc_tta_section title=\u00a0\u00bbHistoire\u00a0\u00bb tab_id=\u00a0\u00bb1695211853429-aeebdfaa-ef949585-4295&Prime;][vc_column_text el_class=\u00a0\u00bbproduit\u00a0\u00bb]<span style=\"font-family: futuraptlight\">La reine Tiyi \u00e9tait une reine d\u2019\u00c9gypte de la 13i\u00e8me dynastie, \u00e9pouse d\u2019Amenhotep III et m\u00e8re d\u2019Amenhotep IV, aussi connu sous le nom d\u2019Akhenaton. Elle fut \u00e9lev\u00e9e par son \u00e9poux, \u00e0 un degr\u00e9 de responsabilit\u00e9 dans l\u2019administration du Royaume \u00e9quivalent \u00e0 celui de roi lui-m\u00eame. Tiyi est la premi\u00e8re reine d\u2019\u00c9gypte \u00e0 voir son nom inscrit sur des d\u00e9cisions et actes officiels royaux.<\/span>[\/vc_column_text][\/vc_tta_section][vc_tta_section title=\u00a0\u00bbD\u00e9scription\u00a0\u00bb tab_id=\u00a0\u00bb1695211853438-e824b518-13719585-4295&Prime;][vc_column_text el_class=\u00a0\u00bbproduit\u00a0\u00bb]<span style=\"font-family: futuraptlight\">Cette montre est compos\u00e9e d&rsquo;un verre en saphir, un bracelet en acier inoxydable de qualit\u00e9 sup\u00e9rieure qui allie style et durabilit\u00e9. <\/span><span style=\"font-family: futuraptlight\">Le\u00a0 bracelet est \u00e9quip\u00e9\u00a0 de boucles d\u00e9ployantes en papillon.<\/span>[\/vc_column_text][\/vc_tta_section][vc_tta_section title=\u00a0\u00bbD\u00e9tails produit\u00a0\u00bb tab_id=\u00a0\u00bb1695211953421-e6b9358e-bf3e9585-4295&Prime;][vc_column_text el_class=\u00a0\u00bbproduit\u00a0\u00bb]<span style=\"font-family: futuraptlight\">Mati\u00e8re du boitier: Acier inoxydable 316L<\/span><\/p>\n<p><span style=\"font-family: futuraptlight\">Couleur:\u00a0 Rose\u00a0<\/span><\/p>\n<p><span style=\"font-family: futuraptlight\">Mouvement :\u00a0 Mouvement \u00e0 quartz japonais<\/span><\/p>\n<p><span style=\"font-family: futuraptlight\">Mati\u00e8re du Bracelet :\u00a0 acier inoxydable<\/span><\/p>\n<p><span style=\"font-family: futuraptlight\">Couleur: gold<\/span><\/p>\n<p><span style=\"font-family: futuraptlight\">Type de bracelet: Inchangeable<\/span><\/p>\n<p><span style=\"font-family: futuraptlight\">Caract\u00e9ristique:\u00a0 R\u00e9sistant a l\u2019eau \/ \u00e9tanch\u00e9it\u00e9 3 bar<\/span>[\/vc_column_text][\/vc_tta_section][vc_tta_section title=\u00a0\u00bbLivraison\u00a0\u00bb tab_id=\u00a0\u00bb1695211927094-2f5841eb-a1b59585-4295&Prime;][vc_column_text]<span style=\"font-family: futuraptlight;color: #000000\"><span class=\"\" title=\"\">Nous exp\u00e9dions partout au S\u00e9n\u00e9gal, en Afrique, en Asie, en Europe et en Am\u00e9rique.<\/span> <span class=\"\" title=\"\">Vous pouvez payer en esp\u00e8ces \u00e0 la livraison au S\u00e9n\u00e9gal et par carte bancaire dans le monde entier.<\/span><\/span>[\/vc_column_text][\/vc_tta_section][\/vc_tta_accordion][\/vc_column][\/vc_row]<\/p>\n","protected":false},"featured_media":100000010519,"template":"","meta":[],"product_cat":[155,157,250,86,87],"product_tag":[],"class_list":{"0":"post-54360","1":"product","2":"type-product","3":"status-publish","4":"has-post-thumbnail","6":"product_cat-kemtiyu","7":"product_cat-kemtiyu-femme","8":"product_cat-montre-fin-annee","9":"product_cat-femmes","10":"product_cat-montres","11":"pa_boitier-35-x-25-x-10-mm","14":"outofstock","15":"taxable","16":"shipping-taxable","17":"purchasable","18":"product-type-simple"},"_links":{"self":[{"href":"https:\/\/www.mathydy.com\/us\/wp-json\/wp\/v2\/product\/54360"}],"collection":[{"href":"https:\/\/www.mathydy.com\/us\/wp-json\/wp\/v2\/product"}],"about":[{"href":"https:\/\/www.mathydy.com\/us\/wp-json\/wp\/v2\/types\/product"}],"wp:featuredmedia":[{"embeddable":true,"href":"https:\/\/www.mathydy.com\/us\/wp-json\/"}],"wp:attachment":[{"href":"https:\/\/www.mathydy.com\/us\/wp-json\/wp\/v2\/media?parent=54360"}],"wp:term":[{"taxonomy":"product_cat","embeddable":true,"href":"https:\/\/www.mathydy.com\/us\/wp-json\/wp\/v2\/product_cat?post=54360"},{"taxonomy":"product_tag","embeddable":true,"href":"https:\/\/www.mathydy.com\/us\/wp-json\/wp\/v2\/product_tag?post=54360"}],"curies":[{"name":"wp","href":"https:\/\/api.w.org\/{rel}","templated":true}]}}