{"id":54361,"date":"2023-12-13T15:43:25","date_gmt":"2023-12-13T14:43:25","guid":{"rendered":"https:\/\/www.mathydy.com\/us\/produit\/imhotep\/"},"modified":"2026-04-26T14:38:39","modified_gmt":"2026-04-26T12:38:39","slug":"imhotep","status":"publish","type":"product","link":"https:\/\/www.mathydy.com\/us\/produit\/imhotep\/","title":{"rendered":"Imhotep"},"content":{"rendered":"","protected":false},"excerpt":{"rendered":"<p>[vc_row][vc_column][vc_tta_accordion c_position=\u00a0\u00bbright\u00a0\u00bb active_section=\u00a0\u00bb1&Prime;][vc_tta_section title=\u00a0\u00bbHistoire\u00a0\u00bb tab_id=\u00a0\u00bb1695211853429-aeebdfaa-ef945daf-d251&Prime;][vc_column_text el_class=\u00a0\u00bbproduit\u00a0\u00bb]<span style=\"font-family: futuraptlight\">Imhotep, dont le nom signifie \u00ab celui qui vient en paix \u00bb, est un personnage embl\u00e9matique de l\u2019Egypte Antique. B\u00e2tisseur de grande renomm\u00e9e et homme aux multiples talents, il est consid\u00e9r\u00e9 comme \u00e9tant le premier grand architecte noir et l\u2019inventeur de l\u2019architecture monumentale en pierre. Scribe, philosophe et m\u00e9decin au service du roi Dj\u00e9ser, c\u2019est sous son r\u00e8gne qu\u2019il fait construire le vaste complexe fun\u00e9raire de Saqqarah qui inclut la premi\u00e8re pyramide de l\u2019histoire \u00e9gyptienne.<\/span>[\/vc_column_text][\/vc_tta_section][vc_tta_section title=\u00a0\u00bbD\u00e9scription\u00a0\u00bb tab_id=\u00a0\u00bb1695211853438-e824b518-13715daf-d251&Prime;][vc_column_text el_class=\u00a0\u00bbproduit\u00a0\u00bb]<span style=\"font-family: futuraptlight\">Cette montre est compos\u00e9e d&rsquo;un verre en saphir, un bracelet en cuir de qualit\u00e9 sup\u00e9rieure qui allie style et durabilit\u00e9.\u00a0<\/span><span style=\"font-family: futuraptlight\">Le\u00a0 bracelet est \u00e9quip\u00e9\u00a0 de boucles d\u00e9ployantes en papillon.<\/span>[\/vc_column_text][\/vc_tta_section][vc_tta_section title=\u00a0\u00bbD\u00e9tails produit\u00a0\u00bb tab_id=\u00a0\u00bb1695211953421-e6b9358e-bf3e5daf-d251&Prime;][vc_column_text el_class=\u00a0\u00bbproduit\u00a0\u00bb]<span style=\"font-family: futuraptlight\">Mati\u00e8re du boitier: Acier inoxydable 316L<\/span><\/p>\n<p><span style=\"font-family: futuraptlight\">Couleur:\u00a0 gold<\/span><\/p>\n<p><span style=\"font-family: futuraptlight\">Mouvement :\u00a0 Mouvement \u00e0 quartz japonais<\/span><\/p>\n<p><span style=\"font-family: futuraptlight\">Mati\u00e8re du Bracelet :\u00a0 acier inoxydable<\/span><\/p>\n<p><span style=\"font-family: futuraptlight\">Couleur:\u00a0 marron<\/span><\/p>\n<p><span style=\"font-family: futuraptlight\">Type de bracelet: Inchangeable<\/span><\/p>\n<p><span style=\"font-family: futuraptlight\">Caract\u00e9ristique:\u00a0 R\u00e9sistant a l\u2019eau \/ \u00e9tanch\u00e9it\u00e9 3 bar<\/span>[\/vc_column_text][\/vc_tta_section][vc_tta_section title=\u00a0\u00bbLivraison\u00a0\u00bb tab_id=\u00a0\u00bb1695211927094-2f5841eb-a1b55daf-d251&Prime;][vc_column_text]<span style=\"font-family: futuraptlight;color: #000000\"><span class=\"\" title=\"\">Nous exp\u00e9dions partout au S\u00e9n\u00e9gal, en Afrique, en Asie, en Europe et en Am\u00e9rique.<\/span> <span class=\"\" title=\"\">Vous pouvez payer en esp\u00e8ces \u00e0 la livraison au S\u00e9n\u00e9gal et par carte bancaire dans le monde entier.<\/span><\/span>[\/vc_column_text][\/vc_tta_section][\/vc_tta_accordion][\/vc_column][\/vc_row]<\/p>\n","protected":false},"featured_media":100000010515,"template":"","meta":[],"product_cat":[155,156,250,91,87,124],"product_tag":[],"class_list":{"0":"post-54361","1":"product","2":"type-product","3":"status-publish","4":"has-post-thumbnail","6":"product_cat-kemtiyu","7":"product_cat-kemtiyu-homme","8":"product_cat-montre-fin-annee","9":"product_cat-hommes","10":"product_cat-montres","11":"product_cat-recommandations","12":"pa_boitier-45-x-31-x-11-mm","15":"instock","16":"sale","17":"taxable","18":"shipping-taxable","19":"purchasable","20":"product-type-simple"},"_links":{"self":[{"href":"https:\/\/www.mathydy.com\/us\/wp-json\/wp\/v2\/product\/54361"}],"collection":[{"href":"https:\/\/www.mathydy.com\/us\/wp-json\/wp\/v2\/product"}],"about":[{"href":"https:\/\/www.mathydy.com\/us\/wp-json\/wp\/v2\/types\/product"}],"wp:featuredmedia":[{"embeddable":true,"href":"https:\/\/www.mathydy.com\/us\/wp-json\/"}],"wp:attachment":[{"href":"https:\/\/www.mathydy.com\/us\/wp-json\/wp\/v2\/media?parent=54361"}],"wp:term":[{"taxonomy":"product_cat","embeddable":true,"href":"https:\/\/www.mathydy.com\/us\/wp-json\/wp\/v2\/product_cat?post=54361"},{"taxonomy":"product_tag","embeddable":true,"href":"https:\/\/www.mathydy.com\/us\/wp-json\/wp\/v2\/product_tag?post=54361"}],"curies":[{"name":"wp","href":"https:\/\/api.w.org\/{rel}","templated":true}]}}