{"id":54362,"date":"2023-12-13T15:43:25","date_gmt":"2023-12-13T14:43:25","guid":{"rendered":"https:\/\/www.mathydy.com\/us\/produit\/memphis\/"},"modified":"2026-05-04T14:11:50","modified_gmt":"2026-05-04T12:11:50","slug":"memphis","status":"publish","type":"product","link":"https:\/\/www.mathydy.com\/us\/produit\/memphis\/","title":{"rendered":"memphis"},"content":{"rendered":"","protected":false},"excerpt":{"rendered":"<p>[vc_row][vc_column][vc_tta_accordion c_position=\u00a0\u00bbright\u00a0\u00bb active_section=\u00a0\u00bb1&Prime;][vc_tta_section title=\u00a0\u00bbHistoire\u00a0\u00bb tab_id=\u00a0\u00bb1695211853429-aeebdfaa-ef94b6b6-75bc\u00a0\u00bb][vc_column_text el_class=\u00a0\u00bbproduit\u00a0\u00bb]<span style=\"font-family: futuraptlight\">Memphis \u00e9tait la capitale de la province de la Basse Egypte. La ville occupait une place strat\u00e9gique de manufacture en armements \u00e0 l\u2019entr\u00e9e du Delta du nil, et \u00e9tait \u00e9galement un centre acad\u00e9mique. C\u2019est \u00e0 Memphis que le texte de Shabaka f\u00fbt r\u00e9dig\u00e9, le plus important texte philosophique que nous ait l\u00e9gu\u00e9 l\u2019Egypte selon l\u2019\u00c9gyptologue Gr\u00e9goire Biyogho. Ce texte des pr\u00eatres philosophes de Memphis \u00e9tait le plus ancien comportant des questions jamais encore pos\u00e9es. En l\u2019occurrence les questions de la vie apr\u00e8s la mort et de l\u2019engendrement de toutes choses par un principe sup\u00e9rieur absolu.<\/span>[\/vc_column_text][\/vc_tta_section][vc_tta_section title=\u00a0\u00bbD\u00e9scription\u00a0\u00bb tab_id=\u00a0\u00bb1695211853438-e824b518-1371b6b6-75bc\u00a0\u00bb][vc_column_text el_class=\u00a0\u00bbproduit\u00a0\u00bb]<span style=\"font-family: futuraptlight\">Cette montre est compos\u00e9e d&rsquo;un verre en saphir, un bracelet en cuir de qualit\u00e9 sup\u00e9rieure qui allie style et durabilit\u00e9.\u00a0<\/span><span style=\"font-family: futuraptlight\">Le\u00a0 bracelet est \u00e9quip\u00e9\u00a0 de boucles d\u00e9ployantes en papillon.<\/span>[\/vc_column_text][\/vc_tta_section][vc_tta_section title=\u00a0\u00bbD\u00e9tails produit\u00a0\u00bb tab_id=\u00a0\u00bb1695211953421-e6b9358e-bf3eb6b6-75bc\u00a0\u00bb][vc_column_text el_class=\u00a0\u00bbproduit\u00a0\u00bb]<span style=\"font-family: futuraptlight\">Mati\u00e8re du boitier: Acier inoxydable 316L<\/span><\/p>\n<p><span style=\"font-family: futuraptlight\">Longueur:\u00a0 46 mm<\/span><\/p>\n<p><span style=\"font-family: futuraptlight\">Largeur:\u00a0 36 mm<\/span><\/p>\n<p><span style=\"font-family: futuraptlight\">Couleur:\u00a0 Bleu<\/span><\/p>\n<p><span style=\"font-family: futuraptlight\">Mouvement :\u00a0 Mouvement \u00e0 quartz japonais<\/span><\/p>\n<p><span style=\"font-family: futuraptlight\">Mati\u00e8re du Bracelet :\u00a0 acier inoxydable<\/span><\/p>\n<p><span style=\"font-family: futuraptlight\">Couleur:\u00a0 Bleu<\/span><\/p>\n<p><span style=\"font-family: futuraptlight\">Type de bracelet: Interchangeable<\/span><\/p>\n<p><span style=\"font-family: futuraptlight\">Caract\u00e9ristique:\u00a0 R\u00e9sistant a l\u2019eau \/ \u00e9tanch\u00e9it\u00e9 3 bar<\/span>[\/vc_column_text][\/vc_tta_section][vc_tta_section title=\u00a0\u00bbLivraison\u00a0\u00bb tab_id=\u00a0\u00bb1695211927094-2f5841eb-a1b5b6b6-75bc\u00a0\u00bb][vc_column_text]<span style=\"font-family: futuraptlight;color: #000000\"><span class=\"\" title=\"\">Nous exp\u00e9dions partout au S\u00e9n\u00e9gal, en Afrique, en Asie, en Europe et en Am\u00e9rique.<\/span> <span class=\"\" title=\"\">Vous pouvez payer en esp\u00e8ces \u00e0 la livraison au S\u00e9n\u00e9gal et par carte bancaire dans le monde entier.<\/span><\/span>[\/vc_column_text][\/vc_tta_section][\/vc_tta_accordion][\/vc_column][\/vc_row]<\/p>\n","protected":false},"featured_media":100000010513,"template":"","meta":[],"product_cat":[155,156,250,91,136,87],"product_tag":[],"class_list":{"0":"post-54362","1":"product","2":"type-product","3":"status-publish","4":"has-post-thumbnail","6":"product_cat-kemtiyu","7":"product_cat-kemtiyu-homme","8":"product_cat-montre-fin-annee","9":"product_cat-hommes","10":"product_cat-meilleur-vente","11":"product_cat-montres","12":"pa_boitier-45-x-31-x-11-mm","15":"instock","16":"taxable","17":"shipping-taxable","18":"purchasable","19":"product-type-simple"},"_links":{"self":[{"href":"https:\/\/www.mathydy.com\/us\/wp-json\/wp\/v2\/product\/54362"}],"collection":[{"href":"https:\/\/www.mathydy.com\/us\/wp-json\/wp\/v2\/product"}],"about":[{"href":"https:\/\/www.mathydy.com\/us\/wp-json\/wp\/v2\/types\/product"}],"wp:featuredmedia":[{"embeddable":true,"href":"https:\/\/www.mathydy.com\/us\/wp-json\/"}],"wp:attachment":[{"href":"https:\/\/www.mathydy.com\/us\/wp-json\/wp\/v2\/media?parent=54362"}],"wp:term":[{"taxonomy":"product_cat","embeddable":true,"href":"https:\/\/www.mathydy.com\/us\/wp-json\/wp\/v2\/product_cat?post=54362"},{"taxonomy":"product_tag","embeddable":true,"href":"https:\/\/www.mathydy.com\/us\/wp-json\/wp\/v2\/product_tag?post=54362"}],"curies":[{"name":"wp","href":"https:\/\/api.w.org\/{rel}","templated":true}]}}