{"id":54370,"date":"2023-12-06T11:01:14","date_gmt":"2023-12-06T10:01:14","guid":{"rendered":"https:\/\/www.mathydy.com\/us\/produit\/guelowar\/"},"modified":"2026-02-02T13:17:29","modified_gmt":"2026-02-02T12:17:29","slug":"guelowar","status":"publish","type":"product","link":"https:\/\/www.mathydy.com\/us\/produit\/guelowar\/","title":{"rendered":"Guelowar"},"content":{"rendered":"","protected":false},"excerpt":{"rendered":"<p>[vc_row][vc_column][vc_tta_accordion c_position=\u00a0\u00bbright\u00a0\u00bb active_section=\u00a0\u00bb1&Prime;][vc_tta_section title=\u00a0\u00bbHistoire\u00a0\u00bb tab_id=\u00a0\u00bb1695211853429-aeebdfaa-ef94939e-5e26&Prime;][vc_column_text el_class=\u00a0\u00bbproduit\u00a0\u00bb]<span style=\"font-family: futuraptlight\">Les Guelowar \u00e9taient une dynastie de nobles dans les royaumes s\u00e9r\u00e8res du Sine et du Saloum dont la long\u00e9vit\u00e9 s\u2019\u00e9tendit du 14i\u00e8me si\u00e8cle \u00e0 1969. Selon la tradition orale, ils seraient descendants de Mansa Bala Diakha et de Maisata Yembe Kame Gu\u00e9laware, respectivement roi et reine d\u2019une province du Kaabu, une r\u00e9gion de l\u2019actuelle Guin\u00e9e Bissau. Leur int\u00e9gration dans la noblesse s\u00e9r\u00e8re au S\u00e9n\u00e9gal serait le fruit d\u2019un mariage entre le clan maternel des Guelawar et le clan paternel s\u00e9r\u00e8re des Lamane.<\/span>[\/vc_column_text][\/vc_tta_section][vc_tta_section title=\u00a0\u00bbD\u00e9scription\u00a0\u00bb tab_id=\u00a0\u00bb1695211853438-e824b518-1371939e-5e26&Prime;][vc_column_text el_class=\u00a0\u00bbproduit\u00a0\u00bb]<span style=\"font-family: futuraptlight\">La montre Guelewaar est dans le pure style Classic et minimaliste. Elle rehausse votre \u00c9l\u00e9gance gr\u00e2ce a ses lignes sobres. son boitier en gold lui donne une allure chic qui s\u2019allie a toute vos tenues.<\/span>[\/vc_column_text][\/vc_tta_section][vc_tta_section title=\u00a0\u00bbD\u00e9tails produit\u00a0\u00bb tab_id=\u00a0\u00bb1695211953421-e6b9358e-bf3e939e-5e26&Prime;][vc_column_text el_class=\u00a0\u00bbproduit\u00a0\u00bb]<span style=\"font-family: futuraptlight\">Mati\u00e8re du boitier: Acier inoxydable 316L<\/span><\/p>\n<p><span style=\"font-family: futuraptlight\">\u00c9paisseur du cadran :\u00a0\u00a0 7 mm<\/span><\/p>\n<p><span style=\"font-family: futuraptlight\">Diam\u00e8tre:\u00a0 40 mm<\/span><\/p>\n<p><span style=\"font-family: futuraptlight\">Couleur:\u00a0 Gold<\/span><\/p>\n<p><span style=\"font-family: futuraptlight\">Mouvement :\u00a0 Mouvement \u00e0 quartz japonais<\/span><\/p>\n<p><span style=\"font-family: futuraptlight\">Mati\u00e8re du Bracelet :\u00a0 acier inoxydable<\/span><\/p>\n<p><span style=\"font-family: futuraptlight\">Couleur: Argent et Gold<\/span><\/p>\n<p><span style=\"font-family: futuraptlight\">Type de bracelet: <b>Inchangeable<\/b><\/span><\/p>\n<p><span style=\"font-family: futuraptlight\">Caract\u00e9ristique:\u00a0 R\u00e9sistant a l\u2019eau \/ \u00e9tanch\u00e9it\u00e9 3 bar<\/span>[\/vc_column_text][\/vc_tta_section][vc_tta_section title=\u00a0\u00bbLivraison\u00a0\u00bb tab_id=\u00a0\u00bb1695211927094-2f5841eb-a1b5939e-5e26&Prime;][vc_column_text el_class=\u00a0\u00bbproduit\u00a0\u00bb]<span style=\"font-family: futuraptlight;color: #000000\"><span class=\"\" title=\"\">Nous exp\u00e9dions partout au S\u00e9n\u00e9gal, en Afrique, en Asie, en Europe et en Am\u00e9rique.<\/span> <span class=\"\" title=\"\">Vous pouvez payer en esp\u00e8ces \u00e0 la livraison au S\u00e9n\u00e9gal et par carte bancaire dans le monde entier.<\/span><\/span>[\/vc_column_text][\/vc_tta_section][\/vc_tta_accordion][\/vc_column][\/vc_row]<\/p>\n","protected":false},"featured_media":100000057901,"template":"","meta":[],"product_cat":[250,91,132,87,130],"product_tag":[],"class_list":{"0":"post-54370","1":"product","2":"type-product","3":"status-publish","4":"has-post-thumbnail","6":"product_cat-montre-fin-annee","7":"product_cat-hommes","8":"product_cat-noblesse-homme","9":"product_cat-montres","10":"product_cat-noblesse","11":"pa_taille-40-mm","14":"outofstock","15":"taxable","16":"shipping-taxable","17":"purchasable","18":"product-type-simple"},"_links":{"self":[{"href":"https:\/\/www.mathydy.com\/us\/wp-json\/wp\/v2\/product\/54370"}],"collection":[{"href":"https:\/\/www.mathydy.com\/us\/wp-json\/wp\/v2\/product"}],"about":[{"href":"https:\/\/www.mathydy.com\/us\/wp-json\/wp\/v2\/types\/product"}],"wp:featuredmedia":[{"embeddable":true,"href":"https:\/\/www.mathydy.com\/us\/wp-json\/"}],"wp:attachment":[{"href":"https:\/\/www.mathydy.com\/us\/wp-json\/wp\/v2\/media?parent=54370"}],"wp:term":[{"taxonomy":"product_cat","embeddable":true,"href":"https:\/\/www.mathydy.com\/us\/wp-json\/wp\/v2\/product_cat?post=54370"},{"taxonomy":"product_tag","embeddable":true,"href":"https:\/\/www.mathydy.com\/us\/wp-json\/wp\/v2\/product_tag?post=54370"}],"curies":[{"name":"wp","href":"https:\/\/api.w.org\/{rel}","templated":true}]}}