{"id":54372,"date":"2023-12-05T15:29:55","date_gmt":"2023-12-05T14:29:55","guid":{"rendered":"https:\/\/www.mathydy.com\/us\/?post_type=product&#038;p=54372"},"modified":"2025-07-24T18:30:30","modified_gmt":"2025-07-24T16:30:30","slug":"koli-tenguella","status":"publish","type":"product","link":"https:\/\/www.mathydy.com\/us\/produit\/koli-tenguella\/","title":{"rendered":"Koli Tenguella"},"content":{"rendered":"","protected":false},"excerpt":{"rendered":"<p>[vc_row][vc_column][vc_tta_accordion c_position=\u00a0\u00bbright\u00a0\u00bb active_section=\u00a0\u00bb1&Prime;][vc_tta_section title=\u00a0\u00bbHistoire\u00a0\u00bb tab_id=\u00a0\u00bb1695211853429-aeebdfaa-ef94a99b-5da5&Prime;][vc_column_text el_class=\u00a0\u00bbproduit\u00a0\u00bb]Koli Tenguella\u00a0aussi connue sous le nom de\u00a0Koli Tenguella Ba\u00a0est un souverain guerrier ayant r\u00e9gn\u00e9 du haut Niger au bas S\u00e9n\u00e9gal sur une zone englobant sept pays. Le S\u00e9n\u00e9gal, \u00a0la Gambie, la Mauritanie, la Guin\u00e9e Bissau, la Guin\u00e9e Conakry ainsi qu\u2019une partie du Mali et du Niger. Il est l\u2019anc\u00eatre des dynasties royales et nobles des D\u00e9niyankob\u00e9s, Yalalb\u00e9s, et Sayboob\u00e9s.[\/vc_column_text][\/vc_tta_section][vc_tta_section title=\u00a0\u00bbD\u00e9scription\u00a0\u00bb tab_id=\u00a0\u00bb1695211853438-e824b518-1371a99b-5da5&Prime;][vc_column_text el_class=\u00a0\u00bbproduit\u00a0\u00bb]L\u2019armature argent\u00e9e de cette montre et son cadran au fond noir surmont\u00e9 de notre design signature inspir\u00e9 du Bogolan cr\u00e9ent un contraste unique qui sublimera votre look. Le bracelet en cuir de crocodile bleu fait de cette montre une pi\u00e8ce unique qui sublimera votre poignet en toute occasion.[\/vc_column_text][\/vc_tta_section][vc_tta_section title=\u00a0\u00bbD\u00e9tails produit\u00a0\u00bb tab_id=\u00a0\u00bb1695211953421-e6b9358e-bf3ea99b-5da5&Prime;][vc_column_text]Mati\u00e8re du boitier:\u00a0ACIER INOXYDABLE 316L<\/p>\n<p>\u00c9paisseur du cadran:\u00a07 MM<\/p>\n<p>Diam\u00e8tre:\u00a040 MM<\/p>\n<p>Couleur:\u00a0ARGENT<\/p>\n<p>Mouvement:\u00a0MOUVEMENT \u00c0 QUARTZ JAPONAIS<\/p>\n<p>Mati\u00e8re du Bracelet:\u00a0CUIR V\u00c9RITABLE<\/p>\n<p>Couleur:\u00a0NOIR<\/p>\n<p>Type de bracelet:\u00a0INTERCHANGEABLE<\/p>\n<p>Caract\u00e9ristique:\u00a0R\u00c9SISTANT \u00c0 L\u2019EAU \/ \u00c9TANCH\u00c9IT\u00c9 3 BAR[\/vc_column_text][\/vc_tta_section][vc_tta_section title=\u00a0\u00bbLivraison\u00a0\u00bb tab_id=\u00a0\u00bb1695211927094-2f5841eb-a1b5a99b-5da5&Prime;][vc_column_text]Nous exp\u00e9dions partout au S\u00e9n\u00e9gal, en Afrique, en Asie, en Europe et en Am\u00e9rique. Vous pouvez payer en esp\u00e8ces \u00e0 la livraison au S\u00e9n\u00e9gal et par carte bancaire dans le monde entier.[\/vc_column_text][\/vc_tta_section][\/vc_tta_accordion][\/vc_column][\/vc_row]<\/p>\n","protected":false},"featured_media":100000054342,"template":"","meta":[],"product_cat":[91,135,87,133],"product_tag":[],"class_list":{"0":"post-54372","1":"product","2":"type-product","3":"status-publish","4":"has-post-thumbnail","6":"product_cat-hommes","7":"product_cat-royalty-homme","8":"product_cat-montres","9":"product_cat-royalty","10":"pa_taille-40-mm","13":"outofstock","14":"taxable","15":"shipping-taxable","16":"purchasable","17":"product-type-simple"},"_links":{"self":[{"href":"https:\/\/www.mathydy.com\/us\/wp-json\/wp\/v2\/product\/54372"}],"collection":[{"href":"https:\/\/www.mathydy.com\/us\/wp-json\/wp\/v2\/product"}],"about":[{"href":"https:\/\/www.mathydy.com\/us\/wp-json\/wp\/v2\/types\/product"}],"wp:featuredmedia":[{"embeddable":true,"href":"https:\/\/www.mathydy.com\/us\/wp-json\/"}],"wp:attachment":[{"href":"https:\/\/www.mathydy.com\/us\/wp-json\/wp\/v2\/media?parent=54372"}],"wp:term":[{"taxonomy":"product_cat","embeddable":true,"href":"https:\/\/www.mathydy.com\/us\/wp-json\/wp\/v2\/product_cat?post=54372"},{"taxonomy":"product_tag","embeddable":true,"href":"https:\/\/www.mathydy.com\/us\/wp-json\/wp\/v2\/product_tag?post=54372"}],"curies":[{"name":"wp","href":"https:\/\/api.w.org\/{rel}","templated":true}]}}