{"id":54376,"date":"2023-12-05T15:29:55","date_gmt":"2023-12-05T14:29:55","guid":{"rendered":"https:\/\/www.mathydy.com\/us\/produit\/kahena\/"},"modified":"2026-04-27T16:14:45","modified_gmt":"2026-04-27T14:14:45","slug":"kahena","status":"publish","type":"product","link":"https:\/\/www.mathydy.com\/us\/produit\/kahena\/","title":{"rendered":"Kahena"},"content":{"rendered":"<p><\/p>\n","protected":false},"excerpt":{"rendered":"<p>[vc_row][vc_column][vc_tta_accordion c_position=\u00a0\u00bbright\u00a0\u00bb active_section=\u00a0\u00bb1&Prime;][vc_tta_section title=\u00a0\u00bbHistoire\u00a0\u00bb tab_id=\u00a0\u00bb1695211853429-aeebdfaa-ef94e70a-0cbc\u00a0\u00bb][vc_column_text el_class=\u00a0\u00bbproduit\u00a0\u00bb]<span style=\"font-family: futuraptlight\">Kahina ou Kahena, est une guerri\u00e8re berb\u00e8re qui a combattu les Omeyyades, lors de<\/span><br \/>\n<span style=\"font-family: futuraptlight\">la conqu\u00eate musulmane du Maghreb au VIIe si\u00e8cle. Apr\u00e8s plusieurs succ\u00e8s contre<\/span><br \/>\n<span style=\"font-family: futuraptlight\">les envahisseurs musulmans, elle meurt au combat, dans les Aur\u00e8s, en 703.Les mouvements berb\u00e9ristes la consid\u00e8rent comme une ic\u00f4ne de l\u2019amazighit\u00e9.<\/span><br \/>\n<span style=\"font-family: futuraptlight\">Elle est \u00e9galement une figure historique et identitaire des Chaouis ainsi que des<\/span><br \/>\n<span style=\"font-family: futuraptlight\">Berb\u00e8res en g\u00e9n\u00e9ral.<\/span>[\/vc_column_text][\/vc_tta_section][vc_tta_section title=\u00a0\u00bbD\u00e9scription\u00a0\u00bb tab_id=\u00a0\u00bb1695211853438-e824b518-1371e70a-0cbc\u00a0\u00bb][vc_column_text el_class=\u00a0\u00bbproduit\u00a0\u00bb]<\/p>\n<p style=\"text-align: justify\">La couleur Or de cette montre et son cadran blanc cr\u00e9ent un contraste unique qui sublimera votre look. Son design original inspir\u00e9 d\u2019Afrique offre des lignes \u00e9pur\u00e9es aux couleurs vives et en font un bijou qui s\u2019int\u00e8gre parfaitement \u00e0 vos tenues.<\/p>\n<p>[\/vc_column_text][\/vc_tta_section][vc_tta_section title=\u00a0\u00bbD\u00e9tails produit\u00a0\u00bb tab_id=\u00a0\u00bb1695211953421-e6b9358e-bf3ee70a-0cbc\u00a0\u00bb][vc_column_text el_class=\u00a0\u00bbproduit\u00a0\u00bb]Mati\u00e8re du boitier: <b><span style=\"text-transform: uppercase\">Acier inoxydable 316L<\/span><\/b><\/p>\n<p>\u00c9paisseur du cadran: <b><span style=\"text-transform: uppercase\">7 mm<\/span><\/b><\/p>\n<p>Diam\u00e8tre: <b><span style=\"text-transform: uppercase\">36 mm<\/span><\/b><\/p>\n<p>Couleur: Gold<\/p>\n<p>Mouvement: <b><span style=\"text-transform: uppercase\">Mouvement \u00e0 quartz japonais<\/span><\/b><\/p>\n<p>Mati\u00e8re du Bracelet: <b><span style=\"text-transform: uppercase\">Acier inoxydable 316L<\/span><\/b><\/p>\n<p>Couleur: gold<\/p>\n<p>Type de bracelet: <b><span style=\"text-transform: uppercase\">Interchangeable<\/span><\/b><\/p>\n<p>Caract\u00e9ristique: <b><span style=\"text-transform: uppercase\">R\u00e9sistant \u00e0 l\u2019eau \/ \u00e9tanch\u00e9it\u00e9 3 bar<\/span><\/b>[\/vc_column_text][\/vc_tta_section][vc_tta_section title=\u00a0\u00bbLivraison\u00a0\u00bb tab_id=\u00a0\u00bb1695211927094-2f5841eb-a1b5e70a-0cbc\u00a0\u00bb][vc_column_text]<span style=\"font-family: futuraptlight;color: #000000\"><span class=\"\" title=\"\">Nous exp\u00e9dions partout au S\u00e9n\u00e9gal, en Afrique, en Asie, en Europe et en Am\u00e9rique.<\/span> <span class=\"\" title=\"\">Vous pouvez payer en esp\u00e8ces \u00e0 la livraison au S\u00e9n\u00e9gal et par carte bancaire dans le monde entier.<\/span><\/span>[\/vc_column_text][\/vc_tta_section][\/vc_tta_accordion][\/vc_column][\/vc_row]<\/p>\n","protected":false},"featured_media":100000060940,"template":"","meta":[],"product_cat":[250,86,134,87,133],"product_tag":[],"class_list":{"0":"post-54376","1":"product","2":"type-product","3":"status-publish","4":"has-post-thumbnail","6":"product_cat-montre-fin-annee","7":"product_cat-femmes","8":"product_cat-royalty-femme","9":"product_cat-montres","10":"product_cat-royalty","11":"pa_taille-36-mm","14":"outofstock","15":"taxable","16":"shipping-taxable","17":"purchasable","18":"product-type-simple"},"_links":{"self":[{"href":"https:\/\/www.mathydy.com\/us\/wp-json\/wp\/v2\/product\/54376"}],"collection":[{"href":"https:\/\/www.mathydy.com\/us\/wp-json\/wp\/v2\/product"}],"about":[{"href":"https:\/\/www.mathydy.com\/us\/wp-json\/wp\/v2\/types\/product"}],"wp:featuredmedia":[{"embeddable":true,"href":"https:\/\/www.mathydy.com\/us\/wp-json\/"}],"wp:attachment":[{"href":"https:\/\/www.mathydy.com\/us\/wp-json\/wp\/v2\/media?parent=54376"}],"wp:term":[{"taxonomy":"product_cat","embeddable":true,"href":"https:\/\/www.mathydy.com\/us\/wp-json\/wp\/v2\/product_cat?post=54376"},{"taxonomy":"product_tag","embeddable":true,"href":"https:\/\/www.mathydy.com\/us\/wp-json\/wp\/v2\/product_tag?post=54376"}],"curies":[{"name":"wp","href":"https:\/\/api.w.org\/{rel}","templated":true}]}}