{"id":54379,"date":"2023-12-05T15:29:54","date_gmt":"2023-12-05T14:29:54","guid":{"rendered":"https:\/\/www.mathydy.com\/us\/produit\/askia\/"},"modified":"2026-05-05T03:05:27","modified_gmt":"2026-05-05T01:05:27","slug":"askia","status":"publish","type":"product","link":"https:\/\/www.mathydy.com\/us\/produit\/askia\/","title":{"rendered":"Askia"},"content":{"rendered":"","protected":false},"excerpt":{"rendered":"<p>[vc_row][vc_column][vc_tta_accordion c_position=\u00a0\u00bbright\u00a0\u00bb active_section=\u00a0\u00bb1&Prime;][vc_tta_section title=\u00a0\u00bbHistoire\u00a0\u00bb tab_id=\u00a0\u00bb1695211853429-aeebdfaa-ef94de83-da06&Prime;][vc_column_text el_class=\u00a0\u00bbproduit\u00a0\u00bb]<strong>Mamadou Tour\u00e9<\/strong>, n\u00e9 en\u00a01443\u00a0et mort en\u00a01538, et probablement originaire du\u00a0Fouta Toro, dans l&rsquo;actuel\u00a0S\u00e9n\u00e9gal\u00a0\u00e9tait\u00a0empereur du Songha\u00ef, d&rsquo;ethnie\u00a0Sonink\u00e9. Il renverse en\u00a01493\u00a0Sonni Baro, le fils de\u00a0Sonni Ali Ber. Il devient empereur du Songha\u00ef. Prenant le nom d&rsquo;<strong>Askia Mohammed<\/strong>, il est le fondateur de la dynastie des\u00a0Askia. Il pacifie et r\u00e9organise l&rsquo;Empire. Il soumet au tribut le\u00a0Mali, le\u00a0royaume de Diarra, les\u00a0Peuls\u00a0du\u00a0Fouta-Toro, le royaume de l&rsquo;A\u00efr, et plusieurs royaumes\u00a0haoussas\u00a0\u00e0 l&rsquo;est mais \u00e9choue au sud contre le\u00a0Borgou, royaume des\u00a0Baribas\u00a0(Borgu), et le\u00a0Kebb[\/vc_column_text][\/vc_tta_section][vc_tta_section title=\u00a0\u00bbD\u00e9scription\u00a0\u00bb tab_id=\u00a0\u00bb1695211853438-e824b518-1371de83-da06&Prime;][vc_column_text el_class=\u00a0\u00bbproduit\u00a0\u00bb]Voici le tout nouveau modele de la collection royalty , il est os\u00e9e et elegant a la fois. Il vous donnera une allure styl\u00e9e et d\u00e9contract\u00e9e.[\/vc_column_text][\/vc_tta_section][vc_tta_section title=\u00a0\u00bbD\u00e9tails produit\u00a0\u00bb tab_id=\u00a0\u00bb1695211953421-e6b9358e-bf3ede83-da06&Prime;][vc_column_text el_class=\u00a0\u00bbproduit\u00a0\u00bb]<strong>Mati\u00e8re du boitier<\/strong>: ACIER INOXYDABLE 316L<br \/>\n<strong>\u00c9paisseur du cadran<\/strong>: 7 MM<br \/>\n<strong>Diam\u00e8tre<\/strong>: 40 MM<br \/>\n<strong>Couleur<\/strong>: ARGENT<br \/>\n<strong>Mouvement<\/strong>: MOUVEMENT \u00c0 QUARTZ JAPONAIS<br \/>\n<strong>Mati\u00e8re du Bracelet<\/strong>: ACIER INOXYDABLE 316L<br \/>\n<strong>Couleur<\/strong>: ARGENT<br \/>\n<strong>Type de bracelet<\/strong>: INTERCHANGEABLE<br \/>\n<strong>Caract\u00e9ristique<\/strong>: R\u00c9SISTANT \u00c0 L\u2019EAU \/ \u00c9TANCH\u00c9IT\u00c9 3 BAR[\/vc_column_text][\/vc_tta_section][vc_tta_section title=\u00a0\u00bbLivraison\u00a0\u00bb tab_id=\u00a0\u00bb1695211927094-2f5841eb-a1b5de83-da06&Prime;][vc_column_text]<span style=\"font-family: futuraptlight;color: #000000\"><span class=\"\" title=\"\">Nous exp\u00e9dions partout au S\u00e9n\u00e9gal, en Afrique, en Asie, en Europe et en Am\u00e9rique.<\/span> <span class=\"\" title=\"\">Vous pouvez payer en esp\u00e8ces \u00e0 la livraison au S\u00e9n\u00e9gal et par carte bancaire dans le monde entier.<\/span><\/span>[\/vc_column_text][\/vc_tta_section][\/vc_tta_accordion][\/vc_column][\/vc_row]<\/p>\n","protected":false},"featured_media":100000010443,"template":"","meta":[],"product_cat":[91,135,133],"product_tag":[],"class_list":{"0":"post-54379","1":"product","2":"type-product","3":"status-publish","4":"has-post-thumbnail","6":"product_cat-hommes","7":"product_cat-royalty-homme","8":"product_cat-royalty","9":"pa_taille-40-mm","12":"instock","13":"taxable","14":"shipping-taxable","15":"purchasable","16":"product-type-simple"},"_links":{"self":[{"href":"https:\/\/www.mathydy.com\/us\/wp-json\/wp\/v2\/product\/54379"}],"collection":[{"href":"https:\/\/www.mathydy.com\/us\/wp-json\/wp\/v2\/product"}],"about":[{"href":"https:\/\/www.mathydy.com\/us\/wp-json\/wp\/v2\/types\/product"}],"wp:featuredmedia":[{"embeddable":true,"href":"https:\/\/www.mathydy.com\/us\/wp-json\/"}],"wp:attachment":[{"href":"https:\/\/www.mathydy.com\/us\/wp-json\/wp\/v2\/media?parent=54379"}],"wp:term":[{"taxonomy":"product_cat","embeddable":true,"href":"https:\/\/www.mathydy.com\/us\/wp-json\/wp\/v2\/product_cat?post=54379"},{"taxonomy":"product_tag","embeddable":true,"href":"https:\/\/www.mathydy.com\/us\/wp-json\/wp\/v2\/product_tag?post=54379"}],"curies":[{"name":"wp","href":"https:\/\/api.w.org\/{rel}","templated":true}]}}