{"id":54385,"date":"2023-12-05T15:29:53","date_gmt":"2023-12-05T14:29:53","guid":{"rendered":"https:\/\/www.mathydy.com\/us\/produit\/sarraounia\/"},"modified":"2026-04-23T14:03:39","modified_gmt":"2026-04-23T12:03:39","slug":"sarraounia","status":"publish","type":"product","link":"https:\/\/www.mathydy.com\/us\/produit\/sarraounia\/","title":{"rendered":"Sarraounia"},"content":{"rendered":"<p><\/p>\n","protected":false},"excerpt":{"rendered":"<p>[vc_row][vc_column][vc_tta_accordion c_position=\u00a0\u00bbright\u00a0\u00bb active_section=\u00a0\u00bb1&Prime;][vc_tta_section title=\u00a0\u00bbHistoire\u00a0\u00bb tab_id=\u00a0\u00bb1695211853429-aeebdfaa-ef94e32d-5630&Prime;][vc_column_text el_class=\u00a0\u00bbproduit\u00a0\u00bb]<span style=\"font-family: futuraptlight\">Sarraounia est une reine africaine ayant r\u00e9gn\u00e9 sur les Azna, une communaut\u00e9 d\u2019Afrique de l\u2019ouest, \u00e0 la fin du 19i\u00e8me si\u00e8cle, dans le sud-ouest du Niger actuel. Elle est entr\u00e9 dans l\u2019histoire de par la r\u00e9sistance que sa communaut\u00e9 opposa aux tentatives de colonisation fran\u00e7aise \u00e0 une \u00e9poque o\u00f9 de nombreux royaumes africains capitulaient sans combattre. La communaut\u00e9 de Sarraounia livra bataille aux troupes command\u00e9es par les capitaines Voulet et Chanoine, en 1899.<\/span>[\/vc_column_text][\/vc_tta_section][vc_tta_section title=\u00a0\u00bbD\u00e9scription\u00a0\u00bb tab_id=\u00a0\u00bb1695211853438-e824b518-1371e32d-5630&Prime;][vc_column_text el_class=\u00a0\u00bbproduit\u00a0\u00bb]<span style=\"font-family: futuraptlight\">L\u2019armature Rose dor\u00e9e de cette montre et son cadran au fond noir surmont\u00e9 de notre design signature inspir\u00e9 du Bogolan cr\u00e9ent un contraste unique qui sublimera votre look. Le bracelet en cuir de crocodile noire fait de cette montre une pi\u00e8ce qui sublimera votre poignet en toute occasion.<\/span>[\/vc_column_text][\/vc_tta_section][vc_tta_section title=\u00a0\u00bbD\u00e9tails produit\u00a0\u00bb tab_id=\u00a0\u00bb1695211953421-e6b9358e-bf3ee32d-5630&Prime;][vc_column_text el_class=\u00a0\u00bbproduit\u00a0\u00bb]<span style=\"font-family: futuraptlight\">Mati\u00e8re du boitier:\u00a0<b>ACIER INOXYDABLE 316L<\/b><\/span><\/p>\n<p><span style=\"font-family: futuraptlight\">\u00c9paisseur du cadran:\u00a0<b>7 MM<\/b><\/span><\/p>\n<p><span style=\"font-family: futuraptlight\">Diam\u00e8tre:\u00a0<b>36 MM<\/b><\/span><\/p>\n<p><span style=\"font-family: futuraptlight\">Couleur:\u00a0<b>OR<\/b><\/span><\/p>\n<p><span style=\"font-family: futuraptlight\">Mouvement:\u00a0<b>MOUVEMENT \u00c0 QUARTZ JAPONAIS<\/b><\/span><\/p>\n<p><span style=\"font-family: futuraptlight\">Mati\u00e8re du Bracelet:\u00a0<b>ACIER INOXYDABLE 316L<\/b><\/span><\/p>\n<p><span style=\"font-family: futuraptlight\">Couleur:\u00a0<b>Marron<\/b><\/span><\/p>\n<p><span style=\"font-family: futuraptlight\">Type de bracelet:\u00a0<b>INTERCHANGEABLE<\/b><\/span><\/p>\n<p><span style=\"font-family: futuraptlight\">Caract\u00e9ristique:\u00a0<b>R\u00c9SISTANT \u00c0 L\u2019EAU \/ \u00c9TANCH\u00c9IT\u00c9 3 BAR<\/b><\/span>[\/vc_column_text][\/vc_tta_section][vc_tta_section title=\u00a0\u00bbLivraison\u00a0\u00bb tab_id=\u00a0\u00bb1695211927094-2f5841eb-a1b5e32d-5630&Prime;][vc_column_text]<span style=\"font-family: futuraptlight;color: #000000\"><span class=\"\" title=\"\">Nous exp\u00e9dions partout au S\u00e9n\u00e9gal, en Afrique, en Asie, en Europe et en Am\u00e9rique.<\/span> <span class=\"\" title=\"\">Vous pouvez payer en esp\u00e8ces \u00e0 la livraison au S\u00e9n\u00e9gal et par carte bancaire dans le monde entier.<\/span><\/span>[\/vc_column_text][\/vc_tta_section][\/vc_tta_accordion][\/vc_column][\/vc_row]<\/p>\n","protected":false},"featured_media":100000060957,"template":"","meta":[],"product_cat":[250,86,134,87,133],"product_tag":[],"class_list":{"0":"post-54385","1":"product","2":"type-product","3":"status-publish","4":"has-post-thumbnail","6":"product_cat-montre-fin-annee","7":"product_cat-femmes","8":"product_cat-royalty-femme","9":"product_cat-montres","10":"product_cat-royalty","11":"pa_taille-36-mm","14":"instock","15":"taxable","16":"shipping-taxable","17":"purchasable","18":"product-type-simple"},"_links":{"self":[{"href":"https:\/\/www.mathydy.com\/us\/wp-json\/wp\/v2\/product\/54385"}],"collection":[{"href":"https:\/\/www.mathydy.com\/us\/wp-json\/wp\/v2\/product"}],"about":[{"href":"https:\/\/www.mathydy.com\/us\/wp-json\/wp\/v2\/types\/product"}],"wp:featuredmedia":[{"embeddable":true,"href":"https:\/\/www.mathydy.com\/us\/wp-json\/"}],"wp:attachment":[{"href":"https:\/\/www.mathydy.com\/us\/wp-json\/wp\/v2\/media?parent=54385"}],"wp:term":[{"taxonomy":"product_cat","embeddable":true,"href":"https:\/\/www.mathydy.com\/us\/wp-json\/wp\/v2\/product_cat?post=54385"},{"taxonomy":"product_tag","embeddable":true,"href":"https:\/\/www.mathydy.com\/us\/wp-json\/wp\/v2\/product_tag?post=54385"}],"curies":[{"name":"wp","href":"https:\/\/api.w.org\/{rel}","templated":true}]}}