{"id":54386,"date":"2023-12-05T15:29:53","date_gmt":"2023-12-05T14:29:53","guid":{"rendered":"https:\/\/www.mathydy.com\/us\/produit\/samory\/"},"modified":"2026-02-16T12:56:57","modified_gmt":"2026-02-16T11:56:57","slug":"samory","status":"publish","type":"product","link":"https:\/\/www.mathydy.com\/us\/produit\/samory\/","title":{"rendered":"Samory"},"content":{"rendered":"","protected":false},"excerpt":{"rendered":"<p>[vc_row][vc_column][vc_tta_accordion c_position=\u00a0\u00bbright\u00a0\u00bb active_section=\u00a0\u00bb1&Prime;][vc_tta_section title=\u00a0\u00bbHistoire\u00a0\u00bb tab_id=\u00a0\u00bb1695211853429-aeebdfaa-ef942418-8909&Prime;][vc_column_text el_class=\u00a0\u00bbproduit\u00a0\u00bb](ou <em>Samori Tour\u00e9<\/em>), n\u00e9 vers\u00a01830\u00a0\u00e0\u00a0Miniambaladougou, dans l&rsquo;actuelle\u00a0Guin\u00e9e, tomb\u00e9 \u00e0\u00a0Gu\u00e9l\u00e9mou, actuelle\u00a0C\u00f4te d&rsquo;Ivoire, et d\u00e9c\u00e9d\u00e9 le\u00a02\u00a0juin\u00a01900\u00a0\u00e0\u00a0Ndjol\u00e9, actuel\u00a0Gabon, fut le fondateur de l&#8217;empire Wassoulou. Consid\u00e9r\u00e9 comme le plus grand r\u00e9sistant \u00e0 la p\u00e9n\u00e9tration coloniale d&rsquo;Afrique occidentale, il vit son empire vaciller quand les populations animistes de C\u00f4te d&rsquo;Ivoire, refusant l&rsquo;Islam, se rebell\u00e8rent contre les quotas de captifs exig\u00e9s\u00a01. Les Fran\u00e7ais en profit\u00e8rent donc pour intervenir et il dut r\u00e9sister \u00e0 la p\u00e9n\u00e9tration et \u00e0 la\u00a0colonisation fran\u00e7aise\u00a0en\u00a0Afrique de l&rsquo;Ouest. Le premier pr\u00e9sident de la\u00a0Guin\u00e9e,\u00a0Ahmed S\u00e9kou Tour\u00e9, \u00e9tait l&rsquo;arri\u00e8re petit-fils de Samory.[\/vc_column_text][\/vc_tta_section][vc_tta_section title=\u00a0\u00bbD\u00e9scription\u00a0\u00bb tab_id=\u00a0\u00bb1695211853438-e824b518-13712418-8909&Prime;][vc_column_text el_class=\u00a0\u00bbproduit\u00a0\u00bb]<\/p>\n<p style=\"text-align: justify\">De La collection Royalty, la montre Samory incarne l\u2019aventure et l\u2019esprit rebel. Son design au motif Bogolan fait d\u2019elle une v\u00e9ritable \u0153uvre d\u2019art au poignet. Parfait pour un Style Affaire mais aussi d\u00e9contract\u00e9.<\/p>\n<p>[\/vc_column_text][\/vc_tta_section][vc_tta_section title=\u00a0\u00bbD\u00e9tails produit\u00a0\u00bb tab_id=\u00a0\u00bb1695211953421-e6b9358e-bf3e2418-8909&Prime;][vc_column_text el_class=\u00a0\u00bbproduit\u00a0\u00bb]Mati\u00e8re du boitier: <b><span style=\"text-transform: uppercase\">Acier inoxydable 316L<\/span><\/b><\/p>\n<p>\u00c9paisseur du cadran: <b><span style=\"text-transform: uppercase\">7 mm<\/span><\/b><\/p>\n<p>Diam\u00e8tre: <b><span style=\"text-transform: uppercase\">40 mm<\/span><\/b><\/p>\n<p>Couleur: <b><span style=\"text-transform: uppercase\">Argent<\/span><\/b><\/p>\n<p>Mouvement: <b><span style=\"text-transform: uppercase\">Mouvement \u00e0 quartz japonais<\/span><\/b><\/p>\n<p>Mati\u00e8re du Bracelet: <b><span style=\"text-transform: uppercase\">Cuir v\u00e9ritable<\/span><\/b><\/p>\n<p>Couleur: <b><span style=\"text-transform: uppercase\">Noir<\/span><\/b><\/p>\n<p>Type de bracelet: <b><span style=\"text-transform: uppercase\">Interchangeable<\/span><\/b><\/p>\n<p>Caract\u00e9ristique: <b><span style=\"text-transform: uppercase\">R\u00e9sistant \u00e0 l\u2019eau \/ \u00e9tanch\u00e9it\u00e9 3 bar<\/span><\/b>[\/vc_column_text][\/vc_tta_section][vc_tta_section title=\u00a0\u00bbLivraison\u00a0\u00bb tab_id=\u00a0\u00bb1695211927094-2f5841eb-a1b52418-8909&Prime;][vc_column_text]<span style=\"font-family: futuraptlight;color: #000000\"><span class=\"\" title=\"\">Nous exp\u00e9dions partout au S\u00e9n\u00e9gal, en Afrique, en Asie, en Europe et en Am\u00e9rique.<\/span> <span class=\"\" title=\"\">Vous pouvez payer en esp\u00e8ces \u00e0 la livraison au S\u00e9n\u00e9gal et par carte bancaire dans le monde entier.<\/span><\/span>[\/vc_column_text][\/vc_tta_section][\/vc_tta_accordion][\/vc_column][\/vc_row]<\/p>\n","protected":false},"featured_media":100000061540,"template":"","meta":[],"product_cat":[210,91,135,87,133],"product_tag":[],"class_list":{"0":"post-54386","1":"product","2":"type-product","3":"status-publish","4":"has-post-thumbnail","6":"product_cat-retour-stock","7":"product_cat-hommes","8":"product_cat-royalty-homme","9":"product_cat-montres","10":"product_cat-royalty","11":"pa_taille-40-mm","14":"outofstock","15":"taxable","16":"shipping-taxable","17":"purchasable","18":"product-type-simple"},"_links":{"self":[{"href":"https:\/\/www.mathydy.com\/us\/wp-json\/wp\/v2\/product\/54386"}],"collection":[{"href":"https:\/\/www.mathydy.com\/us\/wp-json\/wp\/v2\/product"}],"about":[{"href":"https:\/\/www.mathydy.com\/us\/wp-json\/wp\/v2\/types\/product"}],"wp:featuredmedia":[{"embeddable":true,"href":"https:\/\/www.mathydy.com\/us\/wp-json\/"}],"wp:attachment":[{"href":"https:\/\/www.mathydy.com\/us\/wp-json\/wp\/v2\/media?parent=54386"}],"wp:term":[{"taxonomy":"product_cat","embeddable":true,"href":"https:\/\/www.mathydy.com\/us\/wp-json\/wp\/v2\/product_cat?post=54386"},{"taxonomy":"product_tag","embeddable":true,"href":"https:\/\/www.mathydy.com\/us\/wp-json\/wp\/v2\/product_tag?post=54386"}],"curies":[{"name":"wp","href":"https:\/\/api.w.org\/{rel}","templated":true}]}}