{"id":54391,"date":"2023-12-05T15:29:52","date_gmt":"2023-12-05T14:29:52","guid":{"rendered":"https:\/\/www.mathydy.com\/us\/produit\/ndate-yalla\/"},"modified":"2026-05-05T10:15:09","modified_gmt":"2026-05-05T08:15:09","slug":"ndate-yalla","status":"publish","type":"product","link":"https:\/\/www.mathydy.com\/us\/produit\/ndate-yalla\/","title":{"rendered":"Ndat\u00e9 Yalla"},"content":{"rendered":"<p><\/p>\n","protected":false},"excerpt":{"rendered":"<p>[vc_row][vc_column][vc_tta_accordion c_position=\u00a0\u00bbright\u00a0\u00bb active_section=\u00a0\u00bb1&Prime;][vc_tta_section title=\u00a0\u00bbHistoire\u00a0\u00bb tab_id=\u00a0\u00bb1695211853429-aeebdfaa-ef94bbd1-7d2f\u00a0\u00bb][vc_column_text el_class=\u00a0\u00bbproduit\u00a0\u00bb]La lingu\u00e8re Ndat\u00e9 Yalla Mbodj \u2013 ou Ndete Yalla \u2013 est la derni\u00e8re grande reine du Waalo, un royaume situ\u00e9 dans le Nord-Ouest de l&rsquo;actuel S\u00e9n\u00e9gal. C&rsquo;est une h\u00e9ro\u00efne de la r\u00e9sistance \u00e0 la colonisation fran\u00e7aise dans l&rsquo;Afrique de l&rsquo;Ouest du XIX\u1d49 si\u00e8cle.[\/vc_column_text][\/vc_tta_section][vc_tta_section title=\u00a0\u00bbD\u00e9scription\u00a0\u00bb tab_id=\u00a0\u00bb1695211853438-e824b518-1371bbd1-7d2f\u00a0\u00bb][vc_column_text el_class=\u00a0\u00bbproduit\u00a0\u00bb]<\/p>\n<p style=\"text-align: justify\">La particularit\u00e9 de cette pi\u00e8ce est dans son bracelet en cuir noir v\u00e9ritable qui en fait un incontournable au look sophistiqu\u00e9. Cette montre inspire le dynamisme et affirme votre f\u00e9minit\u00e9<\/p>\n<p>[\/vc_column_text][\/vc_tta_section][vc_tta_section title=\u00a0\u00bbD\u00e9tails produit\u00a0\u00bb tab_id=\u00a0\u00bb1695211953421-e6b9358e-bf3ebbd1-7d2f\u00a0\u00bb][vc_column_text el_class=\u00a0\u00bbproduit\u00a0\u00bb]Mati\u00e8re du boitier: <b><span style=\"text-transform: uppercase\">Acier inoxydable 316L<\/span><\/b><\/p>\n<p>\u00c9paisseur du cadran: <b><span style=\"text-transform: uppercase\">7 mm<\/span><\/b><\/p>\n<p>Diam\u00e8tre: <b><span style=\"text-transform: uppercase\">36 mm<\/span><\/b><\/p>\n<p>Couleur: <b><span style=\"text-transform: uppercase\">Or<\/span><\/b><\/p>\n<p>Mouvement: <b><span style=\"text-transform: uppercase\">Mouvement \u00e0 quartz japonais<\/span><\/b><\/p>\n<p>Mati\u00e8re du Bracelet: <b><span style=\"text-transform: uppercase\">Cuir v\u00e9ritable<\/span><\/b><\/p>\n<p>Couleur: <b><span style=\"text-transform: uppercase\">Noir<\/span><\/b><\/p>\n<p>Type de bracelet: <b><span style=\"text-transform: uppercase\">Interchangeable<\/span><\/b><\/p>\n<p>Caract\u00e9ristique: <b><span style=\"text-transform: uppercase\">R\u00e9sistant \u00e0 l\u2019eau \/ \u00e9tanch\u00e9it\u00e9 3 bar<\/span><\/b>[\/vc_column_text][\/vc_tta_section][vc_tta_section title=\u00a0\u00bbLivraison\u00a0\u00bb tab_id=\u00a0\u00bb1695211927094-2f5841eb-a1b5bbd1-7d2f\u00a0\u00bb][vc_column_text]<span style=\"font-family: futuraptlight;color: #000000\"><span class=\"\" title=\"\">Nous exp\u00e9dions partout au S\u00e9n\u00e9gal, en Afrique, en Asie, en Europe et en Am\u00e9rique.<\/span> <span class=\"\" title=\"\">Vous pouvez payer en esp\u00e8ces \u00e0 la livraison au S\u00e9n\u00e9gal et par carte bancaire dans le monde entier.<\/span><\/span>[\/vc_column_text][\/vc_tta_section][\/vc_tta_accordion][\/vc_column][\/vc_row]<\/p>\n","protected":false},"featured_media":100000060956,"template":"","meta":[],"product_cat":[250,196,86,134,87,133],"product_tag":[],"class_list":{"0":"post-54391","1":"product","2":"type-product","3":"status-publish","4":"has-post-thumbnail","6":"product_cat-montre-fin-annee","7":"product_cat-st-valentin","8":"product_cat-femmes","9":"product_cat-royalty-femme","10":"product_cat-montres","11":"product_cat-royalty","12":"pa_taille-36-mm","15":"instock","16":"taxable","17":"shipping-taxable","18":"purchasable","19":"product-type-simple"},"_links":{"self":[{"href":"https:\/\/www.mathydy.com\/us\/wp-json\/wp\/v2\/product\/54391"}],"collection":[{"href":"https:\/\/www.mathydy.com\/us\/wp-json\/wp\/v2\/product"}],"about":[{"href":"https:\/\/www.mathydy.com\/us\/wp-json\/wp\/v2\/types\/product"}],"wp:featuredmedia":[{"embeddable":true,"href":"https:\/\/www.mathydy.com\/us\/wp-json\/"}],"wp:attachment":[{"href":"https:\/\/www.mathydy.com\/us\/wp-json\/wp\/v2\/media?parent=54391"}],"wp:term":[{"taxonomy":"product_cat","embeddable":true,"href":"https:\/\/www.mathydy.com\/us\/wp-json\/wp\/v2\/product_cat?post=54391"},{"taxonomy":"product_tag","embeddable":true,"href":"https:\/\/www.mathydy.com\/us\/wp-json\/wp\/v2\/product_tag?post=54391"}],"curies":[{"name":"wp","href":"https:\/\/api.w.org\/{rel}","templated":true}]}}