{"id":54395,"date":"2023-12-05T15:29:52","date_gmt":"2023-12-05T14:29:52","guid":{"rendered":"https:\/\/www.mathydy.com\/us\/produit\/jaraaf\/"},"modified":"2025-07-24T18:30:19","modified_gmt":"2025-07-24T16:30:19","slug":"jaraaf","status":"publish","type":"product","link":"https:\/\/www.mathydy.com\/us\/produit\/jaraaf\/","title":{"rendered":"Jaraaf"},"content":{"rendered":"<section class=\"wpb-content-wrapper\"><p>[vc_row css=\u00a0\u00bb.vc_custom_1536635902854{margin-bottom: 60px !important;padding-top: 60px !important;}\u00a0\u00bb][vc_column css_animation=\u00a0\u00bbfadeInLeft\u00a0\u00bb width=\u00a0\u00bb1\/2&Prime; offset=\u00a0\u00bbvc_hidden-sm vc_col-xs-6 vc_hidden-xs\u00a0\u00bb][vc_single_image image=\u00a0\u00bb11910&Prime; img_size=\u00a0\u00bb1000&#215;852&Prime; style=\u00a0\u00bbvc_box_rounded\u00a0\u00bb css_animation=\u00a0\u00bbnone\u00a0\u00bb css=\u00a0\u00bb.vc_custom_1703868394611{margin-left: 80px !important;}\u00a0\u00bb][vc_single_image image=\u00a0\u00bb11984&Prime; img_size=\u00a0\u00bb1000&#215;900&Prime; style=\u00a0\u00bbvc_box_rounded\u00a0\u00bb css_animation=\u00a0\u00bbnone\u00a0\u00bb css=\u00a0\u00bb.vc_custom_1704203871836{margin-top: -88px !important;margin-left: 80px !important;}\u00a0\u00bb][\/vc_column][vc_column css_animation=\u00a0\u00bbfadeInRight\u00a0\u00bb width=\u00a0\u00bb1\/2&Prime; offset=\u00a0\u00bbvc_hidden-sm vc_col-xs-6 vc_hidden-xs\u00a0\u00bb][vc_single_image image=\u00a0\u00bb10059&Prime; img_size=\u00a0\u00bb1000&#215;900&Prime; style=\u00a0\u00bbvc_box_rounded\u00a0\u00bb css_animation=\u00a0\u00bbnone\u00a0\u00bb css=\u00a0\u00bb.vc_custom_1701788650472{margin-top: 250px !important;margin-left: 16px !important;}\u00a0\u00bb][\/vc_column][\/vc_row][vc_row el_class=\u00a0\u00bbimages\u00a0\u00bb][vc_column css_animation=\u00a0\u00bbfadeInLeft\u00a0\u00bb width=\u00a0\u00bb1\/2&Prime; offset=\u00a0\u00bbvc_hidden-lg vc_hidden-md vc_col-xs-6&Prime; css=\u00a0\u00bb.vc_custom_1700838221670{margin-top: -125px !important;}\u00a0\u00bb][vc_single_image image=\u00a0\u00bb11910&Prime; img_size=\u00a0\u00bb1000&#215;852&Prime; style=\u00a0\u00bbvc_box_rounded\u00a0\u00bb css_animation=\u00a0\u00bbnone\u00a0\u00bb][vc_single_image image=\u00a0\u00bb11984&Prime; img_size=\u00a0\u00bb1000&#215;900&Prime; style=\u00a0\u00bbvc_box_rounded\u00a0\u00bb css_animation=\u00a0\u00bbnone\u00a0\u00bb][\/vc_column][vc_column css_animation=\u00a0\u00bbfadeInRight\u00a0\u00bb width=\u00a0\u00bb1\/2&Prime; offset=\u00a0\u00bbvc_hidden-lg vc_hidden-md vc_col-xs-6&Prime; css=\u00a0\u00bb.vc_custom_1700838229861{margin-top: -125px !important;}\u00a0\u00bb][vc_single_image image=\u00a0\u00bb10059&Prime; img_size=\u00a0\u00bb1000&#215;900&Prime; style=\u00a0\u00bbvc_box_rounded\u00a0\u00bb css_animation=\u00a0\u00bbnone\u00a0\u00bb][\/vc_column][\/vc_row]<\/p>\n<\/section>","protected":false},"excerpt":{"rendered":"<p>[vc_row][vc_column][vc_tta_accordion c_position=\u00a0\u00bbright\u00a0\u00bb active_section=\u00a0\u00bb1&Prime;][vc_tta_section title=\u00a0\u00bbHistoire\u00a0\u00bb tab_id=\u00a0\u00bb1695211853429-aeebdfaa-ef94a643-58c1&Prime;][vc_column_text el_class=\u00a0\u00bbproduit\u00a0\u00bb]<span style=\"font-family: futuraptlight\">\u00ab\u00a0Jaraaf\u00a0\u00bb ou \u00ab\u00a0Djaraf\u00a0\u00bb, est un titre qui \u00e9tait attribu\u00e9 \u00e0 un chef ou un souverain dans les royaumes pr\u00e9-coloniaux au S\u00e9n\u00e9gal.<\/span><br \/>\n<span style=\"font-family: futuraptlight\">Le premier Jaraaf du Ndiambour est Birima Fatim Mbissis Ndiaye qui est un prince de la lign\u00e9e des Ndiaye du Djolof. Il est le fils de Massamba Waly Dial\u00e8ne qui est fils de Dial\u00e8ne mou Gnoul, lui-m\u00eame fils de Birima Ndi\u00e9m\u00e9 Coumba, Bourba Djoloff.<\/span>[\/vc_column_text][\/vc_tta_section][vc_tta_section title=\u00a0\u00bbD\u00e9scription\u00a0\u00bb tab_id=\u00a0\u00bb1695211853438-e824b518-1371a643-58c1&Prime;][vc_column_text el_class=\u00a0\u00bbproduit\u00a0\u00bb]<\/p>\n<p style=\"text-align: justify\">Avec son design unique inspir\u00e9 de l\u2019architecture ancestrale Africaine, cette montre propose des lignes pures et raffin\u00e9es, qui sont une v\u00e9ritable source d\u2019inspiration et en fait un incontournable pour les hommes.<\/p>\n<p>[\/vc_column_text][\/vc_tta_section][vc_tta_section title=\u00a0\u00bbD\u00e9tails produit\u00a0\u00bb tab_id=\u00a0\u00bb1695211953421-e6b9358e-bf3ea643-58c1&Prime;][vc_column_text el_class=\u00a0\u00bbproduit\u00a0\u00bb]Mati\u00e8re du boitier: <b><span style=\"text-transform: uppercase\">Acier inoxydable 316L<\/span><\/b><\/p>\n<p>\u00c9paisseur du cadran: <b><span style=\"text-transform: uppercase\">7 mm<\/span><\/b><\/p>\n<p>Diam\u00e8tre: <b><span style=\"text-transform: uppercase\">40 mm<\/span><\/b><\/p>\n<p>Couleur: <b><span style=\"text-transform: uppercase\">Argent<\/span><\/b><\/p>\n<p>Mouvement: <b><span style=\"text-transform: uppercase\">Mouvement \u00e0 quartz japonais<\/span><\/b><\/p>\n<p>Mati\u00e8re du Bracelet: <b><span style=\"text-transform: uppercase\">Acier inoxydable 316L<\/span><\/b><\/p>\n<p>Couleur: <b><span style=\"text-transform: uppercase\">Argent<\/span><\/b><\/p>\n<p>Type de bracelet: <b><span style=\"text-transform: uppercase\">Interchangeable<\/span><\/b><\/p>\n<p>Caract\u00e9ristique: <b><span style=\"text-transform: uppercase\">R\u00e9sistant \u00e0 l\u2019eau \/ \u00e9tanch\u00e9it\u00e9 3 bar<\/span><\/b>[\/vc_column_text][\/vc_tta_section][vc_tta_section title=\u00a0\u00bbLivraison\u00a0\u00bb tab_id=\u00a0\u00bb1695211927094-2f5841eb-a1b5a643-58c1&Prime;][vc_column_text]<span style=\"font-family: futuraptlight;color: #000000\"><span class=\"\" title=\"\">Nous exp\u00e9dions partout au S\u00e9n\u00e9gal, en Afrique, en Asie, en Europe et en Am\u00e9rique.<\/span> <span class=\"\" title=\"\">Vous pouvez payer en esp\u00e8ces \u00e0 la livraison au S\u00e9n\u00e9gal et par carte bancaire dans le monde entier.<\/span><\/span>[\/vc_column_text][\/vc_tta_section][\/vc_tta_accordion][\/vc_column][\/vc_row]<\/p>\n","protected":false},"featured_media":100000010059,"template":"","meta":[],"product_cat":[91,135,87,133],"product_tag":[],"class_list":{"0":"post-54395","1":"product","2":"type-product","3":"status-publish","4":"has-post-thumbnail","6":"product_cat-hommes","7":"product_cat-royalty-homme","8":"product_cat-montres","9":"product_cat-royalty","10":"pa_taille-40-mm","13":"outofstock","14":"taxable","15":"shipping-taxable","16":"purchasable","17":"product-type-simple"},"_links":{"self":[{"href":"https:\/\/www.mathydy.com\/us\/wp-json\/wp\/v2\/product\/54395"}],"collection":[{"href":"https:\/\/www.mathydy.com\/us\/wp-json\/wp\/v2\/product"}],"about":[{"href":"https:\/\/www.mathydy.com\/us\/wp-json\/wp\/v2\/types\/product"}],"wp:featuredmedia":[{"embeddable":true,"href":"https:\/\/www.mathydy.com\/us\/wp-json\/"}],"wp:attachment":[{"href":"https:\/\/www.mathydy.com\/us\/wp-json\/wp\/v2\/media?parent=54395"}],"wp:term":[{"taxonomy":"product_cat","embeddable":true,"href":"https:\/\/www.mathydy.com\/us\/wp-json\/wp\/v2\/product_cat?post=54395"},{"taxonomy":"product_tag","embeddable":true,"href":"https:\/\/www.mathydy.com\/us\/wp-json\/wp\/v2\/product_tag?post=54395"}],"curies":[{"name":"wp","href":"https:\/\/api.w.org\/{rel}","templated":true}]}}