{"id":54404,"date":"2023-12-05T13:17:42","date_gmt":"2023-12-05T12:17:42","guid":{"rendered":"https:\/\/www.mathydy.com\/us\/produit\/damel\/"},"modified":"2026-01-15T12:29:12","modified_gmt":"2026-01-15T11:29:12","slug":"damel","status":"publish","type":"product","link":"https:\/\/www.mathydy.com\/us\/produit\/damel\/","title":{"rendered":"Damel"},"content":{"rendered":"","protected":false},"excerpt":{"rendered":"<p>[vc_row][vc_column][vc_tta_accordion c_position=\u00a0\u00bbright\u00a0\u00bb active_section=\u00a0\u00bb1&Prime;][vc_tta_section title=\u00a0\u00bbHistoire\u00a0\u00bb tab_id=\u00a0\u00bb1695211853429-aeebdfaa-ef946b97-f1dc\u00a0\u00bb][vc_column_text el_class=\u00a0\u00bbproduit\u00a0\u00bb]<span style=\"font-family: futuraptlight\">Damel, est le titre donn\u00e9 aux souverains du Cayor, royaume historique situ\u00e9 \u00e0 l&rsquo;ouest de l&rsquo;actuel S\u00e9n\u00e9gal. Entre le milieu du 16i\u00e8me\u00a0 si\u00e8cle et la fin du 19i\u00e8me si\u00e8cle\u00a0 il y en eut une trentaine. Si leur nombre exact varie selon les historiens qui, comptent ou ne comptent pas ceux qui r\u00e9gn\u00e8rent quelques jours voire quelques heures. Certains damels\u00a0 ont dirig\u00e9 \u00e0 plusieurs reprises. C&rsquo;est le cas de Me\u00efssa Bigu\u00e9, Madiodio et de Lat Dior.\u00a0<\/span>[\/vc_column_text][\/vc_tta_section][vc_tta_section title=\u00a0\u00bbD\u00e9scription\u00a0\u00bb tab_id=\u00a0\u00bb1695211853438-e824b518-13716b97-f1dc\u00a0\u00bb][vc_column_text el_class=\u00a0\u00bbproduit\u00a0\u00bb]<span style=\"font-family: futuraptlight\">Avec son cadran en or rose, ce mod\u00e8le vous donne un look os\u00e9 qui s\u2019allie \u00e0 la perfection avec des v\u00eatements blanc ou de tons clair.\u00a0Ses motifs incrust\u00e9s et discrets sur fond blanc en font un mod\u00e8le chic et unique.<\/span>[\/vc_column_text][\/vc_tta_section][vc_tta_section title=\u00a0\u00bbD\u00e9tails produit\u00a0\u00bb tab_id=\u00a0\u00bb1695211953421-e6b9358e-bf3e6b97-f1dc\u00a0\u00bb][vc_column_text el_class=\u00a0\u00bbproduit\u00a0\u00bb]<strong><span style=\"font-family: futuraptlight\">Montre de Luxe &#8211; Collection Noblesse &#8211; Afrique &#8211; Homme.<\/span><\/strong><\/p>\n<p><span style=\"font-family: futuraptlight\">Mati\u00e8re du boitier: Acier inoxydable 316L<\/span><\/p>\n<p><span style=\"font-family: futuraptlight\">\u00c9paisseur du cadran :\u00a0\u00a0 7 mm<\/span><\/p>\n<p><span style=\"font-family: futuraptlight\">Diam\u00e8tre:\u00a0 40 mm<\/span><\/p>\n<p><span style=\"font-family: futuraptlight\">Couleur:\u00a0 Or Rose<\/span><\/p>\n<p><span style=\"font-family: futuraptlight\">Mouvement :\u00a0 \u00a0Mouvement \u00e0 quartz japonais<\/span><\/p>\n<p><span style=\"font-family: futuraptlight\">Mati\u00e8re du Bracelet : Cuir v\u00e9ritable<\/span><\/p>\n<p><span style=\"font-family: futuraptlight\">Couleur:\u00a0 Marron<\/span><\/p>\n<p><span style=\"font-family: futuraptlight\">Type de bracelet: Interchangeable<\/span><\/p>\n<p><span style=\"font-family: futuraptlight\">Caract\u00e9ristique:\u00a0 R\u00e9sistant a l\u2019eau \/ \u00e9tanch\u00e9it\u00e9 3 bar<\/span>[\/vc_column_text][\/vc_tta_section][vc_tta_section title=\u00a0\u00bbLivraison\u00a0\u00bb tab_id=\u00a0\u00bb1695211927094-2f5841eb-a1b56b97-f1dc\u00a0\u00bb][vc_column_text]<span style=\"font-family: futuraptlight;color: #000000\"><span class=\"\" title=\"\">Nous exp\u00e9dions partout au S\u00e9n\u00e9gal, en Afrique, en Asie, en Europe et en Am\u00e9rique.<\/span> <span class=\"\" title=\"\">Vous pouvez payer en esp\u00e8ces \u00e0 la livraison au S\u00e9n\u00e9gal et par carte bancaire dans le monde entier.<\/span><\/span>[\/vc_column_text][\/vc_tta_section][\/vc_tta_accordion][\/vc_column][\/vc_row]<\/p>\n","protected":false},"featured_media":100000057902,"template":"","meta":[],"product_cat":[250,91,132,130],"product_tag":[],"class_list":{"0":"post-54404","1":"product","2":"type-product","3":"status-publish","4":"has-post-thumbnail","6":"product_cat-montre-fin-annee","7":"product_cat-hommes","8":"product_cat-noblesse-homme","9":"product_cat-noblesse","10":"pa_taille-40-mm","13":"outofstock","14":"taxable","15":"shipping-taxable","16":"purchasable","17":"product-type-simple"},"_links":{"self":[{"href":"https:\/\/www.mathydy.com\/us\/wp-json\/wp\/v2\/product\/54404"}],"collection":[{"href":"https:\/\/www.mathydy.com\/us\/wp-json\/wp\/v2\/product"}],"about":[{"href":"https:\/\/www.mathydy.com\/us\/wp-json\/wp\/v2\/types\/product"}],"wp:featuredmedia":[{"embeddable":true,"href":"https:\/\/www.mathydy.com\/us\/wp-json\/"}],"wp:attachment":[{"href":"https:\/\/www.mathydy.com\/us\/wp-json\/wp\/v2\/media?parent=54404"}],"wp:term":[{"taxonomy":"product_cat","embeddable":true,"href":"https:\/\/www.mathydy.com\/us\/wp-json\/wp\/v2\/product_cat?post=54404"},{"taxonomy":"product_tag","embeddable":true,"href":"https:\/\/www.mathydy.com\/us\/wp-json\/wp\/v2\/product_tag?post=54404"}],"curies":[{"name":"wp","href":"https:\/\/api.w.org\/{rel}","templated":true}]}}