{"id":54419,"date":"2023-11-23T11:55:09","date_gmt":"2023-11-23T10:55:09","guid":{"rendered":"https:\/\/www.mathydy.com\/us\/produit\/essamaye\/"},"modified":"2026-02-16T11:19:46","modified_gmt":"2026-02-16T10:19:46","slug":"essamaye","status":"publish","type":"product","link":"https:\/\/www.mathydy.com\/us\/produit\/essamaye\/","title":{"rendered":"Essamaye"},"content":{"rendered":"","protected":false},"excerpt":{"rendered":"<p>[vc_row][vc_column][vc_tta_accordion c_position=\u00a0\u00bbright\u00a0\u00bb active_section=\u00a0\u00bb1&Prime;][vc_tta_section title=\u00a0\u00bbD\u00e9scription\u00a0\u00bb tab_id=\u00a0\u00bb1695211853438-e824b518-137191c2-3b7c\u00a0\u00bb][vc_column_text el_class=\u00a0\u00bbproduit\u00a0\u00bb]<span style=\"font-family: futuraptlight\">Essamaye signifie \u00ab Le Lion \u00bb dans la langue des Diolas, un peuple d&rsquo;Afrique de l&rsquo;Ouest pr\u00e9sent au Sud du S\u00e9n\u00e9gal, en Gambie et en Guin\u00e9e-Bissau. Nos motifs signatures sont incrust\u00e9s sur le fond du cadran et sur le bracelet de votre montre. Cette superbe pi\u00e8ce est id\u00e9ale pour attaquer vos nouveaux d\u00e9fis sportifs.<\/span>[\/vc_column_text][\/vc_tta_section][vc_tta_section title=\u00a0\u00bbD\u00e9tails produit\u00a0\u00bb tab_id=\u00a0\u00bb1695211953421-e6b9358e-bf3e91c2-3b7c\u00a0\u00bb][vc_column_text el_class=\u00a0\u00bbproduit\u00a0\u00bb]<\/p>\n<div class=\"\">\n<div class=\"\">\n<div class=\"\"><span style=\"font-family: futuraptlight\"><span style=\"font-size: 14pt\">Bo\u00eetier<strong>:<\/strong><\/span> acier inoxydable 316, diam\u00e8tre 36 mm.<\/span><br \/>\n<span style=\"font-family: futuraptlight\"><span style=\"font-size: 14pt\">Verre<strong>:<\/strong><\/span> Saphire.<\/span><br \/>\n<span style=\"font-family: futuraptlight\"><span style=\"font-size: 14pt\">\u00c9tanch\u00e9it\u00e9<strong>:<\/strong><\/span> 5ATM.<\/span><br \/>\n<span style=\"font-family: futuraptlight\"><span style=\"font-size: 14pt\">Cadran<\/span><strong><span style=\"font-size: 14pt\">:<\/span><\/strong> couleur dor\u00e9e, avec fen\u00eatre de calendrier.<\/span><br \/>\n<span style=\"font-family: futuraptlight\"><span style=\"font-size: 14pt\">Bracelet<strong>:<\/strong><\/span> Gomme<\/span><br \/>\n<span style=\"font-family: futuraptlight\"><span style=\"font-size: 14pt\">Couleur Bracelet<strong>:<\/strong><\/span>\u00a0 Blanc.<\/span><\/div>\n<\/div>\n<\/div>\n<p>[\/vc_column_text][\/vc_tta_section][vc_tta_section title=\u00a0\u00bbLivraison\u00a0\u00bb tab_id=\u00a0\u00bb1695211927094-2f5841eb-a1b591c2-3b7c\u00a0\u00bb][vc_column_text el_class=\u00a0\u00bbproduit\u00a0\u00bb]<span style=\"font-family: futuraptlight;color: #000000\"><span class=\"\" title=\"\">Nous exp\u00e9dions partout au S\u00e9n\u00e9gal, en Afrique, en Asie, en Europe et en Am\u00e9rique.<\/span> <span class=\"\" title=\"\">Vous pouvez payer en esp\u00e8ces \u00e0 la livraison au S\u00e9n\u00e9gal et par carte bancaire dans le monde entier.<\/span><\/span>[\/vc_column_text][\/vc_tta_section][\/vc_tta_accordion][\/vc_column][\/vc_row]<\/p>\n","protected":false},"featured_media":10000009847,"template":"","meta":[],"product_cat":[153,250,212,86,122,87,119],"product_tag":[],"class_list":{"0":"post-54419","1":"product","2":"type-product","3":"status-publish","4":"has-post-thumbnail","6":"product_cat-chrono-sportive-femme","7":"product_cat-montre-fin-annee","8":"product_cat-sportive","9":"product_cat-femmes","10":"product_cat-sportive-femme","11":"product_cat-montres","12":"product_cat-gainde","13":"pa_taille-36-mm","16":"outofstock","17":"sale","18":"taxable","19":"shipping-taxable","20":"purchasable","21":"product-type-simple"},"_links":{"self":[{"href":"https:\/\/www.mathydy.com\/us\/wp-json\/wp\/v2\/product\/54419"}],"collection":[{"href":"https:\/\/www.mathydy.com\/us\/wp-json\/wp\/v2\/product"}],"about":[{"href":"https:\/\/www.mathydy.com\/us\/wp-json\/wp\/v2\/types\/product"}],"wp:featuredmedia":[{"embeddable":true,"href":"https:\/\/www.mathydy.com\/us\/wp-json\/"}],"wp:attachment":[{"href":"https:\/\/www.mathydy.com\/us\/wp-json\/wp\/v2\/media?parent=54419"}],"wp:term":[{"taxonomy":"product_cat","embeddable":true,"href":"https:\/\/www.mathydy.com\/us\/wp-json\/wp\/v2\/product_cat?post=54419"},{"taxonomy":"product_tag","embeddable":true,"href":"https:\/\/www.mathydy.com\/us\/wp-json\/wp\/v2\/product_tag?post=54419"}],"curies":[{"name":"wp","href":"https:\/\/api.w.org\/{rel}","templated":true}]}}