{"id":54424,"date":"2023-11-23T11:55:07","date_gmt":"2023-11-23T10:55:07","guid":{"rendered":"https:\/\/www.mathydy.com\/us\/produit\/nianthio\/"},"modified":"2025-12-31T10:44:59","modified_gmt":"2025-12-31T09:44:59","slug":"nianthio","status":"publish","type":"product","link":"https:\/\/www.mathydy.com\/us\/produit\/nianthio\/","title":{"rendered":"Nianthio"},"content":{"rendered":"","protected":false},"excerpt":{"rendered":"<p>[vc_row][vc_column][vc_tta_accordion c_position=\u00a0\u00bbright\u00a0\u00bb active_section=\u00a0\u00bb1&Prime;][vc_tta_section title=\u00a0\u00bbD\u00e9scription\u00a0\u00bb tab_id=\u00a0\u00bb1695211853438-e824b518-137191c2-3b7c\u00a0\u00bb][vc_column_text el_class=\u00a0\u00bbproduit\u00a0\u00bb]<span style=\"font-family: futuraptlight\">Nianthio signifie \u00ab Guerrier \u00bb dans la langue Soc\u00e9, parl\u00e9e principalement par les peuples Mandingues au S\u00e9n\u00e9gal, au Mali,\u00a0 en Guin\u00e9e Bissau, en Gambie et en C\u00f4te d&rsquo;Ivoire. Nianthio est \u00e9galement le surnom du remarquable joueur de football de l&rsquo;\u00e9quipe nationale du S\u00e9n\u00e9gal, Sadio Man\u00e9. Cette superbe pi\u00e8ce de couleurs\u00a0 bleue et noire est id\u00e9ale pour attaquer vos nouveaux d\u00e9fis sportifs. Nos motifs signature sont incrust\u00e9s sur la couronne du boitier et sur le bracelet. Au dos de la montre, retrouvez l&rsquo;effigie d&rsquo;un lion\u00a0 grav\u00e9e sur le boitier en acier inoxydable.<\/span>[\/vc_column_text][\/vc_tta_section][vc_tta_section title=\u00a0\u00bbD\u00e9tails produit\u00a0\u00bb tab_id=\u00a0\u00bb1695211953421-e6b9358e-bf3e91c2-3b7c\u00a0\u00bb][vc_column_text el_class=\u00a0\u00bbproduit\u00a0\u00bb]<\/p>\n<div class=\"\">\n<div class=\"\">\n<div class=\"\"><span style=\"font-family: futuraptlight\"><span style=\"font-size: 14pt\">Bo\u00eetier<strong>:<\/strong><\/span> acier inoxydable 316, diam\u00e8tre 40 mm.<\/span><br \/>\n<span style=\"font-family: futuraptlight\"><span style=\"font-size: 14pt\">Verre<strong>:<\/strong><\/span> Saphire.<\/span><br \/>\n<span style=\"font-family: futuraptlight\"><span style=\"font-size: 14pt\">\u00c9tanch\u00e9it\u00e9<strong>:<\/strong><\/span> 5ATM.<\/span><br \/>\n<span style=\"font-family: futuraptlight\"><span style=\"font-size: 14pt\">Cadran<\/span><strong><span style=\"font-size: 14pt\">:<\/span><\/strong> couleur bleu, avec trois chronom\u00e8tre de temps.<\/span><br \/>\n<span style=\"font-family: futuraptlight\"><span style=\"font-size: 14pt\">Bracelet<strong>:<\/strong><\/span> Gomme<\/span><br \/>\n<span style=\"font-family: futuraptlight\"><span style=\"font-size: 14pt\">Couleur Bracelet<strong>:<\/strong><\/span>\u00a0 Bleu.<\/span><\/div>\n<\/div>\n<\/div>\n<p>[\/vc_column_text][\/vc_tta_section][vc_tta_section title=\u00a0\u00bbLivraison\u00a0\u00bb tab_id=\u00a0\u00bb1695211927094-2f5841eb-a1b591c2-3b7c\u00a0\u00bb][vc_column_text el_class=\u00a0\u00bbproduit\u00a0\u00bb]<span style=\"font-family: futuraptlight;color: #000000\"><span class=\"\" title=\"\">Nous exp\u00e9dions partout au S\u00e9n\u00e9gal, en Afrique, en Asie, en Europe et en Am\u00e9rique.<\/span> <span class=\"\" title=\"\">Vous pouvez payer en esp\u00e8ces \u00e0 la livraison au S\u00e9n\u00e9gal et par carte bancaire dans le monde entier.<\/span><\/span>[\/vc_column_text][\/vc_tta_section][\/vc_tta_accordion][\/vc_column][\/vc_row]<\/p>\n","protected":false},"featured_media":10000009830,"template":"","meta":[],"product_cat":[211,154,250,91,118,87,119],"product_tag":[],"class_list":{"0":"post-54424","1":"product","2":"type-product","3":"status-publish","4":"has-post-thumbnail","6":"product_cat-chrono","7":"product_cat-chrono-sportive-homme","8":"product_cat-montre-fin-annee","9":"product_cat-hommes","10":"product_cat-chrono-homme","11":"product_cat-montres","12":"product_cat-gainde","13":"pa_taille-40-mm","16":"outofstock","17":"taxable","18":"shipping-taxable","19":"purchasable","20":"product-type-simple"},"_links":{"self":[{"href":"https:\/\/www.mathydy.com\/us\/wp-json\/wp\/v2\/product\/54424"}],"collection":[{"href":"https:\/\/www.mathydy.com\/us\/wp-json\/wp\/v2\/product"}],"about":[{"href":"https:\/\/www.mathydy.com\/us\/wp-json\/wp\/v2\/types\/product"}],"wp:featuredmedia":[{"embeddable":true,"href":"https:\/\/www.mathydy.com\/us\/wp-json\/"}],"wp:attachment":[{"href":"https:\/\/www.mathydy.com\/us\/wp-json\/wp\/v2\/media?parent=54424"}],"wp:term":[{"taxonomy":"product_cat","embeddable":true,"href":"https:\/\/www.mathydy.com\/us\/wp-json\/wp\/v2\/product_cat?post=54424"},{"taxonomy":"product_tag","embeddable":true,"href":"https:\/\/www.mathydy.com\/us\/wp-json\/wp\/v2\/product_tag?post=54424"}],"curies":[{"name":"wp","href":"https:\/\/api.w.org\/{rel}","templated":true}]}}