{"id":54425,"date":"2023-09-29T15:02:06","date_gmt":"2023-09-29T13:02:06","guid":{"rendered":"https:\/\/www.mathydy.com\/us\/?post_type=product&#038;p=54425"},"modified":"2026-02-13T18:09:29","modified_gmt":"2026-02-13T17:09:29","slug":"dakaroise-amazone","status":"publish","type":"product","link":"https:\/\/www.mathydy.com\/us\/produit\/dakaroise-amazone\/","title":{"rendered":"Dakaroise amazone"},"content":{"rendered":"","protected":false},"excerpt":{"rendered":"<p>[vc_row][vc_column][vc_tta_accordion c_position=\u00a0\u00bbright\u00a0\u00bb active_section=\u00a0\u00bb1&Prime;][vc_tta_section title=\u00a0\u00bbD\u00e9scription\u00a0\u00bb tab_id=\u00a0\u00bb1695211853438-e824b518-13711f2c-df90&Prime;][vc_column_text el_class=\u00a0\u00bbproduit\u00a0\u00bb]<span style=\"font-family: futuraptlight\">La Dakaroise est une femme chic, belle, intelligente et active.<\/span><br \/>\n<span style=\"font-family: futuraptlight\">Forte et pleine de vie, elle est ambitieuse et \u00a0sait alli\u00e9 brillamment son travail et sa vie de famille.<\/span><br \/>\n<span style=\"font-family: futuraptlight\">Attach\u00e9e \u00e0 ses traditions, rien ne l\u2019arr\u00eate lorsqu\u2019il s\u2019agit d\u2019\u00eatre coquette et de rehausser son apparat vestimentaire.<\/span><br \/>\n<span style=\"font-family: futuraptlight\">De par sa forme atypique en trap\u00e8ze,\u00a0 son violet clair chatoyant et le charme de ses lignes \u00e9l\u00e9gantes, ce sac c\u00e9l\u00e8bre l\u2019\u00e9l\u00e9gance f\u00e9minine des Dakaroises et donnera du caract\u00e8re \u00e0 votre style au quotidien.<\/span>[\/vc_column_text][\/vc_tta_section][vc_tta_section title=\u00a0\u00bbD\u00e9tails produit\u00a0\u00bb tab_id=\u00a0\u00bb1695211953421-e6b9358e-bf3e1f2c-df90&Prime;][vc_column_text el_class=\u00a0\u00bbproduit\u00a0\u00bb]<span style=\"font-family: futuraptlight\">Forme\u00a0: Trap\u00e9zo\u00efdale.<\/span><br \/>\n<span style=\"font-family: futuraptlight\">Couleur: Bleu marine &amp; Jaune.<\/span><br \/>\n<span style=\"font-family: futuraptlight\">Mati\u00e8res du sac: Cuir croco, cuir lisse et pagne tiss\u00e9.<\/span><br \/>\n<span style=\"font-family: futuraptlight\">Chaine\u00a0: m\u00e9tal dor\u00e9e.<\/span><br \/>\n<span style=\"font-family: futuraptlight\">Dimensions: Largeur: 28 cm &#8211; Hauteur: 19 cm.<\/span>[\/vc_column_text][\/vc_tta_section][vc_tta_section title=\u00a0\u00bbLivraison\u00a0\u00bb tab_id=\u00a0\u00bb1695211927094-2f5841eb-a1b51f2c-df90&Prime;][vc_column_text]<span style=\"font-family: futuraptlight;color: #000000\"><span class=\"\" title=\"\">Nous exp\u00e9dions partout au S\u00e9n\u00e9gal, en Afrique, en Asie, en Europe et en Am\u00e9rique.<\/span> <span class=\"\" title=\"\">Vous pouvez payer en esp\u00e8ces \u00e0 la livraison au S\u00e9n\u00e9gal et par carte bancaire dans le monde entier.<\/span><\/span>[\/vc_column_text][\/vc_tta_section][\/vc_tta_accordion][\/vc_column][\/vc_row]<\/p>\n","protected":false},"featured_media":100000061629,"template":"","meta":[],"product_cat":[251,97,98,99],"product_tag":[],"class_list":{"0":"post-54425","1":"product","2":"type-product","3":"status-publish","4":"has-post-thumbnail","6":"product_cat-sac-fin-dannee","7":"product_cat-collection-sac","8":"product_cat-dakaroise","9":"product_cat-mise-en-avant-sac-a-mains","12":"instock","13":"taxable","14":"shipping-taxable","15":"purchasable","16":"product-type-simple"},"_links":{"self":[{"href":"https:\/\/www.mathydy.com\/us\/wp-json\/wp\/v2\/product\/54425"}],"collection":[{"href":"https:\/\/www.mathydy.com\/us\/wp-json\/wp\/v2\/product"}],"about":[{"href":"https:\/\/www.mathydy.com\/us\/wp-json\/wp\/v2\/types\/product"}],"wp:featuredmedia":[{"embeddable":true,"href":"https:\/\/www.mathydy.com\/us\/wp-json\/"}],"wp:attachment":[{"href":"https:\/\/www.mathydy.com\/us\/wp-json\/wp\/v2\/media?parent=54425"}],"wp:term":[{"taxonomy":"product_cat","embeddable":true,"href":"https:\/\/www.mathydy.com\/us\/wp-json\/wp\/v2\/product_cat?post=54425"},{"taxonomy":"product_tag","embeddable":true,"href":"https:\/\/www.mathydy.com\/us\/wp-json\/wp\/v2\/product_tag?post=54425"}],"curies":[{"name":"wp","href":"https:\/\/api.w.org\/{rel}","templated":true}]}}