{"id":54438,"date":"2023-09-29T15:01:26","date_gmt":"2023-09-29T13:01:26","guid":{"rendered":"https:\/\/www.mathydy.com\/us\/?post_type=product&#038;p=54438"},"modified":"2026-05-08T12:32:12","modified_gmt":"2026-05-08T10:32:12","slug":"kossiwa","status":"publish","type":"product","link":"https:\/\/www.mathydy.com\/us\/produit\/kossiwa\/","title":{"rendered":"kossiwa"},"content":{"rendered":"","protected":false},"excerpt":{"rendered":"<p>[vc_row][vc_column][vc_tta_accordion c_position=\u00a0\u00bbright\u00a0\u00bb active_section=\u00a0\u00bb1&Prime;][vc_tta_section title=\u00a0\u00bbHistoire\u00a0\u00bb tab_id=\u00a0\u00bb1695211853429-aeebdfaa-ef94956e-7c14&Prime;][vc_column_text el_class=\u00a0\u00bbproduit\u00a0\u00bb]Kossiwa est un pr\u00e9nom f\u00e9minin d\u2019origine Togolaise tr\u00e8s populaire dans le pays. Il est\u00a0 g\u00e9n\u00e9ralement port\u00e9 par les femmes natives du Dimanche.[\/vc_column_text][\/vc_tta_section][vc_tta_section title=\u00a0\u00bbD\u00e9scription\u00a0\u00bb tab_id=\u00a0\u00bb1695211853438-e824b518-1371956e-7c14&Prime;][vc_column_text el_class=\u00a0\u00bbproduit\u00a0\u00bb]L\u2019armature\u00a0dor\u00e9e de cette montre et son cadran au fond blanc surmont\u00e9 de notre design signature inspir\u00e9 de la tradition Nd\u00e9b\u00e9l\u00e9 cr\u00e9ent un contraste unique qui sublimera votre look. Le bracelet en cuir de crocodile blanc fait de cette montre une pi\u00e8ce unique qui sublimera votre poignet en toute occasion.[\/vc_column_text][\/vc_tta_section][vc_tta_section title=\u00a0\u00bbD\u00e9tails produit\u00a0\u00bb tab_id=\u00a0\u00bb1695211953421-e6b9358e-bf3e956e-7c14&Prime;][vc_column_text el_class=\u00a0\u00bbproduit\u00a0\u00bb]<\/p>\n<p>Mati\u00e8re du boitier:\u00a0ACIER INOXYDABLE 316L<br \/>\n\u00c9paisseur du cadran:\u00a07 MM<br \/>\nDiam\u00e8tre:\u00a036 MM<br \/>\nCouleur:\u00a0OR<br \/>\nMouvement:\u00a0MOUVEMENT \u00c0 QUARTZ JAPONAIS<br \/>\nMati\u00e8re du Bracelet:\u00a0ACIER INOXYDABLE 316L<br \/>\nCouleur:\u00a0BLANC<br \/>\nType de bracelet:\u00a0INTERCHANGEABLE<br \/>\nCaract\u00e9ristique:\u00a0R\u00c9SISTANT \u00c0 L\u2019EAU \/ \u00c9TANCH\u00c9IT\u00c9 3 BAR<\/p>\n<p>[\/vc_column_text][\/vc_tta_section][vc_tta_section title=\u00a0\u00bbLivraison\u00a0\u00bb tab_id=\u00a0\u00bb1695211927094-2f5841eb-a1b5956e-7c14&Prime;][vc_column_text]Nous exp\u00e9dions partout au S\u00e9n\u00e9gal, en Afrique, en Asie, en Europe et en Am\u00e9rique. Vous pouvez payer en esp\u00e8ces \u00e0 la livraison au S\u00e9n\u00e9gal et par carte bancaire dans le monde entier.[\/vc_column_text][\/vc_tta_section][\/vc_tta_accordion][\/vc_column][\/vc_row]<\/p>\n","protected":false},"featured_media":100000062203,"template":"","meta":[],"product_cat":[250,86,89,87,88,93],"product_tag":[],"class_list":{"0":"post-54438","1":"product","2":"type-product","3":"status-publish","4":"has-post-thumbnail","6":"product_cat-montre-fin-annee","7":"product_cat-femmes","8":"product_cat-rainbow-femme","9":"product_cat-montres","10":"product_cat-rainbow","11":"product_cat-nouveautes","14":"instock","15":"taxable","16":"shipping-taxable","17":"purchasable","18":"product-type-simple"},"_links":{"self":[{"href":"https:\/\/www.mathydy.com\/us\/wp-json\/wp\/v2\/product\/54438"}],"collection":[{"href":"https:\/\/www.mathydy.com\/us\/wp-json\/wp\/v2\/product"}],"about":[{"href":"https:\/\/www.mathydy.com\/us\/wp-json\/wp\/v2\/types\/product"}],"wp:featuredmedia":[{"embeddable":true,"href":"https:\/\/www.mathydy.com\/us\/wp-json\/"}],"wp:attachment":[{"href":"https:\/\/www.mathydy.com\/us\/wp-json\/wp\/v2\/media?parent=54438"}],"wp:term":[{"taxonomy":"product_cat","embeddable":true,"href":"https:\/\/www.mathydy.com\/us\/wp-json\/wp\/v2\/product_cat?post=54438"},{"taxonomy":"product_tag","embeddable":true,"href":"https:\/\/www.mathydy.com\/us\/wp-json\/wp\/v2\/product_tag?post=54438"}],"curies":[{"name":"wp","href":"https:\/\/api.w.org\/{rel}","templated":true}]}}