{"id":54439,"date":"2023-09-29T15:01:26","date_gmt":"2023-09-29T13:01:26","guid":{"rendered":"https:\/\/www.mathydy.com\/us\/produit\/kolla\/"},"modified":"2025-10-15T16:46:32","modified_gmt":"2025-10-15T14:46:32","slug":"kolla","status":"publish","type":"product","link":"https:\/\/www.mathydy.com\/us\/produit\/kolla\/","title":{"rendered":"Kolla"},"content":{"rendered":"","protected":false},"excerpt":{"rendered":"<p>[vc_row][vc_column][vc_tta_accordion c_position=\u00a0\u00bbright\u00a0\u00bb active_section=\u00a0\u00bb1&Prime;][vc_tta_section title=\u00a0\u00bbHistoire\u00a0\u00bb tab_id=\u00a0\u00bb1695211853429-aeebdfaa-ef9491c2-3b7c\u00a0\u00bb][vc_column_text el_class=\u00a0\u00bbproduit\u00a0\u00bb]<span style=\"font-family: futuraptlight\">Kolla est un pr\u00e9nom d\u00e9riv\u00e9 de Kollo, originaire d\u2019Afrique de l\u2019Ouest. Notamment du S\u00e9n\u00e9gal.<\/span>[\/vc_column_text][\/vc_tta_section][vc_tta_section title=\u00a0\u00bbD\u00e9scription\u00a0\u00bb tab_id=\u00a0\u00bb1695211853438-e824b518-137191c2-3b7c\u00a0\u00bb][vc_column_text el_class=\u00a0\u00bbproduit\u00a0\u00bb]<span style=\"font-family: futuraptlight\"><span class=\"\"><span class=\"\" style=\"font-size: medium\">Dans cette collection la Kolla est le\u00a0<\/span><span class=\"\" style=\"font-size: medium\">mod\u00e8le<\/span><span class=\"\" style=\"font-size: medium\">\u00a0qu\u2019il vous faut si vous pr\u00e9f\u00e9rez y aller avec un plus de\u00a0<\/span><\/span><span class=\"\" style=\"font-size: medium\">sobri\u00e9t\u00e9. Le bracelet et le cadran en argent\u00e9 font de cette montre un passe partout qui s\u2019allie avec toutes vos tenues. Agr\u00e9ment\u00e9e de ses couleurs vives, restez sobre mais sophistiqu\u00e9e.<\/span><\/span>[\/vc_column_text][\/vc_tta_section][vc_tta_section title=\u00a0\u00bbD\u00e9tails produit\u00a0\u00bb tab_id=\u00a0\u00bb1695211953421-e6b9358e-bf3e91c2-3b7c\u00a0\u00bb][vc_column_text el_class=\u00a0\u00bbproduit\u00a0\u00bb]<\/p>\n<div class=\"\">\n<div class=\"\"><span style=\"font-family: futuraptlight\">Mati\u00e8re du boitier:\u00a0<span class=\"\">ACIER INOXYDABLE 316L<\/span><\/span><\/div>\n<div class=\"\"><span style=\"font-family: futuraptlight\">\u00c9paisseur du cadran:\u00a0<span class=\"\">7 MM<\/span><\/span><\/div>\n<div class=\"\"><span style=\"font-family: futuraptlight\">Diam\u00e8tre:\u00a0<span class=\"\">36 MM<\/span><\/span><\/div>\n<div class=\"\"><span style=\"font-family: futuraptlight\">Couleur:\u00a0<span class=\"\">Argent\u00e9<\/span><\/span><\/div>\n<div class=\"\"><span style=\"font-family: futuraptlight\">Mouvement:\u00a0<span class=\"\">MOUVEMENT \u00c0 QUARTZ JAPONAIS<\/span><\/span><\/div>\n<div class=\"\"><span style=\"font-family: futuraptlight\">Mati\u00e8re du Bracelet:\u00a0<span class=\"\">ACIER INOXYDABLE 316L<\/span><\/span><\/div>\n<div class=\"\"><span style=\"font-family: futuraptlight\">Couleur:\u00a0<span class=\"\">Argent\u00e9<\/span><\/span><\/div>\n<div class=\"\"><span style=\"font-family: futuraptlight\">Type de bracelet:\u00a0<span class=\"\">INTERCHANGEABLE<\/span><\/span><\/div>\n<div class=\"\"><span style=\"font-family: futuraptlight\">Caract\u00e9ristique:\u00a0<span class=\"\">R\u00c9SISTANT \u00c0 L\u2019EAU \/ \u00c9TANCH\u00c9IT\u00c9 3 BAR<\/span><\/span><\/div>\n<\/div>\n<p>[\/vc_column_text][\/vc_tta_section][vc_tta_section title=\u00a0\u00bbLivraison\u00a0\u00bb tab_id=\u00a0\u00bb1695211927094-2f5841eb-a1b591c2-3b7c\u00a0\u00bb][vc_column_text el_class=\u00a0\u00bbproduit\u00a0\u00bb]<span style=\"font-family: futuraptlight;color: #000000\"><span class=\"\" title=\"\">Nous exp\u00e9dions partout au S\u00e9n\u00e9gal, en Afrique, en Asie, en Europe et en Am\u00e9rique.<\/span> <span class=\"\" title=\"\">Vous pouvez payer en esp\u00e8ces \u00e0 la livraison au S\u00e9n\u00e9gal et par carte bancaire dans le monde entier.<\/span><\/span>[\/vc_column_text][\/vc_tta_section][\/vc_tta_accordion][\/vc_column][\/vc_row]<\/p>\n","protected":false},"featured_media":10000008940,"template":"","meta":[],"product_cat":[210,86,89,87,88],"product_tag":[],"class_list":{"0":"post-54439","1":"product","2":"type-product","3":"status-publish","4":"has-post-thumbnail","6":"product_cat-retour-stock","7":"product_cat-femmes","8":"product_cat-rainbow-femme","9":"product_cat-montres","10":"product_cat-rainbow","11":"pa_taille-36-mm","14":"outofstock","15":"taxable","16":"shipping-taxable","17":"purchasable","18":"product-type-simple"},"_links":{"self":[{"href":"https:\/\/www.mathydy.com\/us\/wp-json\/wp\/v2\/product\/54439"}],"collection":[{"href":"https:\/\/www.mathydy.com\/us\/wp-json\/wp\/v2\/product"}],"about":[{"href":"https:\/\/www.mathydy.com\/us\/wp-json\/wp\/v2\/types\/product"}],"wp:featuredmedia":[{"embeddable":true,"href":"https:\/\/www.mathydy.com\/us\/wp-json\/"}],"wp:attachment":[{"href":"https:\/\/www.mathydy.com\/us\/wp-json\/wp\/v2\/media?parent=54439"}],"wp:term":[{"taxonomy":"product_cat","embeddable":true,"href":"https:\/\/www.mathydy.com\/us\/wp-json\/wp\/v2\/product_cat?post=54439"},{"taxonomy":"product_tag","embeddable":true,"href":"https:\/\/www.mathydy.com\/us\/wp-json\/wp\/v2\/product_tag?post=54439"}],"curies":[{"name":"wp","href":"https:\/\/api.w.org\/{rel}","templated":true}]}}