{"id":54441,"date":"2023-09-29T15:01:26","date_gmt":"2023-09-29T13:01:26","guid":{"rendered":"https:\/\/www.mathydy.com\/us\/produit\/sarafina\/"},"modified":"2024-07-09T20:39:00","modified_gmt":"2024-07-09T18:39:00","slug":"sarafina","status":"publish","type":"product","link":"https:\/\/www.mathydy.com\/us\/produit\/sarafina\/","title":{"rendered":"Sarafina"},"content":{"rendered":"<section class=\"wpb-content-wrapper\"><p>[vc_row css=\u00a0\u00bb.vc_custom_1536635902854{margin-bottom: 60px !important;padding-top: 60px !important;}\u00a0\u00bb][vc_column css_animation=\u00a0\u00bbfadeInLeft\u00a0\u00bb width=\u00a0\u00bb1\/2&Prime; offset=\u00a0\u00bbvc_hidden-sm vc_col-xs-6 vc_hidden-xs\u00a0\u00bb][vc_single_image image=\u00a0\u00bb8701&Prime; img_size=\u00a0\u00bb1000&#215;900&Prime; style=\u00a0\u00bbvc_box_rounded\u00a0\u00bb css_animation=\u00a0\u00bbnone\u00a0\u00bb css=\u00a0\u00bb.vc_custom_1698397057100{margin-top: -88px !important;margin-left: 80px !important;}\u00a0\u00bb][vc_single_image image=\u00a0\u00bb8944&Prime; img_size=\u00a0\u00bb1000&#215;852&Prime; style=\u00a0\u00bbvc_box_rounded\u00a0\u00bb css_animation=\u00a0\u00bbnone\u00a0\u00bb css=\u00a0\u00bb.vc_custom_1698397044599{margin-left: 80px !important;}\u00a0\u00bb][\/vc_column][vc_column css_animation=\u00a0\u00bbfadeInRight\u00a0\u00bb width=\u00a0\u00bb1\/2&Prime; offset=\u00a0\u00bbvc_hidden-sm vc_col-xs-6 vc_hidden-xs\u00a0\u00bb][vc_single_image image=\u00a0\u00bb8948&Prime; img_size=\u00a0\u00bb1000&#215;900&Prime; style=\u00a0\u00bbvc_box_rounded\u00a0\u00bb css_animation=\u00a0\u00bbnone\u00a0\u00bb css=\u00a0\u00bb.vc_custom_1698397024861{margin-top: 250px !important;margin-left: 16px !important;}\u00a0\u00bb][\/vc_column][\/vc_row][vc_row el_class=\u00a0\u00bbimages\u00a0\u00bb][vc_column css_animation=\u00a0\u00bbfadeInLeft\u00a0\u00bb width=\u00a0\u00bb1\/2&Prime; offset=\u00a0\u00bbvc_hidden-lg vc_hidden-md vc_col-xs-6&Prime; css=\u00a0\u00bb.vc_custom_1700838221670{margin-top: -125px !important;}\u00a0\u00bb][vc_single_image image=\u00a0\u00bb8701&Prime; img_size=\u00a0\u00bb1000&#215;900&Prime; style=\u00a0\u00bbvc_box_rounded\u00a0\u00bb css_animation=\u00a0\u00bbnone\u00a0\u00bb][vc_single_image image=\u00a0\u00bb8944&Prime; img_size=\u00a0\u00bb1000&#215;852&Prime; style=\u00a0\u00bbvc_box_rounded\u00a0\u00bb css_animation=\u00a0\u00bbnone\u00a0\u00bb][\/vc_column][vc_column css_animation=\u00a0\u00bbfadeInRight\u00a0\u00bb width=\u00a0\u00bb1\/2&Prime; offset=\u00a0\u00bbvc_hidden-lg vc_hidden-md vc_col-xs-6&Prime; css=\u00a0\u00bb.vc_custom_1700838229861{margin-top: -125px !important;}\u00a0\u00bb][vc_single_image image=\u00a0\u00bb8948&Prime; img_size=\u00a0\u00bb1000&#215;900&Prime; style=\u00a0\u00bbvc_box_rounded\u00a0\u00bb css_animation=\u00a0\u00bbnone\u00a0\u00bb][vc_single_image image=\u00a0\u00bb8949&Prime; img_size=\u00a0\u00bb1000&#215;900&Prime; style=\u00a0\u00bbvc_box_rounded\u00a0\u00bb css_animation=\u00a0\u00bbnone\u00a0\u00bb][\/vc_column][\/vc_row]<\/p>\n<\/section>","protected":false},"excerpt":{"rendered":"<p>[vc_row][vc_column][vc_tta_accordion c_position=\u00a0\u00bbright\u00a0\u00bb active_section=\u00a0\u00bb1&Prime;][vc_tta_section title=\u00a0\u00bbHistoire\u00a0\u00bb tab_id=\u00a0\u00bb1695211853429-aeebdfaa-ef94990f-834a\u00a0\u00bb][vc_column_text el_class=\u00a0\u00bbproduit\u00a0\u00bb]<span style=\"font-family: futuraptlight\">Sarafina est un nom largement r\u00e9pandu et populaire en Afrique du Sud. C\u2019est le nom du personnage jou\u00e9 par Leleti Khumalo, dans le film culte sud-africain du m\u00eame nom o\u00f9 elle incarnait une jeune femme noire luttant pour la libert\u00e9 pendant le r\u00e9gime d\u2019apartheid.<\/span>[\/vc_column_text][\/vc_tta_section][vc_tta_section title=\u00a0\u00bbD\u00e9scription\u00a0\u00bb tab_id=\u00a0\u00bb1695211853438-e824b518-1371990f-834a\u00a0\u00bb][vc_column_text el_class=\u00a0\u00bbproduit\u00a0\u00bb]<span style=\"font-size: 12pt;font-family: futuraptlight\">Cette montre se distingue par la conjugaison de ses couleurs vives avec son cadran et ses bracelets en Or Rose. <\/span><span style=\"font-size: 12pt;font-family: futuraptlight\">Elle exprime votre joie de vivre, votre audace et votre originalit\u00e9. <\/span><span style=\"font-size: 12pt;font-family: futuraptlight\">Mettez la au poignet et laissez la magie s&rsquo;op\u00e9rer.<\/span>[\/vc_column_text][\/vc_tta_section][vc_tta_section title=\u00a0\u00bbD\u00e9tails produit\u00a0\u00bb tab_id=\u00a0\u00bb1695211953421-e6b9358e-bf3e990f-834a\u00a0\u00bb][vc_column_text el_class=\u00a0\u00bbproduit\u00a0\u00bb]<\/p>\n<div class=\"\">\n<div class=\"\"><span style=\"font-size: 12pt;font-family: futuraptlight\">Mati\u00e8re du boitier:\u00a0Acier inoxydable 316L<\/span><\/div>\n<div class=\"\"><span style=\"font-size: 12pt;font-family: futuraptlight\">\u00c9paisseur du cadran:\u00a07 mm<\/span><\/div>\n<div class=\"\"><span style=\"font-size: 12pt;font-family: futuraptlight\">Diam\u00e8tre:\u00a036 mm<\/span><\/div>\n<div class=\"\"><span style=\"font-size: 12pt;font-family: futuraptlight\">Couleur:\u00a0Or Rose<\/span><\/div>\n<div class=\"\"><span style=\"font-size: 12pt;font-family: futuraptlight\">Mouvement:\u00a0Mouvement \u00e0 quartz japonais<\/span><\/div>\n<div class=\"\"><span style=\"font-size: 12pt;font-family: futuraptlight\">Mati\u00e8re du Bracelet:\u00a0Acier Inoxydable 316L<\/span><\/div>\n<div class=\"\"><span style=\"font-size: 12pt;font-family: futuraptlight\">Couleur:\u00a0Or Rose<\/span><\/div>\n<div class=\"\"><span style=\"font-size: 12pt;font-family: futuraptlight\">Type de bracelet:\u00a0Interchangeable<\/span><\/div>\n<div class=\"\"><span style=\"font-size: 12pt;font-family: futuraptlight\">Caract\u00e9ristique:\u00a0R\u00e9sistant a l\u2019eau \/ \u00e9tanch\u00e9it\u00e9 3 bar<\/span><\/div>\n<\/div>\n<p>[\/vc_column_text][\/vc_tta_section][vc_tta_section title=\u00a0\u00bbLivraison\u00a0\u00bb tab_id=\u00a0\u00bb1695211927094-2f5841eb-a1b5990f-834a\u00a0\u00bb][vc_column_text el_class=\u00a0\u00bbproduit\u00a0\u00bb]<span style=\"font-family: futuraptlight;color: #000000\"><span class=\"\" title=\"\">Nous exp\u00e9dions partout au S\u00e9n\u00e9gal, en Afrique, en Asie, en Europe et en Am\u00e9rique.<\/span> <span class=\"\" title=\"\">Vous pouvez payer en esp\u00e8ces \u00e0 la livraison au S\u00e9n\u00e9gal et par carte bancaire dans le monde entier.<\/span><\/span>[\/vc_column_text][\/vc_tta_section][\/vc_tta_accordion][\/vc_column][\/vc_row]<\/p>\n","protected":false},"featured_media":10000008949,"template":"","meta":[],"product_cat":[86,89,88],"product_tag":[],"class_list":{"0":"post-54441","1":"product","2":"type-product","3":"status-publish","4":"has-post-thumbnail","6":"product_cat-femmes","7":"product_cat-rainbow-femme","8":"product_cat-rainbow","9":"pa_taille-36-mm","12":"outofstock","13":"taxable","14":"shipping-taxable","15":"purchasable","16":"product-type-simple"},"_links":{"self":[{"href":"https:\/\/www.mathydy.com\/us\/wp-json\/wp\/v2\/product\/54441"}],"collection":[{"href":"https:\/\/www.mathydy.com\/us\/wp-json\/wp\/v2\/product"}],"about":[{"href":"https:\/\/www.mathydy.com\/us\/wp-json\/wp\/v2\/types\/product"}],"wp:featuredmedia":[{"embeddable":true,"href":"https:\/\/www.mathydy.com\/us\/wp-json\/"}],"wp:attachment":[{"href":"https:\/\/www.mathydy.com\/us\/wp-json\/wp\/v2\/media?parent=54441"}],"wp:term":[{"taxonomy":"product_cat","embeddable":true,"href":"https:\/\/www.mathydy.com\/us\/wp-json\/wp\/v2\/product_cat?post=54441"},{"taxonomy":"product_tag","embeddable":true,"href":"https:\/\/www.mathydy.com\/us\/wp-json\/wp\/v2\/product_tag?post=54441"}],"curies":[{"name":"wp","href":"https:\/\/api.w.org\/{rel}","templated":true}]}}